{"id":34918,"date":"2026-01-18T22:30:27","date_gmt":"2026-01-18T21:30:27","guid":{"rendered":"https:\/\/lightflow.info\/?page_id=34918"},"modified":"2026-02-12T20:20:08","modified_gmt":"2026-02-12T19:20:08","slug":"heilung-mit-den-70-strahlen","status":"publish","type":"page","link":"https:\/\/lightflow.info\/de\/heilung-mit-den-70-strahlen\/","title":{"rendered":"Heilung mit den 70 Strahlen"},"content":{"rendered":"\t\t<div data-elementor-type=\"wp-page\" data-elementor-id=\"34918\" class=\"elementor elementor-34918 elementor-34917\" data-elementor-post-type=\"page\">\n\t\t\t\t<div class=\"elementor-element elementor-element-fc0d3c0 e-con-full e-flex e-con e-parent\" data-id=\"fc0d3c0\" data-element_type=\"container\" data-e-type=\"container\" data-settings=\"{&quot;background_background&quot;:&quot;classic&quot;,&quot;shape_divider_bottom&quot;:&quot;mountains&quot;}\">\n\t\t\t\t<div class=\"elementor-shape elementor-shape-bottom\" aria-hidden=\"true\" data-negative=\"false\">\n\t\t\t<svg xmlns=\"http:\/\/www.w3.org\/2000\/svg\" viewBox=\"0 0 1000 100\" preserveAspectRatio=\"none\">\n\t<path class=\"elementor-shape-fill\" opacity=\"0.33\" d=\"M473,67.3c-203.9,88.3-263.1-34-320.3,0C66,119.1,0,59.7,0,59.7V0h1000v59.7 c0,0-62.1,26.1-94.9,29.3c-32.8,3.3-62.8-12.3-75.8-22.1C806,49.6,745.3,8.7,694.9,4.7S492.4,59,473,67.3z\"\/>\n\t<path class=\"elementor-shape-fill\" opacity=\"0.66\" d=\"M734,67.3c-45.5,0-77.2-23.2-129.1-39.1c-28.6-8.7-150.3-10.1-254,39.1 s-91.7-34.4-149.2,0C115.7,118.3,0,39.8,0,39.8V0h1000v36.5c0,0-28.2-18.5-92.1-18.5C810.2,18.1,775.7,67.3,734,67.3z\"\/>\n\t<path class=\"elementor-shape-fill\" d=\"M766.1,28.9c-200-57.5-266,65.5-395.1,19.5C242,1.8,242,5.4,184.8,20.6C128,35.8,132.3,44.9,89.9,52.5C28.6,63.7,0,0,0,0 h1000c0,0-9.9,40.9-83.6,48.1S829.6,47,766.1,28.9z\"\/>\n<\/svg>\t\t<\/div>\n\t\t\t\t<\/div>\n\t\t<div class=\"elementor-element elementor-element-c5a5877 e-flex e-con-boxed e-con e-parent\" data-id=\"c5a5877\" data-element_type=\"container\" data-e-type=\"container\">\n\t\t\t\t\t<div class=\"e-con-inner\">\n\t\t\t\t<div class=\"elementor-element elementor-element-c378508 elementor-widget elementor-widget-heading\" data-id=\"c378508\" data-element_type=\"widget\" data-e-type=\"widget\" data-widget_type=\"heading.default\">\n\t\t\t\t\t<h2 class=\"elementor-heading-title elementor-size-default\">Von Erzengel Michael<\/h2>\t\t\t\t<\/div>\n\t\t\t\t<div class=\"elementor-element elementor-element-473fc0f elementor-widget elementor-widget-spacer\" data-id=\"473fc0f\" data-element_type=\"widget\" data-e-type=\"widget\" data-widget_type=\"spacer.default\">\n\t\t\t\t\t\t\t<div class=\"elementor-spacer\">\n\t\t\t<div class=\"elementor-spacer-inner\"><\/div>\n\t\t<\/div>\n\t\t\t\t\t\t<\/div>\n\t\t\t\t<div class=\"elementor-element elementor-element-0e303ed elementor-widget elementor-widget-text-editor\" data-id=\"0e303ed\" data-element_type=\"widget\" data-e-type=\"widget\" data-widget_type=\"text-editor.default\">\n\t\t\t\t\t\t\t\t\t<p><em>\u201cGeliebte,<\/em><\/p><p><em>die 70 Heilstrahlen pr\u00e4sentieren Heiltechniken f\u00fcr die Zukunft. Sie beabsichtigen, die L\u00fccke zwischen Schulmedizin und Alternativmedizin zu \u00fcberbr\u00fccken. Jeder einzelne der 70 Heilstrahlen beinhaltet eine spezifische Lichtqualit\u00e4t. Sie sind derart gestaltet, um physische Symptome auf der Energieebene zu restrukturieren.<\/em><\/p><p><em>Die 70 Strahlen sind sehr kraftvoll und sollten daher entsprechend meinen Richtlinien hantiert werden. Sie sind keine allgemeine Heiltechnik, bei der man einfach intuitiv Licht jeglichem Gebiet hinzuf\u00fcgt, zu dem du dich hingezogen f\u00fchlst. Im Gegensatz sind sie dazu gemacht, sehr pr\u00e4zise auf eine Behandlungsgebiet auf jeglicher Ebene deines Wesens gerichtet zu werden. Dieser Kurs eignet sich nur f\u00fcr dich, wenn du das genuine Interesse hast, ein hellsichtiger Heiler\/in zu werden und du bereits im Vorfeld Wissen \u00fcber Anatomie und das medizinische Feld mitbringst.<\/em><\/p><p><em>Segnungen, Erzengel Michael\u201d<\/em><\/p>\t\t\t\t\t\t\t\t<\/div>\n\t\t\t\t\t<\/div>\n\t\t\t\t<\/div>\n\t\t<div class=\"elementor-element elementor-element-789640e e-flex e-con-boxed e-con e-parent\" data-id=\"789640e\" data-element_type=\"container\" data-e-type=\"container\">\n\t\t\t\t\t<div class=\"e-con-inner\">\n\t\t<div class=\"elementor-element elementor-element-d31df0d e-con-full e-flex e-con e-child\" data-id=\"d31df0d\" data-element_type=\"container\" data-e-type=\"container\">\n\t\t\t\t<div class=\"elementor-element elementor-element-6ba29fcd elementor-widget elementor-widget-text-editor\" data-id=\"6ba29fcd\" data-element_type=\"widget\" data-e-type=\"widget\" data-widget_type=\"text-editor.default\">\n\t\t\t\t\t\t\t\t\t<h4>Voraussetzungen:<\/h4><p>Der Neue Lichtk\u00f6rper &#8211; Strahlen der Erleuchtung &amp; G\u00f6ttlichkeit (Basis I). Dieser Kurs wird nur in Seminarform angeboten und f\u00fcr Absolventen des Neuen Lichtk\u00f6rpers auf Anfrage abgehalten.<\/p><h4>Sprache:<\/h4><p>Die Channelings sind auf Englisch mit deutscher \u00dcbersetzung.<\/p><h4>Bitte beachte:<\/h4><p>In jedem Land gibt es Bestimmungen bez\u00fcglich des Umgangs mit k\u00f6rperlichen Symptomen. Dieser Kurs gibt dir keine Zulassung andere zu behandeln. Wir raten dir dies genau herauszufinden und den Gesetzen deines Landes zu folgen.<\/p><h4>Wie du diesen Kurs absolvieren kannst:<\/h4><p>Teilnahme an einem festgelegten Seminar bei einem unserer Lehrer. Bitte schicke uns eine <a href=\"https:\/\/lightflow.info\/de\/kontakt\/\" target=\"_blank\" rel=\"noopener\">Nachricht<\/a> und wir finden einen Lehrer f\u00fcr dich.<\/p><p><strong>Dauer des Seminars:<\/strong> 3-5 Tage<\/p><p><strong>Dauer des Heimstudiums:<\/strong> 6 Monate<\/p>\t\t\t\t\t\t\t\t<\/div>\n\t\t\t\t<\/div>\n\t\t<div class=\"elementor-element elementor-element-1edac51 e-con-full e-flex e-con e-child\" data-id=\"1edac51\" data-element_type=\"container\" data-e-type=\"container\">\n\t\t\t\t<div class=\"elementor-element elementor-element-1e9b46a elementor-widget elementor-widget-image\" data-id=\"1e9b46a\" data-element_type=\"widget\" data-e-type=\"widget\" data-widget_type=\"image.default\">\n\t\t\t\t\t\t\t\t\t\t\t\t\t\t\t\t<a href=\"https:\/\/lightflow.info\/de\/kategorie\/erwecke-deinen-lichtkoerper\/der-neue-lichtkoerper-basiskurs\/\">\n\t\t\t\t\t\t\t<img fetchpriority=\"high\" decoding=\"async\" width=\"300\" height=\"300\" src=\"https:\/\/lightflow.info\/wp-content\/uploads\/C3-SC1-P1-G_SIF15G-Strahlen-Erleuchtung-Goettlichkeit-Basis-300x300.webp\" class=\"attachment-medium size-medium wp-image-32870\" alt=\"\" srcset=\"https:\/\/lightflow.info\/wp-content\/uploads\/C3-SC1-P1-G_SIF15G-Strahlen-Erleuchtung-Goettlichkeit-Basis-300x300.webp 300w, https:\/\/lightflow.info\/wp-content\/uploads\/C3-SC1-P1-G_SIF15G-Strahlen-Erleuchtung-Goettlichkeit-Basis-100x100.webp 100w, https:\/\/lightflow.info\/wp-content\/uploads\/C3-SC1-P1-G_SIF15G-Strahlen-Erleuchtung-Goettlichkeit-Basis-600x600.webp 600w, https:\/\/lightflow.info\/wp-content\/uploads\/C3-SC1-P1-G_SIF15G-Strahlen-Erleuchtung-Goettlichkeit-Basis-150x150.webp 150w, https:\/\/lightflow.info\/wp-content\/uploads\/C3-SC1-P1-G_SIF15G-Strahlen-Erleuchtung-Goettlichkeit-Basis-768x768.webp 768w, https:\/\/lightflow.info\/wp-content\/uploads\/C3-SC1-P1-G_SIF15G-Strahlen-Erleuchtung-Goettlichkeit-Basis.webp 800w\" sizes=\"(max-width: 300px) 100vw, 300px\" \/>\t\t\t\t\t\t\t\t<\/a>\n\t\t\t\t\t\t\t\t\t\t\t\t\t\t\t<\/div>\n\t\t\t\t<div class=\"elementor-element elementor-element-c0826b7 elementor-widget elementor-widget-image\" data-id=\"c0826b7\" data-element_type=\"widget\" data-e-type=\"widget\" data-widget_type=\"image.default\">\n\t\t\t\t\t\t\t\t\t\t\t\t\t\t\t\t<a href=\"https:\/\/lightflow.info\/de\/kontakt\/\">\n\t\t\t\t\t\t\t<img decoding=\"async\" width=\"300\" height=\"300\" src=\"https:\/\/lightflow.info\/wp-content\/uploads\/Button-Find-a-Teacher-GER-300x300.webp\" class=\"attachment-medium size-medium wp-image-37617\" alt=\"\" srcset=\"https:\/\/lightflow.info\/wp-content\/uploads\/Button-Find-a-Teacher-GER-300x300.webp 300w, https:\/\/lightflow.info\/wp-content\/uploads\/Button-Find-a-Teacher-GER-100x100.webp 100w, https:\/\/lightflow.info\/wp-content\/uploads\/Button-Find-a-Teacher-GER-600x600.webp 600w, https:\/\/lightflow.info\/wp-content\/uploads\/Button-Find-a-Teacher-GER-150x150.webp 150w, https:\/\/lightflow.info\/wp-content\/uploads\/Button-Find-a-Teacher-GER-768x768.webp 768w, https:\/\/lightflow.info\/wp-content\/uploads\/Button-Find-a-Teacher-GER.webp 900w\" sizes=\"(max-width: 300px) 100vw, 300px\" \/>\t\t\t\t\t\t\t\t<\/a>\n\t\t\t\t\t\t\t\t\t\t\t\t\t\t\t<\/div>\n\t\t\t\t<\/div>\n\t\t\t\t\t<\/div>\n\t\t\t\t<\/div>\n\t\t<div class=\"elementor-element elementor-element-6edfcccc e-flex e-con-boxed e-con e-parent\" data-id=\"6edfcccc\" data-element_type=\"container\" data-e-type=\"container\">\n\t\t\t\t\t<div class=\"e-con-inner\">\n\t\t\t\t<div class=\"elementor-element elementor-element-ceb1a0a elementor-widget elementor-widget-spacer\" data-id=\"ceb1a0a\" data-element_type=\"widget\" data-e-type=\"widget\" data-widget_type=\"spacer.default\">\n\t\t\t\t\t\t\t<div class=\"elementor-spacer\">\n\t\t\t<div class=\"elementor-spacer-inner\"><\/div>\n\t\t<\/div>\n\t\t\t\t\t\t<\/div>\n\t\t\t\t<div class=\"elementor-element elementor-element-1d4b9293 elementor-widget elementor-widget-heading\" data-id=\"1d4b9293\" data-element_type=\"widget\" data-e-type=\"widget\" data-widget_type=\"heading.default\">\n\t\t\t\t\t<h4 class=\"elementor-heading-title elementor-size-default\">Sobald du den Basiskurs \"Heilung mit den 70 Strahlen\" absolviert hast,\nbist du f\u00fcr Kurse aus folgenden Kategorien zugelassen:<\/h4>\t\t\t\t<\/div>\n\t\t\t\t<div class=\"elementor-element elementor-element-7300be43 elementor-widget elementor-widget-spacer\" data-id=\"7300be43\" data-element_type=\"widget\" data-e-type=\"widget\" data-widget_type=\"spacer.default\">\n\t\t\t\t\t\t\t<div class=\"elementor-spacer\">\n\t\t\t<div class=\"elementor-spacer-inner\"><\/div>\n\t\t<\/div>\n\t\t\t\t\t\t<\/div>\n\t\t<div class=\"elementor-element elementor-element-1fa89b6 e-grid e-con-full e-con e-child\" data-id=\"1fa89b6\" data-element_type=\"container\" data-e-type=\"container\">\n\t\t\t\t<div class=\"elementor-element elementor-element-be66453 elementor-widget elementor-widget-image\" data-id=\"be66453\" data-element_type=\"widget\" data-e-type=\"widget\" data-widget_type=\"image.default\">\n\t\t\t\t\t\t\t\t\t\t\t\t\t\t\t\t<a href=\"https:\/\/lightflow.info\/de\/produkt\/passion-lebenslust-zurueckfordern-dich-wieder-jung-fuehlen\/\">\n\t\t\t\t\t\t\t<img decoding=\"async\" width=\"300\" height=\"300\" src=\"https:\/\/lightflow.info\/wp-content\/uploads\/C3-SC4-P2-G_SIF179G-AAM-Passion-Lebenslust-zurueckfordern-300x300.webp\" class=\"attachment-medium size-medium wp-image-33375\" alt=\"\" srcset=\"https:\/\/lightflow.info\/wp-content\/uploads\/C3-SC4-P2-G_SIF179G-AAM-Passion-Lebenslust-zurueckfordern-300x300.webp 300w, https:\/\/lightflow.info\/wp-content\/uploads\/C3-SC4-P2-G_SIF179G-AAM-Passion-Lebenslust-zurueckfordern-100x100.webp 100w, https:\/\/lightflow.info\/wp-content\/uploads\/C3-SC4-P2-G_SIF179G-AAM-Passion-Lebenslust-zurueckfordern-600x600.webp 600w, https:\/\/lightflow.info\/wp-content\/uploads\/C3-SC4-P2-G_SIF179G-AAM-Passion-Lebenslust-zurueckfordern-150x150.webp 150w, https:\/\/lightflow.info\/wp-content\/uploads\/C3-SC4-P2-G_SIF179G-AAM-Passion-Lebenslust-zurueckfordern-768x768.webp 768w, https:\/\/lightflow.info\/wp-content\/uploads\/C3-SC4-P2-G_SIF179G-AAM-Passion-Lebenslust-zurueckfordern.webp 800w\" sizes=\"(max-width: 300px) 100vw, 300px\" \/>\t\t\t\t\t\t\t\t<\/a>\n\t\t\t\t\t\t\t\t\t\t\t\t\t\t\t<\/div>\n\t\t\t\t<div class=\"elementor-element elementor-element-53c7a64 elementor-widget elementor-widget-image\" data-id=\"53c7a64\" data-element_type=\"widget\" data-e-type=\"widget\" data-widget_type=\"image.default\">\n\t\t\t\t\t\t\t\t\t\t\t\t\t\t\t\t<a href=\"https:\/\/lightflow.info\/de\/produkt\/die-naechste-generation-holografischer-heilkraft\/\">\n\t\t\t\t\t\t\t<img loading=\"lazy\" decoding=\"async\" width=\"300\" height=\"300\" src=\"https:\/\/lightflow.info\/wp-content\/uploads\/C3-SC4-P3-G_SIF29G-AAM-Erleuchtete-Materie-70-Strahlen-300x300.webp\" class=\"attachment-medium size-medium wp-image-33376\" alt=\"\" srcset=\"https:\/\/lightflow.info\/wp-content\/uploads\/C3-SC4-P3-G_SIF29G-AAM-Erleuchtete-Materie-70-Strahlen-300x300.webp 300w, https:\/\/lightflow.info\/wp-content\/uploads\/C3-SC4-P3-G_SIF29G-AAM-Erleuchtete-Materie-70-Strahlen-100x100.webp 100w, https:\/\/lightflow.info\/wp-content\/uploads\/C3-SC4-P3-G_SIF29G-AAM-Erleuchtete-Materie-70-Strahlen-600x600.webp 600w, https:\/\/lightflow.info\/wp-content\/uploads\/C3-SC4-P3-G_SIF29G-AAM-Erleuchtete-Materie-70-Strahlen-150x150.webp 150w, https:\/\/lightflow.info\/wp-content\/uploads\/C3-SC4-P3-G_SIF29G-AAM-Erleuchtete-Materie-70-Strahlen-768x768.webp 768w, https:\/\/lightflow.info\/wp-content\/uploads\/C3-SC4-P3-G_SIF29G-AAM-Erleuchtete-Materie-70-Strahlen.webp 800w\" sizes=\"(max-width: 300px) 100vw, 300px\" \/>\t\t\t\t\t\t\t\t<\/a>\n\t\t\t\t\t\t\t\t\t\t\t\t\t\t\t<\/div>\n\t\t\t\t<\/div>\n\t\t\t\t\t<\/div>\n\t\t\t\t<\/div>\n\t\t\t\t<\/div>\n\t\t","protected":false},"excerpt":{"rendered":"<p>Von Erzengel Michael \u201cGeliebte, die 70 Heilstrahlen pr\u00e4sentieren Heiltechniken f\u00fcr die Zukunft. Sie beabsichtigen, die L\u00fccke zwischen Schulmedizin und Alternativmedizin zu \u00fcberbr\u00fccken. Jeder einzelne der 70 Heilstrahlen beinhaltet eine spezifische Lichtqualit\u00e4t. Sie sind derart gestaltet, um physische Symptome auf der Energieebene zu restrukturieren. Die 70 Strahlen sind sehr kraftvoll und sollten daher entsprechend meinen Richtlinien [&hellip;]<\/p>\n","protected":false},"author":1,"featured_media":33374,"parent":0,"menu_order":0,"comment_status":"closed","ping_status":"closed","template":"","meta":{"_acf_changed":false,"ocean_post_layout":"","ocean_both_sidebars_style":"","ocean_both_sidebars_content_width":0,"ocean_both_sidebars_sidebars_width":0,"ocean_sidebar":"0","ocean_second_sidebar":"0","ocean_disable_margins":"enable","ocean_add_body_class":"","ocean_shortcode_before_top_bar":"","ocean_shortcode_after_top_bar":"","ocean_shortcode_before_header":"","ocean_shortcode_after_header":"","ocean_has_shortcode":"","ocean_shortcode_after_title":"","ocean_shortcode_before_footer_widgets":"","ocean_shortcode_after_footer_widgets":"","ocean_shortcode_before_footer_bottom":"","ocean_shortcode_after_footer_bottom":"","ocean_display_top_bar":"default","ocean_display_header":"default","ocean_header_style":"","ocean_center_header_left_menu":"0","ocean_custom_header_template":"0","ocean_custom_logo":0,"ocean_custom_retina_logo":0,"ocean_custom_logo_max_width":0,"ocean_custom_logo_tablet_max_width":0,"ocean_custom_logo_mobile_max_width":0,"ocean_custom_logo_max_height":0,"ocean_custom_logo_tablet_max_height":0,"ocean_custom_logo_mobile_max_height":0,"ocean_header_custom_menu":"0","ocean_menu_typo_font_family":"0","ocean_menu_typo_font_subset":"","ocean_menu_typo_font_size":0,"ocean_menu_typo_font_size_tablet":0,"ocean_menu_typo_font_size_mobile":0,"ocean_menu_typo_font_size_unit":"px","ocean_menu_typo_font_weight":"","ocean_menu_typo_font_weight_tablet":"","ocean_menu_typo_font_weight_mobile":"","ocean_menu_typo_transform":"","ocean_menu_typo_transform_tablet":"","ocean_menu_typo_transform_mobile":"","ocean_menu_typo_line_height":0,"ocean_menu_typo_line_height_tablet":0,"ocean_menu_typo_line_height_mobile":0,"ocean_menu_typo_line_height_unit":"","ocean_menu_typo_spacing":0,"ocean_menu_typo_spacing_tablet":0,"ocean_menu_typo_spacing_mobile":0,"ocean_menu_typo_spacing_unit":"","ocean_menu_link_color":"","ocean_menu_link_color_hover":"","ocean_menu_link_color_active":"","ocean_menu_link_background":"","ocean_menu_link_hover_background":"","ocean_menu_link_active_background":"","ocean_menu_social_links_bg":"","ocean_menu_social_hover_links_bg":"","ocean_menu_social_links_color":"","ocean_menu_social_hover_links_color":"","ocean_disable_title":"on","ocean_disable_heading":"default","ocean_post_title":"","ocean_post_subheading":"","ocean_post_title_style":"","ocean_post_title_background_color":"","ocean_post_title_background":0,"ocean_post_title_bg_image_position":"","ocean_post_title_bg_image_attachment":"","ocean_post_title_bg_image_repeat":"","ocean_post_title_bg_image_size":"","ocean_post_title_height":0,"ocean_post_title_bg_overlay":0.5,"ocean_post_title_bg_overlay_color":"","ocean_disable_breadcrumbs":"off","ocean_breadcrumbs_color":"","ocean_breadcrumbs_separator_color":"","ocean_breadcrumbs_links_color":"","ocean_breadcrumbs_links_hover_color":"","ocean_display_footer_widgets":"default","ocean_display_footer_bottom":"default","ocean_custom_footer_template":"0","footnotes":""},"class_list":["post-34918","page","type-page","status-publish","has-post-thumbnail","hentry","entry","has-media","owp-thumbs-layout-horizontal","owp-btn-normal","owp-tabs-layout-section","has-no-thumbnails","circle-sale"],"acf":[],"yoast_head":"<!-- This site is optimized with the Yoast SEO plugin v27.5 - https:\/\/yoast.com\/product\/yoast-seo-wordpress\/ -->\n<title>Heilung mit den 70 Strahlen &#8902; Lightflow Academy by Cecilia Sifontes<\/title>\n<meta name=\"robots\" content=\"index, follow, max-snippet:-1, max-image-preview:large, max-video-preview:-1\" \/>\n<link rel=\"canonical\" href=\"https:\/\/lightflow.info\/de\/heilung-mit-den-70-strahlen\/\" \/>\n<meta property=\"og:locale\" content=\"de_DE\" \/>\n<meta property=\"og:type\" content=\"article\" \/>\n<meta property=\"og:title\" content=\"Heilung mit den 70 Strahlen &#8902; Lightflow Academy by Cecilia Sifontes\" \/>\n<meta property=\"og:description\" content=\"Von Erzengel Michael \u201cGeliebte, die 70 Heilstrahlen pr\u00e4sentieren Heiltechniken f\u00fcr die Zukunft. Sie beabsichtigen, die L\u00fccke zwischen Schulmedizin und Alternativmedizin zu \u00fcberbr\u00fccken. Jeder einzelne der 70 Heilstrahlen beinhaltet eine spezifische Lichtqualit\u00e4t. Sie sind derart gestaltet, um physische Symptome auf der Energieebene zu restrukturieren. Die 70 Strahlen sind sehr kraftvoll und sollten daher entsprechend meinen Richtlinien [&hellip;]\" \/>\n<meta property=\"og:url\" content=\"https:\/\/lightflow.info\/de\/heilung-mit-den-70-strahlen\/\" \/>\n<meta property=\"og:site_name\" content=\"Lightflow Academy by Cecilia Sifontes\" \/>\n<meta property=\"article:modified_time\" content=\"2026-02-12T19:20:08+00:00\" \/>\n<meta property=\"og:image\" content=\"https:\/\/lightflow.info\/wp-content\/uploads\/C3-SC4-P1-G_SIF10G-AAM-70-Strahlen.webp\" \/>\n\t<meta property=\"og:image:width\" content=\"800\" \/>\n\t<meta property=\"og:image:height\" content=\"800\" \/>\n\t<meta property=\"og:image:type\" content=\"image\/webp\" \/>\n<meta name=\"twitter:card\" content=\"summary_large_image\" \/>\n<meta name=\"twitter:label1\" content=\"Gesch\u00e4tzte Lesezeit\" \/>\n\t<meta name=\"twitter:data1\" content=\"3\u00a0Minuten\" \/>\n<script type=\"application\/ld+json\" class=\"yoast-schema-graph\">{\"@context\":\"https:\\\/\\\/schema.org\",\"@graph\":[{\"@type\":\"WebPage\",\"@id\":\"https:\\\/\\\/lightflow.info\\\/de\\\/heilung-mit-den-70-strahlen\\\/\",\"url\":\"https:\\\/\\\/lightflow.info\\\/de\\\/heilung-mit-den-70-strahlen\\\/\",\"name\":\"Heilung mit den 70 Strahlen &#8902; Lightflow Academy by Cecilia Sifontes\",\"isPartOf\":{\"@id\":\"https:\\\/\\\/lightflow.info\\\/de\\\/#website\"},\"primaryImageOfPage\":{\"@id\":\"https:\\\/\\\/lightflow.info\\\/de\\\/heilung-mit-den-70-strahlen\\\/#primaryimage\"},\"image\":{\"@id\":\"https:\\\/\\\/lightflow.info\\\/de\\\/heilung-mit-den-70-strahlen\\\/#primaryimage\"},\"thumbnailUrl\":\"https:\\\/\\\/lightflow.info\\\/wp-content\\\/uploads\\\/C3-SC4-P1-G_SIF10G-AAM-70-Strahlen.webp\",\"datePublished\":\"2026-01-18T21:30:27+00:00\",\"dateModified\":\"2026-02-12T19:20:08+00:00\",\"breadcrumb\":{\"@id\":\"https:\\\/\\\/lightflow.info\\\/de\\\/heilung-mit-den-70-strahlen\\\/#breadcrumb\"},\"inLanguage\":\"de\",\"potentialAction\":[{\"@type\":\"ReadAction\",\"target\":[\"https:\\\/\\\/lightflow.info\\\/de\\\/heilung-mit-den-70-strahlen\\\/\"]}]},{\"@type\":\"ImageObject\",\"inLanguage\":\"de\",\"@id\":\"https:\\\/\\\/lightflow.info\\\/de\\\/heilung-mit-den-70-strahlen\\\/#primaryimage\",\"url\":\"https:\\\/\\\/lightflow.info\\\/wp-content\\\/uploads\\\/C3-SC4-P1-G_SIF10G-AAM-70-Strahlen.webp\",\"contentUrl\":\"https:\\\/\\\/lightflow.info\\\/wp-content\\\/uploads\\\/C3-SC4-P1-G_SIF10G-AAM-70-Strahlen.webp\",\"width\":800,\"height\":800},{\"@type\":\"BreadcrumbList\",\"@id\":\"https:\\\/\\\/lightflow.info\\\/de\\\/heilung-mit-den-70-strahlen\\\/#breadcrumb\",\"itemListElement\":[{\"@type\":\"ListItem\",\"position\":1,\"name\":\"Home\",\"item\":\"https:\\\/\\\/lightflow.info\\\/de\\\/\"},{\"@type\":\"ListItem\",\"position\":2,\"name\":\"Heilung mit den 70 Strahlen\"}]},{\"@type\":\"WebSite\",\"@id\":\"https:\\\/\\\/lightflow.info\\\/de\\\/#website\",\"url\":\"https:\\\/\\\/lightflow.info\\\/de\\\/\",\"name\":\"Lightflow Academy by Cecilia Sifontes\",\"description\":\"Awakening Lightworkers and Masters\",\"alternateName\":\"Lightflow\",\"potentialAction\":[{\"@type\":\"SearchAction\",\"target\":{\"@type\":\"EntryPoint\",\"urlTemplate\":\"https:\\\/\\\/lightflow.info\\\/de\\\/?s={search_term_string}\"},\"query-input\":{\"@type\":\"PropertyValueSpecification\",\"valueRequired\":true,\"valueName\":\"search_term_string\"}}],\"inLanguage\":\"de\"}]}<\/script>\n<!-- \/ Yoast SEO plugin. -->","yoast_head_json":{"title":"Heilung mit den 70 Strahlen &#8902; Lightflow Academy by Cecilia Sifontes","robots":{"index":"index","follow":"follow","max-snippet":"max-snippet:-1","max-image-preview":"max-image-preview:large","max-video-preview":"max-video-preview:-1"},"canonical":"https:\/\/lightflow.info\/de\/heilung-mit-den-70-strahlen\/","og_locale":"de_DE","og_type":"article","og_title":"Heilung mit den 70 Strahlen &#8902; Lightflow Academy by Cecilia Sifontes","og_description":"Von Erzengel Michael \u201cGeliebte, die 70 Heilstrahlen pr\u00e4sentieren Heiltechniken f\u00fcr die Zukunft. Sie beabsichtigen, die L\u00fccke zwischen Schulmedizin und Alternativmedizin zu \u00fcberbr\u00fccken. Jeder einzelne der 70 Heilstrahlen beinhaltet eine spezifische Lichtqualit\u00e4t. Sie sind derart gestaltet, um physische Symptome auf der Energieebene zu restrukturieren. Die 70 Strahlen sind sehr kraftvoll und sollten daher entsprechend meinen Richtlinien [&hellip;]","og_url":"https:\/\/lightflow.info\/de\/heilung-mit-den-70-strahlen\/","og_site_name":"Lightflow Academy by Cecilia Sifontes","article_modified_time":"2026-02-12T19:20:08+00:00","og_image":[{"width":800,"height":800,"url":"https:\/\/lightflow.info\/wp-content\/uploads\/C3-SC4-P1-G_SIF10G-AAM-70-Strahlen.webp","type":"image\/webp"}],"twitter_card":"summary_large_image","twitter_misc":{"Gesch\u00e4tzte Lesezeit":"3\u00a0Minuten"},"schema":{"@context":"https:\/\/schema.org","@graph":[{"@type":"WebPage","@id":"https:\/\/lightflow.info\/de\/heilung-mit-den-70-strahlen\/","url":"https:\/\/lightflow.info\/de\/heilung-mit-den-70-strahlen\/","name":"Heilung mit den 70 Strahlen &#8902; Lightflow Academy by Cecilia Sifontes","isPartOf":{"@id":"https:\/\/lightflow.info\/de\/#website"},"primaryImageOfPage":{"@id":"https:\/\/lightflow.info\/de\/heilung-mit-den-70-strahlen\/#primaryimage"},"image":{"@id":"https:\/\/lightflow.info\/de\/heilung-mit-den-70-strahlen\/#primaryimage"},"thumbnailUrl":"https:\/\/lightflow.info\/wp-content\/uploads\/C3-SC4-P1-G_SIF10G-AAM-70-Strahlen.webp","datePublished":"2026-01-18T21:30:27+00:00","dateModified":"2026-02-12T19:20:08+00:00","breadcrumb":{"@id":"https:\/\/lightflow.info\/de\/heilung-mit-den-70-strahlen\/#breadcrumb"},"inLanguage":"de","potentialAction":[{"@type":"ReadAction","target":["https:\/\/lightflow.info\/de\/heilung-mit-den-70-strahlen\/"]}]},{"@type":"ImageObject","inLanguage":"de","@id":"https:\/\/lightflow.info\/de\/heilung-mit-den-70-strahlen\/#primaryimage","url":"https:\/\/lightflow.info\/wp-content\/uploads\/C3-SC4-P1-G_SIF10G-AAM-70-Strahlen.webp","contentUrl":"https:\/\/lightflow.info\/wp-content\/uploads\/C3-SC4-P1-G_SIF10G-AAM-70-Strahlen.webp","width":800,"height":800},{"@type":"BreadcrumbList","@id":"https:\/\/lightflow.info\/de\/heilung-mit-den-70-strahlen\/#breadcrumb","itemListElement":[{"@type":"ListItem","position":1,"name":"Home","item":"https:\/\/lightflow.info\/de\/"},{"@type":"ListItem","position":2,"name":"Heilung mit den 70 Strahlen"}]},{"@type":"WebSite","@id":"https:\/\/lightflow.info\/de\/#website","url":"https:\/\/lightflow.info\/de\/","name":"Lightflow Academy by Cecilia Sifontes","description":"Awakening Lightworkers and Masters","alternateName":"Lightflow","potentialAction":[{"@type":"SearchAction","target":{"@type":"EntryPoint","urlTemplate":"https:\/\/lightflow.info\/de\/?s={search_term_string}"},"query-input":{"@type":"PropertyValueSpecification","valueRequired":true,"valueName":"search_term_string"}}],"inLanguage":"de"}]}},"_links":{"self":[{"href":"https:\/\/lightflow.info\/de\/wp-json\/wp\/v2\/pages\/34918","targetHints":{"allow":["GET"]}}],"collection":[{"href":"https:\/\/lightflow.info\/de\/wp-json\/wp\/v2\/pages"}],"about":[{"href":"https:\/\/lightflow.info\/de\/wp-json\/wp\/v2\/types\/page"}],"author":[{"embeddable":true,"href":"https:\/\/lightflow.info\/de\/wp-json\/wp\/v2\/users\/1"}],"replies":[{"embeddable":true,"href":"https:\/\/lightflow.info\/de\/wp-json\/wp\/v2\/comments?post=34918"}],"version-history":[{"count":0,"href":"https:\/\/lightflow.info\/de\/wp-json\/wp\/v2\/pages\/34918\/revisions"}],"wp:featuredmedia":[{"embeddable":true,"href":"https:\/\/lightflow.info\/de\/wp-json\/wp\/v2\/media\/33374"}],"wp:attachment":[{"href":"https:\/\/lightflow.info\/de\/wp-json\/wp\/v2\/media?parent=34918"}],"curies":[{"name":"wp","href":"https:\/\/api.w.org\/{rel}","templated":true}]}}