{"id":34952,"date":"2026-01-18T23:52:06","date_gmt":"2026-01-18T22:52:06","guid":{"rendered":"https:\/\/lightflow.info\/?page_id=34952"},"modified":"2026-02-14T18:55:34","modified_gmt":"2026-02-14T17:55:34","slug":"erleuchtete-materie-und-70-strahlen-holografische-heilung","status":"publish","type":"page","link":"https:\/\/lightflow.info\/de\/erleuchtete-materie-und-70-strahlen-holografische-heilung\/","title":{"rendered":"Holografische Heilung"},"content":{"rendered":"\t\t<div data-elementor-type=\"wp-page\" data-elementor-id=\"34952\" class=\"elementor elementor-34952 elementor-34951\" data-elementor-post-type=\"page\">\n\t\t\t\t<div class=\"elementor-element elementor-element-fc0d3c0 e-con-full e-flex e-con e-parent\" data-id=\"fc0d3c0\" data-element_type=\"container\" data-e-type=\"container\" data-settings=\"{&quot;background_background&quot;:&quot;classic&quot;,&quot;shape_divider_bottom&quot;:&quot;mountains&quot;}\">\n\t\t\t\t<div class=\"elementor-shape elementor-shape-bottom\" aria-hidden=\"true\" data-negative=\"false\">\n\t\t\t<svg xmlns=\"http:\/\/www.w3.org\/2000\/svg\" viewBox=\"0 0 1000 100\" preserveAspectRatio=\"none\">\n\t<path class=\"elementor-shape-fill\" opacity=\"0.33\" d=\"M473,67.3c-203.9,88.3-263.1-34-320.3,0C66,119.1,0,59.7,0,59.7V0h1000v59.7 c0,0-62.1,26.1-94.9,29.3c-32.8,3.3-62.8-12.3-75.8-22.1C806,49.6,745.3,8.7,694.9,4.7S492.4,59,473,67.3z\"\/>\n\t<path class=\"elementor-shape-fill\" opacity=\"0.66\" d=\"M734,67.3c-45.5,0-77.2-23.2-129.1-39.1c-28.6-8.7-150.3-10.1-254,39.1 s-91.7-34.4-149.2,0C115.7,118.3,0,39.8,0,39.8V0h1000v36.5c0,0-28.2-18.5-92.1-18.5C810.2,18.1,775.7,67.3,734,67.3z\"\/>\n\t<path class=\"elementor-shape-fill\" d=\"M766.1,28.9c-200-57.5-266,65.5-395.1,19.5C242,1.8,242,5.4,184.8,20.6C128,35.8,132.3,44.9,89.9,52.5C28.6,63.7,0,0,0,0 h1000c0,0-9.9,40.9-83.6,48.1S829.6,47,766.1,28.9z\"\/>\n<\/svg>\t\t<\/div>\n\t\t\t\t<\/div>\n\t\t<div class=\"elementor-element elementor-element-c5a5877 e-flex e-con-boxed e-con e-parent\" data-id=\"c5a5877\" data-element_type=\"container\" data-e-type=\"container\">\n\t\t\t\t\t<div class=\"e-con-inner\">\n\t\t\t\t<div class=\"elementor-element elementor-element-c378508 elementor-widget elementor-widget-heading\" data-id=\"c378508\" data-element_type=\"widget\" data-e-type=\"widget\" data-widget_type=\"heading.default\">\n\t\t\t\t\t<h2 class=\"elementor-heading-title elementor-size-default\">Erleuchtete Materie &amp; die 70 Strahlen<br>\nEin Seminar f\u00fcr die \"Heiler der Menschheit\"<br> \nvon Erzengel Michael<\/h2>\t\t\t\t<\/div>\n\t\t\t\t<div class=\"elementor-element elementor-element-473fc0f elementor-widget elementor-widget-spacer\" data-id=\"473fc0f\" data-element_type=\"widget\" data-e-type=\"widget\" data-widget_type=\"spacer.default\">\n\t\t\t\t\t\t\t<div class=\"elementor-spacer\">\n\t\t\t<div class=\"elementor-spacer-inner\"><\/div>\n\t\t<\/div>\n\t\t\t\t\t\t<\/div>\n\t\t\t\t<div class=\"elementor-element elementor-element-0e303ed elementor-widget elementor-widget-text-editor\" data-id=\"0e303ed\" data-element_type=\"widget\" data-e-type=\"widget\" data-widget_type=\"text-editor.default\">\n\t\t\t\t\t\t\t\t\t<h3>Die n\u00e4chste Generation holografischer Heilkraft<\/h3><p><em>&#8222;Geliebte.<\/em><\/p><p><em>Ich bin Michael und ich m\u00f6chte gerne dir die n\u00e4chste Generation der Arbeit mit den 70 Strahlen vorstellen. Die 70 Strahlen sind als kraftvolle Heiltechnik f\u00fcr dieses Jahrtausend designed und sind auf der Erde seit 1995 pr\u00e4sent. Seither ergaben sich viele grossartige und kraftvolle Resultate\/Heilerfolge.<\/em><\/p><p><em>Jetzt ist es an der Zeit die Arbeit mit den 70 Strahlen noch kraftvoller und einfacher zu machen. Dies wird sich durch eine Weiterentwicklung der 10 Zentren und des Kristallaufbaus ergeben, sodass du in der Lage bist mit gr\u00f6sserer Leichtigkeit Gelgaslicht zu halten und f\u00fcr die Strahlen mehr Sichtbarkeit zu erschaffen. Du bist herzlich willkommen, dich uns w\u00e4hrend 4 Tage anzuschliessen, w\u00e4hrend wir wir mit der kraftvollen Technik der erleuchteten Materie arbeiten, um deine gesamte Erfahrung der 70 Strahlen weiter zu entwickeln.<\/em><\/p><p><em>Segnungen, Erzengel Michael\u201d<\/em><\/p>\t\t\t\t\t\t\t\t<\/div>\n\t\t\t\t<div class=\"elementor-element elementor-element-b64b246 elementor-widget elementor-widget-text-editor\" data-id=\"b64b246\" data-element_type=\"widget\" data-e-type=\"widget\" data-widget_type=\"text-editor.default\">\n\t\t\t\t\t\t\t\t\t<h5>Geeignet f\u00fcr:<\/h5><p>Dieses Seminar eignet sich f\u00fcr die Heiler der Menschheit, Leuten wie dir, welche mit einem ganz bestimmten Zweck auf die Erde gekommen sind &#8211; zu dienen. Die Heiler der Menschheit haben sich in dieser Zeit inkarniert, da sie die enorme Evolution des Lichts, des Bewusstseins und der spirituellen Transformation vorausgesehen haben, welche im Augenblick stattfindet. Dazu haben sie sich bereits vor ihrem Lebensbeginn entschieden und w\u00fcnschen sich, den g\u00f6ttlichen Plan f\u00fcr die Menschheit und die Erde auf jede Weise zu unterst\u00fctzen.<\/p><p>Erzengel Michael hat diesen Kurs gestaltet, um dir erh\u00f6hte holographische Heilkraft zur Verf\u00fcgung zu stellen. Auf diese Weise wirst du Andere auf neue und spannende Art unterst\u00fctzen. Er meint dazu, dass deine Kraft immer mehr zunehmen wird, je mehr du dienst. Daher ermuntert er dich t\u00e4glich mit den 70 Strahlen zu arbeiten. Je \u00f6fter du sie anwendest, desto kraftvoller und klarer werden sie, w\u00e4hrend sich auch deine Hellsicht sehr schnell weiterentwickelt.<\/p><div class=\"x-column x-sm x-1-2 e23742-e11 mibi-a mibi-b\"><div class=\"x-text x-content e23742-e12 mibi-i mibi-k mibi-l mibi-m mibi-n description\"><h5 class=\"p1\"><strong>Michael hat diesen Kurs gestaltet, um dich in folgenden Punkten zu unterst\u00fctzen:\u00a0<\/strong><\/h5><ul><li>Erh\u00f6hung deiner Kapazit\u00e4t, um ein Heiler der Menschheit zu werden<\/li><li>Aufbau eines &#8222;Heilender Lichtk\u00f6rper f\u00fcr die 70 Strahlen&#8220;, dem auch erleuchtete Materie hinzugef\u00fcgt wird<\/li><li>Aufbau einer Plattform und eines kommunikativen Netzes, durch das sich Heiler von \u00fcberall aus der holographischen Wirklichkeit mit dir verbinden k\u00f6nnen, um der Menschheit ihre Geschenke zu bringen<\/li><li>Gemeinsam mit diesen Heilern und ihren verfeinerten F\u00e4higkeiten baust du holographische Netze von enormer Sch\u00f6nheit in deiner Welt auf<\/li><li>Erh\u00f6hung deiner Kraft als ein\/e Heiler\/in f\u00fcr die Menschheit, indem du ein Teilchen erleuchteter Materie erschaffst<\/li><li>Einpr\u00e4gung aller Details dieses Teilchens in die 10 Zentren, was sowohl deine Empf\u00e4nglichkeit als auch deine Kapazit\u00e4t f\u00fcr Heilung sehr schnell erh\u00f6hen wird<\/li><li>Erh\u00f6hung der Empf\u00e4nglichkeit von allem\/allen, welche von dir Heilenergien empfangen. Dabei kann es sich um Personen, Tiere, Wesen, einem Lichtnetz oder dem kollektiven Bewusstsein handeln<\/li><\/ul><\/div><\/div>\t\t\t\t\t\t\t\t<\/div>\n\t\t\t\t\t<\/div>\n\t\t\t\t<\/div>\n\t\t<div class=\"elementor-element elementor-element-789640e e-flex e-con-boxed e-con e-parent\" data-id=\"789640e\" data-element_type=\"container\" data-e-type=\"container\">\n\t\t\t\t\t<div class=\"e-con-inner\">\n\t\t<div class=\"elementor-element elementor-element-d31df0d e-con-full e-flex e-con e-child\" data-id=\"d31df0d\" data-element_type=\"container\" data-e-type=\"container\">\n\t\t\t\t<div class=\"elementor-element elementor-element-6ba29fcd elementor-widget elementor-widget-text-editor\" data-id=\"6ba29fcd\" data-element_type=\"widget\" data-e-type=\"widget\" data-widget_type=\"text-editor.default\">\n\t\t\t\t\t\t\t\t\t<h4>Einfacher, klarer und kraftvoller mit den 70 Strahlen arbeiten<\/h4><h5>Voraussetzungen:<\/h5><ol><li>Der Neue Lichtk\u00f6rper &#8211; Strahlen der Erleuchtung &amp; G\u00f6ttlichkeit (Basis I).<\/li><li>Heilung mit den 70 Strahlen von Erzengel Michael<\/li><\/ol><h5>Bitte beachte:<\/h5><p>In jedem Land gibt es Bestimmungen bez\u00fcglich des Umgangs mit k\u00f6rperlichen Symptomen. Dieser Kurs gibt dir keine Zulassung andere zu behandeln. Wir raten dir dies genau herauszufinden und den Gesetzen deines Landes zu folgen.<\/p><h5>Wie du diesen Kurs absolvieren kannst:<\/h5><p>Teilnahme an einem festgelegten Seminar bei einem unserer Lehrer. Bitte schicke uns eine <a href=\"https:\/\/lightflow.info\/de\/kontakt\/\" target=\"_blank\" rel=\"noopener\">Nachricht<\/a> und wir finden einen Lehrer f\u00fcr dich.<\/p><p><strong>Dauer des Seminars:<\/strong> 3-5 Tage<\/p><p><strong>Dauer des Heimstudiums:<\/strong> 6 Monate<\/p><h5>Sprache Ausbildungsmaterial:<\/h5><p>Die Channelings sind auf Englisch mit deutscher \u00dcbersetzung.<\/p>\t\t\t\t\t\t\t\t<\/div>\n\t\t\t\t<\/div>\n\t\t<div class=\"elementor-element elementor-element-1edac51 e-con-full e-flex e-con e-child\" data-id=\"1edac51\" data-element_type=\"container\" data-e-type=\"container\">\n\t\t\t\t<div class=\"elementor-element elementor-element-1e9b46a elementor-widget elementor-widget-image\" data-id=\"1e9b46a\" data-element_type=\"widget\" data-e-type=\"widget\" data-widget_type=\"image.default\">\n\t\t\t\t\t\t\t\t\t\t\t\t\t\t\t\t<a href=\"https:\/\/lightflow.info\/de\/kategorie\/erwecke-deinen-lichtkoerper\/der-neue-lichtkoerper-basiskurs\/\">\n\t\t\t\t\t\t\t<img fetchpriority=\"high\" decoding=\"async\" width=\"300\" height=\"300\" src=\"https:\/\/lightflow.info\/wp-content\/uploads\/C3-SC1-P1-G_SIF15G-Strahlen-Erleuchtung-Goettlichkeit-Basis-300x300.webp\" class=\"attachment-medium size-medium wp-image-32870\" alt=\"\" srcset=\"https:\/\/lightflow.info\/wp-content\/uploads\/C3-SC1-P1-G_SIF15G-Strahlen-Erleuchtung-Goettlichkeit-Basis-300x300.webp 300w, https:\/\/lightflow.info\/wp-content\/uploads\/C3-SC1-P1-G_SIF15G-Strahlen-Erleuchtung-Goettlichkeit-Basis-100x100.webp 100w, https:\/\/lightflow.info\/wp-content\/uploads\/C3-SC1-P1-G_SIF15G-Strahlen-Erleuchtung-Goettlichkeit-Basis-600x600.webp 600w, https:\/\/lightflow.info\/wp-content\/uploads\/C3-SC1-P1-G_SIF15G-Strahlen-Erleuchtung-Goettlichkeit-Basis-150x150.webp 150w, https:\/\/lightflow.info\/wp-content\/uploads\/C3-SC1-P1-G_SIF15G-Strahlen-Erleuchtung-Goettlichkeit-Basis-768x768.webp 768w, https:\/\/lightflow.info\/wp-content\/uploads\/C3-SC1-P1-G_SIF15G-Strahlen-Erleuchtung-Goettlichkeit-Basis.webp 800w\" sizes=\"(max-width: 300px) 100vw, 300px\" \/>\t\t\t\t\t\t\t\t<\/a>\n\t\t\t\t\t\t\t\t\t\t\t\t\t\t\t<\/div>\n\t\t\t\t<div class=\"elementor-element elementor-element-c0826b7 elementor-widget elementor-widget-image\" data-id=\"c0826b7\" data-element_type=\"widget\" data-e-type=\"widget\" data-widget_type=\"image.default\">\n\t\t\t\t\t\t\t\t\t\t\t\t\t\t\t\t<a href=\"https:\/\/lightflow.info\/de\/kontakt\/\">\n\t\t\t\t\t\t\t<img decoding=\"async\" width=\"300\" height=\"300\" src=\"https:\/\/lightflow.info\/wp-content\/uploads\/Button-Find-a-Teacher-GER-300x300.webp\" class=\"attachment-medium size-medium wp-image-37617\" alt=\"\" srcset=\"https:\/\/lightflow.info\/wp-content\/uploads\/Button-Find-a-Teacher-GER-300x300.webp 300w, https:\/\/lightflow.info\/wp-content\/uploads\/Button-Find-a-Teacher-GER-100x100.webp 100w, https:\/\/lightflow.info\/wp-content\/uploads\/Button-Find-a-Teacher-GER-600x600.webp 600w, https:\/\/lightflow.info\/wp-content\/uploads\/Button-Find-a-Teacher-GER-150x150.webp 150w, https:\/\/lightflow.info\/wp-content\/uploads\/Button-Find-a-Teacher-GER-768x768.webp 768w, https:\/\/lightflow.info\/wp-content\/uploads\/Button-Find-a-Teacher-GER.webp 900w\" sizes=\"(max-width: 300px) 100vw, 300px\" \/>\t\t\t\t\t\t\t\t<\/a>\n\t\t\t\t\t\t\t\t\t\t\t\t\t\t\t<\/div>\n\t\t\t\t<\/div>\n\t\t\t\t\t<\/div>\n\t\t\t\t<\/div>\n\t\t\t\t<\/div>\n\t\t","protected":false},"excerpt":{"rendered":"<p>Erleuchtete Materie &amp; die 70 Strahlen Ein Seminar f\u00fcr die &#8222;Heiler der Menschheit&#8220; von Erzengel Michael Die n\u00e4chste Generation holografischer Heilkraft &#8222;Geliebte. Ich bin Michael und ich m\u00f6chte gerne dir die n\u00e4chste Generation der Arbeit mit den 70 Strahlen vorstellen. Die 70 Strahlen sind als kraftvolle Heiltechnik f\u00fcr dieses Jahrtausend designed und sind auf der [&hellip;]<\/p>\n","protected":false},"author":1,"featured_media":33376,"parent":0,"menu_order":0,"comment_status":"closed","ping_status":"closed","template":"","meta":{"_acf_changed":false,"ocean_post_layout":"","ocean_both_sidebars_style":"","ocean_both_sidebars_content_width":0,"ocean_both_sidebars_sidebars_width":0,"ocean_sidebar":"0","ocean_second_sidebar":"0","ocean_disable_margins":"enable","ocean_add_body_class":"","ocean_shortcode_before_top_bar":"","ocean_shortcode_after_top_bar":"","ocean_shortcode_before_header":"","ocean_shortcode_after_header":"","ocean_has_shortcode":"","ocean_shortcode_after_title":"","ocean_shortcode_before_footer_widgets":"","ocean_shortcode_after_footer_widgets":"","ocean_shortcode_before_footer_bottom":"","ocean_shortcode_after_footer_bottom":"","ocean_display_top_bar":"default","ocean_display_header":"default","ocean_header_style":"","ocean_center_header_left_menu":"0","ocean_custom_header_template":"0","ocean_custom_logo":0,"ocean_custom_retina_logo":0,"ocean_custom_logo_max_width":0,"ocean_custom_logo_tablet_max_width":0,"ocean_custom_logo_mobile_max_width":0,"ocean_custom_logo_max_height":0,"ocean_custom_logo_tablet_max_height":0,"ocean_custom_logo_mobile_max_height":0,"ocean_header_custom_menu":"0","ocean_menu_typo_font_family":"0","ocean_menu_typo_font_subset":"","ocean_menu_typo_font_size":0,"ocean_menu_typo_font_size_tablet":0,"ocean_menu_typo_font_size_mobile":0,"ocean_menu_typo_font_size_unit":"px","ocean_menu_typo_font_weight":"","ocean_menu_typo_font_weight_tablet":"","ocean_menu_typo_font_weight_mobile":"","ocean_menu_typo_transform":"","ocean_menu_typo_transform_tablet":"","ocean_menu_typo_transform_mobile":"","ocean_menu_typo_line_height":0,"ocean_menu_typo_line_height_tablet":0,"ocean_menu_typo_line_height_mobile":0,"ocean_menu_typo_line_height_unit":"","ocean_menu_typo_spacing":0,"ocean_menu_typo_spacing_tablet":0,"ocean_menu_typo_spacing_mobile":0,"ocean_menu_typo_spacing_unit":"","ocean_menu_link_color":"","ocean_menu_link_color_hover":"","ocean_menu_link_color_active":"","ocean_menu_link_background":"","ocean_menu_link_hover_background":"","ocean_menu_link_active_background":"","ocean_menu_social_links_bg":"","ocean_menu_social_hover_links_bg":"","ocean_menu_social_links_color":"","ocean_menu_social_hover_links_color":"","ocean_disable_title":"on","ocean_disable_heading":"default","ocean_post_title":"","ocean_post_subheading":"","ocean_post_title_style":"","ocean_post_title_background_color":"","ocean_post_title_background":0,"ocean_post_title_bg_image_position":"","ocean_post_title_bg_image_attachment":"","ocean_post_title_bg_image_repeat":"","ocean_post_title_bg_image_size":"","ocean_post_title_height":0,"ocean_post_title_bg_overlay":0.5,"ocean_post_title_bg_overlay_color":"","ocean_disable_breadcrumbs":"off","ocean_breadcrumbs_color":"","ocean_breadcrumbs_separator_color":"","ocean_breadcrumbs_links_color":"","ocean_breadcrumbs_links_hover_color":"","ocean_display_footer_widgets":"default","ocean_display_footer_bottom":"default","ocean_custom_footer_template":"0","footnotes":""},"class_list":["post-34952","page","type-page","status-publish","has-post-thumbnail","hentry","entry","has-media","owp-thumbs-layout-horizontal","owp-btn-normal","owp-tabs-layout-section","has-no-thumbnails","circle-sale"],"acf":[],"yoast_head":"<!-- This site is optimized with the Yoast SEO plugin v27.5 - https:\/\/yoast.com\/product\/yoast-seo-wordpress\/ -->\n<title>Holografische Heilung &#8902; Lightflow Academy by Cecilia Sifontes<\/title>\n<meta name=\"robots\" content=\"index, follow, max-snippet:-1, max-image-preview:large, max-video-preview:-1\" \/>\n<link rel=\"canonical\" href=\"https:\/\/lightflow.info\/de\/erleuchtete-materie-und-70-strahlen-holografische-heilung\/\" \/>\n<meta property=\"og:locale\" content=\"de_DE\" \/>\n<meta property=\"og:type\" content=\"article\" \/>\n<meta property=\"og:title\" content=\"Holografische Heilung &#8902; Lightflow Academy by Cecilia Sifontes\" \/>\n<meta property=\"og:description\" content=\"Erleuchtete Materie &amp; die 70 Strahlen Ein Seminar f\u00fcr die &#8222;Heiler der Menschheit&#8220; von Erzengel Michael Die n\u00e4chste Generation holografischer Heilkraft &#8222;Geliebte. Ich bin Michael und ich m\u00f6chte gerne dir die n\u00e4chste Generation der Arbeit mit den 70 Strahlen vorstellen. Die 70 Strahlen sind als kraftvolle Heiltechnik f\u00fcr dieses Jahrtausend designed und sind auf der [&hellip;]\" \/>\n<meta property=\"og:url\" content=\"https:\/\/lightflow.info\/de\/erleuchtete-materie-und-70-strahlen-holografische-heilung\/\" \/>\n<meta property=\"og:site_name\" content=\"Lightflow Academy by Cecilia Sifontes\" \/>\n<meta property=\"article:modified_time\" content=\"2026-02-14T17:55:34+00:00\" \/>\n<meta property=\"og:image\" content=\"https:\/\/lightflow.info\/wp-content\/uploads\/C3-SC4-P3-G_SIF29G-AAM-Erleuchtete-Materie-70-Strahlen.webp\" \/>\n\t<meta property=\"og:image:width\" content=\"800\" \/>\n\t<meta property=\"og:image:height\" content=\"800\" \/>\n\t<meta property=\"og:image:type\" content=\"image\/webp\" \/>\n<meta name=\"twitter:card\" content=\"summary_large_image\" \/>\n<meta name=\"twitter:label1\" content=\"Gesch\u00e4tzte Lesezeit\" \/>\n\t<meta name=\"twitter:data1\" content=\"4\u00a0Minuten\" \/>\n<script type=\"application\/ld+json\" class=\"yoast-schema-graph\">{\"@context\":\"https:\\\/\\\/schema.org\",\"@graph\":[{\"@type\":\"WebPage\",\"@id\":\"https:\\\/\\\/lightflow.info\\\/de\\\/erleuchtete-materie-und-70-strahlen-holografische-heilung\\\/\",\"url\":\"https:\\\/\\\/lightflow.info\\\/de\\\/erleuchtete-materie-und-70-strahlen-holografische-heilung\\\/\",\"name\":\"Holografische Heilung &#8902; Lightflow Academy by Cecilia Sifontes\",\"isPartOf\":{\"@id\":\"https:\\\/\\\/lightflow.info\\\/de\\\/#website\"},\"primaryImageOfPage\":{\"@id\":\"https:\\\/\\\/lightflow.info\\\/de\\\/erleuchtete-materie-und-70-strahlen-holografische-heilung\\\/#primaryimage\"},\"image\":{\"@id\":\"https:\\\/\\\/lightflow.info\\\/de\\\/erleuchtete-materie-und-70-strahlen-holografische-heilung\\\/#primaryimage\"},\"thumbnailUrl\":\"https:\\\/\\\/lightflow.info\\\/wp-content\\\/uploads\\\/C3-SC4-P3-G_SIF29G-AAM-Erleuchtete-Materie-70-Strahlen.webp\",\"datePublished\":\"2026-01-18T22:52:06+00:00\",\"dateModified\":\"2026-02-14T17:55:34+00:00\",\"breadcrumb\":{\"@id\":\"https:\\\/\\\/lightflow.info\\\/de\\\/erleuchtete-materie-und-70-strahlen-holografische-heilung\\\/#breadcrumb\"},\"inLanguage\":\"de\",\"potentialAction\":[{\"@type\":\"ReadAction\",\"target\":[\"https:\\\/\\\/lightflow.info\\\/de\\\/erleuchtete-materie-und-70-strahlen-holografische-heilung\\\/\"]}]},{\"@type\":\"ImageObject\",\"inLanguage\":\"de\",\"@id\":\"https:\\\/\\\/lightflow.info\\\/de\\\/erleuchtete-materie-und-70-strahlen-holografische-heilung\\\/#primaryimage\",\"url\":\"https:\\\/\\\/lightflow.info\\\/wp-content\\\/uploads\\\/C3-SC4-P3-G_SIF29G-AAM-Erleuchtete-Materie-70-Strahlen.webp\",\"contentUrl\":\"https:\\\/\\\/lightflow.info\\\/wp-content\\\/uploads\\\/C3-SC4-P3-G_SIF29G-AAM-Erleuchtete-Materie-70-Strahlen.webp\",\"width\":800,\"height\":800},{\"@type\":\"BreadcrumbList\",\"@id\":\"https:\\\/\\\/lightflow.info\\\/de\\\/erleuchtete-materie-und-70-strahlen-holografische-heilung\\\/#breadcrumb\",\"itemListElement\":[{\"@type\":\"ListItem\",\"position\":1,\"name\":\"Home\",\"item\":\"https:\\\/\\\/lightflow.info\\\/de\\\/\"},{\"@type\":\"ListItem\",\"position\":2,\"name\":\"Holografische Heilung\"}]},{\"@type\":\"WebSite\",\"@id\":\"https:\\\/\\\/lightflow.info\\\/de\\\/#website\",\"url\":\"https:\\\/\\\/lightflow.info\\\/de\\\/\",\"name\":\"Lightflow Academy by Cecilia Sifontes\",\"description\":\"Awakening Lightworkers and Masters\",\"alternateName\":\"Lightflow\",\"potentialAction\":[{\"@type\":\"SearchAction\",\"target\":{\"@type\":\"EntryPoint\",\"urlTemplate\":\"https:\\\/\\\/lightflow.info\\\/de\\\/?s={search_term_string}\"},\"query-input\":{\"@type\":\"PropertyValueSpecification\",\"valueRequired\":true,\"valueName\":\"search_term_string\"}}],\"inLanguage\":\"de\"}]}<\/script>\n<!-- \/ Yoast SEO plugin. -->","yoast_head_json":{"title":"Holografische Heilung &#8902; Lightflow Academy by Cecilia Sifontes","robots":{"index":"index","follow":"follow","max-snippet":"max-snippet:-1","max-image-preview":"max-image-preview:large","max-video-preview":"max-video-preview:-1"},"canonical":"https:\/\/lightflow.info\/de\/erleuchtete-materie-und-70-strahlen-holografische-heilung\/","og_locale":"de_DE","og_type":"article","og_title":"Holografische Heilung &#8902; Lightflow Academy by Cecilia Sifontes","og_description":"Erleuchtete Materie &amp; die 70 Strahlen Ein Seminar f\u00fcr die &#8222;Heiler der Menschheit&#8220; von Erzengel Michael Die n\u00e4chste Generation holografischer Heilkraft &#8222;Geliebte. Ich bin Michael und ich m\u00f6chte gerne dir die n\u00e4chste Generation der Arbeit mit den 70 Strahlen vorstellen. Die 70 Strahlen sind als kraftvolle Heiltechnik f\u00fcr dieses Jahrtausend designed und sind auf der [&hellip;]","og_url":"https:\/\/lightflow.info\/de\/erleuchtete-materie-und-70-strahlen-holografische-heilung\/","og_site_name":"Lightflow Academy by Cecilia Sifontes","article_modified_time":"2026-02-14T17:55:34+00:00","og_image":[{"width":800,"height":800,"url":"https:\/\/lightflow.info\/wp-content\/uploads\/C3-SC4-P3-G_SIF29G-AAM-Erleuchtete-Materie-70-Strahlen.webp","type":"image\/webp"}],"twitter_card":"summary_large_image","twitter_misc":{"Gesch\u00e4tzte Lesezeit":"4\u00a0Minuten"},"schema":{"@context":"https:\/\/schema.org","@graph":[{"@type":"WebPage","@id":"https:\/\/lightflow.info\/de\/erleuchtete-materie-und-70-strahlen-holografische-heilung\/","url":"https:\/\/lightflow.info\/de\/erleuchtete-materie-und-70-strahlen-holografische-heilung\/","name":"Holografische Heilung &#8902; Lightflow Academy by Cecilia Sifontes","isPartOf":{"@id":"https:\/\/lightflow.info\/de\/#website"},"primaryImageOfPage":{"@id":"https:\/\/lightflow.info\/de\/erleuchtete-materie-und-70-strahlen-holografische-heilung\/#primaryimage"},"image":{"@id":"https:\/\/lightflow.info\/de\/erleuchtete-materie-und-70-strahlen-holografische-heilung\/#primaryimage"},"thumbnailUrl":"https:\/\/lightflow.info\/wp-content\/uploads\/C3-SC4-P3-G_SIF29G-AAM-Erleuchtete-Materie-70-Strahlen.webp","datePublished":"2026-01-18T22:52:06+00:00","dateModified":"2026-02-14T17:55:34+00:00","breadcrumb":{"@id":"https:\/\/lightflow.info\/de\/erleuchtete-materie-und-70-strahlen-holografische-heilung\/#breadcrumb"},"inLanguage":"de","potentialAction":[{"@type":"ReadAction","target":["https:\/\/lightflow.info\/de\/erleuchtete-materie-und-70-strahlen-holografische-heilung\/"]}]},{"@type":"ImageObject","inLanguage":"de","@id":"https:\/\/lightflow.info\/de\/erleuchtete-materie-und-70-strahlen-holografische-heilung\/#primaryimage","url":"https:\/\/lightflow.info\/wp-content\/uploads\/C3-SC4-P3-G_SIF29G-AAM-Erleuchtete-Materie-70-Strahlen.webp","contentUrl":"https:\/\/lightflow.info\/wp-content\/uploads\/C3-SC4-P3-G_SIF29G-AAM-Erleuchtete-Materie-70-Strahlen.webp","width":800,"height":800},{"@type":"BreadcrumbList","@id":"https:\/\/lightflow.info\/de\/erleuchtete-materie-und-70-strahlen-holografische-heilung\/#breadcrumb","itemListElement":[{"@type":"ListItem","position":1,"name":"Home","item":"https:\/\/lightflow.info\/de\/"},{"@type":"ListItem","position":2,"name":"Holografische Heilung"}]},{"@type":"WebSite","@id":"https:\/\/lightflow.info\/de\/#website","url":"https:\/\/lightflow.info\/de\/","name":"Lightflow Academy by Cecilia Sifontes","description":"Awakening Lightworkers and Masters","alternateName":"Lightflow","potentialAction":[{"@type":"SearchAction","target":{"@type":"EntryPoint","urlTemplate":"https:\/\/lightflow.info\/de\/?s={search_term_string}"},"query-input":{"@type":"PropertyValueSpecification","valueRequired":true,"valueName":"search_term_string"}}],"inLanguage":"de"}]}},"_links":{"self":[{"href":"https:\/\/lightflow.info\/de\/wp-json\/wp\/v2\/pages\/34952","targetHints":{"allow":["GET"]}}],"collection":[{"href":"https:\/\/lightflow.info\/de\/wp-json\/wp\/v2\/pages"}],"about":[{"href":"https:\/\/lightflow.info\/de\/wp-json\/wp\/v2\/types\/page"}],"author":[{"embeddable":true,"href":"https:\/\/lightflow.info\/de\/wp-json\/wp\/v2\/users\/1"}],"replies":[{"embeddable":true,"href":"https:\/\/lightflow.info\/de\/wp-json\/wp\/v2\/comments?post=34952"}],"version-history":[{"count":0,"href":"https:\/\/lightflow.info\/de\/wp-json\/wp\/v2\/pages\/34952\/revisions"}],"wp:featuredmedia":[{"embeddable":true,"href":"https:\/\/lightflow.info\/de\/wp-json\/wp\/v2\/media\/33376"}],"wp:attachment":[{"href":"https:\/\/lightflow.info\/de\/wp-json\/wp\/v2\/media?parent=34952"}],"curies":[{"name":"wp","href":"https:\/\/api.w.org\/{rel}","templated":true}]}}