{"id":35548,"date":"2026-01-21T15:17:38","date_gmt":"2026-01-21T14:17:38","guid":{"rendered":"https:\/\/lightflow.info\/?page_id=35548"},"modified":"2026-02-11T19:33:16","modified_gmt":"2026-02-11T18:33:16","slug":"ueber-cecilia","status":"publish","type":"page","link":"https:\/\/lightflow.info\/de\/ueber-cecilia\/","title":{"rendered":"\u00dcber Cecilia"},"content":{"rendered":"\t\t<div data-elementor-type=\"wp-page\" data-elementor-id=\"35548\" class=\"elementor elementor-35548 elementor-35547\" data-elementor-post-type=\"page\">\n\t\t\t\t<div class=\"elementor-element elementor-element-676b0f96 e-con-full e-flex e-con e-parent\" data-id=\"676b0f96\" data-element_type=\"container\" data-e-type=\"container\" data-settings=\"{&quot;background_background&quot;:&quot;classic&quot;,&quot;shape_divider_bottom&quot;:&quot;mountains&quot;}\">\n\t\t\t\t<div class=\"elementor-shape elementor-shape-bottom\" aria-hidden=\"true\" data-negative=\"false\">\n\t\t\t<svg xmlns=\"http:\/\/www.w3.org\/2000\/svg\" viewBox=\"0 0 1000 100\" preserveAspectRatio=\"none\">\n\t<path class=\"elementor-shape-fill\" opacity=\"0.33\" d=\"M473,67.3c-203.9,88.3-263.1-34-320.3,0C66,119.1,0,59.7,0,59.7V0h1000v59.7 c0,0-62.1,26.1-94.9,29.3c-32.8,3.3-62.8-12.3-75.8-22.1C806,49.6,745.3,8.7,694.9,4.7S492.4,59,473,67.3z\"\/>\n\t<path class=\"elementor-shape-fill\" opacity=\"0.66\" d=\"M734,67.3c-45.5,0-77.2-23.2-129.1-39.1c-28.6-8.7-150.3-10.1-254,39.1 s-91.7-34.4-149.2,0C115.7,118.3,0,39.8,0,39.8V0h1000v36.5c0,0-28.2-18.5-92.1-18.5C810.2,18.1,775.7,67.3,734,67.3z\"\/>\n\t<path class=\"elementor-shape-fill\" d=\"M766.1,28.9c-200-57.5-266,65.5-395.1,19.5C242,1.8,242,5.4,184.8,20.6C128,35.8,132.3,44.9,89.9,52.5C28.6,63.7,0,0,0,0 h1000c0,0-9.9,40.9-83.6,48.1S829.6,47,766.1,28.9z\"\/>\n<\/svg>\t\t<\/div>\n\t\t\t\t<\/div>\n\t\t<div class=\"elementor-element elementor-element-8bd9da1 e-flex e-con-boxed e-con e-parent\" data-id=\"8bd9da1\" data-element_type=\"container\" data-e-type=\"container\">\n\t\t\t\t\t<div class=\"e-con-inner\">\n\t\t<div class=\"elementor-element elementor-element-962149f e-con-full e-flex e-con e-child\" data-id=\"962149f\" data-element_type=\"container\" data-e-type=\"container\">\n\t\t<div class=\"elementor-element elementor-element-11463dc e-con-full e-flex e-con e-child\" data-id=\"11463dc\" data-element_type=\"container\" data-e-type=\"container\">\n\t\t\t\t<div class=\"elementor-element elementor-element-776d560 elementor-widget elementor-widget-text-editor\" data-id=\"776d560\" data-element_type=\"widget\" data-e-type=\"widget\" data-widget_type=\"text-editor.default\">\n\t\t\t\t\t\t\t\t\t<p>Cecilia Sifontes ist ein modernes Orakel und hat die komplette Ausbildung \u201eDer Neue Lichtk\u00f6rper\u201c gechannelt. Tausende Sch\u00fcler haben ihre Kurse besucht. <em>Lightflow Productions<\/em> hat eine umfassende, hochwertige Bibliothek mit Cecilias Werken und bietet Seminarreihen, Workshops und Veranstaltungen zu einer Vielzahl von Themen an, von denen ein gro\u00dfer Teil auf dieser Website zu finden ist.<\/p><p>Cecilia hat es sich zur Aufgabe gemacht, die Menschheit auf ihrem Weg zur bewussten Erleuchtung zu unterst\u00fctzen, und ihre Arbeit spricht sowohl Anf\u00e4nger als auch Fortgeschrittene in Meditation und pers\u00f6nlicher Entwicklung an.<\/p><p>Zus\u00e4tzlich zu ihrer Seminarreihe hat Cecilia eine Bibliothek mit professionell aufgenommenen Meditations- und Musik-Audios sowie Handb\u00fcchern f\u00fcr das Selbststudium. Zusammen mit Reindjen Anselmi hat sie das Buch \u201eDie 5 Schl\u00fcssel zur Meisterschaft\u201d auf Deutsch ver\u00f6ffentlicht, das Kartenset \u201eDivine Flow\u201d auf Deutsch und Englisch, \u201eHur man blir en \u00c4ngel\u201d auf Schwedisch und \u201eWie werde ich ein Engel\u201d auf Deutsch.<\/p><p>Ihre Vision ist es, dass die Welt als Eins zusammenarbeitet, um Frieden und Einheit auf der Erde zu erschaffen. Ihr Fokus liegt darauf, den g\u00f6ttlichen Frieden und die religi\u00f6se Harmonie in der Welt aktiv zu f\u00f6rdern. Daf\u00fcr wurde sie 2002 mit dem ehrenvollen <em>All Africa Religion Peace Award<\/em> ausgezeichnet und erhielt f\u00fcr ihre erfolgreiche Arbeit in Westafrika den offiziellen Titel \u201e<em>Yeye \u2013 Oyinbo of Ojokoro<\/em>\u201d.<\/p><p>Cecilia ist stets aktiv, um neue Ebenen der Existenz zu erforschen, mehr Erinnerungen an die Quelle zu erlangen und dadurch die Realit\u00e4t wieder zur Einheit zu f\u00fchren. Sie lebt und arbeitet in ihrem Zuhause auf dem Land bei Stockholm in Schweden. Cecilia organisiert aktiv Vortrags- und Seminartouren und freut sich darauf, weiter in den englisch- und deutschsprachigen Markt zu expandieren, wo sie viel beitragen kann.<\/p><p>\u00a0<\/p>\t\t\t\t\t\t\t\t<\/div>\n\t\t\t\t<\/div>\n\t\t<div class=\"elementor-element elementor-element-84257ee e-con-full e-flex e-con e-child\" data-id=\"84257ee\" data-element_type=\"container\" data-e-type=\"container\">\n\t\t\t\t<div class=\"elementor-element elementor-element-09fe4a3 e-transform elementor-widget elementor-widget-image\" data-id=\"09fe4a3\" data-element_type=\"widget\" data-e-type=\"widget\" data-settings=\"{&quot;_transform_rotateZ_effect_hover&quot;:{&quot;unit&quot;:&quot;px&quot;,&quot;size&quot;:&quot;&quot;,&quot;sizes&quot;:[]},&quot;_transform_rotateZ_effect_hover_tablet&quot;:{&quot;unit&quot;:&quot;deg&quot;,&quot;size&quot;:&quot;&quot;,&quot;sizes&quot;:[]},&quot;_transform_rotateZ_effect_hover_mobile&quot;:{&quot;unit&quot;:&quot;deg&quot;,&quot;size&quot;:&quot;&quot;,&quot;sizes&quot;:[]}}\" data-widget_type=\"image.default\">\n\t\t\t\t\t\t\t\t\t\t\t\t\t\t\t\t<a href=\"https:\/\/lightflow.info\/wp-content\/uploads\/Cecilia-Star-Earth-Conference-2025-1-1.webp\" data-elementor-open-lightbox=\"yes\" data-elementor-lightbox-title=\"Cecilia-Star-Earth-Conference-2025-1.webp\" data-e-action-hash=\"#elementor-action%3Aaction%3Dlightbox%26settings%3DeyJpZCI6MzU3NTgsInVybCI6Imh0dHBzOlwvXC9saWdodGZsb3cuaW5mb1wvd3AtY29udGVudFwvdXBsb2Fkc1wvQ2VjaWxpYS1TdGFyLUVhcnRoLUNvbmZlcmVuY2UtMjAyNS0xLTEud2VicCJ9\">\n\t\t\t\t\t\t\t<img fetchpriority=\"high\" decoding=\"async\" width=\"534\" height=\"668\" src=\"https:\/\/lightflow.info\/wp-content\/uploads\/Cecilia-Star-Earth-Conference-2025-1-1.webp\" class=\"attachment-full size-full wp-image-35758\" alt=\"\" srcset=\"https:\/\/lightflow.info\/wp-content\/uploads\/Cecilia-Star-Earth-Conference-2025-1-1.webp 534w, https:\/\/lightflow.info\/wp-content\/uploads\/Cecilia-Star-Earth-Conference-2025-1-1-240x300.webp 240w\" sizes=\"(max-width: 534px) 100vw, 534px\" \/>\t\t\t\t\t\t\t\t<\/a>\n\t\t\t\t\t\t\t\t\t\t\t\t\t\t\t<\/div>\n\t\t\t\t<div class=\"elementor-element elementor-element-eb520ff e-transform elementor-widget elementor-widget-image\" data-id=\"eb520ff\" data-element_type=\"widget\" data-e-type=\"widget\" data-settings=\"{&quot;_transform_rotateZ_effect_hover&quot;:{&quot;unit&quot;:&quot;px&quot;,&quot;size&quot;:&quot;&quot;,&quot;sizes&quot;:[]},&quot;_transform_rotateZ_effect_hover_tablet&quot;:{&quot;unit&quot;:&quot;deg&quot;,&quot;size&quot;:&quot;&quot;,&quot;sizes&quot;:[]},&quot;_transform_rotateZ_effect_hover_mobile&quot;:{&quot;unit&quot;:&quot;deg&quot;,&quot;size&quot;:&quot;&quot;,&quot;sizes&quot;:[]}}\" data-widget_type=\"image.default\">\n\t\t\t\t\t\t\t\t\t\t\t\t\t\t\t\t<a href=\"https:\/\/lightflow.info\/wp-content\/uploads\/Cecilia-Star-Earth-Conference-2025-2-1.webp\" data-elementor-open-lightbox=\"yes\" data-elementor-lightbox-title=\"Cecilia-Star-Earth-Conference-2025-2.webp\" data-e-action-hash=\"#elementor-action%3Aaction%3Dlightbox%26settings%3DeyJpZCI6MzU3NTksInVybCI6Imh0dHBzOlwvXC9saWdodGZsb3cuaW5mb1wvd3AtY29udGVudFwvdXBsb2Fkc1wvQ2VjaWxpYS1TdGFyLUVhcnRoLUNvbmZlcmVuY2UtMjAyNS0yLTEud2VicCJ9\">\n\t\t\t\t\t\t\t<img decoding=\"async\" width=\"671\" height=\"486\" src=\"https:\/\/lightflow.info\/wp-content\/uploads\/Cecilia-Star-Earth-Conference-2025-2-1.webp\" class=\"attachment-full size-full wp-image-35759\" alt=\"\" srcset=\"https:\/\/lightflow.info\/wp-content\/uploads\/Cecilia-Star-Earth-Conference-2025-2-1.webp 671w, https:\/\/lightflow.info\/wp-content\/uploads\/Cecilia-Star-Earth-Conference-2025-2-1-600x435.webp 600w, https:\/\/lightflow.info\/wp-content\/uploads\/Cecilia-Star-Earth-Conference-2025-2-1-300x217.webp 300w\" sizes=\"(max-width: 671px) 100vw, 671px\" \/>\t\t\t\t\t\t\t\t<\/a>\n\t\t\t\t\t\t\t\t\t\t\t\t\t\t\t<\/div>\n\t\t\t\t<\/div>\n\t\t\t\t<\/div>\n\t\t\t\t\t<\/div>\n\t\t\t\t<\/div>\n\t\t\t\t<\/div>\n\t\t","protected":false},"excerpt":{"rendered":"<p>Cecilia Sifontes ist ein modernes Orakel und hat die komplette Ausbildung \u201eDer Neue Lichtk\u00f6rper\u201c gechannelt. Tausende Sch\u00fcler haben ihre Kurse besucht. Lightflow Productions hat eine umfassende, hochwertige Bibliothek mit Cecilias Werken und bietet Seminarreihen, Workshops und Veranstaltungen zu einer Vielzahl von Themen an, von denen ein gro\u00dfer Teil auf dieser Website zu finden ist. Cecilia [&hellip;]<\/p>\n","protected":false},"author":1,"featured_media":0,"parent":0,"menu_order":0,"comment_status":"closed","ping_status":"closed","template":"","meta":{"_acf_changed":false,"ocean_post_layout":"","ocean_both_sidebars_style":"","ocean_both_sidebars_content_width":0,"ocean_both_sidebars_sidebars_width":0,"ocean_sidebar":"0","ocean_second_sidebar":"0","ocean_disable_margins":"enable","ocean_add_body_class":"","ocean_shortcode_before_top_bar":"","ocean_shortcode_after_top_bar":"","ocean_shortcode_before_header":"","ocean_shortcode_after_header":"","ocean_has_shortcode":"","ocean_shortcode_after_title":"","ocean_shortcode_before_footer_widgets":"","ocean_shortcode_after_footer_widgets":"","ocean_shortcode_before_footer_bottom":"","ocean_shortcode_after_footer_bottom":"","ocean_display_top_bar":"default","ocean_display_header":"default","ocean_header_style":"","ocean_center_header_left_menu":"0","ocean_custom_header_template":"0","ocean_custom_logo":0,"ocean_custom_retina_logo":0,"ocean_custom_logo_max_width":0,"ocean_custom_logo_tablet_max_width":0,"ocean_custom_logo_mobile_max_width":0,"ocean_custom_logo_max_height":0,"ocean_custom_logo_tablet_max_height":0,"ocean_custom_logo_mobile_max_height":0,"ocean_header_custom_menu":"0","ocean_menu_typo_font_family":"0","ocean_menu_typo_font_subset":"","ocean_menu_typo_font_size":0,"ocean_menu_typo_font_size_tablet":0,"ocean_menu_typo_font_size_mobile":0,"ocean_menu_typo_font_size_unit":"px","ocean_menu_typo_font_weight":"","ocean_menu_typo_font_weight_tablet":"","ocean_menu_typo_font_weight_mobile":"","ocean_menu_typo_transform":"","ocean_menu_typo_transform_tablet":"","ocean_menu_typo_transform_mobile":"","ocean_menu_typo_line_height":0,"ocean_menu_typo_line_height_tablet":0,"ocean_menu_typo_line_height_mobile":0,"ocean_menu_typo_line_height_unit":"","ocean_menu_typo_spacing":0,"ocean_menu_typo_spacing_tablet":0,"ocean_menu_typo_spacing_mobile":0,"ocean_menu_typo_spacing_unit":"","ocean_menu_link_color":"","ocean_menu_link_color_hover":"","ocean_menu_link_color_active":"","ocean_menu_link_background":"","ocean_menu_link_hover_background":"","ocean_menu_link_active_background":"","ocean_menu_social_links_bg":"","ocean_menu_social_hover_links_bg":"","ocean_menu_social_links_color":"","ocean_menu_social_hover_links_color":"","ocean_disable_title":"on","ocean_disable_heading":"default","ocean_post_title":"","ocean_post_subheading":"","ocean_post_title_style":"","ocean_post_title_background_color":"","ocean_post_title_background":0,"ocean_post_title_bg_image_position":"","ocean_post_title_bg_image_attachment":"","ocean_post_title_bg_image_repeat":"","ocean_post_title_bg_image_size":"","ocean_post_title_height":0,"ocean_post_title_bg_overlay":0.5,"ocean_post_title_bg_overlay_color":"","ocean_disable_breadcrumbs":"default","ocean_breadcrumbs_color":"","ocean_breadcrumbs_separator_color":"","ocean_breadcrumbs_links_color":"","ocean_breadcrumbs_links_hover_color":"","ocean_display_footer_widgets":"default","ocean_display_footer_bottom":"default","ocean_custom_footer_template":"0","footnotes":""},"class_list":["post-35548","page","type-page","status-publish","hentry","entry","owp-thumbs-layout-horizontal","owp-btn-normal","owp-tabs-layout-section","has-no-thumbnails","circle-sale"],"acf":[],"yoast_head":"<!-- This site is optimized with the Yoast SEO plugin v27.4 - https:\/\/yoast.com\/product\/yoast-seo-wordpress\/ -->\n<title>\u00dcber Cecilia &#8902; Lightflow Academy by Cecilia Sifontes<\/title>\n<meta name=\"robots\" content=\"index, follow, max-snippet:-1, max-image-preview:large, max-video-preview:-1\" \/>\n<link rel=\"canonical\" href=\"https:\/\/lightflow.info\/de\/ueber-cecilia\/\" \/>\n<meta property=\"og:locale\" content=\"de_DE\" \/>\n<meta property=\"og:type\" content=\"article\" \/>\n<meta property=\"og:title\" content=\"\u00dcber Cecilia &#8902; Lightflow Academy by Cecilia Sifontes\" \/>\n<meta property=\"og:description\" content=\"Cecilia Sifontes ist ein modernes Orakel und hat die komplette Ausbildung \u201eDer Neue Lichtk\u00f6rper\u201c gechannelt. Tausende Sch\u00fcler haben ihre Kurse besucht. Lightflow Productions hat eine umfassende, hochwertige Bibliothek mit Cecilias Werken und bietet Seminarreihen, Workshops und Veranstaltungen zu einer Vielzahl von Themen an, von denen ein gro\u00dfer Teil auf dieser Website zu finden ist. Cecilia [&hellip;]\" \/>\n<meta property=\"og:url\" content=\"https:\/\/lightflow.info\/de\/ueber-cecilia\/\" \/>\n<meta property=\"og:site_name\" content=\"Lightflow Academy by Cecilia Sifontes\" \/>\n<meta property=\"article:modified_time\" content=\"2026-02-11T18:33:16+00:00\" \/>\n<meta property=\"og:image\" content=\"https:\/\/lightflow.info\/wp-content\/uploads\/Cecilia-Star-Earth-Conference-2025-1-1.webp\" \/>\n<meta name=\"twitter:card\" content=\"summary_large_image\" \/>\n<meta name=\"twitter:label1\" content=\"Gesch\u00e4tzte Lesezeit\" \/>\n\t<meta name=\"twitter:data1\" content=\"2\u00a0Minuten\" \/>\n<script type=\"application\/ld+json\" class=\"yoast-schema-graph\">{\"@context\":\"https:\\\/\\\/schema.org\",\"@graph\":[{\"@type\":\"WebPage\",\"@id\":\"https:\\\/\\\/lightflow.info\\\/de\\\/ueber-cecilia\\\/\",\"url\":\"https:\\\/\\\/lightflow.info\\\/de\\\/ueber-cecilia\\\/\",\"name\":\"\u00dcber Cecilia &#8902; Lightflow Academy by Cecilia Sifontes\",\"isPartOf\":{\"@id\":\"https:\\\/\\\/lightflow.info\\\/de\\\/#website\"},\"primaryImageOfPage\":{\"@id\":\"https:\\\/\\\/lightflow.info\\\/de\\\/ueber-cecilia\\\/#primaryimage\"},\"image\":{\"@id\":\"https:\\\/\\\/lightflow.info\\\/de\\\/ueber-cecilia\\\/#primaryimage\"},\"thumbnailUrl\":\"https:\\\/\\\/lightflow.info\\\/wp-content\\\/uploads\\\/Cecilia-Star-Earth-Conference-2025-1-1.webp\",\"datePublished\":\"2026-01-21T14:17:38+00:00\",\"dateModified\":\"2026-02-11T18:33:16+00:00\",\"breadcrumb\":{\"@id\":\"https:\\\/\\\/lightflow.info\\\/de\\\/ueber-cecilia\\\/#breadcrumb\"},\"inLanguage\":\"de\",\"potentialAction\":[{\"@type\":\"ReadAction\",\"target\":[\"https:\\\/\\\/lightflow.info\\\/de\\\/ueber-cecilia\\\/\"]}]},{\"@type\":\"ImageObject\",\"inLanguage\":\"de\",\"@id\":\"https:\\\/\\\/lightflow.info\\\/de\\\/ueber-cecilia\\\/#primaryimage\",\"url\":\"https:\\\/\\\/lightflow.info\\\/wp-content\\\/uploads\\\/Cecilia-Star-Earth-Conference-2025-1-1.webp\",\"contentUrl\":\"https:\\\/\\\/lightflow.info\\\/wp-content\\\/uploads\\\/Cecilia-Star-Earth-Conference-2025-1-1.webp\"},{\"@type\":\"BreadcrumbList\",\"@id\":\"https:\\\/\\\/lightflow.info\\\/de\\\/ueber-cecilia\\\/#breadcrumb\",\"itemListElement\":[{\"@type\":\"ListItem\",\"position\":1,\"name\":\"Home\",\"item\":\"https:\\\/\\\/lightflow.info\\\/de\\\/\"},{\"@type\":\"ListItem\",\"position\":2,\"name\":\"\u00dcber Cecilia\"}]},{\"@type\":\"WebSite\",\"@id\":\"https:\\\/\\\/lightflow.info\\\/de\\\/#website\",\"url\":\"https:\\\/\\\/lightflow.info\\\/de\\\/\",\"name\":\"Lightflow Academy by Cecilia Sifontes\",\"description\":\"Awakening Lightworkers and Masters\",\"alternateName\":\"Lightflow\",\"potentialAction\":[{\"@type\":\"SearchAction\",\"target\":{\"@type\":\"EntryPoint\",\"urlTemplate\":\"https:\\\/\\\/lightflow.info\\\/de\\\/?s={search_term_string}\"},\"query-input\":{\"@type\":\"PropertyValueSpecification\",\"valueRequired\":true,\"valueName\":\"search_term_string\"}}],\"inLanguage\":\"de\"}]}<\/script>\n<!-- \/ Yoast SEO plugin. -->","yoast_head_json":{"title":"\u00dcber Cecilia &#8902; Lightflow Academy by Cecilia Sifontes","robots":{"index":"index","follow":"follow","max-snippet":"max-snippet:-1","max-image-preview":"max-image-preview:large","max-video-preview":"max-video-preview:-1"},"canonical":"https:\/\/lightflow.info\/de\/ueber-cecilia\/","og_locale":"de_DE","og_type":"article","og_title":"\u00dcber Cecilia &#8902; Lightflow Academy by Cecilia Sifontes","og_description":"Cecilia Sifontes ist ein modernes Orakel und hat die komplette Ausbildung \u201eDer Neue Lichtk\u00f6rper\u201c gechannelt. Tausende Sch\u00fcler haben ihre Kurse besucht. Lightflow Productions hat eine umfassende, hochwertige Bibliothek mit Cecilias Werken und bietet Seminarreihen, Workshops und Veranstaltungen zu einer Vielzahl von Themen an, von denen ein gro\u00dfer Teil auf dieser Website zu finden ist. Cecilia [&hellip;]","og_url":"https:\/\/lightflow.info\/de\/ueber-cecilia\/","og_site_name":"Lightflow Academy by Cecilia Sifontes","article_modified_time":"2026-02-11T18:33:16+00:00","og_image":[{"url":"https:\/\/lightflow.info\/wp-content\/uploads\/Cecilia-Star-Earth-Conference-2025-1-1.webp","type":"","width":"","height":""}],"twitter_card":"summary_large_image","twitter_misc":{"Gesch\u00e4tzte Lesezeit":"2\u00a0Minuten"},"schema":{"@context":"https:\/\/schema.org","@graph":[{"@type":"WebPage","@id":"https:\/\/lightflow.info\/de\/ueber-cecilia\/","url":"https:\/\/lightflow.info\/de\/ueber-cecilia\/","name":"\u00dcber Cecilia &#8902; Lightflow Academy by Cecilia Sifontes","isPartOf":{"@id":"https:\/\/lightflow.info\/de\/#website"},"primaryImageOfPage":{"@id":"https:\/\/lightflow.info\/de\/ueber-cecilia\/#primaryimage"},"image":{"@id":"https:\/\/lightflow.info\/de\/ueber-cecilia\/#primaryimage"},"thumbnailUrl":"https:\/\/lightflow.info\/wp-content\/uploads\/Cecilia-Star-Earth-Conference-2025-1-1.webp","datePublished":"2026-01-21T14:17:38+00:00","dateModified":"2026-02-11T18:33:16+00:00","breadcrumb":{"@id":"https:\/\/lightflow.info\/de\/ueber-cecilia\/#breadcrumb"},"inLanguage":"de","potentialAction":[{"@type":"ReadAction","target":["https:\/\/lightflow.info\/de\/ueber-cecilia\/"]}]},{"@type":"ImageObject","inLanguage":"de","@id":"https:\/\/lightflow.info\/de\/ueber-cecilia\/#primaryimage","url":"https:\/\/lightflow.info\/wp-content\/uploads\/Cecilia-Star-Earth-Conference-2025-1-1.webp","contentUrl":"https:\/\/lightflow.info\/wp-content\/uploads\/Cecilia-Star-Earth-Conference-2025-1-1.webp"},{"@type":"BreadcrumbList","@id":"https:\/\/lightflow.info\/de\/ueber-cecilia\/#breadcrumb","itemListElement":[{"@type":"ListItem","position":1,"name":"Home","item":"https:\/\/lightflow.info\/de\/"},{"@type":"ListItem","position":2,"name":"\u00dcber Cecilia"}]},{"@type":"WebSite","@id":"https:\/\/lightflow.info\/de\/#website","url":"https:\/\/lightflow.info\/de\/","name":"Lightflow Academy by Cecilia Sifontes","description":"Awakening Lightworkers and Masters","alternateName":"Lightflow","potentialAction":[{"@type":"SearchAction","target":{"@type":"EntryPoint","urlTemplate":"https:\/\/lightflow.info\/de\/?s={search_term_string}"},"query-input":{"@type":"PropertyValueSpecification","valueRequired":true,"valueName":"search_term_string"}}],"inLanguage":"de"}]}},"_links":{"self":[{"href":"https:\/\/lightflow.info\/de\/wp-json\/wp\/v2\/pages\/35548","targetHints":{"allow":["GET"]}}],"collection":[{"href":"https:\/\/lightflow.info\/de\/wp-json\/wp\/v2\/pages"}],"about":[{"href":"https:\/\/lightflow.info\/de\/wp-json\/wp\/v2\/types\/page"}],"author":[{"embeddable":true,"href":"https:\/\/lightflow.info\/de\/wp-json\/wp\/v2\/users\/1"}],"replies":[{"embeddable":true,"href":"https:\/\/lightflow.info\/de\/wp-json\/wp\/v2\/comments?post=35548"}],"version-history":[{"count":0,"href":"https:\/\/lightflow.info\/de\/wp-json\/wp\/v2\/pages\/35548\/revisions"}],"wp:attachment":[{"href":"https:\/\/lightflow.info\/de\/wp-json\/wp\/v2\/media?parent=35548"}],"curies":[{"name":"wp","href":"https:\/\/api.w.org\/{rel}","templated":true}]}}