{"id":23748,"date":"2018-08-15T20:20:51","date_gmt":"2018-08-15T18:20:51","guid":{"rendered":"https:\/\/lightflow.info\/?post_type=product&#038;p=23748"},"modified":"2026-02-19T18:04:58","modified_gmt":"2026-02-19T17:04:58","slug":"schaetze-dein-leben","status":"publish","type":"product","link":"https:\/\/lightflow.info\/de\/produkt\/schaetze-dein-leben\/","title":{"rendered":"Sch\u00e4tze dein Leben"},"content":{"rendered":"<p>Die 2 Meditationen sind auf Deutsch von Alexander Leitner gesprochen.<\/p>\n<p><strong>1. Erfreue dich deines Lebens<\/strong><br \/>\nWenn du die guten Dinge in deinem Leben zu erkennen und zu sch\u00e4tzen wei\u00dft und dein Leben mit positiver Energie erf\u00fcllst, dann verbesserst du deine Lebensqualit\u00e4t und dein pers\u00f6nliches Wohlbefinden. Durch die Anerkennung dessen, was du hast,<br \/>\nversetzt du dich in einen positiven, flie\u00dfenden energetischen Zustand, der Wunder bewirken kann.<\/p>\n<p><strong>2. Die magnetische Kraft der Wertsch\u00e4tzung<\/strong><br \/>\nDa das Universum nach den Gesetzen der Anziehung funktioniert, kannst du durch Wertsch\u00e4tzung dessen, was du hast, mehr davon in dein Leben ziehen. In dieser Meditation wirst du angeleitet, die kreative Kraft der Wertsch\u00e4tzung kennen zu lernen. Wenn du auf das fokussierst, was du dir w\u00fcnschst, w\u00e4hrend du dich an dem freust, was du hast, nutzt du diese wundervollen magnetischen und sch\u00f6pferischen Kr\u00e4fte.<\/p>\n","protected":false},"excerpt":{"rendered":"<p>Die 2 Meditationen sind auf Deutsch von Alexander Leitner gesprochen.<\/p>\n<p>1. Erfreue dich deines Lebens<br \/>\n2. Die magnetische Kraft der Wertsch\u00e4tzung<\/p>\n","protected":false},"featured_media":32726,"template":"","meta":{"_acf_changed":false,"ocean_post_layout":"","ocean_both_sidebars_style":"","ocean_both_sidebars_content_width":0,"ocean_both_sidebars_sidebars_width":0,"ocean_sidebar":"0","ocean_second_sidebar":"0","ocean_disable_margins":"enable","ocean_add_body_class":"","ocean_shortcode_before_top_bar":"","ocean_shortcode_after_top_bar":"","ocean_shortcode_before_header":"","ocean_shortcode_after_header":"","ocean_has_shortcode":"","ocean_shortcode_after_title":"","ocean_shortcode_before_footer_widgets":"","ocean_shortcode_after_footer_widgets":"","ocean_shortcode_before_footer_bottom":"","ocean_shortcode_after_footer_bottom":"","ocean_display_top_bar":"default","ocean_display_header":"default","ocean_header_style":"","ocean_center_header_left_menu":"0","ocean_custom_header_template":"0","ocean_custom_logo":0,"ocean_custom_retina_logo":0,"ocean_custom_logo_max_width":0,"ocean_custom_logo_tablet_max_width":0,"ocean_custom_logo_mobile_max_width":0,"ocean_custom_logo_max_height":0,"ocean_custom_logo_tablet_max_height":0,"ocean_custom_logo_mobile_max_height":0,"ocean_header_custom_menu":"0","ocean_menu_typo_font_family":"0","ocean_menu_typo_font_subset":"","ocean_menu_typo_font_size":0,"ocean_menu_typo_font_size_tablet":0,"ocean_menu_typo_font_size_mobile":0,"ocean_menu_typo_font_size_unit":"px","ocean_menu_typo_font_weight":"","ocean_menu_typo_font_weight_tablet":"","ocean_menu_typo_font_weight_mobile":"","ocean_menu_typo_transform":"","ocean_menu_typo_transform_tablet":"","ocean_menu_typo_transform_mobile":"","ocean_menu_typo_line_height":0,"ocean_menu_typo_line_height_tablet":0,"ocean_menu_typo_line_height_mobile":0,"ocean_menu_typo_line_height_unit":"","ocean_menu_typo_spacing":0,"ocean_menu_typo_spacing_tablet":0,"ocean_menu_typo_spacing_mobile":0,"ocean_menu_typo_spacing_unit":"","ocean_menu_link_color":"","ocean_menu_link_color_hover":"","ocean_menu_link_color_active":"","ocean_menu_link_background":"","ocean_menu_link_hover_background":"","ocean_menu_link_active_background":"","ocean_menu_social_links_bg":"","ocean_menu_social_hover_links_bg":"","ocean_menu_social_links_color":"","ocean_menu_social_hover_links_color":"","ocean_disable_title":"default","ocean_disable_heading":"default","ocean_post_title":"","ocean_post_subheading":"","ocean_post_title_style":"","ocean_post_title_background_color":"","ocean_post_title_background":0,"ocean_post_title_bg_image_position":"","ocean_post_title_bg_image_attachment":"","ocean_post_title_bg_image_repeat":"","ocean_post_title_bg_image_size":"","ocean_post_title_height":0,"ocean_post_title_bg_overlay":0.5,"ocean_post_title_bg_overlay_color":"","ocean_disable_breadcrumbs":"default","ocean_breadcrumbs_color":"","ocean_breadcrumbs_separator_color":"","ocean_breadcrumbs_links_color":"","ocean_breadcrumbs_links_hover_color":"","ocean_display_footer_widgets":"default","ocean_display_footer_bottom":"default","ocean_custom_footer_template":"0"},"product_brand":[],"product_cat":[72],"product_tag":[],"class_list":{"0":"post-23748","1":"product","2":"type-product","3":"status-publish","4":"has-post-thumbnail","6":"product_cat-meditationen-fuer-ein-einfaches-leben","8":"entry","9":"has-media","11":"first","12":"instock","13":"downloadable","14":"virtual","15":"purchasable","16":"product-type-simple","17":"col","18":"span_1_of_3","19":"owp-content-center","20":"item-entry","21":"owp-thumbs-layout-horizontal","22":"owp-btn-normal","23":"owp-tabs-layout-section","24":"has-no-thumbnails","25":"circle-sale"},"acf":[],"yoast_head":"<!-- This site is optimized with the Yoast SEO plugin v27.5 - https:\/\/yoast.com\/product\/yoast-seo-wordpress\/ -->\n<title>Sch\u00e4tze dein Leben &#8902; Lightflow Academy by Cecilia Sifontes<\/title>\n<meta name=\"robots\" content=\"index, follow, max-snippet:-1, max-image-preview:large, max-video-preview:-1\" \/>\n<link rel=\"canonical\" href=\"https:\/\/lightflow.info\/de\/produkt\/schaetze-dein-leben\/\" \/>\n<meta property=\"og:locale\" content=\"de_DE\" \/>\n<meta property=\"og:type\" content=\"article\" \/>\n<meta property=\"og:title\" content=\"Sch\u00e4tze dein Leben &#8902; Lightflow Academy by Cecilia Sifontes\" \/>\n<meta property=\"og:description\" content=\"Die 2 Meditationen sind auf Deutsch von Alexander Leitner gesprochen.  1. Erfreue dich deines Lebens 2. Die magnetische Kraft der Wertsch\u00e4tzung\" \/>\n<meta property=\"og:url\" content=\"https:\/\/lightflow.info\/de\/produkt\/schaetze-dein-leben\/\" \/>\n<meta property=\"og:site_name\" content=\"Lightflow Academy by Cecilia Sifontes\" \/>\n<meta property=\"article:modified_time\" content=\"2026-02-19T17:04:58+00:00\" \/>\n<meta property=\"og:image\" content=\"https:\/\/lightflow.info\/wp-content\/uploads\/C1-SC1-P4-G_SIF104-Schaetze-dein-Leben-Meditationen.webp\" \/>\n\t<meta property=\"og:image:width\" content=\"800\" \/>\n\t<meta property=\"og:image:height\" content=\"755\" \/>\n\t<meta property=\"og:image:type\" content=\"image\/webp\" \/>\n<meta name=\"twitter:card\" content=\"summary_large_image\" \/>\n<meta name=\"twitter:label1\" content=\"Gesch\u00e4tzte Lesezeit\" \/>\n\t<meta name=\"twitter:data1\" content=\"1\u00a0Minute\" \/>\n<script type=\"application\/ld+json\" class=\"yoast-schema-graph\">{\"@context\":\"https:\\\/\\\/schema.org\",\"@graph\":[{\"@type\":\"WebPage\",\"@id\":\"https:\\\/\\\/lightflow.info\\\/de\\\/produkt\\\/schaetze-dein-leben\\\/\",\"url\":\"https:\\\/\\\/lightflow.info\\\/de\\\/produkt\\\/schaetze-dein-leben\\\/\",\"name\":\"Sch\u00e4tze dein Leben &#8902; Lightflow Academy by Cecilia Sifontes\",\"isPartOf\":{\"@id\":\"https:\\\/\\\/lightflow.info\\\/de\\\/#website\"},\"primaryImageOfPage\":{\"@id\":\"https:\\\/\\\/lightflow.info\\\/de\\\/produkt\\\/schaetze-dein-leben\\\/#primaryimage\"},\"image\":{\"@id\":\"https:\\\/\\\/lightflow.info\\\/de\\\/produkt\\\/schaetze-dein-leben\\\/#primaryimage\"},\"thumbnailUrl\":\"https:\\\/\\\/lightflow.info\\\/wp-content\\\/uploads\\\/C1-SC1-P4-G_SIF104-Schaetze-dein-Leben-Meditationen.webp\",\"datePublished\":\"2018-08-15T18:20:51+00:00\",\"dateModified\":\"2026-02-19T17:04:58+00:00\",\"breadcrumb\":{\"@id\":\"https:\\\/\\\/lightflow.info\\\/de\\\/produkt\\\/schaetze-dein-leben\\\/#breadcrumb\"},\"inLanguage\":\"de\",\"potentialAction\":[{\"@type\":\"ReadAction\",\"target\":[\"https:\\\/\\\/lightflow.info\\\/de\\\/produkt\\\/schaetze-dein-leben\\\/\"]}]},{\"@type\":\"ImageObject\",\"inLanguage\":\"de\",\"@id\":\"https:\\\/\\\/lightflow.info\\\/de\\\/produkt\\\/schaetze-dein-leben\\\/#primaryimage\",\"url\":\"https:\\\/\\\/lightflow.info\\\/wp-content\\\/uploads\\\/C1-SC1-P4-G_SIF104-Schaetze-dein-Leben-Meditationen.webp\",\"contentUrl\":\"https:\\\/\\\/lightflow.info\\\/wp-content\\\/uploads\\\/C1-SC1-P4-G_SIF104-Schaetze-dein-Leben-Meditationen.webp\",\"width\":800,\"height\":755},{\"@type\":\"BreadcrumbList\",\"@id\":\"https:\\\/\\\/lightflow.info\\\/de\\\/produkt\\\/schaetze-dein-leben\\\/#breadcrumb\",\"itemListElement\":[{\"@type\":\"ListItem\",\"position\":1,\"name\":\"Home\",\"item\":\"https:\\\/\\\/lightflow.info\\\/de\\\/\"},{\"@type\":\"ListItem\",\"position\":2,\"name\":\"Shop\",\"item\":\"https:\\\/\\\/lightflow.info\\\/de\\\/shop\\\/\"},{\"@type\":\"ListItem\",\"position\":3,\"name\":\"Engel f\u00fcr Anf\u00e4nger\",\"item\":\"https:\\\/\\\/lightflow.info\\\/de\\\/kategorie\\\/engel-fuer-anfaenger\\\/\"},{\"@type\":\"ListItem\",\"position\":4,\"name\":\"Meditationen f\u00fcr ein einfaches Leben\",\"item\":\"https:\\\/\\\/lightflow.info\\\/de\\\/kategorie\\\/engel-fuer-anfaenger\\\/meditationen-fuer-ein-einfaches-leben\\\/\"},{\"@type\":\"ListItem\",\"position\":5,\"name\":\"Sch\u00e4tze dein Leben\"}]},{\"@type\":\"WebSite\",\"@id\":\"https:\\\/\\\/lightflow.info\\\/de\\\/#website\",\"url\":\"https:\\\/\\\/lightflow.info\\\/de\\\/\",\"name\":\"Lightflow Academy by Cecilia Sifontes\",\"description\":\"Awakening Lightworkers and Masters\",\"alternateName\":\"Lightflow\",\"potentialAction\":[{\"@type\":\"SearchAction\",\"target\":{\"@type\":\"EntryPoint\",\"urlTemplate\":\"https:\\\/\\\/lightflow.info\\\/de\\\/?s={search_term_string}\"},\"query-input\":{\"@type\":\"PropertyValueSpecification\",\"valueRequired\":true,\"valueName\":\"search_term_string\"}}],\"inLanguage\":\"de\"}]}<\/script>\n<!-- \/ Yoast SEO plugin. -->","yoast_head_json":{"title":"Sch\u00e4tze dein Leben &#8902; Lightflow Academy by Cecilia Sifontes","robots":{"index":"index","follow":"follow","max-snippet":"max-snippet:-1","max-image-preview":"max-image-preview:large","max-video-preview":"max-video-preview:-1"},"canonical":"https:\/\/lightflow.info\/de\/produkt\/schaetze-dein-leben\/","og_locale":"de_DE","og_type":"article","og_title":"Sch\u00e4tze dein Leben &#8902; Lightflow Academy by Cecilia Sifontes","og_description":"Die 2 Meditationen sind auf Deutsch von Alexander Leitner gesprochen.  1. Erfreue dich deines Lebens 2. Die magnetische Kraft der Wertsch\u00e4tzung","og_url":"https:\/\/lightflow.info\/de\/produkt\/schaetze-dein-leben\/","og_site_name":"Lightflow Academy by Cecilia Sifontes","article_modified_time":"2026-02-19T17:04:58+00:00","og_image":[{"width":800,"height":755,"url":"https:\/\/lightflow.info\/wp-content\/uploads\/C1-SC1-P4-G_SIF104-Schaetze-dein-Leben-Meditationen.webp","type":"image\/webp"}],"twitter_card":"summary_large_image","twitter_misc":{"Gesch\u00e4tzte Lesezeit":"1\u00a0Minute"},"schema":{"@context":"https:\/\/schema.org","@graph":[{"@type":"WebPage","@id":"https:\/\/lightflow.info\/de\/produkt\/schaetze-dein-leben\/","url":"https:\/\/lightflow.info\/de\/produkt\/schaetze-dein-leben\/","name":"Sch\u00e4tze dein Leben &#8902; Lightflow Academy by Cecilia Sifontes","isPartOf":{"@id":"https:\/\/lightflow.info\/de\/#website"},"primaryImageOfPage":{"@id":"https:\/\/lightflow.info\/de\/produkt\/schaetze-dein-leben\/#primaryimage"},"image":{"@id":"https:\/\/lightflow.info\/de\/produkt\/schaetze-dein-leben\/#primaryimage"},"thumbnailUrl":"https:\/\/lightflow.info\/wp-content\/uploads\/C1-SC1-P4-G_SIF104-Schaetze-dein-Leben-Meditationen.webp","datePublished":"2018-08-15T18:20:51+00:00","dateModified":"2026-02-19T17:04:58+00:00","breadcrumb":{"@id":"https:\/\/lightflow.info\/de\/produkt\/schaetze-dein-leben\/#breadcrumb"},"inLanguage":"de","potentialAction":[{"@type":"ReadAction","target":["https:\/\/lightflow.info\/de\/produkt\/schaetze-dein-leben\/"]}]},{"@type":"ImageObject","inLanguage":"de","@id":"https:\/\/lightflow.info\/de\/produkt\/schaetze-dein-leben\/#primaryimage","url":"https:\/\/lightflow.info\/wp-content\/uploads\/C1-SC1-P4-G_SIF104-Schaetze-dein-Leben-Meditationen.webp","contentUrl":"https:\/\/lightflow.info\/wp-content\/uploads\/C1-SC1-P4-G_SIF104-Schaetze-dein-Leben-Meditationen.webp","width":800,"height":755},{"@type":"BreadcrumbList","@id":"https:\/\/lightflow.info\/de\/produkt\/schaetze-dein-leben\/#breadcrumb","itemListElement":[{"@type":"ListItem","position":1,"name":"Home","item":"https:\/\/lightflow.info\/de\/"},{"@type":"ListItem","position":2,"name":"Shop","item":"https:\/\/lightflow.info\/de\/shop\/"},{"@type":"ListItem","position":3,"name":"Engel f\u00fcr Anf\u00e4nger","item":"https:\/\/lightflow.info\/de\/kategorie\/engel-fuer-anfaenger\/"},{"@type":"ListItem","position":4,"name":"Meditationen f\u00fcr ein einfaches Leben","item":"https:\/\/lightflow.info\/de\/kategorie\/engel-fuer-anfaenger\/meditationen-fuer-ein-einfaches-leben\/"},{"@type":"ListItem","position":5,"name":"Sch\u00e4tze dein Leben"}]},{"@type":"WebSite","@id":"https:\/\/lightflow.info\/de\/#website","url":"https:\/\/lightflow.info\/de\/","name":"Lightflow Academy by Cecilia Sifontes","description":"Awakening Lightworkers and Masters","alternateName":"Lightflow","potentialAction":[{"@type":"SearchAction","target":{"@type":"EntryPoint","urlTemplate":"https:\/\/lightflow.info\/de\/?s={search_term_string}"},"query-input":{"@type":"PropertyValueSpecification","valueRequired":true,"valueName":"search_term_string"}}],"inLanguage":"de"}]}},"_links":{"self":[{"href":"https:\/\/lightflow.info\/de\/wp-json\/wp\/v2\/product\/23748","targetHints":{"allow":["GET"]}}],"collection":[{"href":"https:\/\/lightflow.info\/de\/wp-json\/wp\/v2\/product"}],"about":[{"href":"https:\/\/lightflow.info\/de\/wp-json\/wp\/v2\/types\/product"}],"version-history":[{"count":0,"href":"https:\/\/lightflow.info\/de\/wp-json\/wp\/v2\/product\/23748\/revisions"}],"wp:featuredmedia":[{"embeddable":true,"href":"https:\/\/lightflow.info\/de\/wp-json\/wp\/v2\/media\/32726"}],"wp:attachment":[{"href":"https:\/\/lightflow.info\/de\/wp-json\/wp\/v2\/media?parent=23748"}],"wp:term":[{"taxonomy":"product_brand","embeddable":true,"href":"https:\/\/lightflow.info\/de\/wp-json\/wp\/v2\/product_brand?post=23748"},{"taxonomy":"product_cat","embeddable":true,"href":"https:\/\/lightflow.info\/de\/wp-json\/wp\/v2\/product_cat?post=23748"},{"taxonomy":"product_tag","embeddable":true,"href":"https:\/\/lightflow.info\/de\/wp-json\/wp\/v2\/product_tag?post=23748"}],"curies":[{"name":"wp","href":"https:\/\/api.w.org\/{rel}","templated":true}]}}