{"id":23788,"date":"2025-12-09T20:46:59","date_gmt":"2025-12-09T19:46:59","guid":{"rendered":"https:\/\/lightflow.info\/?post_type=product&#038;p=23788"},"modified":"2026-01-03T17:55:52","modified_gmt":"2026-01-03T16:55:52","slug":"eine-legende-des-lichts","status":"publish","type":"product","link":"https:\/\/lightflow.info\/de\/produkt\/eine-legende-des-lichts\/","title":{"rendered":"Eine Legende des Lichts"},"content":{"rendered":"<p><strong>Dieser Kurs beinhaltet 4 gef\u00fchrte Meditationen und zwei Gespr\u00e4che auf Englisch mit konsekutiver deutscher \u00dcbersetzung<\/strong><\/p>\n<p>W\u00e4hrend du dir die \u201cLegende des Lichts\u201d anh\u00f6rst, wirst du erkunden, wie das wundervolle Licht deiner Seele erschaffen wurde und deine Seele ihren Weg in die physische Welt begann und mehr dar\u00fcber lernen, was eine Seele ist. Wenn du dir dies vom Leben auf der Erde aus ansiehst, dann hat diese Reise Millionen an Jahren gedauert, inklusive unendlich viele Inkarnationen \u00fcberall im Multiversum. F\u00fcr deine Seele jedoch scheint dies in einem Augenblick stattzufinden und nur ein Leben einzuschliessen. Daher ist die Wirklichkeit und wie sie erscheint davon abh\u00e4ngig, von wo aus du sie betrachtest. Indem du dich auf die ewigen Aspekte deiner Seele einstimmst, kannst du deinen inneren Frieden erh\u00f6hen und das Leben mehr genie\u00dfen.<\/p>\n<p><strong>Welche m\u00f6glichen Schl\u00fcsselerlebnisse kann ich erwarten ?<\/strong><\/p>\n<p>\u2022 H\u00f6re Mutter Maria zu, w\u00e4hrend sie \u00fcber sich selbst erz\u00e4hlt<br \/>\n\u2022 Selbst erinnern<br \/>\n\u2022 Erfahre deine Legende des Lichts &#8211; jene Geschichte, die geistige F\u00fchrer und Engel als Du erinnern<br \/>\n\u2022 Erinnern, was Seele ist<br \/>\n\u2022 Erfahre den Augenblick, in welchem du als Licht geschaffen wurdest<br \/>\n\u2022 Erfahre die Gesamtheit deines Wesens durch Zeit und durch das Multiversum hindurch<\/p>\n<p><strong>Enthaltene Meditationen:<\/strong><\/p>\n<p>01 Deine Seelenreise &#8211; eine Legende des Lichts<br \/>\n02 Fragen &amp; Antworten<br \/>\n03 Was ist die Seele: Eine Reise der Erinnerung<br \/>\n04 Reise in den Moment, wo du als Licht erschaffen wurdest<br \/>\n05 Erkl\u00e4rungen zur Reise deiner Seele und ihr Zweck<br \/>\n06 Die Gesamtheit deines Wesens sein<\/p>\n","protected":false},"excerpt":{"rendered":"<p>W\u00e4hrend du dir die \u201cLegende des Lichts\u201d anh\u00f6rst, wirst du erkunden, wie das wundervolle Licht deiner Seele erschaffen wurde und deine Seele ihren Weg in die physische Welt begann und mehr dar\u00fcber lernen, was eine Seele ist.<\/p>\n","protected":false},"featured_media":32783,"template":"","meta":{"_acf_changed":false,"ocean_post_layout":"","ocean_both_sidebars_style":"","ocean_both_sidebars_content_width":0,"ocean_both_sidebars_sidebars_width":0,"ocean_sidebar":"0","ocean_second_sidebar":"0","ocean_disable_margins":"enable","ocean_add_body_class":"","ocean_shortcode_before_top_bar":"","ocean_shortcode_after_top_bar":"","ocean_shortcode_before_header":"","ocean_shortcode_after_header":"","ocean_has_shortcode":"","ocean_shortcode_after_title":"","ocean_shortcode_before_footer_widgets":"","ocean_shortcode_after_footer_widgets":"","ocean_shortcode_before_footer_bottom":"","ocean_shortcode_after_footer_bottom":"","ocean_display_top_bar":"default","ocean_display_header":"default","ocean_header_style":"","ocean_center_header_left_menu":"0","ocean_custom_header_template":"0","ocean_custom_logo":0,"ocean_custom_retina_logo":0,"ocean_custom_logo_max_width":0,"ocean_custom_logo_tablet_max_width":0,"ocean_custom_logo_mobile_max_width":0,"ocean_custom_logo_max_height":0,"ocean_custom_logo_tablet_max_height":0,"ocean_custom_logo_mobile_max_height":0,"ocean_header_custom_menu":"0","ocean_menu_typo_font_family":"0","ocean_menu_typo_font_subset":"","ocean_menu_typo_font_size":0,"ocean_menu_typo_font_size_tablet":0,"ocean_menu_typo_font_size_mobile":0,"ocean_menu_typo_font_size_unit":"px","ocean_menu_typo_font_weight":"","ocean_menu_typo_font_weight_tablet":"","ocean_menu_typo_font_weight_mobile":"","ocean_menu_typo_transform":"","ocean_menu_typo_transform_tablet":"","ocean_menu_typo_transform_mobile":"","ocean_menu_typo_line_height":0,"ocean_menu_typo_line_height_tablet":0,"ocean_menu_typo_line_height_mobile":0,"ocean_menu_typo_line_height_unit":"","ocean_menu_typo_spacing":0,"ocean_menu_typo_spacing_tablet":0,"ocean_menu_typo_spacing_mobile":0,"ocean_menu_typo_spacing_unit":"","ocean_menu_link_color":"","ocean_menu_link_color_hover":"","ocean_menu_link_color_active":"","ocean_menu_link_background":"","ocean_menu_link_hover_background":"","ocean_menu_link_active_background":"","ocean_menu_social_links_bg":"","ocean_menu_social_hover_links_bg":"","ocean_menu_social_links_color":"","ocean_menu_social_hover_links_color":"","ocean_disable_title":"default","ocean_disable_heading":"default","ocean_post_title":"","ocean_post_subheading":"","ocean_post_title_style":"","ocean_post_title_background_color":"","ocean_post_title_background":0,"ocean_post_title_bg_image_position":"","ocean_post_title_bg_image_attachment":"","ocean_post_title_bg_image_repeat":"","ocean_post_title_bg_image_size":"","ocean_post_title_height":0,"ocean_post_title_bg_overlay":0.5,"ocean_post_title_bg_overlay_color":"","ocean_disable_breadcrumbs":"default","ocean_breadcrumbs_color":"","ocean_breadcrumbs_separator_color":"","ocean_breadcrumbs_links_color":"","ocean_breadcrumbs_links_hover_color":"","ocean_display_footer_widgets":"default","ocean_display_footer_bottom":"default","ocean_custom_footer_template":"0"},"product_brand":[],"product_cat":[74],"product_tag":[],"class_list":{"0":"post-23788","1":"product","2":"type-product","3":"status-publish","4":"has-post-thumbnail","6":"product_cat-deine-seelenreise","8":"entry","9":"has-media","11":"first","12":"instock","13":"downloadable","14":"virtual","15":"purchasable","16":"product-type-simple","17":"col","18":"span_1_of_3","19":"owp-content-center","20":"item-entry","21":"owp-thumbs-layout-horizontal","22":"owp-btn-normal","23":"owp-tabs-layout-section","24":"has-no-thumbnails","25":"circle-sale"},"acf":[],"yoast_head":"<!-- This site is optimized with the Yoast SEO plugin v27.5 - https:\/\/yoast.com\/product\/yoast-seo-wordpress\/ -->\n<title>Eine Legende des Lichts &#8902; Lightflow Academy by Cecilia Sifontes<\/title>\n<meta name=\"robots\" content=\"index, follow, max-snippet:-1, max-image-preview:large, max-video-preview:-1\" \/>\n<link rel=\"canonical\" href=\"https:\/\/lightflow.info\/de\/produkt\/eine-legende-des-lichts\/\" \/>\n<meta property=\"og:locale\" content=\"de_DE\" \/>\n<meta property=\"og:type\" content=\"article\" \/>\n<meta property=\"og:title\" content=\"Eine Legende des Lichts &#8902; Lightflow Academy by Cecilia Sifontes\" \/>\n<meta property=\"og:description\" content=\"W\u00e4hrend du dir die \u201cLegende des Lichts\u201d anh\u00f6rst, wirst du erkunden, wie das wundervolle Licht deiner Seele erschaffen wurde und deine Seele ihren Weg in die physische Welt begann und mehr dar\u00fcber lernen, was eine Seele ist.\" \/>\n<meta property=\"og:url\" content=\"https:\/\/lightflow.info\/de\/produkt\/eine-legende-des-lichts\/\" \/>\n<meta property=\"og:site_name\" content=\"Lightflow Academy by Cecilia Sifontes\" \/>\n<meta property=\"article:modified_time\" content=\"2026-01-03T16:55:52+00:00\" \/>\n<meta property=\"og:image\" content=\"https:\/\/lightflow.info\/wp-content\/uploads\/C1-SC3-P1-G_SIF1004G-Eine-Legende-des-Lichts.webp\" \/>\n\t<meta property=\"og:image:width\" content=\"800\" \/>\n\t<meta property=\"og:image:height\" content=\"800\" \/>\n\t<meta property=\"og:image:type\" content=\"image\/webp\" \/>\n<meta name=\"twitter:card\" content=\"summary_large_image\" \/>\n<meta name=\"twitter:label1\" content=\"Gesch\u00e4tzte Lesezeit\" \/>\n\t<meta name=\"twitter:data1\" content=\"2\u00a0Minuten\" \/>\n<script type=\"application\/ld+json\" class=\"yoast-schema-graph\">{\"@context\":\"https:\\\/\\\/schema.org\",\"@graph\":[{\"@type\":\"WebPage\",\"@id\":\"https:\\\/\\\/lightflow.info\\\/de\\\/produkt\\\/eine-legende-des-lichts\\\/\",\"url\":\"https:\\\/\\\/lightflow.info\\\/de\\\/produkt\\\/eine-legende-des-lichts\\\/\",\"name\":\"Eine Legende des Lichts &#8902; Lightflow Academy by Cecilia Sifontes\",\"isPartOf\":{\"@id\":\"https:\\\/\\\/lightflow.info\\\/de\\\/#website\"},\"primaryImageOfPage\":{\"@id\":\"https:\\\/\\\/lightflow.info\\\/de\\\/produkt\\\/eine-legende-des-lichts\\\/#primaryimage\"},\"image\":{\"@id\":\"https:\\\/\\\/lightflow.info\\\/de\\\/produkt\\\/eine-legende-des-lichts\\\/#primaryimage\"},\"thumbnailUrl\":\"https:\\\/\\\/lightflow.info\\\/wp-content\\\/uploads\\\/C1-SC3-P1-G_SIF1004G-Eine-Legende-des-Lichts.webp\",\"datePublished\":\"2025-12-09T19:46:59+00:00\",\"dateModified\":\"2026-01-03T16:55:52+00:00\",\"breadcrumb\":{\"@id\":\"https:\\\/\\\/lightflow.info\\\/de\\\/produkt\\\/eine-legende-des-lichts\\\/#breadcrumb\"},\"inLanguage\":\"de\",\"potentialAction\":[{\"@type\":\"ReadAction\",\"target\":[\"https:\\\/\\\/lightflow.info\\\/de\\\/produkt\\\/eine-legende-des-lichts\\\/\"]}]},{\"@type\":\"ImageObject\",\"inLanguage\":\"de\",\"@id\":\"https:\\\/\\\/lightflow.info\\\/de\\\/produkt\\\/eine-legende-des-lichts\\\/#primaryimage\",\"url\":\"https:\\\/\\\/lightflow.info\\\/wp-content\\\/uploads\\\/C1-SC3-P1-G_SIF1004G-Eine-Legende-des-Lichts.webp\",\"contentUrl\":\"https:\\\/\\\/lightflow.info\\\/wp-content\\\/uploads\\\/C1-SC3-P1-G_SIF1004G-Eine-Legende-des-Lichts.webp\",\"width\":800,\"height\":800},{\"@type\":\"BreadcrumbList\",\"@id\":\"https:\\\/\\\/lightflow.info\\\/de\\\/produkt\\\/eine-legende-des-lichts\\\/#breadcrumb\",\"itemListElement\":[{\"@type\":\"ListItem\",\"position\":1,\"name\":\"Home\",\"item\":\"https:\\\/\\\/lightflow.info\\\/de\\\/\"},{\"@type\":\"ListItem\",\"position\":2,\"name\":\"Shop\",\"item\":\"https:\\\/\\\/lightflow.info\\\/de\\\/shop\\\/\"},{\"@type\":\"ListItem\",\"position\":3,\"name\":\"Engel f\u00fcr Anf\u00e4nger\",\"item\":\"https:\\\/\\\/lightflow.info\\\/de\\\/kategorie\\\/engel-fuer-anfaenger\\\/\"},{\"@type\":\"ListItem\",\"position\":4,\"name\":\"Deine Seelenreise\",\"item\":\"https:\\\/\\\/lightflow.info\\\/de\\\/kategorie\\\/engel-fuer-anfaenger\\\/deine-seelenreise\\\/\"},{\"@type\":\"ListItem\",\"position\":5,\"name\":\"Eine Legende des Lichts\"}]},{\"@type\":\"WebSite\",\"@id\":\"https:\\\/\\\/lightflow.info\\\/de\\\/#website\",\"url\":\"https:\\\/\\\/lightflow.info\\\/de\\\/\",\"name\":\"Lightflow Academy by Cecilia Sifontes\",\"description\":\"Awakening Lightworkers and Masters\",\"alternateName\":\"Lightflow\",\"potentialAction\":[{\"@type\":\"SearchAction\",\"target\":{\"@type\":\"EntryPoint\",\"urlTemplate\":\"https:\\\/\\\/lightflow.info\\\/de\\\/?s={search_term_string}\"},\"query-input\":{\"@type\":\"PropertyValueSpecification\",\"valueRequired\":true,\"valueName\":\"search_term_string\"}}],\"inLanguage\":\"de\"}]}<\/script>\n<!-- \/ Yoast SEO plugin. -->","yoast_head_json":{"title":"Eine Legende des Lichts &#8902; Lightflow Academy by Cecilia Sifontes","robots":{"index":"index","follow":"follow","max-snippet":"max-snippet:-1","max-image-preview":"max-image-preview:large","max-video-preview":"max-video-preview:-1"},"canonical":"https:\/\/lightflow.info\/de\/produkt\/eine-legende-des-lichts\/","og_locale":"de_DE","og_type":"article","og_title":"Eine Legende des Lichts &#8902; Lightflow Academy by Cecilia Sifontes","og_description":"W\u00e4hrend du dir die \u201cLegende des Lichts\u201d anh\u00f6rst, wirst du erkunden, wie das wundervolle Licht deiner Seele erschaffen wurde und deine Seele ihren Weg in die physische Welt begann und mehr dar\u00fcber lernen, was eine Seele ist.","og_url":"https:\/\/lightflow.info\/de\/produkt\/eine-legende-des-lichts\/","og_site_name":"Lightflow Academy by Cecilia Sifontes","article_modified_time":"2026-01-03T16:55:52+00:00","og_image":[{"width":800,"height":800,"url":"https:\/\/lightflow.info\/wp-content\/uploads\/C1-SC3-P1-G_SIF1004G-Eine-Legende-des-Lichts.webp","type":"image\/webp"}],"twitter_card":"summary_large_image","twitter_misc":{"Gesch\u00e4tzte Lesezeit":"2\u00a0Minuten"},"schema":{"@context":"https:\/\/schema.org","@graph":[{"@type":"WebPage","@id":"https:\/\/lightflow.info\/de\/produkt\/eine-legende-des-lichts\/","url":"https:\/\/lightflow.info\/de\/produkt\/eine-legende-des-lichts\/","name":"Eine Legende des Lichts &#8902; Lightflow Academy by Cecilia Sifontes","isPartOf":{"@id":"https:\/\/lightflow.info\/de\/#website"},"primaryImageOfPage":{"@id":"https:\/\/lightflow.info\/de\/produkt\/eine-legende-des-lichts\/#primaryimage"},"image":{"@id":"https:\/\/lightflow.info\/de\/produkt\/eine-legende-des-lichts\/#primaryimage"},"thumbnailUrl":"https:\/\/lightflow.info\/wp-content\/uploads\/C1-SC3-P1-G_SIF1004G-Eine-Legende-des-Lichts.webp","datePublished":"2025-12-09T19:46:59+00:00","dateModified":"2026-01-03T16:55:52+00:00","breadcrumb":{"@id":"https:\/\/lightflow.info\/de\/produkt\/eine-legende-des-lichts\/#breadcrumb"},"inLanguage":"de","potentialAction":[{"@type":"ReadAction","target":["https:\/\/lightflow.info\/de\/produkt\/eine-legende-des-lichts\/"]}]},{"@type":"ImageObject","inLanguage":"de","@id":"https:\/\/lightflow.info\/de\/produkt\/eine-legende-des-lichts\/#primaryimage","url":"https:\/\/lightflow.info\/wp-content\/uploads\/C1-SC3-P1-G_SIF1004G-Eine-Legende-des-Lichts.webp","contentUrl":"https:\/\/lightflow.info\/wp-content\/uploads\/C1-SC3-P1-G_SIF1004G-Eine-Legende-des-Lichts.webp","width":800,"height":800},{"@type":"BreadcrumbList","@id":"https:\/\/lightflow.info\/de\/produkt\/eine-legende-des-lichts\/#breadcrumb","itemListElement":[{"@type":"ListItem","position":1,"name":"Home","item":"https:\/\/lightflow.info\/de\/"},{"@type":"ListItem","position":2,"name":"Shop","item":"https:\/\/lightflow.info\/de\/shop\/"},{"@type":"ListItem","position":3,"name":"Engel f\u00fcr Anf\u00e4nger","item":"https:\/\/lightflow.info\/de\/kategorie\/engel-fuer-anfaenger\/"},{"@type":"ListItem","position":4,"name":"Deine Seelenreise","item":"https:\/\/lightflow.info\/de\/kategorie\/engel-fuer-anfaenger\/deine-seelenreise\/"},{"@type":"ListItem","position":5,"name":"Eine Legende des Lichts"}]},{"@type":"WebSite","@id":"https:\/\/lightflow.info\/de\/#website","url":"https:\/\/lightflow.info\/de\/","name":"Lightflow Academy by Cecilia Sifontes","description":"Awakening Lightworkers and Masters","alternateName":"Lightflow","potentialAction":[{"@type":"SearchAction","target":{"@type":"EntryPoint","urlTemplate":"https:\/\/lightflow.info\/de\/?s={search_term_string}"},"query-input":{"@type":"PropertyValueSpecification","valueRequired":true,"valueName":"search_term_string"}}],"inLanguage":"de"}]}},"_links":{"self":[{"href":"https:\/\/lightflow.info\/de\/wp-json\/wp\/v2\/product\/23788","targetHints":{"allow":["GET"]}}],"collection":[{"href":"https:\/\/lightflow.info\/de\/wp-json\/wp\/v2\/product"}],"about":[{"href":"https:\/\/lightflow.info\/de\/wp-json\/wp\/v2\/types\/product"}],"version-history":[{"count":0,"href":"https:\/\/lightflow.info\/de\/wp-json\/wp\/v2\/product\/23788\/revisions"}],"wp:featuredmedia":[{"embeddable":true,"href":"https:\/\/lightflow.info\/de\/wp-json\/wp\/v2\/media\/32783"}],"wp:attachment":[{"href":"https:\/\/lightflow.info\/de\/wp-json\/wp\/v2\/media?parent=23788"}],"wp:term":[{"taxonomy":"product_brand","embeddable":true,"href":"https:\/\/lightflow.info\/de\/wp-json\/wp\/v2\/product_brand?post=23788"},{"taxonomy":"product_cat","embeddable":true,"href":"https:\/\/lightflow.info\/de\/wp-json\/wp\/v2\/product_cat?post=23788"},{"taxonomy":"product_tag","embeddable":true,"href":"https:\/\/lightflow.info\/de\/wp-json\/wp\/v2\/product_tag?post=23788"}],"curies":[{"name":"wp","href":"https:\/\/api.w.org\/{rel}","templated":true}]}}