{"id":24406,"date":"2025-12-09T20:47:43","date_gmt":"2025-12-09T19:47:43","guid":{"rendered":"https:\/\/lightflow.info\/?post_type=product&#038;p=24406"},"modified":"2026-01-03T21:13:59","modified_gmt":"2026-01-03T20:13:59","slug":"die-12-schritte-des-goettlichen-plans-teil-i-das-leben-in-den-gitternetzen","status":"publish","type":"product","link":"https:\/\/lightflow.info\/de\/produkt\/die-12-schritte-des-goettlichen-plans-teil-i-das-leben-in-den-gitternetzen\/","title":{"rendered":"Die 12 Schritte des g\u00f6ttlichen Plans &#8211; Teil 1: Das Leben in den Gitternetzen"},"content":{"rendered":"<p><strong>Welche Schl\u00fcsselerlebnisse kannst du erwarten? <\/strong><\/p>\n<p>Die wundervollen, gef\u00fchrten Meditationen dieses Kurses sind dazu gemacht, um dir eine Erfahrung davon zu vermitteln, wie deine Seele das Leben wahrnimmt. Dies wird dich bei Folgendem unterst\u00fctzen:<br \/>\n\u2022 Verbindung deines Selbst mit dem ewigen Lebensnetz deiner Seele, in dem all deine Leben (vergangene, gegenw\u00e4rtige und zuk\u00fcnftige) pr\u00e4sent sind<br \/>\n\u2022 Hebe dich aus Situationen in deinem Alltagsleben, die problematisch erscheinen<br \/>\n\u2022 Erforschung der Zukunft, sobald sich alle 12 Schritte des g\u00f6ttlichen Plans entfaltet haben werden<br \/>\n\u2022 Entdecke mehr \u00fcber deine Seelenfamilie<br \/>\n\u2022 \u00dcberbr\u00fcckung von Dimensionen<br \/>\n\u2022 Die F\u00e4higkeit, sich entlang der Netzte aus Licht und Energie \u00fcberall in der Wirklichkeit umher zu bewegen ist einer der Entwicklungsschritte, die sich f\u00fcr uns in der nahen Zukunft \u00f6ffnen werden<\/p>\n","protected":false},"excerpt":{"rendered":"<p><span style=\"color: #cc9933;\"><em>\u201c Deine Seele erschafft das Wirkliche \u2013<\/em><\/span><br \/>\n<span style=\"color: #cc9933;\"><em>Sie hat kein Interesse an Illusionen.&#8220;<\/em><\/span><\/p>\n<p>Du und andere, die sich zu diesen Meditationen hingezogen f\u00fchlen, geh\u00f6ren zu einer Seelenfamilie, welche sich auf der Erde inkarnierte, um den Weg f\u00fcr andere zu \u00f6ffnen und die Evolution des kollektiven Verstandes der Menschheit zu beschleunigen. Du bist h\u00f6chstwahrscheinlich hier, um die 12 Schritte des g\u00f6ttlichen Plans f\u00fcr die Menschheit zu manifestieren. Dies beginnt damit, viel mehr zu erforschen, als du dir heute gewahr bist. Dieser Kurs ist der erste Schritt, um sich mit diesem Plan zu verbinden.<\/p>\n","protected":false},"featured_media":32843,"template":"","meta":{"_acf_changed":false,"ocean_post_layout":"","ocean_both_sidebars_style":"","ocean_both_sidebars_content_width":0,"ocean_both_sidebars_sidebars_width":0,"ocean_sidebar":"0","ocean_second_sidebar":"0","ocean_disable_margins":"enable","ocean_add_body_class":"","ocean_shortcode_before_top_bar":"","ocean_shortcode_after_top_bar":"","ocean_shortcode_before_header":"","ocean_shortcode_after_header":"","ocean_has_shortcode":"","ocean_shortcode_after_title":"","ocean_shortcode_before_footer_widgets":"","ocean_shortcode_after_footer_widgets":"","ocean_shortcode_before_footer_bottom":"","ocean_shortcode_after_footer_bottom":"","ocean_display_top_bar":"default","ocean_display_header":"default","ocean_header_style":"","ocean_center_header_left_menu":"0","ocean_custom_header_template":"0","ocean_custom_logo":0,"ocean_custom_retina_logo":0,"ocean_custom_logo_max_width":0,"ocean_custom_logo_tablet_max_width":0,"ocean_custom_logo_mobile_max_width":0,"ocean_custom_logo_max_height":0,"ocean_custom_logo_tablet_max_height":0,"ocean_custom_logo_mobile_max_height":0,"ocean_header_custom_menu":"0","ocean_menu_typo_font_family":"0","ocean_menu_typo_font_subset":"","ocean_menu_typo_font_size":0,"ocean_menu_typo_font_size_tablet":0,"ocean_menu_typo_font_size_mobile":0,"ocean_menu_typo_font_size_unit":"px","ocean_menu_typo_font_weight":"","ocean_menu_typo_font_weight_tablet":"","ocean_menu_typo_font_weight_mobile":"","ocean_menu_typo_transform":"","ocean_menu_typo_transform_tablet":"","ocean_menu_typo_transform_mobile":"","ocean_menu_typo_line_height":0,"ocean_menu_typo_line_height_tablet":0,"ocean_menu_typo_line_height_mobile":0,"ocean_menu_typo_line_height_unit":"","ocean_menu_typo_spacing":0,"ocean_menu_typo_spacing_tablet":0,"ocean_menu_typo_spacing_mobile":0,"ocean_menu_typo_spacing_unit":"","ocean_menu_link_color":"","ocean_menu_link_color_hover":"","ocean_menu_link_color_active":"","ocean_menu_link_background":"","ocean_menu_link_hover_background":"","ocean_menu_link_active_background":"","ocean_menu_social_links_bg":"","ocean_menu_social_hover_links_bg":"","ocean_menu_social_links_color":"","ocean_menu_social_hover_links_color":"","ocean_disable_title":"default","ocean_disable_heading":"default","ocean_post_title":"","ocean_post_subheading":"","ocean_post_title_style":"","ocean_post_title_background_color":"","ocean_post_title_background":0,"ocean_post_title_bg_image_position":"","ocean_post_title_bg_image_attachment":"","ocean_post_title_bg_image_repeat":"","ocean_post_title_bg_image_size":"","ocean_post_title_height":0,"ocean_post_title_bg_overlay":0.5,"ocean_post_title_bg_overlay_color":"","ocean_disable_breadcrumbs":"default","ocean_breadcrumbs_color":"","ocean_breadcrumbs_separator_color":"","ocean_breadcrumbs_links_color":"","ocean_breadcrumbs_links_hover_color":"","ocean_display_footer_widgets":"default","ocean_display_footer_bottom":"default","ocean_custom_footer_template":"0"},"product_brand":[],"product_cat":[84],"product_tag":[],"class_list":{"0":"post-24406","1":"product","2":"type-product","3":"status-publish","4":"has-post-thumbnail","6":"product_cat-die-12-schritte-des-goettlichen-plans","8":"entry","9":"has-media","11":"first","12":"instock","13":"downloadable","14":"virtual","15":"purchasable","16":"product-type-simple","17":"col","18":"span_1_of_3","19":"owp-content-center","20":"item-entry","21":"owp-thumbs-layout-horizontal","22":"owp-btn-normal","23":"owp-tabs-layout-section","24":"has-no-thumbnails","25":"circle-sale"},"acf":[],"yoast_head":"<!-- This site is optimized with the Yoast SEO plugin v27.4 - https:\/\/yoast.com\/product\/yoast-seo-wordpress\/ -->\n<title>Die 12 Schritte des g\u00f6ttlichen Plans - Teil 1: Das Leben in den Gitternetzen &#8902; Lightflow Academy by Cecilia Sifontes<\/title>\n<meta name=\"robots\" content=\"index, follow, max-snippet:-1, max-image-preview:large, max-video-preview:-1\" \/>\n<link rel=\"canonical\" href=\"https:\/\/lightflow.info\/de\/produkt\/die-12-schritte-des-goettlichen-plans-teil-i-das-leben-in-den-gitternetzen\/\" \/>\n<meta property=\"og:locale\" content=\"de_DE\" \/>\n<meta property=\"og:type\" content=\"article\" \/>\n<meta property=\"og:title\" content=\"Die 12 Schritte des g\u00f6ttlichen Plans - Teil 1: Das Leben in den Gitternetzen &#8902; Lightflow Academy by Cecilia Sifontes\" \/>\n<meta property=\"og:description\" content=\"\u201c Deine Seele erschafft das Wirkliche \u2013 Sie hat kein Interesse an Illusionen.&quot;  Du und andere, die sich zu diesen Meditationen hingezogen f\u00fchlen, geh\u00f6ren zu einer Seelenfamilie, welche sich auf der Erde inkarnierte, um den Weg f\u00fcr andere zu \u00f6ffnen und die Evolution des kollektiven Verstandes der Menschheit zu beschleunigen. Du bist h\u00f6chstwahrscheinlich hier, um die 12 Schritte des g\u00f6ttlichen Plans f\u00fcr die Menschheit zu manifestieren. Dies beginnt damit, viel mehr zu erforschen, als du dir heute gewahr bist. Dieser Kurs ist der erste Schritt, um sich mit diesem Plan zu verbinden.\" \/>\n<meta property=\"og:url\" content=\"https:\/\/lightflow.info\/de\/produkt\/die-12-schritte-des-goettlichen-plans-teil-i-das-leben-in-den-gitternetzen\/\" \/>\n<meta property=\"og:site_name\" content=\"Lightflow Academy by Cecilia Sifontes\" \/>\n<meta property=\"article:modified_time\" content=\"2026-01-03T20:13:59+00:00\" \/>\n<meta property=\"og:image\" content=\"https:\/\/lightflow.info\/wp-content\/uploads\/C2-SC8-P1-G_SIF1006G-Leben-in-den-Gitternetzen-12-Schritte-1.webp\" \/>\n\t<meta property=\"og:image:width\" content=\"800\" \/>\n\t<meta property=\"og:image:height\" content=\"800\" \/>\n\t<meta property=\"og:image:type\" content=\"image\/webp\" \/>\n<meta name=\"twitter:card\" content=\"summary_large_image\" \/>\n<meta name=\"twitter:label1\" content=\"Gesch\u00e4tzte Lesezeit\" \/>\n\t<meta name=\"twitter:data1\" content=\"1\u00a0Minute\" \/>\n<script type=\"application\/ld+json\" class=\"yoast-schema-graph\">{\"@context\":\"https:\\\/\\\/schema.org\",\"@graph\":[{\"@type\":\"WebPage\",\"@id\":\"https:\\\/\\\/lightflow.info\\\/de\\\/produkt\\\/die-12-schritte-des-goettlichen-plans-teil-i-das-leben-in-den-gitternetzen\\\/\",\"url\":\"https:\\\/\\\/lightflow.info\\\/de\\\/produkt\\\/die-12-schritte-des-goettlichen-plans-teil-i-das-leben-in-den-gitternetzen\\\/\",\"name\":\"Die 12 Schritte des g\u00f6ttlichen Plans - Teil 1: Das Leben in den Gitternetzen &#8902; Lightflow Academy by Cecilia Sifontes\",\"isPartOf\":{\"@id\":\"https:\\\/\\\/lightflow.info\\\/de\\\/#website\"},\"primaryImageOfPage\":{\"@id\":\"https:\\\/\\\/lightflow.info\\\/de\\\/produkt\\\/die-12-schritte-des-goettlichen-plans-teil-i-das-leben-in-den-gitternetzen\\\/#primaryimage\"},\"image\":{\"@id\":\"https:\\\/\\\/lightflow.info\\\/de\\\/produkt\\\/die-12-schritte-des-goettlichen-plans-teil-i-das-leben-in-den-gitternetzen\\\/#primaryimage\"},\"thumbnailUrl\":\"https:\\\/\\\/lightflow.info\\\/wp-content\\\/uploads\\\/C2-SC8-P1-G_SIF1006G-Leben-in-den-Gitternetzen-12-Schritte-1.webp\",\"datePublished\":\"2025-12-09T19:47:43+00:00\",\"dateModified\":\"2026-01-03T20:13:59+00:00\",\"breadcrumb\":{\"@id\":\"https:\\\/\\\/lightflow.info\\\/de\\\/produkt\\\/die-12-schritte-des-goettlichen-plans-teil-i-das-leben-in-den-gitternetzen\\\/#breadcrumb\"},\"inLanguage\":\"de\",\"potentialAction\":[{\"@type\":\"ReadAction\",\"target\":[\"https:\\\/\\\/lightflow.info\\\/de\\\/produkt\\\/die-12-schritte-des-goettlichen-plans-teil-i-das-leben-in-den-gitternetzen\\\/\"]}]},{\"@type\":\"ImageObject\",\"inLanguage\":\"de\",\"@id\":\"https:\\\/\\\/lightflow.info\\\/de\\\/produkt\\\/die-12-schritte-des-goettlichen-plans-teil-i-das-leben-in-den-gitternetzen\\\/#primaryimage\",\"url\":\"https:\\\/\\\/lightflow.info\\\/wp-content\\\/uploads\\\/C2-SC8-P1-G_SIF1006G-Leben-in-den-Gitternetzen-12-Schritte-1.webp\",\"contentUrl\":\"https:\\\/\\\/lightflow.info\\\/wp-content\\\/uploads\\\/C2-SC8-P1-G_SIF1006G-Leben-in-den-Gitternetzen-12-Schritte-1.webp\",\"width\":800,\"height\":800},{\"@type\":\"BreadcrumbList\",\"@id\":\"https:\\\/\\\/lightflow.info\\\/de\\\/produkt\\\/die-12-schritte-des-goettlichen-plans-teil-i-das-leben-in-den-gitternetzen\\\/#breadcrumb\",\"itemListElement\":[{\"@type\":\"ListItem\",\"position\":1,\"name\":\"Home\",\"item\":\"https:\\\/\\\/lightflow.info\\\/de\\\/\"},{\"@type\":\"ListItem\",\"position\":2,\"name\":\"Shop\",\"item\":\"https:\\\/\\\/lightflow.info\\\/de\\\/shop\\\/\"},{\"@type\":\"ListItem\",\"position\":3,\"name\":\"Engel f\u00fcr Anf\u00e4nger\",\"item\":\"https:\\\/\\\/lightflow.info\\\/de\\\/kategorie\\\/engel-fuer-anfaenger\\\/\"},{\"@type\":\"ListItem\",\"position\":4,\"name\":\"Die 12 Schritte des g\u00f6ttlichen Plans\",\"item\":\"https:\\\/\\\/lightflow.info\\\/de\\\/kategorie\\\/engel-fuer-anfaenger\\\/die-12-schritte-des-goettlichen-plans\\\/\"},{\"@type\":\"ListItem\",\"position\":5,\"name\":\"Die 12 Schritte des g\u00f6ttlichen Plans &#8211; Teil 1: Das Leben in den Gitternetzen\"}]},{\"@type\":\"WebSite\",\"@id\":\"https:\\\/\\\/lightflow.info\\\/de\\\/#website\",\"url\":\"https:\\\/\\\/lightflow.info\\\/de\\\/\",\"name\":\"Lightflow Academy by Cecilia Sifontes\",\"description\":\"Awakening Lightworkers and Masters\",\"alternateName\":\"Lightflow\",\"potentialAction\":[{\"@type\":\"SearchAction\",\"target\":{\"@type\":\"EntryPoint\",\"urlTemplate\":\"https:\\\/\\\/lightflow.info\\\/de\\\/?s={search_term_string}\"},\"query-input\":{\"@type\":\"PropertyValueSpecification\",\"valueRequired\":true,\"valueName\":\"search_term_string\"}}],\"inLanguage\":\"de\"}]}<\/script>\n<!-- \/ Yoast SEO plugin. -->","yoast_head_json":{"title":"Die 12 Schritte des g\u00f6ttlichen Plans - Teil 1: Das Leben in den Gitternetzen &#8902; Lightflow Academy by Cecilia Sifontes","robots":{"index":"index","follow":"follow","max-snippet":"max-snippet:-1","max-image-preview":"max-image-preview:large","max-video-preview":"max-video-preview:-1"},"canonical":"https:\/\/lightflow.info\/de\/produkt\/die-12-schritte-des-goettlichen-plans-teil-i-das-leben-in-den-gitternetzen\/","og_locale":"de_DE","og_type":"article","og_title":"Die 12 Schritte des g\u00f6ttlichen Plans - Teil 1: Das Leben in den Gitternetzen &#8902; Lightflow Academy by Cecilia Sifontes","og_description":"\u201c Deine Seele erschafft das Wirkliche \u2013 Sie hat kein Interesse an Illusionen.\"  Du und andere, die sich zu diesen Meditationen hingezogen f\u00fchlen, geh\u00f6ren zu einer Seelenfamilie, welche sich auf der Erde inkarnierte, um den Weg f\u00fcr andere zu \u00f6ffnen und die Evolution des kollektiven Verstandes der Menschheit zu beschleunigen. Du bist h\u00f6chstwahrscheinlich hier, um die 12 Schritte des g\u00f6ttlichen Plans f\u00fcr die Menschheit zu manifestieren. Dies beginnt damit, viel mehr zu erforschen, als du dir heute gewahr bist. Dieser Kurs ist der erste Schritt, um sich mit diesem Plan zu verbinden.","og_url":"https:\/\/lightflow.info\/de\/produkt\/die-12-schritte-des-goettlichen-plans-teil-i-das-leben-in-den-gitternetzen\/","og_site_name":"Lightflow Academy by Cecilia Sifontes","article_modified_time":"2026-01-03T20:13:59+00:00","og_image":[{"width":800,"height":800,"url":"https:\/\/lightflow.info\/wp-content\/uploads\/C2-SC8-P1-G_SIF1006G-Leben-in-den-Gitternetzen-12-Schritte-1.webp","type":"image\/webp"}],"twitter_card":"summary_large_image","twitter_misc":{"Gesch\u00e4tzte Lesezeit":"1\u00a0Minute"},"schema":{"@context":"https:\/\/schema.org","@graph":[{"@type":"WebPage","@id":"https:\/\/lightflow.info\/de\/produkt\/die-12-schritte-des-goettlichen-plans-teil-i-das-leben-in-den-gitternetzen\/","url":"https:\/\/lightflow.info\/de\/produkt\/die-12-schritte-des-goettlichen-plans-teil-i-das-leben-in-den-gitternetzen\/","name":"Die 12 Schritte des g\u00f6ttlichen Plans - Teil 1: Das Leben in den Gitternetzen &#8902; Lightflow Academy by Cecilia Sifontes","isPartOf":{"@id":"https:\/\/lightflow.info\/de\/#website"},"primaryImageOfPage":{"@id":"https:\/\/lightflow.info\/de\/produkt\/die-12-schritte-des-goettlichen-plans-teil-i-das-leben-in-den-gitternetzen\/#primaryimage"},"image":{"@id":"https:\/\/lightflow.info\/de\/produkt\/die-12-schritte-des-goettlichen-plans-teil-i-das-leben-in-den-gitternetzen\/#primaryimage"},"thumbnailUrl":"https:\/\/lightflow.info\/wp-content\/uploads\/C2-SC8-P1-G_SIF1006G-Leben-in-den-Gitternetzen-12-Schritte-1.webp","datePublished":"2025-12-09T19:47:43+00:00","dateModified":"2026-01-03T20:13:59+00:00","breadcrumb":{"@id":"https:\/\/lightflow.info\/de\/produkt\/die-12-schritte-des-goettlichen-plans-teil-i-das-leben-in-den-gitternetzen\/#breadcrumb"},"inLanguage":"de","potentialAction":[{"@type":"ReadAction","target":["https:\/\/lightflow.info\/de\/produkt\/die-12-schritte-des-goettlichen-plans-teil-i-das-leben-in-den-gitternetzen\/"]}]},{"@type":"ImageObject","inLanguage":"de","@id":"https:\/\/lightflow.info\/de\/produkt\/die-12-schritte-des-goettlichen-plans-teil-i-das-leben-in-den-gitternetzen\/#primaryimage","url":"https:\/\/lightflow.info\/wp-content\/uploads\/C2-SC8-P1-G_SIF1006G-Leben-in-den-Gitternetzen-12-Schritte-1.webp","contentUrl":"https:\/\/lightflow.info\/wp-content\/uploads\/C2-SC8-P1-G_SIF1006G-Leben-in-den-Gitternetzen-12-Schritte-1.webp","width":800,"height":800},{"@type":"BreadcrumbList","@id":"https:\/\/lightflow.info\/de\/produkt\/die-12-schritte-des-goettlichen-plans-teil-i-das-leben-in-den-gitternetzen\/#breadcrumb","itemListElement":[{"@type":"ListItem","position":1,"name":"Home","item":"https:\/\/lightflow.info\/de\/"},{"@type":"ListItem","position":2,"name":"Shop","item":"https:\/\/lightflow.info\/de\/shop\/"},{"@type":"ListItem","position":3,"name":"Engel f\u00fcr Anf\u00e4nger","item":"https:\/\/lightflow.info\/de\/kategorie\/engel-fuer-anfaenger\/"},{"@type":"ListItem","position":4,"name":"Die 12 Schritte des g\u00f6ttlichen Plans","item":"https:\/\/lightflow.info\/de\/kategorie\/engel-fuer-anfaenger\/die-12-schritte-des-goettlichen-plans\/"},{"@type":"ListItem","position":5,"name":"Die 12 Schritte des g\u00f6ttlichen Plans &#8211; Teil 1: Das Leben in den Gitternetzen"}]},{"@type":"WebSite","@id":"https:\/\/lightflow.info\/de\/#website","url":"https:\/\/lightflow.info\/de\/","name":"Lightflow Academy by Cecilia Sifontes","description":"Awakening Lightworkers and Masters","alternateName":"Lightflow","potentialAction":[{"@type":"SearchAction","target":{"@type":"EntryPoint","urlTemplate":"https:\/\/lightflow.info\/de\/?s={search_term_string}"},"query-input":{"@type":"PropertyValueSpecification","valueRequired":true,"valueName":"search_term_string"}}],"inLanguage":"de"}]}},"_links":{"self":[{"href":"https:\/\/lightflow.info\/de\/wp-json\/wp\/v2\/product\/24406","targetHints":{"allow":["GET"]}}],"collection":[{"href":"https:\/\/lightflow.info\/de\/wp-json\/wp\/v2\/product"}],"about":[{"href":"https:\/\/lightflow.info\/de\/wp-json\/wp\/v2\/types\/product"}],"version-history":[{"count":0,"href":"https:\/\/lightflow.info\/de\/wp-json\/wp\/v2\/product\/24406\/revisions"}],"wp:featuredmedia":[{"embeddable":true,"href":"https:\/\/lightflow.info\/de\/wp-json\/wp\/v2\/media\/32843"}],"wp:attachment":[{"href":"https:\/\/lightflow.info\/de\/wp-json\/wp\/v2\/media?parent=24406"}],"wp:term":[{"taxonomy":"product_brand","embeddable":true,"href":"https:\/\/lightflow.info\/de\/wp-json\/wp\/v2\/product_brand?post=24406"},{"taxonomy":"product_cat","embeddable":true,"href":"https:\/\/lightflow.info\/de\/wp-json\/wp\/v2\/product_cat?post=24406"},{"taxonomy":"product_tag","embeddable":true,"href":"https:\/\/lightflow.info\/de\/wp-json\/wp\/v2\/product_tag?post=24406"}],"curies":[{"name":"wp","href":"https:\/\/api.w.org\/{rel}","templated":true}]}}