{"id":24882,"date":"2025-12-09T20:52:38","date_gmt":"2025-12-09T19:52:38","guid":{"rendered":"https:\/\/lightflow.info\/?post_type=product&#038;p=24882"},"modified":"2026-02-19T18:29:12","modified_gmt":"2026-02-19T17:29:12","slug":"dein-5-d-lichtkoerper-die-gespiegelte-wirklichkeit-in-der-dreifach-galaxie","status":"publish","type":"product","link":"https:\/\/lightflow.info\/de\/produkt\/dein-5-d-lichtkoerper-die-gespiegelte-wirklichkeit-in-der-dreifach-galaxie\/","title":{"rendered":"Dein 5-D Lichtk\u00f6rper &#038; die gespiegelte Wirklichkeit in der dreifach Galaxie"},"content":{"rendered":"<p><strong>Die Dreifachgalaxie:<\/strong><br \/>\nUnsere Galaxie besteht aus einem Cluster von Galaxien, in dem wir mit zwei weiteren Galaxien stark verbunden sind. Wir alle haben in jeder von ihnen andere Ausdrucksformen, beinahe wie parallele Existenzen in ihnen. Was auch immer f\u00fcr mich auf der Erde stattfindet, findet auch f\u00fcr diese beiden anderen Du statt.<\/p>\n<p><strong>\u00dcber diesen Kurs:<\/strong><br \/>\nIn diesem Kurs werden wir neue Pr\u00e4senzen, Essenz und ein Licht erkunden, welches kraftvoll mit der Evolution in unserer Dreifachgalaxie verbunden ist. Wenn diese Pr\u00e4senz dich ber\u00fchrt, wird sie in deinem Lichtk\u00f6rper und in dir eine Weiterentwicklung hin zu einem f\u00fcnftdimensionalen Leben beginnen.<\/p>\n<p>Die galaktische Lichtstadt, der am weitesten entwickelte Ort in unserer Galaxie, entstand vor lange Zeit, als ein Planetensystem von au\u00dferhalb unserer Galaxie mit unserer Galaxie zusammenstie\u00df. Sie strahlt und sendet Information und Licht zu anderen Planeten, um Evolution zu inspirieren. Augenblicklich h\u00e4lt sie um unseren Planeten ein starkes Licht, durch welche sie neue Energien verankert. Die Lichtstadt ist immer noch mit einer anderen Galaxie verbunden, wobei eine dritte Galaxie sowohl mit unserer als auch jener zweiten Galaxie verbunden ist.<\/p>\n<p><strong>Der dreifachgalaktische Raum<\/strong><br \/>\nDurch die Evolution von Milliarden von Jahren formte jener Ort, an welchem diese drei Galaxien aneinander liegen einen eigenen Raum, indem Essenz, Pr\u00e4senz, Licht und Bewusstsein gemischt wurden. Ein Teil dieses Raums trennte sich ab, bewegte sich durch unsere Galaxie und stie\u00df auf die \u00dcbertragungen aus der galaktischen Lichtstadt. Dieser \u201cZusammensto\u00df\u201d ver\u00e4nderte den dreifachgalaktischen Raum, weil er dadurch fast zu einem Wesen wurde, welches jetzt auf dem Weg zur Erde ist, wo es sich haupts\u00e4chlich in der Lichtbibliothek von Russland\/Kasachstan verk\u00f6rpern wird.<\/p>\n<p><strong>Was hat dies mit dem Lichtk\u00f6rper zu tun?<\/strong><br \/>\nDieses dreifachgalaktische Wesen steht im Begriff auch in deine Energien einzutreten, in die entsprechenden Lichtbibliotheken dort. Da es sich um ein sehr kraftvolles Wesen handelt, brauchst du einen sehr viel weiter ausgedehnten und Potenten Lichtk\u00f6rper, um diese dreifachgalaktische Pr\u00e4senz halten zu k\u00f6nnen. W\u00e4hrend dieses Kurses werden wir f\u00fcr die Menschheit einen kraftvollen, kollektiven Lichtk\u00f6rper aufbauen, sodass jeder dieser Pr\u00e4senz standhalten und von ihr Nutzen ziehen kann.<\/p>\n<p><strong>\u00dcber das f\u00fcnftdimensionale Leben:<\/strong><br \/>\nDas Leben in der 5. Dimension ist verglichen mit dem Leben in der 3. Dimension anders. Dort wirst du durch dein Licht definiert und identifiziert, w\u00e4hrend du in der 3. Dimension durch deine Pers\u00f6nlichkeit identifiziert wirst. W\u00e4hrend dieses Kurses wirst du in deiner Erkundung des Lebens in der 5. Dimension gef\u00fchrt, w\u00e4hrend du gleichzeitig deinen 5D-Lichtk\u00f6rper aufbaust.<\/p>\n<p><strong>Voraussetzung: <\/strong><a href=\"https:\/\/lightflow.info\/de\/der-neue-lichtkoerper-basis\/\" target=\"_blank\" rel=\"noopener\">Der neue Lichtk\u00f6rper \u2013 Strahlen der Erleuchtung &amp; G\u00f6ttlichkeit<\/a><\/p>\n<p>Eine erweiterte Stufe dieses Kurses ist dir zug\u00e4nglich, sobald du den erweiterten Lichtk\u00f6rperkurs \u201c<a href=\"https:\/\/lightflow.info\/de\/der-neue-lichtkoerper-erweiterte-techniken\/\" target=\"_blank\" rel=\"noopener\">Sch\u00f6pfer werden<\/a>\u201d absolviert hast und kann erworben werden, indem du ein <a href=\"https:\/\/lightflow.info\/de\/kontakt\/\">Nachricht an Cecilia<\/a> schickst. Diese Stufe beinhaltet eine weitere Meditation auf Englisch mit konsekutiver deutscher \u00dcbersetzung.<\/p>\n<p><strong>Dieser Kurs beinhaltet 14 gef\u00fchrte Meditationen auf Englisch mit konsekutiver deutscher \u00dcbersetzung und ein Begleitbuch. Enthaltene Meditationen:<\/strong><\/p>\n<p>01 Aufgradierung deiner Essenz und Pr\u00e4senz<br \/>\n02 Adapting the rays of Healing Communication to your 5-D presence<br \/>\n03 Dein 5-D K\u00f6rper &amp; die dreifachgalaktische Pr\u00e4senz<br \/>\n04 Die Schnitzeljagd und ihr Auswirkungen auf Lichtarbeiter<br \/>\n05 Einverleibung der Tr\u00e4ume des Tr\u00e4umers &amp; platziere sie in deinen 5D-Lichtk\u00f6rper<br \/>\n06 Die Strahlen der Hellsicht und der pers\u00f6nlichen Kraft in 5D<br \/>\n07 Ein Lichtk\u00f6rper f\u00fcr die Menschheit<br \/>\n08 Erneuerung deiner Versprechen an das Selbst<br \/>\n09 Dein lebhafter Lichtk\u00f6rper<br \/>\n10 R30 Die sch\u00f6pferische &amp; kollektive R\u00f6her der Dreifachgalaxie, welche dich mit 5D verbindet<br \/>\n11 Erkl\u00e4rendes Gespr\u00e4ch von Quartiigo &amp; Mutter Mary<br \/>\n12 Das vielschichtige Netz des Selbst in Strahl 30<br \/>\n13 S31 T Der Kokon des Potentials<br \/>\n14 W\u00e4hle Potential in den G\u00e4rten des Lichts<br \/>\nYour 5D lightbody and Triple galaxy booklet.pdf<\/p>\n","protected":false},"excerpt":{"rendered":"<p>Unsere Galaxie besteht aus einem Cluster von Galaxien, in dem wir mit zwei weiteren Galaxien stark verbunden sind. Wir alle haben in jeder von ihnen andere Ausdrucksformen, beinahe wie parallele Existenzen in ihnen. Was auch immer f\u00fcr mich auf der Erde stattfindet, findet auch f\u00fcr diese beiden anderen Du statt. In diesem Kurs werden wir neue Pr\u00e4senzen, Essenz und ein Licht erkunden, welches kraftvoll mit der Evolution in unserer Dreifachgalaxie verbunden ist. Wenn diese Pr\u00e4senz dich ber\u00fchrt, wird sie in deinem Lichtk\u00f6rper und in dir eine Weiterentwicklung hin zu einem f\u00fcnftdimensionalen Leben beginnen.<\/p>\n","protected":false},"featured_media":33016,"template":"","meta":{"_acf_changed":false,"ocean_post_layout":"","ocean_both_sidebars_style":"","ocean_both_sidebars_content_width":0,"ocean_both_sidebars_sidebars_width":0,"ocean_sidebar":"0","ocean_second_sidebar":"0","ocean_disable_margins":"enable","ocean_add_body_class":"","ocean_shortcode_before_top_bar":"","ocean_shortcode_after_top_bar":"","ocean_shortcode_before_header":"","ocean_shortcode_after_header":"","ocean_has_shortcode":"","ocean_shortcode_after_title":"","ocean_shortcode_before_footer_widgets":"","ocean_shortcode_after_footer_widgets":"","ocean_shortcode_before_footer_bottom":"","ocean_shortcode_after_footer_bottom":"","ocean_display_top_bar":"default","ocean_display_header":"default","ocean_header_style":"","ocean_center_header_left_menu":"0","ocean_custom_header_template":"0","ocean_custom_logo":0,"ocean_custom_retina_logo":0,"ocean_custom_logo_max_width":0,"ocean_custom_logo_tablet_max_width":0,"ocean_custom_logo_mobile_max_width":0,"ocean_custom_logo_max_height":0,"ocean_custom_logo_tablet_max_height":0,"ocean_custom_logo_mobile_max_height":0,"ocean_header_custom_menu":"0","ocean_menu_typo_font_family":"0","ocean_menu_typo_font_subset":"","ocean_menu_typo_font_size":0,"ocean_menu_typo_font_size_tablet":0,"ocean_menu_typo_font_size_mobile":0,"ocean_menu_typo_font_size_unit":"px","ocean_menu_typo_font_weight":"","ocean_menu_typo_font_weight_tablet":"","ocean_menu_typo_font_weight_mobile":"","ocean_menu_typo_transform":"","ocean_menu_typo_transform_tablet":"","ocean_menu_typo_transform_mobile":"","ocean_menu_typo_line_height":0,"ocean_menu_typo_line_height_tablet":0,"ocean_menu_typo_line_height_mobile":0,"ocean_menu_typo_line_height_unit":"","ocean_menu_typo_spacing":0,"ocean_menu_typo_spacing_tablet":0,"ocean_menu_typo_spacing_mobile":0,"ocean_menu_typo_spacing_unit":"","ocean_menu_link_color":"","ocean_menu_link_color_hover":"","ocean_menu_link_color_active":"","ocean_menu_link_background":"","ocean_menu_link_hover_background":"","ocean_menu_link_active_background":"","ocean_menu_social_links_bg":"","ocean_menu_social_hover_links_bg":"","ocean_menu_social_links_color":"","ocean_menu_social_hover_links_color":"","ocean_disable_title":"default","ocean_disable_heading":"default","ocean_post_title":"","ocean_post_subheading":"","ocean_post_title_style":"","ocean_post_title_background_color":"","ocean_post_title_background":0,"ocean_post_title_bg_image_position":"","ocean_post_title_bg_image_attachment":"","ocean_post_title_bg_image_repeat":"","ocean_post_title_bg_image_size":"","ocean_post_title_height":0,"ocean_post_title_bg_overlay":0.5,"ocean_post_title_bg_overlay_color":"","ocean_disable_breadcrumbs":"default","ocean_breadcrumbs_color":"","ocean_breadcrumbs_separator_color":"","ocean_breadcrumbs_links_color":"","ocean_breadcrumbs_links_hover_color":"","ocean_display_footer_widgets":"default","ocean_display_footer_bottom":"default","ocean_custom_footer_template":"0"},"product_brand":[],"product_cat":[89],"product_tag":[],"class_list":{"0":"post-24882","1":"product","2":"type-product","3":"status-publish","4":"has-post-thumbnail","6":"product_cat-der-neue-lichtkoerper-aufbaukurse","8":"entry","9":"has-media","11":"first","12":"instock","13":"downloadable","14":"virtual","15":"purchasable","16":"product-type-simple","17":"col","18":"span_1_of_3","19":"owp-content-center","20":"item-entry","21":"owp-thumbs-layout-horizontal","22":"owp-btn-normal","23":"owp-tabs-layout-section","24":"has-no-thumbnails","25":"circle-sale"},"acf":[],"yoast_head":"<!-- This site is optimized with the Yoast SEO plugin v27.4 - https:\/\/yoast.com\/product\/yoast-seo-wordpress\/ -->\n<title>Dein 5-D Lichtk\u00f6rper &amp; die gespiegelte Wirklichkeit in der dreifach Galaxie &#8902; Lightflow Academy by Cecilia Sifontes<\/title>\n<meta name=\"robots\" content=\"index, follow, max-snippet:-1, max-image-preview:large, max-video-preview:-1\" \/>\n<link rel=\"canonical\" href=\"https:\/\/lightflow.info\/de\/produkt\/dein-5-d-lichtkoerper-die-gespiegelte-wirklichkeit-in-der-dreifach-galaxie\/\" \/>\n<meta property=\"og:locale\" content=\"de_DE\" \/>\n<meta property=\"og:type\" content=\"article\" \/>\n<meta property=\"og:title\" content=\"Dein 5-D Lichtk\u00f6rper &amp; die gespiegelte Wirklichkeit in der dreifach Galaxie &#8902; Lightflow Academy by Cecilia Sifontes\" \/>\n<meta property=\"og:description\" content=\"Unsere Galaxie besteht aus einem Cluster von Galaxien, in dem wir mit zwei weiteren Galaxien stark verbunden sind. Wir alle haben in jeder von ihnen andere Ausdrucksformen, beinahe wie parallele Existenzen in ihnen. Was auch immer f\u00fcr mich auf der Erde stattfindet, findet auch f\u00fcr diese beiden anderen Du statt. In diesem Kurs werden wir neue Pr\u00e4senzen, Essenz und ein Licht erkunden, welches kraftvoll mit der Evolution in unserer Dreifachgalaxie verbunden ist. Wenn diese Pr\u00e4senz dich ber\u00fchrt, wird sie in deinem Lichtk\u00f6rper und in dir eine Weiterentwicklung hin zu einem f\u00fcnftdimensionalen Leben beginnen.\" \/>\n<meta property=\"og:url\" content=\"https:\/\/lightflow.info\/de\/produkt\/dein-5-d-lichtkoerper-die-gespiegelte-wirklichkeit-in-der-dreifach-galaxie\/\" \/>\n<meta property=\"og:site_name\" content=\"Lightflow Academy by Cecilia Sifontes\" \/>\n<meta property=\"article:modified_time\" content=\"2026-02-19T17:29:12+00:00\" \/>\n<meta property=\"og:image\" content=\"https:\/\/lightflow.info\/wp-content\/uploads\/C3-SC2-P12-G_SIF1173G-Dein-5-D-Lichtkoerper-Gespiegelte-Wirklichkeit.webp\" \/>\n\t<meta property=\"og:image:width\" content=\"800\" \/>\n\t<meta property=\"og:image:height\" content=\"800\" \/>\n\t<meta property=\"og:image:type\" content=\"image\/webp\" \/>\n<meta name=\"twitter:card\" content=\"summary_large_image\" \/>\n<meta name=\"twitter:label1\" content=\"Gesch\u00e4tzte Lesezeit\" \/>\n\t<meta name=\"twitter:data1\" content=\"3\u00a0Minuten\" \/>\n<script type=\"application\/ld+json\" class=\"yoast-schema-graph\">{\"@context\":\"https:\\\/\\\/schema.org\",\"@graph\":[{\"@type\":\"WebPage\",\"@id\":\"https:\\\/\\\/lightflow.info\\\/de\\\/produkt\\\/dein-5-d-lichtkoerper-die-gespiegelte-wirklichkeit-in-der-dreifach-galaxie\\\/\",\"url\":\"https:\\\/\\\/lightflow.info\\\/de\\\/produkt\\\/dein-5-d-lichtkoerper-die-gespiegelte-wirklichkeit-in-der-dreifach-galaxie\\\/\",\"name\":\"Dein 5-D Lichtk\u00f6rper & die gespiegelte Wirklichkeit in der dreifach Galaxie &#8902; Lightflow Academy by Cecilia Sifontes\",\"isPartOf\":{\"@id\":\"https:\\\/\\\/lightflow.info\\\/de\\\/#website\"},\"primaryImageOfPage\":{\"@id\":\"https:\\\/\\\/lightflow.info\\\/de\\\/produkt\\\/dein-5-d-lichtkoerper-die-gespiegelte-wirklichkeit-in-der-dreifach-galaxie\\\/#primaryimage\"},\"image\":{\"@id\":\"https:\\\/\\\/lightflow.info\\\/de\\\/produkt\\\/dein-5-d-lichtkoerper-die-gespiegelte-wirklichkeit-in-der-dreifach-galaxie\\\/#primaryimage\"},\"thumbnailUrl\":\"https:\\\/\\\/lightflow.info\\\/wp-content\\\/uploads\\\/C3-SC2-P12-G_SIF1173G-Dein-5-D-Lichtkoerper-Gespiegelte-Wirklichkeit.webp\",\"datePublished\":\"2025-12-09T19:52:38+00:00\",\"dateModified\":\"2026-02-19T17:29:12+00:00\",\"breadcrumb\":{\"@id\":\"https:\\\/\\\/lightflow.info\\\/de\\\/produkt\\\/dein-5-d-lichtkoerper-die-gespiegelte-wirklichkeit-in-der-dreifach-galaxie\\\/#breadcrumb\"},\"inLanguage\":\"de\",\"potentialAction\":[{\"@type\":\"ReadAction\",\"target\":[\"https:\\\/\\\/lightflow.info\\\/de\\\/produkt\\\/dein-5-d-lichtkoerper-die-gespiegelte-wirklichkeit-in-der-dreifach-galaxie\\\/\"]}]},{\"@type\":\"ImageObject\",\"inLanguage\":\"de\",\"@id\":\"https:\\\/\\\/lightflow.info\\\/de\\\/produkt\\\/dein-5-d-lichtkoerper-die-gespiegelte-wirklichkeit-in-der-dreifach-galaxie\\\/#primaryimage\",\"url\":\"https:\\\/\\\/lightflow.info\\\/wp-content\\\/uploads\\\/C3-SC2-P12-G_SIF1173G-Dein-5-D-Lichtkoerper-Gespiegelte-Wirklichkeit.webp\",\"contentUrl\":\"https:\\\/\\\/lightflow.info\\\/wp-content\\\/uploads\\\/C3-SC2-P12-G_SIF1173G-Dein-5-D-Lichtkoerper-Gespiegelte-Wirklichkeit.webp\",\"width\":800,\"height\":800},{\"@type\":\"BreadcrumbList\",\"@id\":\"https:\\\/\\\/lightflow.info\\\/de\\\/produkt\\\/dein-5-d-lichtkoerper-die-gespiegelte-wirklichkeit-in-der-dreifach-galaxie\\\/#breadcrumb\",\"itemListElement\":[{\"@type\":\"ListItem\",\"position\":1,\"name\":\"Home\",\"item\":\"https:\\\/\\\/lightflow.info\\\/de\\\/\"},{\"@type\":\"ListItem\",\"position\":2,\"name\":\"Shop\",\"item\":\"https:\\\/\\\/lightflow.info\\\/de\\\/shop\\\/\"},{\"@type\":\"ListItem\",\"position\":3,\"name\":\"Erwecke deinen Lichtk\u00f6rper\",\"item\":\"https:\\\/\\\/lightflow.info\\\/de\\\/kategorie\\\/erwecke-deinen-lichtkoerper\\\/\"},{\"@type\":\"ListItem\",\"position\":4,\"name\":\"Der Neue Lichtk\u00f6rper - Aufbaukurse\",\"item\":\"https:\\\/\\\/lightflow.info\\\/de\\\/kategorie\\\/erwecke-deinen-lichtkoerper\\\/der-neue-lichtkoerper-aufbaukurse\\\/\"},{\"@type\":\"ListItem\",\"position\":5,\"name\":\"Dein 5-D Lichtk\u00f6rper &#038; die gespiegelte Wirklichkeit in der dreifach Galaxie\"}]},{\"@type\":\"WebSite\",\"@id\":\"https:\\\/\\\/lightflow.info\\\/de\\\/#website\",\"url\":\"https:\\\/\\\/lightflow.info\\\/de\\\/\",\"name\":\"Lightflow Academy by Cecilia Sifontes\",\"description\":\"Awakening Lightworkers and Masters\",\"alternateName\":\"Lightflow\",\"potentialAction\":[{\"@type\":\"SearchAction\",\"target\":{\"@type\":\"EntryPoint\",\"urlTemplate\":\"https:\\\/\\\/lightflow.info\\\/de\\\/?s={search_term_string}\"},\"query-input\":{\"@type\":\"PropertyValueSpecification\",\"valueRequired\":true,\"valueName\":\"search_term_string\"}}],\"inLanguage\":\"de\"}]}<\/script>\n<!-- \/ Yoast SEO plugin. -->","yoast_head_json":{"title":"Dein 5-D Lichtk\u00f6rper & die gespiegelte Wirklichkeit in der dreifach Galaxie &#8902; Lightflow Academy by Cecilia Sifontes","robots":{"index":"index","follow":"follow","max-snippet":"max-snippet:-1","max-image-preview":"max-image-preview:large","max-video-preview":"max-video-preview:-1"},"canonical":"https:\/\/lightflow.info\/de\/produkt\/dein-5-d-lichtkoerper-die-gespiegelte-wirklichkeit-in-der-dreifach-galaxie\/","og_locale":"de_DE","og_type":"article","og_title":"Dein 5-D Lichtk\u00f6rper & die gespiegelte Wirklichkeit in der dreifach Galaxie &#8902; Lightflow Academy by Cecilia Sifontes","og_description":"Unsere Galaxie besteht aus einem Cluster von Galaxien, in dem wir mit zwei weiteren Galaxien stark verbunden sind. Wir alle haben in jeder von ihnen andere Ausdrucksformen, beinahe wie parallele Existenzen in ihnen. Was auch immer f\u00fcr mich auf der Erde stattfindet, findet auch f\u00fcr diese beiden anderen Du statt. In diesem Kurs werden wir neue Pr\u00e4senzen, Essenz und ein Licht erkunden, welches kraftvoll mit der Evolution in unserer Dreifachgalaxie verbunden ist. Wenn diese Pr\u00e4senz dich ber\u00fchrt, wird sie in deinem Lichtk\u00f6rper und in dir eine Weiterentwicklung hin zu einem f\u00fcnftdimensionalen Leben beginnen.","og_url":"https:\/\/lightflow.info\/de\/produkt\/dein-5-d-lichtkoerper-die-gespiegelte-wirklichkeit-in-der-dreifach-galaxie\/","og_site_name":"Lightflow Academy by Cecilia Sifontes","article_modified_time":"2026-02-19T17:29:12+00:00","og_image":[{"width":800,"height":800,"url":"https:\/\/lightflow.info\/wp-content\/uploads\/C3-SC2-P12-G_SIF1173G-Dein-5-D-Lichtkoerper-Gespiegelte-Wirklichkeit.webp","type":"image\/webp"}],"twitter_card":"summary_large_image","twitter_misc":{"Gesch\u00e4tzte Lesezeit":"3\u00a0Minuten"},"schema":{"@context":"https:\/\/schema.org","@graph":[{"@type":"WebPage","@id":"https:\/\/lightflow.info\/de\/produkt\/dein-5-d-lichtkoerper-die-gespiegelte-wirklichkeit-in-der-dreifach-galaxie\/","url":"https:\/\/lightflow.info\/de\/produkt\/dein-5-d-lichtkoerper-die-gespiegelte-wirklichkeit-in-der-dreifach-galaxie\/","name":"Dein 5-D Lichtk\u00f6rper & die gespiegelte Wirklichkeit in der dreifach Galaxie &#8902; Lightflow Academy by Cecilia Sifontes","isPartOf":{"@id":"https:\/\/lightflow.info\/de\/#website"},"primaryImageOfPage":{"@id":"https:\/\/lightflow.info\/de\/produkt\/dein-5-d-lichtkoerper-die-gespiegelte-wirklichkeit-in-der-dreifach-galaxie\/#primaryimage"},"image":{"@id":"https:\/\/lightflow.info\/de\/produkt\/dein-5-d-lichtkoerper-die-gespiegelte-wirklichkeit-in-der-dreifach-galaxie\/#primaryimage"},"thumbnailUrl":"https:\/\/lightflow.info\/wp-content\/uploads\/C3-SC2-P12-G_SIF1173G-Dein-5-D-Lichtkoerper-Gespiegelte-Wirklichkeit.webp","datePublished":"2025-12-09T19:52:38+00:00","dateModified":"2026-02-19T17:29:12+00:00","breadcrumb":{"@id":"https:\/\/lightflow.info\/de\/produkt\/dein-5-d-lichtkoerper-die-gespiegelte-wirklichkeit-in-der-dreifach-galaxie\/#breadcrumb"},"inLanguage":"de","potentialAction":[{"@type":"ReadAction","target":["https:\/\/lightflow.info\/de\/produkt\/dein-5-d-lichtkoerper-die-gespiegelte-wirklichkeit-in-der-dreifach-galaxie\/"]}]},{"@type":"ImageObject","inLanguage":"de","@id":"https:\/\/lightflow.info\/de\/produkt\/dein-5-d-lichtkoerper-die-gespiegelte-wirklichkeit-in-der-dreifach-galaxie\/#primaryimage","url":"https:\/\/lightflow.info\/wp-content\/uploads\/C3-SC2-P12-G_SIF1173G-Dein-5-D-Lichtkoerper-Gespiegelte-Wirklichkeit.webp","contentUrl":"https:\/\/lightflow.info\/wp-content\/uploads\/C3-SC2-P12-G_SIF1173G-Dein-5-D-Lichtkoerper-Gespiegelte-Wirklichkeit.webp","width":800,"height":800},{"@type":"BreadcrumbList","@id":"https:\/\/lightflow.info\/de\/produkt\/dein-5-d-lichtkoerper-die-gespiegelte-wirklichkeit-in-der-dreifach-galaxie\/#breadcrumb","itemListElement":[{"@type":"ListItem","position":1,"name":"Home","item":"https:\/\/lightflow.info\/de\/"},{"@type":"ListItem","position":2,"name":"Shop","item":"https:\/\/lightflow.info\/de\/shop\/"},{"@type":"ListItem","position":3,"name":"Erwecke deinen Lichtk\u00f6rper","item":"https:\/\/lightflow.info\/de\/kategorie\/erwecke-deinen-lichtkoerper\/"},{"@type":"ListItem","position":4,"name":"Der Neue Lichtk\u00f6rper - Aufbaukurse","item":"https:\/\/lightflow.info\/de\/kategorie\/erwecke-deinen-lichtkoerper\/der-neue-lichtkoerper-aufbaukurse\/"},{"@type":"ListItem","position":5,"name":"Dein 5-D Lichtk\u00f6rper &#038; die gespiegelte Wirklichkeit in der dreifach Galaxie"}]},{"@type":"WebSite","@id":"https:\/\/lightflow.info\/de\/#website","url":"https:\/\/lightflow.info\/de\/","name":"Lightflow Academy by Cecilia Sifontes","description":"Awakening Lightworkers and Masters","alternateName":"Lightflow","potentialAction":[{"@type":"SearchAction","target":{"@type":"EntryPoint","urlTemplate":"https:\/\/lightflow.info\/de\/?s={search_term_string}"},"query-input":{"@type":"PropertyValueSpecification","valueRequired":true,"valueName":"search_term_string"}}],"inLanguage":"de"}]}},"_links":{"self":[{"href":"https:\/\/lightflow.info\/de\/wp-json\/wp\/v2\/product\/24882","targetHints":{"allow":["GET"]}}],"collection":[{"href":"https:\/\/lightflow.info\/de\/wp-json\/wp\/v2\/product"}],"about":[{"href":"https:\/\/lightflow.info\/de\/wp-json\/wp\/v2\/types\/product"}],"version-history":[{"count":0,"href":"https:\/\/lightflow.info\/de\/wp-json\/wp\/v2\/product\/24882\/revisions"}],"wp:featuredmedia":[{"embeddable":true,"href":"https:\/\/lightflow.info\/de\/wp-json\/wp\/v2\/media\/33016"}],"wp:attachment":[{"href":"https:\/\/lightflow.info\/de\/wp-json\/wp\/v2\/media?parent=24882"}],"wp:term":[{"taxonomy":"product_brand","embeddable":true,"href":"https:\/\/lightflow.info\/de\/wp-json\/wp\/v2\/product_brand?post=24882"},{"taxonomy":"product_cat","embeddable":true,"href":"https:\/\/lightflow.info\/de\/wp-json\/wp\/v2\/product_cat?post=24882"},{"taxonomy":"product_tag","embeddable":true,"href":"https:\/\/lightflow.info\/de\/wp-json\/wp\/v2\/product_tag?post=24882"}],"curies":[{"name":"wp","href":"https:\/\/api.w.org\/{rel}","templated":true}]}}