{"id":24885,"date":"2025-12-09T20:50:52","date_gmt":"2025-12-09T19:50:52","guid":{"rendered":"https:\/\/lightflow.info\/?post_type=product&#038;p=24885"},"modified":"2026-02-15T11:51:11","modified_gmt":"2026-02-15T10:51:11","slug":"der-holographische-lichtkoerper-1","status":"publish","type":"product","link":"https:\/\/lightflow.info\/de\/produkt\/der-holographische-lichtkoerper-1\/","title":{"rendered":"Der Holographische Lichtk\u00f6rper 1"},"content":{"rendered":"<p><span style=\"color: #cc9933;\"><em>&#8222;Dein Hologramm ist ein an Ort an dem das kleinste Lichtteilchen dasselbe ist, wie das Ganze.&#8220;<\/em><\/span><\/p>\n<p>In diesem recht fortgeschrittenen Kurs wirst du gef\u00fchrt, um mit den sieben neuen Lichtk\u00f6rpern zu arbeiten, welche aus anderen Multiversen kommen. Diese Meditationen k\u00f6nnen abstrakt erscheinen, obwohl sie sehr wirkliche Auswirkungen auf dein Licht haben werden. Ein anderer Effekt ist, dass du damit beginnen wirst, neue Sinne aufzubauen, die deinen physischen, mentalen oder emotionellen Sinnen nicht \u00e4hneln und sich auch nicht auf Licht beziehen. Diese neuen Sinne werden es dir erleichtern, Wirklichkeit in anderen Wirklichkeitsschichten zu verstehen, welcher dir im Augenblick so abstrakt erscheinen k\u00f6nnen, dass du ihrer nicht bewusst gewahr sein kannst, um sie zu erkunden. Der Rat der Sch\u00f6pfung sagt, dass dies ein Meilenstein in der Evolution \u00fcberall in den Multiversen ist. Daher sind die sieben neuen Lichtk\u00f6rper, welche du in dein Licht einbaust ein Werkzeug, welches dir dabei behilflich ist, zu interpretieren und zu verstehen, was in anderen Multiversen vor sich geht und wie dies das Leben in unserem Multiversum beeinflusst.<\/p>\n<p><strong>Wichtiger Hinweis:<\/strong><br \/>\nUm die Meditationen in diesem Kurs zu geniessen, stelle bitte sicher, dass du die folgenden Konzepte aus vorangehenden Kursen verstehst: dunkler Fluss, gr\u00f6sseres physisches Selbst, Multiversum, Existenz und die erh\u00f6hte Lichtgeschwindigkeit.<\/p>\n<p><strong>Welche Schl\u00fcsselerlebnisse kannst du erwarten?<\/strong><\/p>\n<p>\u2022 Zusammenarbeit mit anderen Lichtarbeitern irgendwo in unserem Multiversum<br \/>\n\u2022 Jenseits des Multiversums, Erweckung 7 neuer Lichtk\u00f6rper<br \/>\n\u2022 Der Rat der Sch\u00f6pfung, deine Sequenz an Leben in unserem Multiversum<br \/>\n\u2022 Der eingefrorene Moment, der dich au\u00dferhalb der Zeit bringt<br \/>\n\u2022 Treffen mit geistigen F\u00fchrern aus anderen Multiversen<br \/>\n\u2022 Neue Kapazit\u00e4t in deinen Sch\u00f6pferkr\u00e4ften<br \/>\n\u2022 Der Fokus des Multiversums, die Lichtbibliotheken im Multiversum<br \/>\n\u2022 Die Blaupause der Erde<br \/>\n\u2022 Erforschung des Lebens und durch das Leben erforscht werden<br \/>\n\u2022 Magische Transformation<br \/>\n\u2022 Triff Quellen anderer Multiversen, die das unsere beeinflussen<br \/>\n\u2022 Erhalte Botschaften f\u00fcr die Erde<br \/>\n\u2022 Erforschung der Qualit\u00e4ten der 7 neuen Lichtk\u00f6rper<\/p>\n<p><strong>Voraussetzung: <\/strong><a href=\"https:\/\/lightflow.info\/de\/der-neue-lichtkoerper-basis\/\" target=\"_blank\" rel=\"noopener\">Der neue Lichtk\u00f6rper \u2013 Strahlen der Erleuchtung &amp; G\u00f6ttlichkeit<\/a><\/p>\n<p>Eine erweiterte Stufe dieses Kurses ist dir zug\u00e4nglich, sobald du den erweiterten Lichtk\u00f6rperkurs \u201c<a href=\"https:\/\/lightflow.info\/de\/der-neue-lichtkoerper-erweiterte-techniken\/\" target=\"_blank\" rel=\"noopener\">Sch\u00f6pfer werden<\/a>\u201d absolviert hast und kann erworben werden, indem du ein <a href=\"https:\/\/lightflow.info\/de\/kontakt\/\">Nachricht an Cecilia<\/a> schickst. Diese Stufe beinhaltet eine weitere Meditation auf Englisch mit konsekutiver deutscher \u00dcbersetzung.<\/p>\n<p><strong>Dieser Kurs beinhaltet 18 gef\u00fchrte Meditation auf Englisch mit deutscher \u00dcbersetzung. Enthaltene Meditationen:<\/strong><\/p>\n<p>01 Energievorbereitung f\u00fcr die neuen Lichtk\u00f6rper, zusammen mit anderen Gruppen in unserem Multiversum<br \/>\n02 Betrachte all das Licht, Leben usw., das du und andere durch die Sequenz von Lebzeiten hindurch vorbereitet haben<br \/>\n03 \u00dcbertragungen durch und an 8 Existenzen, um deine F\u00e4higkeit vorzbereiten, dort zu erforschen<br \/>\n04 Reise als gas\u00e4hnliche Pr\u00e4senz, um geistige F\u00fchrer von vielen Multiversen zu treffen<br \/>\n05 Das Leben erforschen und vom Leben erforscht werden (in Existenz 1), ohne Gr\u00f6\u00dfe, Distanz oder Polarit\u00e4t<br \/>\n06 Die magische Transformation<br \/>\n07 Erfahre die Vermischung von 8 Quellen als Pr\u00e4senz im Gef\u00e4\u00df und \u00fcbertrage die Erfahrung an den Lichtk\u00f6rper<br \/>\n08 Gespr\u00e4ch \u00fcber die Effekte der neuen Quellen-Qualit\u00e4ten<br \/>\n09 Verbinde die Seelen und H\u00f6here Selbsten der unterschiedlichen Multiversen<br \/>\n10 Beobachtung des Aufbaus, um die neuen Qualit\u00e4ten von \u00fcberall aus der Sch\u00f6pfung zu importieren<br \/>\n11 \u00dcberraschungsbesuch aus dem anderen Ende des Universums<br \/>\n12 Den Lichtk\u00f6rper jenseits der Existenz verbinden und damit beginnen, die neuen Qualit\u00e4ten zu importieren<br \/>\n13 Dein Seele filtriert Qualit\u00e4ten von jenseits der Existenz durch die Schablone des Hauptlichtk\u00f6rpers<br \/>\n14 Leben in Existenz 1 erforschen und erhalten<br \/>\n15 Besuch der neuen Schicht f\u00fcr geistige F\u00fchrer der 8 Existenzen und erhalte Einpr\u00e4gungen der 7 neuen Lichtk\u00f6rper<br \/>\n16 Besuche alle Inseln und erhalte Geschenke<br \/>\n17 Enth\u00fcllung der 7 neuen Lichtk\u00f6rper<br \/>\n18 Empfange die 7 neuen Lichtk\u00f6rper<\/p>\n","protected":false},"excerpt":{"rendered":"<p>In diesem recht fortgeschrittenen Kurs wirst du gef\u00fchrt, um mit den sieben neuen Lichtk\u00f6rpern zu arbeiten, welche aus anderen Multiversen kommen. Diese Meditationen k\u00f6nnen abstrakt erscheinen, obwohl sie sehr wirkliche Auswirkungen auf dein Licht haben werden. Ein anderer Effekt ist, dass du damit beginnen wirst, neue Sinne aufzubauen, die deinen physischen, mentalen oder emotionellen Sinnen nicht \u00e4hneln und sich auch nicht auf Licht beziehen. Der Rat der Sch\u00f6pfung sagt, dass dies ein Meilenstein in der Evolution \u00fcberall in den Multiversen ist.<\/p>\n","protected":false},"featured_media":33011,"template":"","meta":{"_acf_changed":false,"ocean_post_layout":"","ocean_both_sidebars_style":"","ocean_both_sidebars_content_width":0,"ocean_both_sidebars_sidebars_width":0,"ocean_sidebar":"0","ocean_second_sidebar":"0","ocean_disable_margins":"enable","ocean_add_body_class":"","ocean_shortcode_before_top_bar":"","ocean_shortcode_after_top_bar":"","ocean_shortcode_before_header":"","ocean_shortcode_after_header":"","ocean_has_shortcode":"","ocean_shortcode_after_title":"","ocean_shortcode_before_footer_widgets":"","ocean_shortcode_after_footer_widgets":"","ocean_shortcode_before_footer_bottom":"","ocean_shortcode_after_footer_bottom":"","ocean_display_top_bar":"default","ocean_display_header":"default","ocean_header_style":"","ocean_center_header_left_menu":"0","ocean_custom_header_template":"0","ocean_custom_logo":0,"ocean_custom_retina_logo":0,"ocean_custom_logo_max_width":0,"ocean_custom_logo_tablet_max_width":0,"ocean_custom_logo_mobile_max_width":0,"ocean_custom_logo_max_height":0,"ocean_custom_logo_tablet_max_height":0,"ocean_custom_logo_mobile_max_height":0,"ocean_header_custom_menu":"0","ocean_menu_typo_font_family":"0","ocean_menu_typo_font_subset":"","ocean_menu_typo_font_size":0,"ocean_menu_typo_font_size_tablet":0,"ocean_menu_typo_font_size_mobile":0,"ocean_menu_typo_font_size_unit":"px","ocean_menu_typo_font_weight":"","ocean_menu_typo_font_weight_tablet":"","ocean_menu_typo_font_weight_mobile":"","ocean_menu_typo_transform":"","ocean_menu_typo_transform_tablet":"","ocean_menu_typo_transform_mobile":"","ocean_menu_typo_line_height":0,"ocean_menu_typo_line_height_tablet":0,"ocean_menu_typo_line_height_mobile":0,"ocean_menu_typo_line_height_unit":"","ocean_menu_typo_spacing":0,"ocean_menu_typo_spacing_tablet":0,"ocean_menu_typo_spacing_mobile":0,"ocean_menu_typo_spacing_unit":"","ocean_menu_link_color":"","ocean_menu_link_color_hover":"","ocean_menu_link_color_active":"","ocean_menu_link_background":"","ocean_menu_link_hover_background":"","ocean_menu_link_active_background":"","ocean_menu_social_links_bg":"","ocean_menu_social_hover_links_bg":"","ocean_menu_social_links_color":"","ocean_menu_social_hover_links_color":"","ocean_disable_title":"default","ocean_disable_heading":"default","ocean_post_title":"","ocean_post_subheading":"","ocean_post_title_style":"","ocean_post_title_background_color":"","ocean_post_title_background":0,"ocean_post_title_bg_image_position":"","ocean_post_title_bg_image_attachment":"","ocean_post_title_bg_image_repeat":"","ocean_post_title_bg_image_size":"","ocean_post_title_height":0,"ocean_post_title_bg_overlay":0.5,"ocean_post_title_bg_overlay_color":"","ocean_disable_breadcrumbs":"default","ocean_breadcrumbs_color":"","ocean_breadcrumbs_separator_color":"","ocean_breadcrumbs_links_color":"","ocean_breadcrumbs_links_hover_color":"","ocean_display_footer_widgets":"default","ocean_display_footer_bottom":"default","ocean_custom_footer_template":"0"},"product_brand":[],"product_cat":[89],"product_tag":[],"class_list":{"0":"post-24885","1":"product","2":"type-product","3":"status-publish","4":"has-post-thumbnail","6":"product_cat-der-neue-lichtkoerper-aufbaukurse","8":"entry","9":"has-media","11":"first","12":"instock","13":"downloadable","14":"virtual","15":"purchasable","16":"product-type-simple","17":"col","18":"span_1_of_3","19":"owp-content-center","20":"item-entry","21":"owp-thumbs-layout-horizontal","22":"owp-btn-normal","23":"owp-tabs-layout-section","24":"has-no-thumbnails","25":"circle-sale"},"acf":[],"yoast_head":"<!-- This site is optimized with the Yoast SEO plugin v27.5 - https:\/\/yoast.com\/product\/yoast-seo-wordpress\/ -->\n<title>Der Holographische Lichtk\u00f6rper 1 &#8902; Lightflow Academy by Cecilia Sifontes<\/title>\n<meta name=\"robots\" content=\"index, follow, max-snippet:-1, max-image-preview:large, max-video-preview:-1\" \/>\n<link rel=\"canonical\" href=\"https:\/\/lightflow.info\/de\/produkt\/der-holographische-lichtkoerper-1\/\" \/>\n<meta property=\"og:locale\" content=\"de_DE\" \/>\n<meta property=\"og:type\" content=\"article\" \/>\n<meta property=\"og:title\" content=\"Der Holographische Lichtk\u00f6rper 1 &#8902; Lightflow Academy by Cecilia Sifontes\" \/>\n<meta property=\"og:description\" content=\"In diesem recht fortgeschrittenen Kurs wirst du gef\u00fchrt, um mit den sieben neuen Lichtk\u00f6rpern zu arbeiten, welche aus anderen Multiversen kommen. Diese Meditationen k\u00f6nnen abstrakt erscheinen, obwohl sie sehr wirkliche Auswirkungen auf dein Licht haben werden. Ein anderer Effekt ist, dass du damit beginnen wirst, neue Sinne aufzubauen, die deinen physischen, mentalen oder emotionellen Sinnen nicht \u00e4hneln und sich auch nicht auf Licht beziehen. Der Rat der Sch\u00f6pfung sagt, dass dies ein Meilenstein in der Evolution \u00fcberall in den Multiversen ist.\" \/>\n<meta property=\"og:url\" content=\"https:\/\/lightflow.info\/de\/produkt\/der-holographische-lichtkoerper-1\/\" \/>\n<meta property=\"og:site_name\" content=\"Lightflow Academy by Cecilia Sifontes\" \/>\n<meta property=\"article:modified_time\" content=\"2026-02-15T10:51:11+00:00\" \/>\n<meta property=\"og:image\" content=\"https:\/\/lightflow.info\/wp-content\/uploads\/C3-SC2-P7-G_SIF81G-Holografischer-Lichtkoerper.webp\" \/>\n\t<meta property=\"og:image:width\" content=\"800\" \/>\n\t<meta property=\"og:image:height\" content=\"800\" \/>\n\t<meta property=\"og:image:type\" content=\"image\/webp\" \/>\n<meta name=\"twitter:card\" content=\"summary_large_image\" \/>\n<meta name=\"twitter:label1\" content=\"Gesch\u00e4tzte Lesezeit\" \/>\n\t<meta name=\"twitter:data1\" content=\"3\u00a0Minuten\" \/>\n<script type=\"application\/ld+json\" class=\"yoast-schema-graph\">{\"@context\":\"https:\\\/\\\/schema.org\",\"@graph\":[{\"@type\":\"WebPage\",\"@id\":\"https:\\\/\\\/lightflow.info\\\/de\\\/produkt\\\/der-holographische-lichtkoerper-1\\\/\",\"url\":\"https:\\\/\\\/lightflow.info\\\/de\\\/produkt\\\/der-holographische-lichtkoerper-1\\\/\",\"name\":\"Der Holographische Lichtk\u00f6rper 1 &#8902; Lightflow Academy by Cecilia Sifontes\",\"isPartOf\":{\"@id\":\"https:\\\/\\\/lightflow.info\\\/de\\\/#website\"},\"primaryImageOfPage\":{\"@id\":\"https:\\\/\\\/lightflow.info\\\/de\\\/produkt\\\/der-holographische-lichtkoerper-1\\\/#primaryimage\"},\"image\":{\"@id\":\"https:\\\/\\\/lightflow.info\\\/de\\\/produkt\\\/der-holographische-lichtkoerper-1\\\/#primaryimage\"},\"thumbnailUrl\":\"https:\\\/\\\/lightflow.info\\\/wp-content\\\/uploads\\\/C3-SC2-P7-G_SIF81G-Holografischer-Lichtkoerper.webp\",\"datePublished\":\"2025-12-09T19:50:52+00:00\",\"dateModified\":\"2026-02-15T10:51:11+00:00\",\"breadcrumb\":{\"@id\":\"https:\\\/\\\/lightflow.info\\\/de\\\/produkt\\\/der-holographische-lichtkoerper-1\\\/#breadcrumb\"},\"inLanguage\":\"de\",\"potentialAction\":[{\"@type\":\"ReadAction\",\"target\":[\"https:\\\/\\\/lightflow.info\\\/de\\\/produkt\\\/der-holographische-lichtkoerper-1\\\/\"]}]},{\"@type\":\"ImageObject\",\"inLanguage\":\"de\",\"@id\":\"https:\\\/\\\/lightflow.info\\\/de\\\/produkt\\\/der-holographische-lichtkoerper-1\\\/#primaryimage\",\"url\":\"https:\\\/\\\/lightflow.info\\\/wp-content\\\/uploads\\\/C3-SC2-P7-G_SIF81G-Holografischer-Lichtkoerper.webp\",\"contentUrl\":\"https:\\\/\\\/lightflow.info\\\/wp-content\\\/uploads\\\/C3-SC2-P7-G_SIF81G-Holografischer-Lichtkoerper.webp\",\"width\":800,\"height\":800},{\"@type\":\"BreadcrumbList\",\"@id\":\"https:\\\/\\\/lightflow.info\\\/de\\\/produkt\\\/der-holographische-lichtkoerper-1\\\/#breadcrumb\",\"itemListElement\":[{\"@type\":\"ListItem\",\"position\":1,\"name\":\"Home\",\"item\":\"https:\\\/\\\/lightflow.info\\\/de\\\/\"},{\"@type\":\"ListItem\",\"position\":2,\"name\":\"Shop\",\"item\":\"https:\\\/\\\/lightflow.info\\\/de\\\/shop\\\/\"},{\"@type\":\"ListItem\",\"position\":3,\"name\":\"Erwecke deinen Lichtk\u00f6rper\",\"item\":\"https:\\\/\\\/lightflow.info\\\/de\\\/kategorie\\\/erwecke-deinen-lichtkoerper\\\/\"},{\"@type\":\"ListItem\",\"position\":4,\"name\":\"Der Neue Lichtk\u00f6rper - Aufbaukurse\",\"item\":\"https:\\\/\\\/lightflow.info\\\/de\\\/kategorie\\\/erwecke-deinen-lichtkoerper\\\/der-neue-lichtkoerper-aufbaukurse\\\/\"},{\"@type\":\"ListItem\",\"position\":5,\"name\":\"Der Holographische Lichtk\u00f6rper 1\"}]},{\"@type\":\"WebSite\",\"@id\":\"https:\\\/\\\/lightflow.info\\\/de\\\/#website\",\"url\":\"https:\\\/\\\/lightflow.info\\\/de\\\/\",\"name\":\"Lightflow Academy by Cecilia Sifontes\",\"description\":\"Awakening Lightworkers and Masters\",\"alternateName\":\"Lightflow\",\"potentialAction\":[{\"@type\":\"SearchAction\",\"target\":{\"@type\":\"EntryPoint\",\"urlTemplate\":\"https:\\\/\\\/lightflow.info\\\/de\\\/?s={search_term_string}\"},\"query-input\":{\"@type\":\"PropertyValueSpecification\",\"valueRequired\":true,\"valueName\":\"search_term_string\"}}],\"inLanguage\":\"de\"}]}<\/script>\n<!-- \/ Yoast SEO plugin. -->","yoast_head_json":{"title":"Der Holographische Lichtk\u00f6rper 1 &#8902; Lightflow Academy by Cecilia Sifontes","robots":{"index":"index","follow":"follow","max-snippet":"max-snippet:-1","max-image-preview":"max-image-preview:large","max-video-preview":"max-video-preview:-1"},"canonical":"https:\/\/lightflow.info\/de\/produkt\/der-holographische-lichtkoerper-1\/","og_locale":"de_DE","og_type":"article","og_title":"Der Holographische Lichtk\u00f6rper 1 &#8902; Lightflow Academy by Cecilia Sifontes","og_description":"In diesem recht fortgeschrittenen Kurs wirst du gef\u00fchrt, um mit den sieben neuen Lichtk\u00f6rpern zu arbeiten, welche aus anderen Multiversen kommen. Diese Meditationen k\u00f6nnen abstrakt erscheinen, obwohl sie sehr wirkliche Auswirkungen auf dein Licht haben werden. Ein anderer Effekt ist, dass du damit beginnen wirst, neue Sinne aufzubauen, die deinen physischen, mentalen oder emotionellen Sinnen nicht \u00e4hneln und sich auch nicht auf Licht beziehen. Der Rat der Sch\u00f6pfung sagt, dass dies ein Meilenstein in der Evolution \u00fcberall in den Multiversen ist.","og_url":"https:\/\/lightflow.info\/de\/produkt\/der-holographische-lichtkoerper-1\/","og_site_name":"Lightflow Academy by Cecilia Sifontes","article_modified_time":"2026-02-15T10:51:11+00:00","og_image":[{"width":800,"height":800,"url":"https:\/\/lightflow.info\/wp-content\/uploads\/C3-SC2-P7-G_SIF81G-Holografischer-Lichtkoerper.webp","type":"image\/webp"}],"twitter_card":"summary_large_image","twitter_misc":{"Gesch\u00e4tzte Lesezeit":"3\u00a0Minuten"},"schema":{"@context":"https:\/\/schema.org","@graph":[{"@type":"WebPage","@id":"https:\/\/lightflow.info\/de\/produkt\/der-holographische-lichtkoerper-1\/","url":"https:\/\/lightflow.info\/de\/produkt\/der-holographische-lichtkoerper-1\/","name":"Der Holographische Lichtk\u00f6rper 1 &#8902; Lightflow Academy by Cecilia Sifontes","isPartOf":{"@id":"https:\/\/lightflow.info\/de\/#website"},"primaryImageOfPage":{"@id":"https:\/\/lightflow.info\/de\/produkt\/der-holographische-lichtkoerper-1\/#primaryimage"},"image":{"@id":"https:\/\/lightflow.info\/de\/produkt\/der-holographische-lichtkoerper-1\/#primaryimage"},"thumbnailUrl":"https:\/\/lightflow.info\/wp-content\/uploads\/C3-SC2-P7-G_SIF81G-Holografischer-Lichtkoerper.webp","datePublished":"2025-12-09T19:50:52+00:00","dateModified":"2026-02-15T10:51:11+00:00","breadcrumb":{"@id":"https:\/\/lightflow.info\/de\/produkt\/der-holographische-lichtkoerper-1\/#breadcrumb"},"inLanguage":"de","potentialAction":[{"@type":"ReadAction","target":["https:\/\/lightflow.info\/de\/produkt\/der-holographische-lichtkoerper-1\/"]}]},{"@type":"ImageObject","inLanguage":"de","@id":"https:\/\/lightflow.info\/de\/produkt\/der-holographische-lichtkoerper-1\/#primaryimage","url":"https:\/\/lightflow.info\/wp-content\/uploads\/C3-SC2-P7-G_SIF81G-Holografischer-Lichtkoerper.webp","contentUrl":"https:\/\/lightflow.info\/wp-content\/uploads\/C3-SC2-P7-G_SIF81G-Holografischer-Lichtkoerper.webp","width":800,"height":800},{"@type":"BreadcrumbList","@id":"https:\/\/lightflow.info\/de\/produkt\/der-holographische-lichtkoerper-1\/#breadcrumb","itemListElement":[{"@type":"ListItem","position":1,"name":"Home","item":"https:\/\/lightflow.info\/de\/"},{"@type":"ListItem","position":2,"name":"Shop","item":"https:\/\/lightflow.info\/de\/shop\/"},{"@type":"ListItem","position":3,"name":"Erwecke deinen Lichtk\u00f6rper","item":"https:\/\/lightflow.info\/de\/kategorie\/erwecke-deinen-lichtkoerper\/"},{"@type":"ListItem","position":4,"name":"Der Neue Lichtk\u00f6rper - Aufbaukurse","item":"https:\/\/lightflow.info\/de\/kategorie\/erwecke-deinen-lichtkoerper\/der-neue-lichtkoerper-aufbaukurse\/"},{"@type":"ListItem","position":5,"name":"Der Holographische Lichtk\u00f6rper 1"}]},{"@type":"WebSite","@id":"https:\/\/lightflow.info\/de\/#website","url":"https:\/\/lightflow.info\/de\/","name":"Lightflow Academy by Cecilia Sifontes","description":"Awakening Lightworkers and Masters","alternateName":"Lightflow","potentialAction":[{"@type":"SearchAction","target":{"@type":"EntryPoint","urlTemplate":"https:\/\/lightflow.info\/de\/?s={search_term_string}"},"query-input":{"@type":"PropertyValueSpecification","valueRequired":true,"valueName":"search_term_string"}}],"inLanguage":"de"}]}},"_links":{"self":[{"href":"https:\/\/lightflow.info\/de\/wp-json\/wp\/v2\/product\/24885","targetHints":{"allow":["GET"]}}],"collection":[{"href":"https:\/\/lightflow.info\/de\/wp-json\/wp\/v2\/product"}],"about":[{"href":"https:\/\/lightflow.info\/de\/wp-json\/wp\/v2\/types\/product"}],"version-history":[{"count":0,"href":"https:\/\/lightflow.info\/de\/wp-json\/wp\/v2\/product\/24885\/revisions"}],"wp:featuredmedia":[{"embeddable":true,"href":"https:\/\/lightflow.info\/de\/wp-json\/wp\/v2\/media\/33011"}],"wp:attachment":[{"href":"https:\/\/lightflow.info\/de\/wp-json\/wp\/v2\/media?parent=24885"}],"wp:term":[{"taxonomy":"product_brand","embeddable":true,"href":"https:\/\/lightflow.info\/de\/wp-json\/wp\/v2\/product_brand?post=24885"},{"taxonomy":"product_cat","embeddable":true,"href":"https:\/\/lightflow.info\/de\/wp-json\/wp\/v2\/product_cat?post=24885"},{"taxonomy":"product_tag","embeddable":true,"href":"https:\/\/lightflow.info\/de\/wp-json\/wp\/v2\/product_tag?post=24885"}],"curies":[{"name":"wp","href":"https:\/\/api.w.org\/{rel}","templated":true}]}}