{"id":24889,"date":"2025-12-09T20:49:22","date_gmt":"2025-12-09T19:49:22","guid":{"rendered":"https:\/\/lightflow.info\/?post_type=product&#038;p=24889"},"modified":"2026-02-19T18:16:30","modified_gmt":"2026-02-19T17:16:30","slug":"das-verbindende-licht-gottes","status":"publish","type":"product","link":"https:\/\/lightflow.info\/de\/produkt\/das-verbindende-licht-gottes\/","title":{"rendered":"Das verbindende Licht Gottes"},"content":{"rendered":"<p>Das verbindende Licht Gottes*(der G\u00f6ttin)* wird uns in h\u00f6here Dimensionen erheben, als wir je zuvor zu erforschen f\u00e4hig waren. Dieses Licht verbindet all unsere h\u00f6heren Aspekte und bef\u00e4higt diese, miteinander zu kommunizieren, w\u00e4hrend es die riesige Form unseres multiplen Selbst in der Sch\u00f6pfung h\u00e4lt. Das verbindende Licht Gottes ist ein Licht, das alles in der Existenz zusammenbringt. Es kommuniziert mit jeglicher Lichtform, sodass keine vergessen geht und h\u00e4lt die Bilder der verschiedenen Sch\u00f6pfungen in ihrem Ton und ihrer Vibration. Indem du beginnst dieses Licht in deinen Lichtk\u00f6rper zu bringen, wird sich dein Verst\u00e4ndnis der Realit\u00e4t erh\u00f6hen, denn du wirst dessen Bilder in deinem Licht haben. Dies kann zu einer klareren Kommunikation zwischen dir als Person auf der Erde und allen h\u00f6heren Aspekten von dir f\u00fchren. Indem du dies in deinem Lichtk\u00f6rper integrierst, zeigst du den Wesen in den h\u00f6heren Dimensionen, dass du bereit bist f\u00fcr mehr Inspiration, Licht, g\u00f6ttliche Pr\u00e4senz und mehr. Dies kann sich dann in deinem Alltagsleben wiederspiegeln.<\/p>\n<p>* Es steht dir frei, dieses Wort mit jeglichem anderen Wort auszutauschen, das dir besser liegt. Das Wort &#8222;Gott&#8220;, so wie es meine geistigen F\u00fchrer anwenden, ist nicht mit irgendeiner Religion oder einem Glaubenssystem verbunden und dient nur als Weg, dieses hohe und wundervolle Licht zu finden.<\/p>\n<p><strong>Welche Schl\u00fcsselerlebnisse kannst du erwarten?<\/strong><\/p>\n<p>\u2022 Treffe Gott der gesamten Sch\u00f6pfung, Belebung der G\u00f6ttlichkeit<br \/>\n\u2022 Erforsche alles was du bist<br \/>\n\u2022 Sequenz an Leben, der G\u00f6ttlichkeit durch die Zeit hindurch einen Schub geben<br \/>\n\u2022 Superflow, Erschaffung deiner eigenen Dimension<br \/>\n\u2022 Kommunikation mit dem Gott\/G\u00f6ttin, Ewiges Selbst<br \/>\n\u2022 Hingabe an h\u00f6here Kr\u00e4fte<br \/>\n\u2022 Das Netz der Menschheit, Erleuchtung der Menschheit<br \/>\n\u2022 Das eine Leben, g\u00f6ttliche Blaupause, g\u00f6ttliche Cluster des Lichts<br \/>\n\u2022 Lebendige G\u00f6ttlichkeit, Einssein<br \/>\n\u2022 Die Geschichte der Menschheit neu schreiben<br \/>\n\u2022 Das physische und spirituelle Leben harmonisieren<br \/>\n\u2022 Erh\u00f6hte F\u00e4higkeit Licht zu kommunizieren<br \/>\n\u2022 Aufbau von Strukturen um Licht zu erhalten und zu \u00fcbertragen<br \/>\n\u2022 Arbeit mit dem Mastermind der Sch\u00f6pfung<br \/>\n\u2022 Besuch des Spielplatzes des Gottes\/der G\u00f6ttin<br \/>\n\u2022 St\u00e4rkung der Gitter im Multiversum<br \/>\n\u2022 Himmlische T\u00f6ne der Harmonie<br \/>\n\u2022 Die Wirklichkeit zur\u00fcck ins Eins bringen<\/p>\n<p><strong>Voraussetzung: <\/strong><a href=\"https:\/\/lightflow.info\/de\/der-neue-lichtkoerper-basis\/\" target=\"_blank\" rel=\"noopener\">Der neue Lichtk\u00f6rper \u2013 Strahlen der Erleuchtung &amp; G\u00f6ttlichkeit<\/a><\/p>\n<p>Eine erweiterte Stufe dieses Kurses ist dir zug\u00e4nglich, sobald du den erweiterten Lichtk\u00f6rperkurs \u201c<a href=\"https:\/\/lightflow.info\/de\/der-neue-lichtkoerper-erweiterte-techniken\/\" target=\"_blank\" rel=\"noopener\">Sch\u00f6pfer werden<\/a>\u201d absolviert hast und kann erworben werden, indem du ein <a href=\"https:\/\/lightflow.info\/de\/kontakt\/\">Nachricht an Cecilia<\/a> schickst. Diese Stufe beinhaltet eine weitere Meditation auf Englisch mit konsekutiver deutscher \u00dcbersetzung.<\/p>\n<p><strong>Dieser Kurs beinhaltet 15 gef\u00fchrte Meditation auf Englisch mit deutscher \u00dcbersetzung. Enthaltene Meditationen:<\/strong><\/p>\n<p>01 Seele verbindet verbindendes Licht Gottes (VLG) in den Lichtk\u00f6rper<br \/>\n02 Seele verbindet verbindendes Licht Gottes in Sequentielles Licht<br \/>\n03 Seele in die Grenzen der Existenz ausdehnen; werden durch Seele erforscht und vorbereitet<br \/>\n04 Verbindendes Licht Gottes in die physische Teilchen des Sequentiellen Lichts<br \/>\n05 Gott aller Sch\u00f6pfung bringt verbindendes Licht Gottes in all seine Aspekte, w\u00e4hrend er dich in der Quelle beobachtet<br \/>\n06 Vorbereitung f\u00fcr die Nacht<br \/>\n07 Seele verbindet verbindendes Licht Gottes in Strahl 1-9, Feld 1, ZGK + GBP<br \/>\n08 Verbindung des Licht Gottes zu den Strahlen 13-17, 20-21 und in die Felder 6<br \/>\n09 Forme neue und harmonische Teilchencluster im sequenziellen Licht der Gruppe an Teilnehmer<br \/>\n10 Deine Seele verbindet das Licht Gottes mit den Feldern 2, 5, 4, 7, Rays 12 &amp; 11<br \/>\n11 Seele, Quelle und Gott aller Sch\u00f6pfung verankern ein \u00dcbertragungsinstrument und bringen VLG aus jedem Teilchen im SL im Instrument an<br \/>\n12 VLG in die Cocons, Antennen, S18, S19, S10, S25. Ich bin bereit, ich bin die Ver\u00e4nderung nach der du, Gott aller Sch\u00f6pfung<br \/>\n13 Erfahre das Eine Leben deiner Seele im Netz<br \/>\n14 Beobachte, wie die Teilchen der Menschheit ein neues Muster G\u00f6ttlicher Ordnung formen<br \/>\n15 Ende des Basisseminars, Spielzeug reparieren und zur\u00fcckbringen<\/p>\n","protected":false},"excerpt":{"rendered":"<p>Das verbindende Licht Gottes*(der G\u00f6ttin)* wird uns in h\u00f6here Dimensionen erheben, als wir je zuvor zu erforschen f\u00e4hig waren. Dieses Licht verbindet all unsere h\u00f6heren Aspekte und bef\u00e4higt diese, miteinander zu kommunizieren, w\u00e4hrend es die riesige Form unseres multiplen Selbst in der Sch\u00f6pfung h\u00e4lt. Das verbindende Licht Gottes ist ein Licht, das alles in der Existenz zusammenbringt.<\/p>\n","protected":false},"featured_media":33008,"template":"","meta":{"_acf_changed":false,"ocean_post_layout":"","ocean_both_sidebars_style":"","ocean_both_sidebars_content_width":0,"ocean_both_sidebars_sidebars_width":0,"ocean_sidebar":"0","ocean_second_sidebar":"0","ocean_disable_margins":"enable","ocean_add_body_class":"","ocean_shortcode_before_top_bar":"","ocean_shortcode_after_top_bar":"","ocean_shortcode_before_header":"","ocean_shortcode_after_header":"","ocean_has_shortcode":"","ocean_shortcode_after_title":"","ocean_shortcode_before_footer_widgets":"","ocean_shortcode_after_footer_widgets":"","ocean_shortcode_before_footer_bottom":"","ocean_shortcode_after_footer_bottom":"","ocean_display_top_bar":"default","ocean_display_header":"default","ocean_header_style":"","ocean_center_header_left_menu":"0","ocean_custom_header_template":"0","ocean_custom_logo":0,"ocean_custom_retina_logo":0,"ocean_custom_logo_max_width":0,"ocean_custom_logo_tablet_max_width":0,"ocean_custom_logo_mobile_max_width":0,"ocean_custom_logo_max_height":0,"ocean_custom_logo_tablet_max_height":0,"ocean_custom_logo_mobile_max_height":0,"ocean_header_custom_menu":"0","ocean_menu_typo_font_family":"0","ocean_menu_typo_font_subset":"","ocean_menu_typo_font_size":0,"ocean_menu_typo_font_size_tablet":0,"ocean_menu_typo_font_size_mobile":0,"ocean_menu_typo_font_size_unit":"px","ocean_menu_typo_font_weight":"","ocean_menu_typo_font_weight_tablet":"","ocean_menu_typo_font_weight_mobile":"","ocean_menu_typo_transform":"","ocean_menu_typo_transform_tablet":"","ocean_menu_typo_transform_mobile":"","ocean_menu_typo_line_height":0,"ocean_menu_typo_line_height_tablet":0,"ocean_menu_typo_line_height_mobile":0,"ocean_menu_typo_line_height_unit":"","ocean_menu_typo_spacing":0,"ocean_menu_typo_spacing_tablet":0,"ocean_menu_typo_spacing_mobile":0,"ocean_menu_typo_spacing_unit":"","ocean_menu_link_color":"","ocean_menu_link_color_hover":"","ocean_menu_link_color_active":"","ocean_menu_link_background":"","ocean_menu_link_hover_background":"","ocean_menu_link_active_background":"","ocean_menu_social_links_bg":"","ocean_menu_social_hover_links_bg":"","ocean_menu_social_links_color":"","ocean_menu_social_hover_links_color":"","ocean_disable_title":"default","ocean_disable_heading":"default","ocean_post_title":"","ocean_post_subheading":"","ocean_post_title_style":"","ocean_post_title_background_color":"","ocean_post_title_background":0,"ocean_post_title_bg_image_position":"","ocean_post_title_bg_image_attachment":"","ocean_post_title_bg_image_repeat":"","ocean_post_title_bg_image_size":"","ocean_post_title_height":0,"ocean_post_title_bg_overlay":0.5,"ocean_post_title_bg_overlay_color":"","ocean_disable_breadcrumbs":"default","ocean_breadcrumbs_color":"","ocean_breadcrumbs_separator_color":"","ocean_breadcrumbs_links_color":"","ocean_breadcrumbs_links_hover_color":"","ocean_display_footer_widgets":"default","ocean_display_footer_bottom":"default","ocean_custom_footer_template":"0"},"product_brand":[],"product_cat":[89],"product_tag":[],"class_list":{"0":"post-24889","1":"product","2":"type-product","3":"status-publish","4":"has-post-thumbnail","6":"product_cat-der-neue-lichtkoerper-aufbaukurse","8":"entry","9":"has-media","11":"first","12":"instock","13":"downloadable","14":"virtual","15":"purchasable","16":"product-type-simple","17":"col","18":"span_1_of_3","19":"owp-content-center","20":"item-entry","21":"owp-thumbs-layout-horizontal","22":"owp-btn-normal","23":"owp-tabs-layout-section","24":"has-no-thumbnails","25":"circle-sale"},"acf":[],"yoast_head":"<!-- This site is optimized with the Yoast SEO plugin v27.5 - https:\/\/yoast.com\/product\/yoast-seo-wordpress\/ -->\n<title>Das verbindende Licht Gottes &#8902; Lightflow Academy by Cecilia Sifontes<\/title>\n<meta name=\"robots\" content=\"index, follow, max-snippet:-1, max-image-preview:large, max-video-preview:-1\" \/>\n<link rel=\"canonical\" href=\"https:\/\/lightflow.info\/de\/produkt\/das-verbindende-licht-gottes\/\" \/>\n<meta property=\"og:locale\" content=\"de_DE\" \/>\n<meta property=\"og:type\" content=\"article\" \/>\n<meta property=\"og:title\" content=\"Das verbindende Licht Gottes &#8902; Lightflow Academy by Cecilia Sifontes\" \/>\n<meta property=\"og:description\" content=\"Das verbindende Licht Gottes*(der G\u00f6ttin)* wird uns in h\u00f6here Dimensionen erheben, als wir je zuvor zu erforschen f\u00e4hig waren. Dieses Licht verbindet all unsere h\u00f6heren Aspekte und bef\u00e4higt diese, miteinander zu kommunizieren, w\u00e4hrend es die riesige Form unseres multiplen Selbst in der Sch\u00f6pfung h\u00e4lt. Das verbindende Licht Gottes ist ein Licht, das alles in der Existenz zusammenbringt.\" \/>\n<meta property=\"og:url\" content=\"https:\/\/lightflow.info\/de\/produkt\/das-verbindende-licht-gottes\/\" \/>\n<meta property=\"og:site_name\" content=\"Lightflow Academy by Cecilia Sifontes\" \/>\n<meta property=\"article:modified_time\" content=\"2026-02-19T17:16:30+00:00\" \/>\n<meta property=\"og:image\" content=\"https:\/\/lightflow.info\/wp-content\/uploads\/C3-SC2-P4-G_SIF65G-Das-verbindene-Licht-Gottes.webp\" \/>\n\t<meta property=\"og:image:width\" content=\"800\" \/>\n\t<meta property=\"og:image:height\" content=\"800\" \/>\n\t<meta property=\"og:image:type\" content=\"image\/webp\" \/>\n<meta name=\"twitter:card\" content=\"summary_large_image\" \/>\n<meta name=\"twitter:label1\" content=\"Gesch\u00e4tzte Lesezeit\" \/>\n\t<meta name=\"twitter:data1\" content=\"3\u00a0Minuten\" \/>\n<script type=\"application\/ld+json\" class=\"yoast-schema-graph\">{\"@context\":\"https:\\\/\\\/schema.org\",\"@graph\":[{\"@type\":\"WebPage\",\"@id\":\"https:\\\/\\\/lightflow.info\\\/de\\\/produkt\\\/das-verbindende-licht-gottes\\\/\",\"url\":\"https:\\\/\\\/lightflow.info\\\/de\\\/produkt\\\/das-verbindende-licht-gottes\\\/\",\"name\":\"Das verbindende Licht Gottes &#8902; Lightflow Academy by Cecilia Sifontes\",\"isPartOf\":{\"@id\":\"https:\\\/\\\/lightflow.info\\\/de\\\/#website\"},\"primaryImageOfPage\":{\"@id\":\"https:\\\/\\\/lightflow.info\\\/de\\\/produkt\\\/das-verbindende-licht-gottes\\\/#primaryimage\"},\"image\":{\"@id\":\"https:\\\/\\\/lightflow.info\\\/de\\\/produkt\\\/das-verbindende-licht-gottes\\\/#primaryimage\"},\"thumbnailUrl\":\"https:\\\/\\\/lightflow.info\\\/wp-content\\\/uploads\\\/C3-SC2-P4-G_SIF65G-Das-verbindene-Licht-Gottes.webp\",\"datePublished\":\"2025-12-09T19:49:22+00:00\",\"dateModified\":\"2026-02-19T17:16:30+00:00\",\"breadcrumb\":{\"@id\":\"https:\\\/\\\/lightflow.info\\\/de\\\/produkt\\\/das-verbindende-licht-gottes\\\/#breadcrumb\"},\"inLanguage\":\"de\",\"potentialAction\":[{\"@type\":\"ReadAction\",\"target\":[\"https:\\\/\\\/lightflow.info\\\/de\\\/produkt\\\/das-verbindende-licht-gottes\\\/\"]}]},{\"@type\":\"ImageObject\",\"inLanguage\":\"de\",\"@id\":\"https:\\\/\\\/lightflow.info\\\/de\\\/produkt\\\/das-verbindende-licht-gottes\\\/#primaryimage\",\"url\":\"https:\\\/\\\/lightflow.info\\\/wp-content\\\/uploads\\\/C3-SC2-P4-G_SIF65G-Das-verbindene-Licht-Gottes.webp\",\"contentUrl\":\"https:\\\/\\\/lightflow.info\\\/wp-content\\\/uploads\\\/C3-SC2-P4-G_SIF65G-Das-verbindene-Licht-Gottes.webp\",\"width\":800,\"height\":800},{\"@type\":\"BreadcrumbList\",\"@id\":\"https:\\\/\\\/lightflow.info\\\/de\\\/produkt\\\/das-verbindende-licht-gottes\\\/#breadcrumb\",\"itemListElement\":[{\"@type\":\"ListItem\",\"position\":1,\"name\":\"Home\",\"item\":\"https:\\\/\\\/lightflow.info\\\/de\\\/\"},{\"@type\":\"ListItem\",\"position\":2,\"name\":\"Shop\",\"item\":\"https:\\\/\\\/lightflow.info\\\/de\\\/shop\\\/\"},{\"@type\":\"ListItem\",\"position\":3,\"name\":\"Erwecke deinen Lichtk\u00f6rper\",\"item\":\"https:\\\/\\\/lightflow.info\\\/de\\\/kategorie\\\/erwecke-deinen-lichtkoerper\\\/\"},{\"@type\":\"ListItem\",\"position\":4,\"name\":\"Der Neue Lichtk\u00f6rper - Aufbaukurse\",\"item\":\"https:\\\/\\\/lightflow.info\\\/de\\\/kategorie\\\/erwecke-deinen-lichtkoerper\\\/der-neue-lichtkoerper-aufbaukurse\\\/\"},{\"@type\":\"ListItem\",\"position\":5,\"name\":\"Das verbindende Licht Gottes\"}]},{\"@type\":\"WebSite\",\"@id\":\"https:\\\/\\\/lightflow.info\\\/de\\\/#website\",\"url\":\"https:\\\/\\\/lightflow.info\\\/de\\\/\",\"name\":\"Lightflow Academy by Cecilia Sifontes\",\"description\":\"Awakening Lightworkers and Masters\",\"alternateName\":\"Lightflow\",\"potentialAction\":[{\"@type\":\"SearchAction\",\"target\":{\"@type\":\"EntryPoint\",\"urlTemplate\":\"https:\\\/\\\/lightflow.info\\\/de\\\/?s={search_term_string}\"},\"query-input\":{\"@type\":\"PropertyValueSpecification\",\"valueRequired\":true,\"valueName\":\"search_term_string\"}}],\"inLanguage\":\"de\"}]}<\/script>\n<!-- \/ Yoast SEO plugin. -->","yoast_head_json":{"title":"Das verbindende Licht Gottes &#8902; Lightflow Academy by Cecilia Sifontes","robots":{"index":"index","follow":"follow","max-snippet":"max-snippet:-1","max-image-preview":"max-image-preview:large","max-video-preview":"max-video-preview:-1"},"canonical":"https:\/\/lightflow.info\/de\/produkt\/das-verbindende-licht-gottes\/","og_locale":"de_DE","og_type":"article","og_title":"Das verbindende Licht Gottes &#8902; Lightflow Academy by Cecilia Sifontes","og_description":"Das verbindende Licht Gottes*(der G\u00f6ttin)* wird uns in h\u00f6here Dimensionen erheben, als wir je zuvor zu erforschen f\u00e4hig waren. Dieses Licht verbindet all unsere h\u00f6heren Aspekte und bef\u00e4higt diese, miteinander zu kommunizieren, w\u00e4hrend es die riesige Form unseres multiplen Selbst in der Sch\u00f6pfung h\u00e4lt. Das verbindende Licht Gottes ist ein Licht, das alles in der Existenz zusammenbringt.","og_url":"https:\/\/lightflow.info\/de\/produkt\/das-verbindende-licht-gottes\/","og_site_name":"Lightflow Academy by Cecilia Sifontes","article_modified_time":"2026-02-19T17:16:30+00:00","og_image":[{"width":800,"height":800,"url":"https:\/\/lightflow.info\/wp-content\/uploads\/C3-SC2-P4-G_SIF65G-Das-verbindene-Licht-Gottes.webp","type":"image\/webp"}],"twitter_card":"summary_large_image","twitter_misc":{"Gesch\u00e4tzte Lesezeit":"3\u00a0Minuten"},"schema":{"@context":"https:\/\/schema.org","@graph":[{"@type":"WebPage","@id":"https:\/\/lightflow.info\/de\/produkt\/das-verbindende-licht-gottes\/","url":"https:\/\/lightflow.info\/de\/produkt\/das-verbindende-licht-gottes\/","name":"Das verbindende Licht Gottes &#8902; Lightflow Academy by Cecilia Sifontes","isPartOf":{"@id":"https:\/\/lightflow.info\/de\/#website"},"primaryImageOfPage":{"@id":"https:\/\/lightflow.info\/de\/produkt\/das-verbindende-licht-gottes\/#primaryimage"},"image":{"@id":"https:\/\/lightflow.info\/de\/produkt\/das-verbindende-licht-gottes\/#primaryimage"},"thumbnailUrl":"https:\/\/lightflow.info\/wp-content\/uploads\/C3-SC2-P4-G_SIF65G-Das-verbindene-Licht-Gottes.webp","datePublished":"2025-12-09T19:49:22+00:00","dateModified":"2026-02-19T17:16:30+00:00","breadcrumb":{"@id":"https:\/\/lightflow.info\/de\/produkt\/das-verbindende-licht-gottes\/#breadcrumb"},"inLanguage":"de","potentialAction":[{"@type":"ReadAction","target":["https:\/\/lightflow.info\/de\/produkt\/das-verbindende-licht-gottes\/"]}]},{"@type":"ImageObject","inLanguage":"de","@id":"https:\/\/lightflow.info\/de\/produkt\/das-verbindende-licht-gottes\/#primaryimage","url":"https:\/\/lightflow.info\/wp-content\/uploads\/C3-SC2-P4-G_SIF65G-Das-verbindene-Licht-Gottes.webp","contentUrl":"https:\/\/lightflow.info\/wp-content\/uploads\/C3-SC2-P4-G_SIF65G-Das-verbindene-Licht-Gottes.webp","width":800,"height":800},{"@type":"BreadcrumbList","@id":"https:\/\/lightflow.info\/de\/produkt\/das-verbindende-licht-gottes\/#breadcrumb","itemListElement":[{"@type":"ListItem","position":1,"name":"Home","item":"https:\/\/lightflow.info\/de\/"},{"@type":"ListItem","position":2,"name":"Shop","item":"https:\/\/lightflow.info\/de\/shop\/"},{"@type":"ListItem","position":3,"name":"Erwecke deinen Lichtk\u00f6rper","item":"https:\/\/lightflow.info\/de\/kategorie\/erwecke-deinen-lichtkoerper\/"},{"@type":"ListItem","position":4,"name":"Der Neue Lichtk\u00f6rper - Aufbaukurse","item":"https:\/\/lightflow.info\/de\/kategorie\/erwecke-deinen-lichtkoerper\/der-neue-lichtkoerper-aufbaukurse\/"},{"@type":"ListItem","position":5,"name":"Das verbindende Licht Gottes"}]},{"@type":"WebSite","@id":"https:\/\/lightflow.info\/de\/#website","url":"https:\/\/lightflow.info\/de\/","name":"Lightflow Academy by Cecilia Sifontes","description":"Awakening Lightworkers and Masters","alternateName":"Lightflow","potentialAction":[{"@type":"SearchAction","target":{"@type":"EntryPoint","urlTemplate":"https:\/\/lightflow.info\/de\/?s={search_term_string}"},"query-input":{"@type":"PropertyValueSpecification","valueRequired":true,"valueName":"search_term_string"}}],"inLanguage":"de"}]}},"_links":{"self":[{"href":"https:\/\/lightflow.info\/de\/wp-json\/wp\/v2\/product\/24889","targetHints":{"allow":["GET"]}}],"collection":[{"href":"https:\/\/lightflow.info\/de\/wp-json\/wp\/v2\/product"}],"about":[{"href":"https:\/\/lightflow.info\/de\/wp-json\/wp\/v2\/types\/product"}],"version-history":[{"count":0,"href":"https:\/\/lightflow.info\/de\/wp-json\/wp\/v2\/product\/24889\/revisions"}],"wp:featuredmedia":[{"embeddable":true,"href":"https:\/\/lightflow.info\/de\/wp-json\/wp\/v2\/media\/33008"}],"wp:attachment":[{"href":"https:\/\/lightflow.info\/de\/wp-json\/wp\/v2\/media?parent=24889"}],"wp:term":[{"taxonomy":"product_brand","embeddable":true,"href":"https:\/\/lightflow.info\/de\/wp-json\/wp\/v2\/product_brand?post=24889"},{"taxonomy":"product_cat","embeddable":true,"href":"https:\/\/lightflow.info\/de\/wp-json\/wp\/v2\/product_cat?post=24889"},{"taxonomy":"product_tag","embeddable":true,"href":"https:\/\/lightflow.info\/de\/wp-json\/wp\/v2\/product_tag?post=24889"}],"curies":[{"name":"wp","href":"https:\/\/api.w.org\/{rel}","templated":true}]}}