{"id":24897,"date":"2025-12-09T20:48:02","date_gmt":"2025-12-09T19:48:02","guid":{"rendered":"https:\/\/lightflow.info\/?post_type=product&#038;p=24897"},"modified":"2026-02-19T18:15:04","modified_gmt":"2026-02-19T17:15:04","slug":"der-fliesende-kristalline-koerper-ein-spiegel-fur-quellenlicht-werden","status":"publish","type":"product","link":"https:\/\/lightflow.info\/de\/produkt\/der-fliesende-kristalline-koerper-ein-spiegel-fur-quellenlicht-werden\/","title":{"rendered":"Der flie\u00dfende kristalline K\u00f6rper \u2013 ein Spiegel f\u00fcr Quellenlicht werden"},"content":{"rendered":"<p><strong>Ausgedehntes Gewahrsein<\/strong><br \/>\nDieser Kurs kann dein Gewahrsein weiter als je zuvor ausdehnen und dich unterst\u00fctzen, dich mit hohen Wesen, wie z.B. der Intelligenz, welche die Sch\u00f6pfung formte, zu verbinden. Du kannst mit ihnen arbeiten, um auf v\u00f6llig neue Weise Informationen aus h\u00f6heren Dimensionen zu erhalten. W\u00e4hrend du die vielen gechannelten Meditationen geniesst, die deiner Entwicklung dienen, assistierst du auch geistige F\u00fchrer darin, neues Potential im Erdgitter zu \u00f6ffnen, um fliessende, kristalline Energie zu empfangen. Auf diese Weise f\u00f6rderst du den Aufstiegsprozess f\u00fcr die gesamte Menschheit, w\u00e4hrend du erforschst, dass fliessende, kristalline Energien tats\u00e4chlich Teil daran haben, die Wirklichkeit zur\u00fcck ins Eins zu bewegen. W\u00e4hrend der letzten 10 Jahre wurden Wellen an fliessenden, kristallinen Energien in zunehmender Intensit\u00e4t verankert. Dies kann einer ausserordentlichen Transformation unseres Verstandes und dem Potential des Lichts einen Schub verleihen.<\/p>\n<p><strong>Welche Schl\u00fcsselerlebnisse kannst du erwarten?<\/strong><\/p>\n<p>\u2022 Bewusstsein in Ruhe, Gelgaslicht<br \/>\n\u2022 Fliessende Formen des Lichts, g\u00f6ttliche Teilchen<br \/>\n\u2022 Kristallines Licht, das kreative Vakuum<br \/>\n\u2022 Zellen des Superbewusstseins, fliessendes Bewusstseins<br \/>\n\u2022 Abtrennung entsch\u00e4rfen, mit der Quelle in Resonanz sein<br \/>\n\u2022 Das grosse Meister-Bewusstsein, Schablonen der Sch\u00f6pfung<br \/>\n\u2022 Das neue Nervensystem entwickeln, beruhigende Energien<br \/>\n\u2022 Die Herzstruktur des g\u00f6ttlichen Selbst<br \/>\n\u2022 Die Pulse und Impulse des Absoluten Wesens regulieren<br \/>\n\u2022 Bekr\u00e4ftigung, das Gitter des g\u00f6ttlichen Willens, Sch\u00f6pferf\u00e4higkeiten<br \/>\n\u2022 Kristalline Erleuchtung<br \/>\n\u2022 Frieden erschaffen, erh\u00f6hte Liebesf\u00e4higkeit<br \/>\n\u2022 Die Schablone des g\u00f6ttlichen Plans<\/p>\n<p><strong>Voraussetzung: <\/strong><a href=\"https:\/\/lightflow.info\/de\/der-neue-lichtkoerper-basis\/\" target=\"_blank\" rel=\"noopener\">Der neue Lichtk\u00f6rper \u2013 Strahlen der Erleuchtung &amp; G\u00f6ttlichkeit<\/a><\/p>\n<p>Eine erweiterte Stufe dieses Kurses ist dir zug\u00e4nglich, sobald du den erweiterten Lichtk\u00f6rperkurs \u201c<a href=\"https:\/\/lightflow.info\/de\/der-neue-lichtkoerper-erweiterte-techniken\/\" target=\"_blank\" rel=\"noopener\">Sch\u00f6pfer werden<\/a>\u201d absolviert hast und kann erworben werden, indem du ein <a href=\"https:\/\/lightflow.info\/de\/kontakt\/\">Nachricht an Cecilia<\/a> schickst. Diese Stufe beinhaltet eine weitere Meditation auf Englisch mit konsekutiver deutscher \u00dcbersetzung.<\/p>\n<p><strong>Dieser Kurs beinhaltet 16 gef\u00fchrte Meditation auf Englisch mit deutscher \u00dcbersetzung. Enthaltene Meditationen:<\/strong><\/p>\n<p>01 Fliessende Formen und kreatives Vakuum<br \/>\n02 Wie du dich dem fliessenden Kristallinen K\u00f6rper ann\u00e4hern kannst<br \/>\n03 Arbeite mit der Quelle um fliessende Formen f\u00fcr den Lichk\u00f6rpr und seine Teilchen zu erschaffen<br \/>\n04 Erkl\u00e4rendes Gespr\u00e4ch durch die H\u00f6heren Lichtkommandos<br \/>\n05 Bewege Gehirnzellen in fliesssendes Sein und erweitere die Wahrnehmung der Impulse vom Abs. Wesen<br \/>\n06 Kurzes Gespr\u00e4ch \u00fcber die Arbeit w\u00e4hrend der Nacht, am ersten Tag<br \/>\n07 Erweitere die Antwort des Gehirns auf Gelgas, Impulse von der Absolute Wesen und Christusbewusstsein<br \/>\n08 Kurzes Gespr\u00e4ch \u00fcber die Angleichung des Gehirns mit dem Urspr\u00fcnglichen Plan<br \/>\n09 Kurzes Gespr\u00e4ch; Aktiviere dein Meisterbewusstsein<br \/>\n10 Erweiterung in das G\u00f6ttliche Selbst<br \/>\n11 Mache die Kristalle fliessend<br \/>\n12 Quelle von Innen und von Aussen<br \/>\n13 Erinnere dich des fliessenden Kristallinen K\u00f6rpers<br \/>\n14 Rufe die Seelen der Menschheit abzusteigen<br \/>\n15 Originalplan der Menschheit<br \/>\n16 Kurzes Abschlussgespr\u00e4ch vom H\u00f6heren Kommando des Lichts<\/p>\n","protected":false},"excerpt":{"rendered":"<p>Dieser Kurs kann dein Gewahrsein weiter als je zuvor ausdehnen und dich unterst\u00fctzen, dich mit hohen Wesen, wie z.B. der Intelligenz, welche die Sch\u00f6pfung formte, zu verbinden. Du kannst mit ihnen arbeiten, um auf v\u00f6llig neue Weise Informationen aus h\u00f6heren Dimensionen zu erhalten.<\/p>\n","protected":false},"featured_media":32887,"template":"","meta":{"_acf_changed":false,"ocean_post_layout":"","ocean_both_sidebars_style":"","ocean_both_sidebars_content_width":0,"ocean_both_sidebars_sidebars_width":0,"ocean_sidebar":"0","ocean_second_sidebar":"0","ocean_disable_margins":"enable","ocean_add_body_class":"","ocean_shortcode_before_top_bar":"","ocean_shortcode_after_top_bar":"","ocean_shortcode_before_header":"","ocean_shortcode_after_header":"","ocean_has_shortcode":"","ocean_shortcode_after_title":"","ocean_shortcode_before_footer_widgets":"","ocean_shortcode_after_footer_widgets":"","ocean_shortcode_before_footer_bottom":"","ocean_shortcode_after_footer_bottom":"","ocean_display_top_bar":"default","ocean_display_header":"default","ocean_header_style":"","ocean_center_header_left_menu":"0","ocean_custom_header_template":"0","ocean_custom_logo":0,"ocean_custom_retina_logo":0,"ocean_custom_logo_max_width":0,"ocean_custom_logo_tablet_max_width":0,"ocean_custom_logo_mobile_max_width":0,"ocean_custom_logo_max_height":0,"ocean_custom_logo_tablet_max_height":0,"ocean_custom_logo_mobile_max_height":0,"ocean_header_custom_menu":"0","ocean_menu_typo_font_family":"0","ocean_menu_typo_font_subset":"","ocean_menu_typo_font_size":0,"ocean_menu_typo_font_size_tablet":0,"ocean_menu_typo_font_size_mobile":0,"ocean_menu_typo_font_size_unit":"px","ocean_menu_typo_font_weight":"","ocean_menu_typo_font_weight_tablet":"","ocean_menu_typo_font_weight_mobile":"","ocean_menu_typo_transform":"","ocean_menu_typo_transform_tablet":"","ocean_menu_typo_transform_mobile":"","ocean_menu_typo_line_height":0,"ocean_menu_typo_line_height_tablet":0,"ocean_menu_typo_line_height_mobile":0,"ocean_menu_typo_line_height_unit":"","ocean_menu_typo_spacing":0,"ocean_menu_typo_spacing_tablet":0,"ocean_menu_typo_spacing_mobile":0,"ocean_menu_typo_spacing_unit":"","ocean_menu_link_color":"","ocean_menu_link_color_hover":"","ocean_menu_link_color_active":"","ocean_menu_link_background":"","ocean_menu_link_hover_background":"","ocean_menu_link_active_background":"","ocean_menu_social_links_bg":"","ocean_menu_social_hover_links_bg":"","ocean_menu_social_links_color":"","ocean_menu_social_hover_links_color":"","ocean_disable_title":"default","ocean_disable_heading":"default","ocean_post_title":"","ocean_post_subheading":"","ocean_post_title_style":"","ocean_post_title_background_color":"","ocean_post_title_background":0,"ocean_post_title_bg_image_position":"","ocean_post_title_bg_image_attachment":"","ocean_post_title_bg_image_repeat":"","ocean_post_title_bg_image_size":"","ocean_post_title_height":0,"ocean_post_title_bg_overlay":0.5,"ocean_post_title_bg_overlay_color":"","ocean_disable_breadcrumbs":"default","ocean_breadcrumbs_color":"","ocean_breadcrumbs_separator_color":"","ocean_breadcrumbs_links_color":"","ocean_breadcrumbs_links_hover_color":"","ocean_display_footer_widgets":"default","ocean_display_footer_bottom":"default","ocean_custom_footer_template":"0"},"product_brand":[],"product_cat":[89],"product_tag":[],"class_list":{"0":"post-24897","1":"product","2":"type-product","3":"status-publish","4":"has-post-thumbnail","6":"product_cat-der-neue-lichtkoerper-aufbaukurse","8":"entry","9":"has-media","11":"first","12":"instock","13":"downloadable","14":"virtual","15":"purchasable","16":"product-type-simple","17":"col","18":"span_1_of_3","19":"owp-content-center","20":"item-entry","21":"owp-thumbs-layout-horizontal","22":"owp-btn-normal","23":"owp-tabs-layout-section","24":"has-no-thumbnails","25":"circle-sale"},"acf":[],"yoast_head":"<!-- This site is optimized with the Yoast SEO plugin v27.5 - https:\/\/yoast.com\/product\/yoast-seo-wordpress\/ -->\n<title>Der flie\u00dfende kristalline K\u00f6rper \u2013 ein Spiegel f\u00fcr Quellenlicht werden &#8902; Lightflow Academy by Cecilia Sifontes<\/title>\n<meta name=\"robots\" content=\"index, follow, max-snippet:-1, max-image-preview:large, max-video-preview:-1\" \/>\n<link rel=\"canonical\" href=\"https:\/\/lightflow.info\/de\/produkt\/der-fliesende-kristalline-koerper-ein-spiegel-fur-quellenlicht-werden\/\" \/>\n<meta property=\"og:locale\" content=\"de_DE\" \/>\n<meta property=\"og:type\" content=\"article\" \/>\n<meta property=\"og:title\" content=\"Der flie\u00dfende kristalline K\u00f6rper \u2013 ein Spiegel f\u00fcr Quellenlicht werden &#8902; Lightflow Academy by Cecilia Sifontes\" \/>\n<meta property=\"og:description\" content=\"Dieser Kurs kann dein Gewahrsein weiter als je zuvor ausdehnen und dich unterst\u00fctzen, dich mit hohen Wesen, wie z.B. der Intelligenz, welche die Sch\u00f6pfung formte, zu verbinden. Du kannst mit ihnen arbeiten, um auf v\u00f6llig neue Weise Informationen aus h\u00f6heren Dimensionen zu erhalten.\" \/>\n<meta property=\"og:url\" content=\"https:\/\/lightflow.info\/de\/produkt\/der-fliesende-kristalline-koerper-ein-spiegel-fur-quellenlicht-werden\/\" \/>\n<meta property=\"og:site_name\" content=\"Lightflow Academy by Cecilia Sifontes\" \/>\n<meta property=\"article:modified_time\" content=\"2026-02-19T17:15:04+00:00\" \/>\n<meta property=\"og:image\" content=\"https:\/\/lightflow.info\/wp-content\/uploads\/C3-SC2-P2-G_SIF54G-Der-fliessende-kristalline-Korper.webp\" \/>\n\t<meta property=\"og:image:width\" content=\"800\" \/>\n\t<meta property=\"og:image:height\" content=\"800\" \/>\n\t<meta property=\"og:image:type\" content=\"image\/webp\" \/>\n<meta name=\"twitter:card\" content=\"summary_large_image\" \/>\n<meta name=\"twitter:label1\" content=\"Gesch\u00e4tzte Lesezeit\" \/>\n\t<meta name=\"twitter:data1\" content=\"3\u00a0Minuten\" \/>\n<script type=\"application\/ld+json\" class=\"yoast-schema-graph\">{\"@context\":\"https:\\\/\\\/schema.org\",\"@graph\":[{\"@type\":\"WebPage\",\"@id\":\"https:\\\/\\\/lightflow.info\\\/de\\\/produkt\\\/der-fliesende-kristalline-koerper-ein-spiegel-fur-quellenlicht-werden\\\/\",\"url\":\"https:\\\/\\\/lightflow.info\\\/de\\\/produkt\\\/der-fliesende-kristalline-koerper-ein-spiegel-fur-quellenlicht-werden\\\/\",\"name\":\"Der flie\u00dfende kristalline K\u00f6rper \u2013 ein Spiegel f\u00fcr Quellenlicht werden &#8902; Lightflow Academy by Cecilia Sifontes\",\"isPartOf\":{\"@id\":\"https:\\\/\\\/lightflow.info\\\/de\\\/#website\"},\"primaryImageOfPage\":{\"@id\":\"https:\\\/\\\/lightflow.info\\\/de\\\/produkt\\\/der-fliesende-kristalline-koerper-ein-spiegel-fur-quellenlicht-werden\\\/#primaryimage\"},\"image\":{\"@id\":\"https:\\\/\\\/lightflow.info\\\/de\\\/produkt\\\/der-fliesende-kristalline-koerper-ein-spiegel-fur-quellenlicht-werden\\\/#primaryimage\"},\"thumbnailUrl\":\"https:\\\/\\\/lightflow.info\\\/wp-content\\\/uploads\\\/C3-SC2-P2-G_SIF54G-Der-fliessende-kristalline-Korper.webp\",\"datePublished\":\"2025-12-09T19:48:02+00:00\",\"dateModified\":\"2026-02-19T17:15:04+00:00\",\"breadcrumb\":{\"@id\":\"https:\\\/\\\/lightflow.info\\\/de\\\/produkt\\\/der-fliesende-kristalline-koerper-ein-spiegel-fur-quellenlicht-werden\\\/#breadcrumb\"},\"inLanguage\":\"de\",\"potentialAction\":[{\"@type\":\"ReadAction\",\"target\":[\"https:\\\/\\\/lightflow.info\\\/de\\\/produkt\\\/der-fliesende-kristalline-koerper-ein-spiegel-fur-quellenlicht-werden\\\/\"]}]},{\"@type\":\"ImageObject\",\"inLanguage\":\"de\",\"@id\":\"https:\\\/\\\/lightflow.info\\\/de\\\/produkt\\\/der-fliesende-kristalline-koerper-ein-spiegel-fur-quellenlicht-werden\\\/#primaryimage\",\"url\":\"https:\\\/\\\/lightflow.info\\\/wp-content\\\/uploads\\\/C3-SC2-P2-G_SIF54G-Der-fliessende-kristalline-Korper.webp\",\"contentUrl\":\"https:\\\/\\\/lightflow.info\\\/wp-content\\\/uploads\\\/C3-SC2-P2-G_SIF54G-Der-fliessende-kristalline-Korper.webp\",\"width\":800,\"height\":800},{\"@type\":\"BreadcrumbList\",\"@id\":\"https:\\\/\\\/lightflow.info\\\/de\\\/produkt\\\/der-fliesende-kristalline-koerper-ein-spiegel-fur-quellenlicht-werden\\\/#breadcrumb\",\"itemListElement\":[{\"@type\":\"ListItem\",\"position\":1,\"name\":\"Home\",\"item\":\"https:\\\/\\\/lightflow.info\\\/de\\\/\"},{\"@type\":\"ListItem\",\"position\":2,\"name\":\"Shop\",\"item\":\"https:\\\/\\\/lightflow.info\\\/de\\\/shop\\\/\"},{\"@type\":\"ListItem\",\"position\":3,\"name\":\"Erwecke deinen Lichtk\u00f6rper\",\"item\":\"https:\\\/\\\/lightflow.info\\\/de\\\/kategorie\\\/erwecke-deinen-lichtkoerper\\\/\"},{\"@type\":\"ListItem\",\"position\":4,\"name\":\"Der Neue Lichtk\u00f6rper - Aufbaukurse\",\"item\":\"https:\\\/\\\/lightflow.info\\\/de\\\/kategorie\\\/erwecke-deinen-lichtkoerper\\\/der-neue-lichtkoerper-aufbaukurse\\\/\"},{\"@type\":\"ListItem\",\"position\":5,\"name\":\"Der flie\u00dfende kristalline K\u00f6rper \u2013 ein Spiegel f\u00fcr Quellenlicht werden\"}]},{\"@type\":\"WebSite\",\"@id\":\"https:\\\/\\\/lightflow.info\\\/de\\\/#website\",\"url\":\"https:\\\/\\\/lightflow.info\\\/de\\\/\",\"name\":\"Lightflow Academy by Cecilia Sifontes\",\"description\":\"Awakening Lightworkers and Masters\",\"alternateName\":\"Lightflow\",\"potentialAction\":[{\"@type\":\"SearchAction\",\"target\":{\"@type\":\"EntryPoint\",\"urlTemplate\":\"https:\\\/\\\/lightflow.info\\\/de\\\/?s={search_term_string}\"},\"query-input\":{\"@type\":\"PropertyValueSpecification\",\"valueRequired\":true,\"valueName\":\"search_term_string\"}}],\"inLanguage\":\"de\"}]}<\/script>\n<!-- \/ Yoast SEO plugin. -->","yoast_head_json":{"title":"Der flie\u00dfende kristalline K\u00f6rper \u2013 ein Spiegel f\u00fcr Quellenlicht werden &#8902; Lightflow Academy by Cecilia Sifontes","robots":{"index":"index","follow":"follow","max-snippet":"max-snippet:-1","max-image-preview":"max-image-preview:large","max-video-preview":"max-video-preview:-1"},"canonical":"https:\/\/lightflow.info\/de\/produkt\/der-fliesende-kristalline-koerper-ein-spiegel-fur-quellenlicht-werden\/","og_locale":"de_DE","og_type":"article","og_title":"Der flie\u00dfende kristalline K\u00f6rper \u2013 ein Spiegel f\u00fcr Quellenlicht werden &#8902; Lightflow Academy by Cecilia Sifontes","og_description":"Dieser Kurs kann dein Gewahrsein weiter als je zuvor ausdehnen und dich unterst\u00fctzen, dich mit hohen Wesen, wie z.B. der Intelligenz, welche die Sch\u00f6pfung formte, zu verbinden. Du kannst mit ihnen arbeiten, um auf v\u00f6llig neue Weise Informationen aus h\u00f6heren Dimensionen zu erhalten.","og_url":"https:\/\/lightflow.info\/de\/produkt\/der-fliesende-kristalline-koerper-ein-spiegel-fur-quellenlicht-werden\/","og_site_name":"Lightflow Academy by Cecilia Sifontes","article_modified_time":"2026-02-19T17:15:04+00:00","og_image":[{"width":800,"height":800,"url":"https:\/\/lightflow.info\/wp-content\/uploads\/C3-SC2-P2-G_SIF54G-Der-fliessende-kristalline-Korper.webp","type":"image\/webp"}],"twitter_card":"summary_large_image","twitter_misc":{"Gesch\u00e4tzte Lesezeit":"3\u00a0Minuten"},"schema":{"@context":"https:\/\/schema.org","@graph":[{"@type":"WebPage","@id":"https:\/\/lightflow.info\/de\/produkt\/der-fliesende-kristalline-koerper-ein-spiegel-fur-quellenlicht-werden\/","url":"https:\/\/lightflow.info\/de\/produkt\/der-fliesende-kristalline-koerper-ein-spiegel-fur-quellenlicht-werden\/","name":"Der flie\u00dfende kristalline K\u00f6rper \u2013 ein Spiegel f\u00fcr Quellenlicht werden &#8902; Lightflow Academy by Cecilia Sifontes","isPartOf":{"@id":"https:\/\/lightflow.info\/de\/#website"},"primaryImageOfPage":{"@id":"https:\/\/lightflow.info\/de\/produkt\/der-fliesende-kristalline-koerper-ein-spiegel-fur-quellenlicht-werden\/#primaryimage"},"image":{"@id":"https:\/\/lightflow.info\/de\/produkt\/der-fliesende-kristalline-koerper-ein-spiegel-fur-quellenlicht-werden\/#primaryimage"},"thumbnailUrl":"https:\/\/lightflow.info\/wp-content\/uploads\/C3-SC2-P2-G_SIF54G-Der-fliessende-kristalline-Korper.webp","datePublished":"2025-12-09T19:48:02+00:00","dateModified":"2026-02-19T17:15:04+00:00","breadcrumb":{"@id":"https:\/\/lightflow.info\/de\/produkt\/der-fliesende-kristalline-koerper-ein-spiegel-fur-quellenlicht-werden\/#breadcrumb"},"inLanguage":"de","potentialAction":[{"@type":"ReadAction","target":["https:\/\/lightflow.info\/de\/produkt\/der-fliesende-kristalline-koerper-ein-spiegel-fur-quellenlicht-werden\/"]}]},{"@type":"ImageObject","inLanguage":"de","@id":"https:\/\/lightflow.info\/de\/produkt\/der-fliesende-kristalline-koerper-ein-spiegel-fur-quellenlicht-werden\/#primaryimage","url":"https:\/\/lightflow.info\/wp-content\/uploads\/C3-SC2-P2-G_SIF54G-Der-fliessende-kristalline-Korper.webp","contentUrl":"https:\/\/lightflow.info\/wp-content\/uploads\/C3-SC2-P2-G_SIF54G-Der-fliessende-kristalline-Korper.webp","width":800,"height":800},{"@type":"BreadcrumbList","@id":"https:\/\/lightflow.info\/de\/produkt\/der-fliesende-kristalline-koerper-ein-spiegel-fur-quellenlicht-werden\/#breadcrumb","itemListElement":[{"@type":"ListItem","position":1,"name":"Home","item":"https:\/\/lightflow.info\/de\/"},{"@type":"ListItem","position":2,"name":"Shop","item":"https:\/\/lightflow.info\/de\/shop\/"},{"@type":"ListItem","position":3,"name":"Erwecke deinen Lichtk\u00f6rper","item":"https:\/\/lightflow.info\/de\/kategorie\/erwecke-deinen-lichtkoerper\/"},{"@type":"ListItem","position":4,"name":"Der Neue Lichtk\u00f6rper - Aufbaukurse","item":"https:\/\/lightflow.info\/de\/kategorie\/erwecke-deinen-lichtkoerper\/der-neue-lichtkoerper-aufbaukurse\/"},{"@type":"ListItem","position":5,"name":"Der flie\u00dfende kristalline K\u00f6rper \u2013 ein Spiegel f\u00fcr Quellenlicht werden"}]},{"@type":"WebSite","@id":"https:\/\/lightflow.info\/de\/#website","url":"https:\/\/lightflow.info\/de\/","name":"Lightflow Academy by Cecilia Sifontes","description":"Awakening Lightworkers and Masters","alternateName":"Lightflow","potentialAction":[{"@type":"SearchAction","target":{"@type":"EntryPoint","urlTemplate":"https:\/\/lightflow.info\/de\/?s={search_term_string}"},"query-input":{"@type":"PropertyValueSpecification","valueRequired":true,"valueName":"search_term_string"}}],"inLanguage":"de"}]}},"_links":{"self":[{"href":"https:\/\/lightflow.info\/de\/wp-json\/wp\/v2\/product\/24897","targetHints":{"allow":["GET"]}}],"collection":[{"href":"https:\/\/lightflow.info\/de\/wp-json\/wp\/v2\/product"}],"about":[{"href":"https:\/\/lightflow.info\/de\/wp-json\/wp\/v2\/types\/product"}],"version-history":[{"count":0,"href":"https:\/\/lightflow.info\/de\/wp-json\/wp\/v2\/product\/24897\/revisions"}],"wp:featuredmedia":[{"embeddable":true,"href":"https:\/\/lightflow.info\/de\/wp-json\/wp\/v2\/media\/32887"}],"wp:attachment":[{"href":"https:\/\/lightflow.info\/de\/wp-json\/wp\/v2\/media?parent=24897"}],"wp:term":[{"taxonomy":"product_brand","embeddable":true,"href":"https:\/\/lightflow.info\/de\/wp-json\/wp\/v2\/product_brand?post=24897"},{"taxonomy":"product_cat","embeddable":true,"href":"https:\/\/lightflow.info\/de\/wp-json\/wp\/v2\/product_cat?post=24897"},{"taxonomy":"product_tag","embeddable":true,"href":"https:\/\/lightflow.info\/de\/wp-json\/wp\/v2\/product_tag?post=24897"}],"curies":[{"name":"wp","href":"https:\/\/api.w.org\/{rel}","templated":true}]}}