{"id":25525,"date":"2025-12-09T20:54:16","date_gmt":"2025-12-09T19:54:16","guid":{"rendered":"https:\/\/lightflow.info\/?post_type=product&#038;p=25525"},"modified":"2026-02-15T11:49:06","modified_gmt":"2026-02-15T10:49:06","slug":"goettlicher-ton","status":"publish","type":"product","link":"https:\/\/lightflow.info\/de\/produkt\/goettlicher-ton\/","title":{"rendered":"G\u00f6ttlicher Ton"},"content":{"rendered":"<p><span style=\"color: #cc9933;\"><em>&#8222;G\u00f6ttliche T\u00f6ne str\u00f6men durch die <\/em><em>Existenz und regen kristalline <\/em><em>Strukturen an, neue Energien oder <\/em><em>Impulse auszusenden.&#8220;<\/em><\/span><\/p>\n<p><strong>W\u00e4hrend dieses Seminars wirst du G\u00f6ttliche T\u00f6ne erforschen und:<\/strong><\/p>\n<p>\u2022 Einen Zustand von flie\u00dfendem Bewusstsein, mentaler Klarheit und wissendem Sein stimulieren<br \/>\n\u2022 Die Leeren erforschen, in welchen G\u00f6ttliche T\u00f6ne gefunden werden und wie diese Leeren erschaffen wurden<br \/>\n\u2022 Lernst, Leeren zu erschaffen, als ein Weg, den Fluss der Freude um dich herum und in der Atmosph\u00e4re der Erde zu regulieren<br \/>\n\u2022 Die kristallinen Strukturen deines K\u00f6rpers m\u00f6gen auf die G\u00f6ttlichen T\u00f6ne antworten, indem sie Impulse aussenden, Freude zu sein und Freude zu erforschen<br \/>\n\u2022 Die Integration der G\u00f6ttlichen T\u00f6ne werden letztendlich in deinem Lichtk\u00f6rper ein \u201et\u00f6nendes Licht\u201c erschaffen und die M\u00f6glichkeit f\u00fcr mehr strahlende physische Gesundheit kreieren<br \/>\n\u2022 Du wirst die Fertigkeiten, welche du im Seminar \u2013 Ein bewusster Sch\u00f6pfer des Lichts \u2013 erlernt hast, weiter entwickeln<\/p>\n<p>Die Meditationen dieses Kurses k\u00f6nnen als &#8222;recht abgehoben&#8220; wahrgenommen werden. Daher ermutigen wir dich, nicht nur auf die Details dieser Reise zu fokussieren, sondern auch darauf, was in dir geschieht. Was geschieht in deinem K\u00f6rper? Erscheint dein Licht anders? Dies sind die wirklich wichtigen Dinge. Wenn du sie erforschst, werden all die Effekte dessen, was du erforschst in deinem Wesen auf der Erde integriert werden<\/p>\n<p><strong>Inhalt dieses Kurses:<\/strong><br \/>\n\u2022 Meditationen auf CDs\/MP3s, die mit individuellen Energien f\u00fcr dich aufgeladen werden, um deine Entwicklung in diesen hohen R\u00e4umen zu unterst\u00fctzen.<\/p>\n<p><strong>Voraussetzungen:<\/strong><br \/>\n1. <a href=\"https:\/\/lightflow.info\/de\/der-neue-lichtkoerper-basis\/\" target=\"_blank\" rel=\"noopener\">Basisausbildung I von Der Neue Lichtk\u00f6rper \u2013 Strahlen der Erleuchtung und G\u00f6ttlichkeit<\/a><br \/>\n2. <a href=\"https:\/\/lightflow.info\/de\/der-neue-lichtkoerper-erweiterte-techniken\/\" target=\"_blank\" rel=\"noopener\">Erweiterte Techniken von Der Neue Lichtk\u00f6rper\u00ae &#8211; Sch\u00f6pfer Werden Teil 1-3<\/a><\/p>\n<p><strong>Es gibt zwei M\u00f6glichkeiten, diesen Kurs zu machen:<\/strong><br \/>\n1. Du nimmst an einem Seminar bei einem unserer lizensierten Lehrer\/innen teil (Dauer des Seminars: 3 Tage, Dauer des Heimstudiums: 1 Monat)<br \/>\n2. Du bestellst das Ausbildungsmaterial zum Kurs auf dieser Webseite oder von einem unserer lizensierten Lehrer\/innen, welcher dich mit Energien sponsert und dich fortgesetzt w\u00e4hrend deines Heimstudiums unterst\u00fctzt (Dauer des Heimstudiums: 1 Monat)<\/p>\n<p><strong>Dieser Kurs beinhaltet 12 gef\u00fchrte Meditationen auf Englisch mit deutscher \u00dcbersetzung. Enthaltene Meditationen:<\/strong><\/p>\n<p>01 Quartiigo &#8211; Erforsche den g\u00f6ttlichen Ton in der Existenz<br \/>\n02 Quartiigo &#8211; Bringe die Bewegung des g\u00f6ttlichen Tons in das Vakuum<br \/>\n03 Quartiigo \u2013 Erleuchte deine Erinnerung<br \/>\n04 Quartiigo \u2013 Entz\u00fcnde das g\u00f6ttliche Funkeln in deinem Kern<br \/>\n05 Quartiigo und Mutter Maria \u2013 Erschaffe zuk\u00fcnftige Leeren Schritt 1<br \/>\n06 Erschaffe zuk\u00fcnftige Leeren Schritt 2 &#8211; Bringe Transparenzen in Blasen.<br \/>\n07 Quartiigo \u2013 zuk\u00fcnftige Leeren erschaffen abschliessender Schritt &#8211; Verteile den stillen Ton der Freude in der Existenz<br \/>\n08 Vermische h\u00f6heres Selbst und Seele in deinem physischen K\u00f6rper<br \/>\n09 Erkundung der sich ausweitenden Universen<br \/>\n10 Quartiigo \u2013 Erschaffe Leeren und g\u00f6ttlichen Ton durch holografischen Fokus<br \/>\n11 Artee \u2013 Der Impuls Freude zu sein<br \/>\n12 Artee \u2013 Wie man weiter geht<\/p>\n","protected":false},"excerpt":{"rendered":"<p><em><span style=\"color: #cc9933;\">&#8222;G\u00f6ttliche T\u00f6ne str\u00f6men durch die Existenz und regen kristalline Strukturen an, neue Energien oder Impulse auszusenden.&#8220;<\/span><\/em><\/p>\n","protected":false},"featured_media":33358,"template":"","meta":{"_acf_changed":false,"ocean_post_layout":"","ocean_both_sidebars_style":"","ocean_both_sidebars_content_width":0,"ocean_both_sidebars_sidebars_width":0,"ocean_sidebar":"0","ocean_second_sidebar":"0","ocean_disable_margins":"enable","ocean_add_body_class":"","ocean_shortcode_before_top_bar":"","ocean_shortcode_after_top_bar":"","ocean_shortcode_before_header":"","ocean_shortcode_after_header":"","ocean_has_shortcode":"","ocean_shortcode_after_title":"","ocean_shortcode_before_footer_widgets":"","ocean_shortcode_after_footer_widgets":"","ocean_shortcode_before_footer_bottom":"","ocean_shortcode_after_footer_bottom":"","ocean_display_top_bar":"default","ocean_display_header":"default","ocean_header_style":"","ocean_center_header_left_menu":"0","ocean_custom_header_template":"0","ocean_custom_logo":0,"ocean_custom_retina_logo":0,"ocean_custom_logo_max_width":0,"ocean_custom_logo_tablet_max_width":0,"ocean_custom_logo_mobile_max_width":0,"ocean_custom_logo_max_height":0,"ocean_custom_logo_tablet_max_height":0,"ocean_custom_logo_mobile_max_height":0,"ocean_header_custom_menu":"0","ocean_menu_typo_font_family":"0","ocean_menu_typo_font_subset":"","ocean_menu_typo_font_size":0,"ocean_menu_typo_font_size_tablet":0,"ocean_menu_typo_font_size_mobile":0,"ocean_menu_typo_font_size_unit":"px","ocean_menu_typo_font_weight":"","ocean_menu_typo_font_weight_tablet":"","ocean_menu_typo_font_weight_mobile":"","ocean_menu_typo_transform":"","ocean_menu_typo_transform_tablet":"","ocean_menu_typo_transform_mobile":"","ocean_menu_typo_line_height":0,"ocean_menu_typo_line_height_tablet":0,"ocean_menu_typo_line_height_mobile":0,"ocean_menu_typo_line_height_unit":"","ocean_menu_typo_spacing":0,"ocean_menu_typo_spacing_tablet":0,"ocean_menu_typo_spacing_mobile":0,"ocean_menu_typo_spacing_unit":"","ocean_menu_link_color":"","ocean_menu_link_color_hover":"","ocean_menu_link_color_active":"","ocean_menu_link_background":"","ocean_menu_link_hover_background":"","ocean_menu_link_active_background":"","ocean_menu_social_links_bg":"","ocean_menu_social_hover_links_bg":"","ocean_menu_social_links_color":"","ocean_menu_social_hover_links_color":"","ocean_disable_title":"default","ocean_disable_heading":"default","ocean_post_title":"","ocean_post_subheading":"","ocean_post_title_style":"","ocean_post_title_background_color":"","ocean_post_title_background":0,"ocean_post_title_bg_image_position":"","ocean_post_title_bg_image_attachment":"","ocean_post_title_bg_image_repeat":"","ocean_post_title_bg_image_size":"","ocean_post_title_height":0,"ocean_post_title_bg_overlay":0.5,"ocean_post_title_bg_overlay_color":"","ocean_disable_breadcrumbs":"default","ocean_breadcrumbs_color":"","ocean_breadcrumbs_separator_color":"","ocean_breadcrumbs_links_color":"","ocean_breadcrumbs_links_hover_color":"","ocean_display_footer_widgets":"default","ocean_display_footer_bottom":"default","ocean_custom_footer_template":"0"},"product_brand":[],"product_cat":[90],"product_tag":[],"class_list":{"0":"post-25525","1":"product","2":"type-product","3":"status-publish","4":"has-post-thumbnail","6":"product_cat-der-neue-lichtkorper-erweiterte-techniken","8":"entry","9":"has-media","11":"first","12":"instock","13":"downloadable","14":"virtual","15":"purchasable","16":"product-type-simple","17":"col","18":"span_1_of_3","19":"owp-content-center","20":"item-entry","21":"owp-thumbs-layout-horizontal","22":"owp-btn-normal","23":"owp-tabs-layout-section","24":"has-no-thumbnails","25":"circle-sale"},"acf":[],"yoast_head":"<!-- This site is optimized with the Yoast SEO plugin v27.5 - https:\/\/yoast.com\/product\/yoast-seo-wordpress\/ -->\n<title>G\u00f6ttlicher Ton &#8902; Lightflow Academy by Cecilia Sifontes<\/title>\n<meta name=\"robots\" content=\"index, follow, max-snippet:-1, max-image-preview:large, max-video-preview:-1\" \/>\n<link rel=\"canonical\" href=\"https:\/\/lightflow.info\/de\/produkt\/goettlicher-ton\/\" \/>\n<meta property=\"og:locale\" content=\"de_DE\" \/>\n<meta property=\"og:type\" content=\"article\" \/>\n<meta property=\"og:title\" content=\"G\u00f6ttlicher Ton &#8902; Lightflow Academy by Cecilia Sifontes\" \/>\n<meta property=\"og:description\" content=\"&quot;G\u00f6ttliche T\u00f6ne str\u00f6men durch die Existenz und regen kristalline Strukturen an, neue Energien oder Impulse auszusenden.&quot;\" \/>\n<meta property=\"og:url\" content=\"https:\/\/lightflow.info\/de\/produkt\/goettlicher-ton\/\" \/>\n<meta property=\"og:site_name\" content=\"Lightflow Academy by Cecilia Sifontes\" \/>\n<meta property=\"article:modified_time\" content=\"2026-02-15T10:49:06+00:00\" \/>\n<meta property=\"og:image\" content=\"https:\/\/lightflow.info\/wp-content\/uploads\/C3-SC3-P2-G_SIF33G-Goettlicher-Ton.webp\" \/>\n\t<meta property=\"og:image:width\" content=\"800\" \/>\n\t<meta property=\"og:image:height\" content=\"799\" \/>\n\t<meta property=\"og:image:type\" content=\"image\/webp\" \/>\n<meta name=\"twitter:card\" content=\"summary_large_image\" \/>\n<meta name=\"twitter:label1\" content=\"Gesch\u00e4tzte Lesezeit\" \/>\n\t<meta name=\"twitter:data1\" content=\"3\u00a0Minuten\" \/>\n<script type=\"application\/ld+json\" class=\"yoast-schema-graph\">{\"@context\":\"https:\\\/\\\/schema.org\",\"@graph\":[{\"@type\":\"WebPage\",\"@id\":\"https:\\\/\\\/lightflow.info\\\/de\\\/produkt\\\/goettlicher-ton\\\/\",\"url\":\"https:\\\/\\\/lightflow.info\\\/de\\\/produkt\\\/goettlicher-ton\\\/\",\"name\":\"G\u00f6ttlicher Ton &#8902; Lightflow Academy by Cecilia Sifontes\",\"isPartOf\":{\"@id\":\"https:\\\/\\\/lightflow.info\\\/de\\\/#website\"},\"primaryImageOfPage\":{\"@id\":\"https:\\\/\\\/lightflow.info\\\/de\\\/produkt\\\/goettlicher-ton\\\/#primaryimage\"},\"image\":{\"@id\":\"https:\\\/\\\/lightflow.info\\\/de\\\/produkt\\\/goettlicher-ton\\\/#primaryimage\"},\"thumbnailUrl\":\"https:\\\/\\\/lightflow.info\\\/wp-content\\\/uploads\\\/C3-SC3-P2-G_SIF33G-Goettlicher-Ton.webp\",\"datePublished\":\"2025-12-09T19:54:16+00:00\",\"dateModified\":\"2026-02-15T10:49:06+00:00\",\"breadcrumb\":{\"@id\":\"https:\\\/\\\/lightflow.info\\\/de\\\/produkt\\\/goettlicher-ton\\\/#breadcrumb\"},\"inLanguage\":\"de\",\"potentialAction\":[{\"@type\":\"ReadAction\",\"target\":[\"https:\\\/\\\/lightflow.info\\\/de\\\/produkt\\\/goettlicher-ton\\\/\"]}]},{\"@type\":\"ImageObject\",\"inLanguage\":\"de\",\"@id\":\"https:\\\/\\\/lightflow.info\\\/de\\\/produkt\\\/goettlicher-ton\\\/#primaryimage\",\"url\":\"https:\\\/\\\/lightflow.info\\\/wp-content\\\/uploads\\\/C3-SC3-P2-G_SIF33G-Goettlicher-Ton.webp\",\"contentUrl\":\"https:\\\/\\\/lightflow.info\\\/wp-content\\\/uploads\\\/C3-SC3-P2-G_SIF33G-Goettlicher-Ton.webp\",\"width\":800,\"height\":799},{\"@type\":\"BreadcrumbList\",\"@id\":\"https:\\\/\\\/lightflow.info\\\/de\\\/produkt\\\/goettlicher-ton\\\/#breadcrumb\",\"itemListElement\":[{\"@type\":\"ListItem\",\"position\":1,\"name\":\"Home\",\"item\":\"https:\\\/\\\/lightflow.info\\\/de\\\/\"},{\"@type\":\"ListItem\",\"position\":2,\"name\":\"Shop\",\"item\":\"https:\\\/\\\/lightflow.info\\\/de\\\/shop\\\/\"},{\"@type\":\"ListItem\",\"position\":3,\"name\":\"Erwecke deinen Lichtk\u00f6rper\",\"item\":\"https:\\\/\\\/lightflow.info\\\/de\\\/kategorie\\\/erwecke-deinen-lichtkoerper\\\/\"},{\"@type\":\"ListItem\",\"position\":4,\"name\":\"Der Neue Lichtk\u00f6rper \u2013 erweiterte Techniken\",\"item\":\"https:\\\/\\\/lightflow.info\\\/de\\\/kategorie\\\/erwecke-deinen-lichtkoerper\\\/der-neue-lichtkorper-erweiterte-techniken\\\/\"},{\"@type\":\"ListItem\",\"position\":5,\"name\":\"G\u00f6ttlicher Ton\"}]},{\"@type\":\"WebSite\",\"@id\":\"https:\\\/\\\/lightflow.info\\\/de\\\/#website\",\"url\":\"https:\\\/\\\/lightflow.info\\\/de\\\/\",\"name\":\"Lightflow Academy by Cecilia Sifontes\",\"description\":\"Awakening Lightworkers and Masters\",\"alternateName\":\"Lightflow\",\"potentialAction\":[{\"@type\":\"SearchAction\",\"target\":{\"@type\":\"EntryPoint\",\"urlTemplate\":\"https:\\\/\\\/lightflow.info\\\/de\\\/?s={search_term_string}\"},\"query-input\":{\"@type\":\"PropertyValueSpecification\",\"valueRequired\":true,\"valueName\":\"search_term_string\"}}],\"inLanguage\":\"de\"}]}<\/script>\n<!-- \/ Yoast SEO plugin. -->","yoast_head_json":{"title":"G\u00f6ttlicher Ton &#8902; Lightflow Academy by Cecilia Sifontes","robots":{"index":"index","follow":"follow","max-snippet":"max-snippet:-1","max-image-preview":"max-image-preview:large","max-video-preview":"max-video-preview:-1"},"canonical":"https:\/\/lightflow.info\/de\/produkt\/goettlicher-ton\/","og_locale":"de_DE","og_type":"article","og_title":"G\u00f6ttlicher Ton &#8902; Lightflow Academy by Cecilia Sifontes","og_description":"\"G\u00f6ttliche T\u00f6ne str\u00f6men durch die Existenz und regen kristalline Strukturen an, neue Energien oder Impulse auszusenden.\"","og_url":"https:\/\/lightflow.info\/de\/produkt\/goettlicher-ton\/","og_site_name":"Lightflow Academy by Cecilia Sifontes","article_modified_time":"2026-02-15T10:49:06+00:00","og_image":[{"width":800,"height":799,"url":"https:\/\/lightflow.info\/wp-content\/uploads\/C3-SC3-P2-G_SIF33G-Goettlicher-Ton.webp","type":"image\/webp"}],"twitter_card":"summary_large_image","twitter_misc":{"Gesch\u00e4tzte Lesezeit":"3\u00a0Minuten"},"schema":{"@context":"https:\/\/schema.org","@graph":[{"@type":"WebPage","@id":"https:\/\/lightflow.info\/de\/produkt\/goettlicher-ton\/","url":"https:\/\/lightflow.info\/de\/produkt\/goettlicher-ton\/","name":"G\u00f6ttlicher Ton &#8902; Lightflow Academy by Cecilia Sifontes","isPartOf":{"@id":"https:\/\/lightflow.info\/de\/#website"},"primaryImageOfPage":{"@id":"https:\/\/lightflow.info\/de\/produkt\/goettlicher-ton\/#primaryimage"},"image":{"@id":"https:\/\/lightflow.info\/de\/produkt\/goettlicher-ton\/#primaryimage"},"thumbnailUrl":"https:\/\/lightflow.info\/wp-content\/uploads\/C3-SC3-P2-G_SIF33G-Goettlicher-Ton.webp","datePublished":"2025-12-09T19:54:16+00:00","dateModified":"2026-02-15T10:49:06+00:00","breadcrumb":{"@id":"https:\/\/lightflow.info\/de\/produkt\/goettlicher-ton\/#breadcrumb"},"inLanguage":"de","potentialAction":[{"@type":"ReadAction","target":["https:\/\/lightflow.info\/de\/produkt\/goettlicher-ton\/"]}]},{"@type":"ImageObject","inLanguage":"de","@id":"https:\/\/lightflow.info\/de\/produkt\/goettlicher-ton\/#primaryimage","url":"https:\/\/lightflow.info\/wp-content\/uploads\/C3-SC3-P2-G_SIF33G-Goettlicher-Ton.webp","contentUrl":"https:\/\/lightflow.info\/wp-content\/uploads\/C3-SC3-P2-G_SIF33G-Goettlicher-Ton.webp","width":800,"height":799},{"@type":"BreadcrumbList","@id":"https:\/\/lightflow.info\/de\/produkt\/goettlicher-ton\/#breadcrumb","itemListElement":[{"@type":"ListItem","position":1,"name":"Home","item":"https:\/\/lightflow.info\/de\/"},{"@type":"ListItem","position":2,"name":"Shop","item":"https:\/\/lightflow.info\/de\/shop\/"},{"@type":"ListItem","position":3,"name":"Erwecke deinen Lichtk\u00f6rper","item":"https:\/\/lightflow.info\/de\/kategorie\/erwecke-deinen-lichtkoerper\/"},{"@type":"ListItem","position":4,"name":"Der Neue Lichtk\u00f6rper \u2013 erweiterte Techniken","item":"https:\/\/lightflow.info\/de\/kategorie\/erwecke-deinen-lichtkoerper\/der-neue-lichtkorper-erweiterte-techniken\/"},{"@type":"ListItem","position":5,"name":"G\u00f6ttlicher Ton"}]},{"@type":"WebSite","@id":"https:\/\/lightflow.info\/de\/#website","url":"https:\/\/lightflow.info\/de\/","name":"Lightflow Academy by Cecilia Sifontes","description":"Awakening Lightworkers and Masters","alternateName":"Lightflow","potentialAction":[{"@type":"SearchAction","target":{"@type":"EntryPoint","urlTemplate":"https:\/\/lightflow.info\/de\/?s={search_term_string}"},"query-input":{"@type":"PropertyValueSpecification","valueRequired":true,"valueName":"search_term_string"}}],"inLanguage":"de"}]}},"_links":{"self":[{"href":"https:\/\/lightflow.info\/de\/wp-json\/wp\/v2\/product\/25525","targetHints":{"allow":["GET"]}}],"collection":[{"href":"https:\/\/lightflow.info\/de\/wp-json\/wp\/v2\/product"}],"about":[{"href":"https:\/\/lightflow.info\/de\/wp-json\/wp\/v2\/types\/product"}],"version-history":[{"count":0,"href":"https:\/\/lightflow.info\/de\/wp-json\/wp\/v2\/product\/25525\/revisions"}],"wp:featuredmedia":[{"embeddable":true,"href":"https:\/\/lightflow.info\/de\/wp-json\/wp\/v2\/media\/33358"}],"wp:attachment":[{"href":"https:\/\/lightflow.info\/de\/wp-json\/wp\/v2\/media?parent=25525"}],"wp:term":[{"taxonomy":"product_brand","embeddable":true,"href":"https:\/\/lightflow.info\/de\/wp-json\/wp\/v2\/product_brand?post=25525"},{"taxonomy":"product_cat","embeddable":true,"href":"https:\/\/lightflow.info\/de\/wp-json\/wp\/v2\/product_cat?post=25525"},{"taxonomy":"product_tag","embeddable":true,"href":"https:\/\/lightflow.info\/de\/wp-json\/wp\/v2\/product_tag?post=25525"}],"curies":[{"name":"wp","href":"https:\/\/api.w.org\/{rel}","templated":true}]}}