{"id":25786,"date":"2025-12-09T20:55:52","date_gmt":"2025-12-09T19:55:52","guid":{"rendered":"https:\/\/lightflow.info\/?post_type=product&#038;p=25786"},"modified":"2026-02-15T11:44:14","modified_gmt":"2026-02-15T10:44:14","slug":"passion-lebenslust-zurueckfordern-dich-wieder-jung-fuehlen","status":"publish","type":"product","link":"https:\/\/lightflow.info\/de\/produkt\/passion-lebenslust-zurueckfordern-dich-wieder-jung-fuehlen\/","title":{"rendered":"Passion &#038; Lebenslust zur\u00fcckfordern &#8211; dich wieder jung f\u00fchlen"},"content":{"rendered":"<p>F\u00fchlst du weniger Passion gegen\u00fcber neuen Unternehmungen als bisher? Hat deine Lebenslust mit zunehmendem Alter abgenommen? Dass kann dieser Kurs das richtige f\u00fcr dich sein. Erzengel Michael hat ihn f\u00fcr Lichtarbeiter ausgelegt, die sich den 50 n\u00e4hern oder dar\u00fcber liegen und sp\u00fcren, dass sie mehr physische Energie, klareren Verstand mit st\u00e4rkeren kognitiven Funktionen und Lebenslust wollen. Michaels Ziel ist es, dich darin zu unterst\u00fctzen, einen Schub an Passion f\u00fcr jene Dinge zu sp\u00fcren, an denen du Interesse hast.<\/p>\n<p>Michael sagt, dass passionierte Gef\u00fchle haupts\u00e4chlich durch den Hormonspiegel in unserem K\u00f6rper reguliert werden. W\u00e4hrend wir altern, nehmen viele der Hormone ab. W\u00e4hrend des Kurses wird er mit deinen Energien arbeiten, um in deinen Kristallaufbau der 70 Strahlen neue Energien einzubringen und die Hormonkonzentration in deinem K\u00f6rper zu balancieren. Diese Energie ist auf der Erde v\u00f6llig neu. Als ich sie im Fr\u00fchjahr 2017 channelte war dies das erste Mal, dass er auf der Erde mit ihr arbeitete.<\/p>\n<p>Ich und viele Leute, die jetzt damit regelm\u00e4\u00dfig arbeiten, haben eine enorme Ver\u00e4nderung in der Menge an physischer Energie erfahren und f\u00fchlen uns gesegnet, dass wir Michael als Geistf\u00fchrer in unseren Leben haben.<\/p>\n<p><strong>Voraussetzungen:<\/strong><br \/>\n1. <a href=\"https:\/\/lightflow.info\/de\/der-neue-lichtkoerper-basis\/\" target=\"_blank\" rel=\"noopener\">Basisausbildung I von Der Neue Lichtk\u00f6rper \u2013 Strahlen der Erleuchtung und G\u00f6ttlichkeit<\/a><br \/>\n2. <a href=\"https:\/\/lightflow.info\/de\/heilung-mit-den-70-strahlen\/\" target=\"_blank\" rel=\"noopener\">Der Neue Lichtk\u00f6rper \u2013 Heilung mit den 70 Strahlen von Erzengel Michael<\/a><\/p>\n<p><strong>Dieser Kurs beinhaltet 9 gef\u00fchrte Meditationen auf Englisch mit deutscher \u00dcbersetzung. Enthaltene Meditationen:<\/strong><\/p>\n<p>01 Einf\u00fchrendes Gespr\u00e4ch \u00fcber Michaels Perspektive zum Altern, jetzt und in der Zukunft<br \/>\n02 Scanning aus perfekter, physischer Erfahrung<br \/>\n03 a. Gespr\u00e4ch \u00fcber die 70 Strahlen &amp; die 5 Zentren, b. Fliesse die 70 Strahlen, um Hormone zu vermehren und zu balacieren<br \/>\n04 Neuerschaffung optimaler, physischer Erfahrung durch Kommunikation mit intelligentem Design<br \/>\n05 Pflanze Einpr\u00e4gungen des H\u00fcters der Erinnerungen in deinen Kristallaufbau<br \/>\n06 Kurze Vorbereitung darauf, was als n\u00e4chstes kommt<br \/>\n07 Deine neue und j\u00fcngere Wirklichkeit, genug Energie haben<br \/>\n08 Dein Wunsch ist uns Befehl, Angleichung und Anpassung<br \/>\n09 Erweitere dein Spielfeld<\/p>\n","protected":false},"excerpt":{"rendered":"<p>F\u00fchlst du weniger Passion gegen\u00fcber neuen Unternehmungen als bisher? Hat deine Lebenslust mit zunehmendem Alter abgenommen? Dass kann dieser Kurs das richtige f\u00fcr dich sein. Erzengel Michael hat ihn f\u00fcr Lichtarbeiter ausgelegt, die sich den 50 n\u00e4hern oder dar\u00fcber liegen und sp\u00fcren, dass sie mehr physische Energie, klareren Verstand mit st\u00e4rkeren kognitiven Funktionen und Lebenslust wollen. W\u00e4hrend des Kurses wird er mit deinen Energien arbeiten, um in deinen Kristallaufbau der 70 Strahlen neue Energien einzubringen und die Hormonkonzentration in deinem K\u00f6rper zu balancieren.<\/p>\n","protected":false},"featured_media":33375,"template":"","meta":{"_acf_changed":false,"ocean_post_layout":"","ocean_both_sidebars_style":"","ocean_both_sidebars_content_width":0,"ocean_both_sidebars_sidebars_width":0,"ocean_sidebar":"0","ocean_second_sidebar":"0","ocean_disable_margins":"enable","ocean_add_body_class":"","ocean_shortcode_before_top_bar":"","ocean_shortcode_after_top_bar":"","ocean_shortcode_before_header":"","ocean_shortcode_after_header":"","ocean_has_shortcode":"","ocean_shortcode_after_title":"","ocean_shortcode_before_footer_widgets":"","ocean_shortcode_after_footer_widgets":"","ocean_shortcode_before_footer_bottom":"","ocean_shortcode_after_footer_bottom":"","ocean_display_top_bar":"default","ocean_display_header":"default","ocean_header_style":"","ocean_center_header_left_menu":"0","ocean_custom_header_template":"0","ocean_custom_logo":0,"ocean_custom_retina_logo":0,"ocean_custom_logo_max_width":0,"ocean_custom_logo_tablet_max_width":0,"ocean_custom_logo_mobile_max_width":0,"ocean_custom_logo_max_height":0,"ocean_custom_logo_tablet_max_height":0,"ocean_custom_logo_mobile_max_height":0,"ocean_header_custom_menu":"0","ocean_menu_typo_font_family":"0","ocean_menu_typo_font_subset":"","ocean_menu_typo_font_size":0,"ocean_menu_typo_font_size_tablet":0,"ocean_menu_typo_font_size_mobile":0,"ocean_menu_typo_font_size_unit":"px","ocean_menu_typo_font_weight":"","ocean_menu_typo_font_weight_tablet":"","ocean_menu_typo_font_weight_mobile":"","ocean_menu_typo_transform":"","ocean_menu_typo_transform_tablet":"","ocean_menu_typo_transform_mobile":"","ocean_menu_typo_line_height":0,"ocean_menu_typo_line_height_tablet":0,"ocean_menu_typo_line_height_mobile":0,"ocean_menu_typo_line_height_unit":"","ocean_menu_typo_spacing":0,"ocean_menu_typo_spacing_tablet":0,"ocean_menu_typo_spacing_mobile":0,"ocean_menu_typo_spacing_unit":"","ocean_menu_link_color":"","ocean_menu_link_color_hover":"","ocean_menu_link_color_active":"","ocean_menu_link_background":"","ocean_menu_link_hover_background":"","ocean_menu_link_active_background":"","ocean_menu_social_links_bg":"","ocean_menu_social_hover_links_bg":"","ocean_menu_social_links_color":"","ocean_menu_social_hover_links_color":"","ocean_disable_title":"default","ocean_disable_heading":"default","ocean_post_title":"","ocean_post_subheading":"","ocean_post_title_style":"","ocean_post_title_background_color":"","ocean_post_title_background":0,"ocean_post_title_bg_image_position":"","ocean_post_title_bg_image_attachment":"","ocean_post_title_bg_image_repeat":"","ocean_post_title_bg_image_size":"","ocean_post_title_height":0,"ocean_post_title_bg_overlay":0.5,"ocean_post_title_bg_overlay_color":"","ocean_disable_breadcrumbs":"default","ocean_breadcrumbs_color":"","ocean_breadcrumbs_separator_color":"","ocean_breadcrumbs_links_color":"","ocean_breadcrumbs_links_hover_color":"","ocean_display_footer_widgets":"default","ocean_display_footer_bottom":"default","ocean_custom_footer_template":"0"},"product_brand":[],"product_cat":[91],"product_tag":[],"class_list":{"0":"post-25786","1":"product","2":"type-product","3":"status-publish","4":"has-post-thumbnail","6":"product_cat-der-neue-lichtkoerper-heilung-mit-den-70-strahlen","8":"entry","9":"has-media","11":"first","12":"instock","13":"downloadable","14":"virtual","15":"purchasable","16":"product-type-simple","17":"col","18":"span_1_of_3","19":"owp-content-center","20":"item-entry","21":"owp-thumbs-layout-horizontal","22":"owp-btn-normal","23":"owp-tabs-layout-section","24":"has-no-thumbnails","25":"circle-sale"},"acf":[],"yoast_head":"<!-- This site is optimized with the Yoast SEO plugin v27.5 - https:\/\/yoast.com\/product\/yoast-seo-wordpress\/ -->\n<title>Passion &amp; Lebenslust zur\u00fcckfordern - dich wieder jung f\u00fchlen &#8902; Lightflow Academy by Cecilia Sifontes<\/title>\n<meta name=\"robots\" content=\"index, follow, max-snippet:-1, max-image-preview:large, max-video-preview:-1\" \/>\n<link rel=\"canonical\" href=\"https:\/\/lightflow.info\/de\/produkt\/passion-lebenslust-zurueckfordern-dich-wieder-jung-fuehlen\/\" \/>\n<meta property=\"og:locale\" content=\"de_DE\" \/>\n<meta property=\"og:type\" content=\"article\" \/>\n<meta property=\"og:title\" content=\"Passion &amp; Lebenslust zur\u00fcckfordern - dich wieder jung f\u00fchlen &#8902; Lightflow Academy by Cecilia Sifontes\" \/>\n<meta property=\"og:description\" content=\"F\u00fchlst du weniger Passion gegen\u00fcber neuen Unternehmungen als bisher? Hat deine Lebenslust mit zunehmendem Alter abgenommen? Dass kann dieser Kurs das richtige f\u00fcr dich sein. Erzengel Michael hat ihn f\u00fcr Lichtarbeiter ausgelegt, die sich den 50 n\u00e4hern oder dar\u00fcber liegen und sp\u00fcren, dass sie mehr physische Energie, klareren Verstand mit st\u00e4rkeren kognitiven Funktionen und Lebenslust wollen. W\u00e4hrend des Kurses wird er mit deinen Energien arbeiten, um in deinen Kristallaufbau der 70 Strahlen neue Energien einzubringen und die Hormonkonzentration in deinem K\u00f6rper zu balancieren.\" \/>\n<meta property=\"og:url\" content=\"https:\/\/lightflow.info\/de\/produkt\/passion-lebenslust-zurueckfordern-dich-wieder-jung-fuehlen\/\" \/>\n<meta property=\"og:site_name\" content=\"Lightflow Academy by Cecilia Sifontes\" \/>\n<meta property=\"article:modified_time\" content=\"2026-02-15T10:44:14+00:00\" \/>\n<meta property=\"og:image\" content=\"https:\/\/lightflow.info\/wp-content\/uploads\/C3-SC4-P2-G_SIF179G-AAM-Passion-Lebenslust-zurueckfordern.webp\" \/>\n\t<meta property=\"og:image:width\" content=\"800\" \/>\n\t<meta property=\"og:image:height\" content=\"800\" \/>\n\t<meta property=\"og:image:type\" content=\"image\/webp\" \/>\n<meta name=\"twitter:card\" content=\"summary_large_image\" \/>\n<meta name=\"twitter:label1\" content=\"Gesch\u00e4tzte Lesezeit\" \/>\n\t<meta name=\"twitter:data1\" content=\"2\u00a0Minuten\" \/>\n<script type=\"application\/ld+json\" class=\"yoast-schema-graph\">{\"@context\":\"https:\\\/\\\/schema.org\",\"@graph\":[{\"@type\":\"WebPage\",\"@id\":\"https:\\\/\\\/lightflow.info\\\/de\\\/produkt\\\/passion-lebenslust-zurueckfordern-dich-wieder-jung-fuehlen\\\/\",\"url\":\"https:\\\/\\\/lightflow.info\\\/de\\\/produkt\\\/passion-lebenslust-zurueckfordern-dich-wieder-jung-fuehlen\\\/\",\"name\":\"Passion & Lebenslust zur\u00fcckfordern - dich wieder jung f\u00fchlen &#8902; Lightflow Academy by Cecilia Sifontes\",\"isPartOf\":{\"@id\":\"https:\\\/\\\/lightflow.info\\\/de\\\/#website\"},\"primaryImageOfPage\":{\"@id\":\"https:\\\/\\\/lightflow.info\\\/de\\\/produkt\\\/passion-lebenslust-zurueckfordern-dich-wieder-jung-fuehlen\\\/#primaryimage\"},\"image\":{\"@id\":\"https:\\\/\\\/lightflow.info\\\/de\\\/produkt\\\/passion-lebenslust-zurueckfordern-dich-wieder-jung-fuehlen\\\/#primaryimage\"},\"thumbnailUrl\":\"https:\\\/\\\/lightflow.info\\\/wp-content\\\/uploads\\\/C3-SC4-P2-G_SIF179G-AAM-Passion-Lebenslust-zurueckfordern.webp\",\"datePublished\":\"2025-12-09T19:55:52+00:00\",\"dateModified\":\"2026-02-15T10:44:14+00:00\",\"breadcrumb\":{\"@id\":\"https:\\\/\\\/lightflow.info\\\/de\\\/produkt\\\/passion-lebenslust-zurueckfordern-dich-wieder-jung-fuehlen\\\/#breadcrumb\"},\"inLanguage\":\"de\",\"potentialAction\":[{\"@type\":\"ReadAction\",\"target\":[\"https:\\\/\\\/lightflow.info\\\/de\\\/produkt\\\/passion-lebenslust-zurueckfordern-dich-wieder-jung-fuehlen\\\/\"]}]},{\"@type\":\"ImageObject\",\"inLanguage\":\"de\",\"@id\":\"https:\\\/\\\/lightflow.info\\\/de\\\/produkt\\\/passion-lebenslust-zurueckfordern-dich-wieder-jung-fuehlen\\\/#primaryimage\",\"url\":\"https:\\\/\\\/lightflow.info\\\/wp-content\\\/uploads\\\/C3-SC4-P2-G_SIF179G-AAM-Passion-Lebenslust-zurueckfordern.webp\",\"contentUrl\":\"https:\\\/\\\/lightflow.info\\\/wp-content\\\/uploads\\\/C3-SC4-P2-G_SIF179G-AAM-Passion-Lebenslust-zurueckfordern.webp\",\"width\":800,\"height\":800},{\"@type\":\"BreadcrumbList\",\"@id\":\"https:\\\/\\\/lightflow.info\\\/de\\\/produkt\\\/passion-lebenslust-zurueckfordern-dich-wieder-jung-fuehlen\\\/#breadcrumb\",\"itemListElement\":[{\"@type\":\"ListItem\",\"position\":1,\"name\":\"Home\",\"item\":\"https:\\\/\\\/lightflow.info\\\/de\\\/\"},{\"@type\":\"ListItem\",\"position\":2,\"name\":\"Shop\",\"item\":\"https:\\\/\\\/lightflow.info\\\/de\\\/shop\\\/\"},{\"@type\":\"ListItem\",\"position\":3,\"name\":\"Erwecke deinen Lichtk\u00f6rper\",\"item\":\"https:\\\/\\\/lightflow.info\\\/de\\\/kategorie\\\/erwecke-deinen-lichtkoerper\\\/\"},{\"@type\":\"ListItem\",\"position\":4,\"name\":\"Der Neue Lichtk\u00f6rper - Heilung mit den 70 Strahlen\",\"item\":\"https:\\\/\\\/lightflow.info\\\/de\\\/kategorie\\\/erwecke-deinen-lichtkoerper\\\/der-neue-lichtkoerper-heilung-mit-den-70-strahlen\\\/\"},{\"@type\":\"ListItem\",\"position\":5,\"name\":\"Passion &#038; Lebenslust zur\u00fcckfordern &#8211; dich wieder jung f\u00fchlen\"}]},{\"@type\":\"WebSite\",\"@id\":\"https:\\\/\\\/lightflow.info\\\/de\\\/#website\",\"url\":\"https:\\\/\\\/lightflow.info\\\/de\\\/\",\"name\":\"Lightflow Academy by Cecilia Sifontes\",\"description\":\"Awakening Lightworkers and Masters\",\"alternateName\":\"Lightflow\",\"potentialAction\":[{\"@type\":\"SearchAction\",\"target\":{\"@type\":\"EntryPoint\",\"urlTemplate\":\"https:\\\/\\\/lightflow.info\\\/de\\\/?s={search_term_string}\"},\"query-input\":{\"@type\":\"PropertyValueSpecification\",\"valueRequired\":true,\"valueName\":\"search_term_string\"}}],\"inLanguage\":\"de\"}]}<\/script>\n<!-- \/ Yoast SEO plugin. -->","yoast_head_json":{"title":"Passion & Lebenslust zur\u00fcckfordern - dich wieder jung f\u00fchlen &#8902; Lightflow Academy by Cecilia Sifontes","robots":{"index":"index","follow":"follow","max-snippet":"max-snippet:-1","max-image-preview":"max-image-preview:large","max-video-preview":"max-video-preview:-1"},"canonical":"https:\/\/lightflow.info\/de\/produkt\/passion-lebenslust-zurueckfordern-dich-wieder-jung-fuehlen\/","og_locale":"de_DE","og_type":"article","og_title":"Passion & Lebenslust zur\u00fcckfordern - dich wieder jung f\u00fchlen &#8902; Lightflow Academy by Cecilia Sifontes","og_description":"F\u00fchlst du weniger Passion gegen\u00fcber neuen Unternehmungen als bisher? Hat deine Lebenslust mit zunehmendem Alter abgenommen? Dass kann dieser Kurs das richtige f\u00fcr dich sein. Erzengel Michael hat ihn f\u00fcr Lichtarbeiter ausgelegt, die sich den 50 n\u00e4hern oder dar\u00fcber liegen und sp\u00fcren, dass sie mehr physische Energie, klareren Verstand mit st\u00e4rkeren kognitiven Funktionen und Lebenslust wollen. W\u00e4hrend des Kurses wird er mit deinen Energien arbeiten, um in deinen Kristallaufbau der 70 Strahlen neue Energien einzubringen und die Hormonkonzentration in deinem K\u00f6rper zu balancieren.","og_url":"https:\/\/lightflow.info\/de\/produkt\/passion-lebenslust-zurueckfordern-dich-wieder-jung-fuehlen\/","og_site_name":"Lightflow Academy by Cecilia Sifontes","article_modified_time":"2026-02-15T10:44:14+00:00","og_image":[{"width":800,"height":800,"url":"https:\/\/lightflow.info\/wp-content\/uploads\/C3-SC4-P2-G_SIF179G-AAM-Passion-Lebenslust-zurueckfordern.webp","type":"image\/webp"}],"twitter_card":"summary_large_image","twitter_misc":{"Gesch\u00e4tzte Lesezeit":"2\u00a0Minuten"},"schema":{"@context":"https:\/\/schema.org","@graph":[{"@type":"WebPage","@id":"https:\/\/lightflow.info\/de\/produkt\/passion-lebenslust-zurueckfordern-dich-wieder-jung-fuehlen\/","url":"https:\/\/lightflow.info\/de\/produkt\/passion-lebenslust-zurueckfordern-dich-wieder-jung-fuehlen\/","name":"Passion & Lebenslust zur\u00fcckfordern - dich wieder jung f\u00fchlen &#8902; Lightflow Academy by Cecilia Sifontes","isPartOf":{"@id":"https:\/\/lightflow.info\/de\/#website"},"primaryImageOfPage":{"@id":"https:\/\/lightflow.info\/de\/produkt\/passion-lebenslust-zurueckfordern-dich-wieder-jung-fuehlen\/#primaryimage"},"image":{"@id":"https:\/\/lightflow.info\/de\/produkt\/passion-lebenslust-zurueckfordern-dich-wieder-jung-fuehlen\/#primaryimage"},"thumbnailUrl":"https:\/\/lightflow.info\/wp-content\/uploads\/C3-SC4-P2-G_SIF179G-AAM-Passion-Lebenslust-zurueckfordern.webp","datePublished":"2025-12-09T19:55:52+00:00","dateModified":"2026-02-15T10:44:14+00:00","breadcrumb":{"@id":"https:\/\/lightflow.info\/de\/produkt\/passion-lebenslust-zurueckfordern-dich-wieder-jung-fuehlen\/#breadcrumb"},"inLanguage":"de","potentialAction":[{"@type":"ReadAction","target":["https:\/\/lightflow.info\/de\/produkt\/passion-lebenslust-zurueckfordern-dich-wieder-jung-fuehlen\/"]}]},{"@type":"ImageObject","inLanguage":"de","@id":"https:\/\/lightflow.info\/de\/produkt\/passion-lebenslust-zurueckfordern-dich-wieder-jung-fuehlen\/#primaryimage","url":"https:\/\/lightflow.info\/wp-content\/uploads\/C3-SC4-P2-G_SIF179G-AAM-Passion-Lebenslust-zurueckfordern.webp","contentUrl":"https:\/\/lightflow.info\/wp-content\/uploads\/C3-SC4-P2-G_SIF179G-AAM-Passion-Lebenslust-zurueckfordern.webp","width":800,"height":800},{"@type":"BreadcrumbList","@id":"https:\/\/lightflow.info\/de\/produkt\/passion-lebenslust-zurueckfordern-dich-wieder-jung-fuehlen\/#breadcrumb","itemListElement":[{"@type":"ListItem","position":1,"name":"Home","item":"https:\/\/lightflow.info\/de\/"},{"@type":"ListItem","position":2,"name":"Shop","item":"https:\/\/lightflow.info\/de\/shop\/"},{"@type":"ListItem","position":3,"name":"Erwecke deinen Lichtk\u00f6rper","item":"https:\/\/lightflow.info\/de\/kategorie\/erwecke-deinen-lichtkoerper\/"},{"@type":"ListItem","position":4,"name":"Der Neue Lichtk\u00f6rper - Heilung mit den 70 Strahlen","item":"https:\/\/lightflow.info\/de\/kategorie\/erwecke-deinen-lichtkoerper\/der-neue-lichtkoerper-heilung-mit-den-70-strahlen\/"},{"@type":"ListItem","position":5,"name":"Passion &#038; Lebenslust zur\u00fcckfordern &#8211; dich wieder jung f\u00fchlen"}]},{"@type":"WebSite","@id":"https:\/\/lightflow.info\/de\/#website","url":"https:\/\/lightflow.info\/de\/","name":"Lightflow Academy by Cecilia Sifontes","description":"Awakening Lightworkers and Masters","alternateName":"Lightflow","potentialAction":[{"@type":"SearchAction","target":{"@type":"EntryPoint","urlTemplate":"https:\/\/lightflow.info\/de\/?s={search_term_string}"},"query-input":{"@type":"PropertyValueSpecification","valueRequired":true,"valueName":"search_term_string"}}],"inLanguage":"de"}]}},"_links":{"self":[{"href":"https:\/\/lightflow.info\/de\/wp-json\/wp\/v2\/product\/25786","targetHints":{"allow":["GET"]}}],"collection":[{"href":"https:\/\/lightflow.info\/de\/wp-json\/wp\/v2\/product"}],"about":[{"href":"https:\/\/lightflow.info\/de\/wp-json\/wp\/v2\/types\/product"}],"version-history":[{"count":0,"href":"https:\/\/lightflow.info\/de\/wp-json\/wp\/v2\/product\/25786\/revisions"}],"wp:featuredmedia":[{"embeddable":true,"href":"https:\/\/lightflow.info\/de\/wp-json\/wp\/v2\/media\/33375"}],"wp:attachment":[{"href":"https:\/\/lightflow.info\/de\/wp-json\/wp\/v2\/media?parent=25786"}],"wp:term":[{"taxonomy":"product_brand","embeddable":true,"href":"https:\/\/lightflow.info\/de\/wp-json\/wp\/v2\/product_brand?post=25786"},{"taxonomy":"product_cat","embeddable":true,"href":"https:\/\/lightflow.info\/de\/wp-json\/wp\/v2\/product_cat?post=25786"},{"taxonomy":"product_tag","embeddable":true,"href":"https:\/\/lightflow.info\/de\/wp-json\/wp\/v2\/product_tag?post=25786"}],"curies":[{"name":"wp","href":"https:\/\/api.w.org\/{rel}","templated":true}]}}