{"id":26096,"date":"2025-12-09T20:59:07","date_gmt":"2025-12-09T19:59:07","guid":{"rendered":"https:\/\/lightflow.info\/?post_type=product&#038;p=26096"},"modified":"2026-01-09T21:49:42","modified_gmt":"2026-01-09T20:49:42","slug":"teil-4-mission-galaktische-wiederkehr","status":"publish","type":"product","link":"https:\/\/lightflow.info\/de\/produkt\/teil-4-mission-galaktische-wiederkehr\/","title":{"rendered":"Teil IV: Mission: Galaktische Wiederkehr"},"content":{"rendered":"<p><span style=\"color: #cc9933;\"><em>&#8222;Stell dir vor, du siehst deine Galaxie von au\u00dfen\u00a0<\/em><\/span><br \/>\n<span style=\"color: #cc9933;\"><em>und die Erde ist ein winziger, beinahe unsichtbarer Punkt<\/em><\/span><br \/>\n<span style=\"color: #cc9933;\"><em>&#8211; und dennoch ist dein Licht von diesem kleinen Punkt aus<\/em><\/span><br \/>\n<span style=\"color: #cc9933;\"><em>f\u00fcr uns sichtbar und hell strahlend &#8230;&#8220;<\/em><\/span><\/p>\n<p>\u201cDie Erde ist gerade in ein neues Lichtzeitalter eingetreten, w\u00e4hrend gleichzeitig eine Phase der Entwicklung zu Ende geht, in der sich die Lebensumst\u00e4nde auf der Erde w\u00e4hrend den letzten 300 Jahren rasant ver\u00e4nderten. Aus unserer Sicht aus den h\u00f6heren Dimensionen gibt es klare Entwicklungspulse und in diesem neuen Puls wurde ein Ruf zur galaktischen Wiederkehr ausgesandt.<\/p>\n<p>Dieser Ruf teilt dir mit, dich auf die neue galaktische \u00c4ra vorzubereiten und deinen erinnernden Verstand auf galaktische Wiederkehr einzustellen. Wenn sich eure Galaxie aus der Abtrennung in das Einssein \u00fcberall im Universum bewegt. Dieser Puls, welcher alles ver\u00e4ndern wird, an das du bisher glaubtest, beginnt gerade erst sich zu entwickeln.\u201d<\/p>\n<p><strong>Welche Schl\u00fcsselerlebnisse kannst du erwarten?<\/strong><\/p>\n<p>\u2022 Der Puls der Evolution, Erweckung deines galaktischen Selbst<br \/>\n\u2022 Die 5 S\u00e4ulen der Evolution, grenzenloses Mind<br \/>\n\u2022 Das galaktische Netz, die Seelens\u00e4ulen des galaktischen Lebens<br \/>\n\u2022 Vermischung galaktischer Erfahrungen<br \/>\n\u2022 Finde deine &#8222;galaktischen Spielkameraden&#8220;<br \/>\n\u2022 Das ewige Selbst spielt in der Galaxie<br \/>\n\u2022 Den menschlichen Verstand auf das galaktische Leben vorbereiten<br \/>\n\u2022 Erhalte und projektiere klare intergalaktische Kommunikation<br \/>\n\u2022 Multiperspektive des Lebens<br \/>\n\u2022 Finde andere Du in der Galaxie<br \/>\n\u2022 Die Blaupause deines galaktischen Lichtk\u00f6rpers<br \/>\n\u2022 Galaktischer Superflow<br \/>\n\u2022 Galaktische Energiearbeit<br \/>\n\u2022 Treffen mit den galaktischen Kommandos des Lichts<br \/>\n\u2022 Erschaffung von Einpr\u00e4gungen der galaktischen Wiederkehr<br \/>\n\u2022 Der galaktische Kern<\/p>\n<p><strong>Dieser Kurs beinhaltet 20 gef\u00fchrte Meditationen auf Englisch mit deutscher \u00dcbersetzung. Enthaltene Meditationen:<\/strong><\/p>\n<p>01 Einf\u00fchrung &amp; Gespr\u00e4ch \u00fcber die sich ver\u00e4ndernde \u00c4ra<br \/>\n02 Das intergalaktische Selbst aus der Perspektive der Seele<br \/>\n03 Empower the intergalactic connections<br \/>\n04 Erinnerung<br \/>\n05 Grenzenlosen, erinnernden Verstand in die S\u00e4ulen der Entwicklung s\u00e4hen<br \/>\n06 Das Licht der Zukunft in das galaktische Netz bringen<br \/>\n07 Galaktische Teeparty<br \/>\n08 Neustrukturierung der Teilchenbewegung in dir und deinen galaktischen Spielkameraten<br \/>\n09 Das ewige Selbst spielt in der Galaxie<br \/>\n10 Galaktischer Lichtk\u00f6rper und raumumwandelnde Strukturen<br \/>\n11 T\u00f6ne, Raum und G\u00f6ttlichkeit in der Galaxie erschaffen<br \/>\n12 Galaktischer Licht im K\u00f6rper und Lichtk\u00f6rper<br \/>\n13 G\u00f6ttliche Einpr\u00e4gungen des galaktischen Lichtk\u00f6rpers<br \/>\n14 Aktivierung des galaktischen Kerns. Einpr\u00e4gungen der dimensionalen Ver\u00e4nderung und Angleichung des Alltags an das galaktische Licht<br \/>\n15 Anhebung der Galaxie aus dem Vakuum. Rezeptorstrukturen f\u00fcr galaktische Wesen bauen<br \/>\n16 Neues Bewusstein im galaktischen Lichtk\u00f6rper<br \/>\n17 Das galaktische Kommando bereitet die Einpr\u00e4gung vor<br \/>\n18 Galaktische Wesen strukturieren den erinnernden Verstand neu, bereiten alle Einpr\u00e4gungen in der Milchstrasse im Nichts vor<br \/>\n19 Aktivierung der Einpr\u00e4gungen durch T\u00f6ne der Freude und Harmonie<br \/>\n20 Opening the dimensional shift<\/p>\n","protected":false},"excerpt":{"rendered":"<p>Der Ruf zur galaktischen Wiederkehr teilt dir mit, dich auf die neue galaktische \u00c4ra vorzubereiten und deinen erinnernden Verstand auf galaktische Wiederkehr einzustellen. Wenn sich eure Galaxie aus der Abtrennung in das Einssein \u00fcberall im Universum bewegt. Dieser Puls, welcher alles ver\u00e4ndern wird, an das du bisher glaubtest, beginnt gerade erst sich zu entwickeln.<\/p>\n","protected":false},"featured_media":33405,"template":"","meta":{"_acf_changed":false,"ocean_post_layout":"","ocean_both_sidebars_style":"","ocean_both_sidebars_content_width":0,"ocean_both_sidebars_sidebars_width":0,"ocean_sidebar":"0","ocean_second_sidebar":"0","ocean_disable_margins":"enable","ocean_add_body_class":"","ocean_shortcode_before_top_bar":"","ocean_shortcode_after_top_bar":"","ocean_shortcode_before_header":"","ocean_shortcode_after_header":"","ocean_has_shortcode":"","ocean_shortcode_after_title":"","ocean_shortcode_before_footer_widgets":"","ocean_shortcode_after_footer_widgets":"","ocean_shortcode_before_footer_bottom":"","ocean_shortcode_after_footer_bottom":"","ocean_display_top_bar":"default","ocean_display_header":"default","ocean_header_style":"","ocean_center_header_left_menu":"0","ocean_custom_header_template":"0","ocean_custom_logo":0,"ocean_custom_retina_logo":0,"ocean_custom_logo_max_width":0,"ocean_custom_logo_tablet_max_width":0,"ocean_custom_logo_mobile_max_width":0,"ocean_custom_logo_max_height":0,"ocean_custom_logo_tablet_max_height":0,"ocean_custom_logo_mobile_max_height":0,"ocean_header_custom_menu":"0","ocean_menu_typo_font_family":"0","ocean_menu_typo_font_subset":"","ocean_menu_typo_font_size":0,"ocean_menu_typo_font_size_tablet":0,"ocean_menu_typo_font_size_mobile":0,"ocean_menu_typo_font_size_unit":"px","ocean_menu_typo_font_weight":"","ocean_menu_typo_font_weight_tablet":"","ocean_menu_typo_font_weight_mobile":"","ocean_menu_typo_transform":"","ocean_menu_typo_transform_tablet":"","ocean_menu_typo_transform_mobile":"","ocean_menu_typo_line_height":0,"ocean_menu_typo_line_height_tablet":0,"ocean_menu_typo_line_height_mobile":0,"ocean_menu_typo_line_height_unit":"","ocean_menu_typo_spacing":0,"ocean_menu_typo_spacing_tablet":0,"ocean_menu_typo_spacing_mobile":0,"ocean_menu_typo_spacing_unit":"","ocean_menu_link_color":"","ocean_menu_link_color_hover":"","ocean_menu_link_color_active":"","ocean_menu_link_background":"","ocean_menu_link_hover_background":"","ocean_menu_link_active_background":"","ocean_menu_social_links_bg":"","ocean_menu_social_hover_links_bg":"","ocean_menu_social_links_color":"","ocean_menu_social_hover_links_color":"","ocean_disable_title":"default","ocean_disable_heading":"default","ocean_post_title":"","ocean_post_subheading":"","ocean_post_title_style":"","ocean_post_title_background_color":"","ocean_post_title_background":0,"ocean_post_title_bg_image_position":"","ocean_post_title_bg_image_attachment":"","ocean_post_title_bg_image_repeat":"","ocean_post_title_bg_image_size":"","ocean_post_title_height":0,"ocean_post_title_bg_overlay":0.5,"ocean_post_title_bg_overlay_color":"","ocean_disable_breadcrumbs":"default","ocean_breadcrumbs_color":"","ocean_breadcrumbs_separator_color":"","ocean_breadcrumbs_links_color":"","ocean_breadcrumbs_links_hover_color":"","ocean_display_footer_widgets":"default","ocean_display_footer_bottom":"default","ocean_custom_footer_template":"0"},"product_brand":[],"product_cat":[95],"product_tag":[],"class_list":{"0":"post-26096","1":"product","2":"type-product","3":"status-publish","4":"has-post-thumbnail","6":"product_cat-goettliche-einpraegungen","8":"entry","9":"has-media","11":"first","12":"instock","13":"downloadable","14":"virtual","15":"purchasable","16":"product-type-simple","17":"col","18":"span_1_of_3","19":"owp-content-center","20":"item-entry","21":"owp-thumbs-layout-horizontal","22":"owp-btn-normal","23":"owp-tabs-layout-section","24":"has-no-thumbnails","25":"circle-sale"},"acf":[],"yoast_head":"<!-- This site is optimized with the Yoast SEO plugin v27.5 - https:\/\/yoast.com\/product\/yoast-seo-wordpress\/ -->\n<title>Teil IV: Mission: Galaktische Wiederkehr &#8902; Lightflow Academy by Cecilia Sifontes<\/title>\n<meta name=\"robots\" content=\"index, follow, max-snippet:-1, max-image-preview:large, max-video-preview:-1\" \/>\n<link rel=\"canonical\" href=\"https:\/\/lightflow.info\/de\/produkt\/teil-4-mission-galaktische-wiederkehr\/\" \/>\n<meta property=\"og:locale\" content=\"de_DE\" \/>\n<meta property=\"og:type\" content=\"article\" \/>\n<meta property=\"og:title\" content=\"Teil IV: Mission: Galaktische Wiederkehr &#8902; Lightflow Academy by Cecilia Sifontes\" \/>\n<meta property=\"og:description\" content=\"Der Ruf zur galaktischen Wiederkehr teilt dir mit, dich auf die neue galaktische \u00c4ra vorzubereiten und deinen erinnernden Verstand auf galaktische Wiederkehr einzustellen. Wenn sich eure Galaxie aus der Abtrennung in das Einssein \u00fcberall im Universum bewegt. Dieser Puls, welcher alles ver\u00e4ndern wird, an das du bisher glaubtest, beginnt gerade erst sich zu entwickeln.\" \/>\n<meta property=\"og:url\" content=\"https:\/\/lightflow.info\/de\/produkt\/teil-4-mission-galaktische-wiederkehr\/\" \/>\n<meta property=\"og:site_name\" content=\"Lightflow Academy by Cecilia Sifontes\" \/>\n<meta property=\"article:modified_time\" content=\"2026-01-09T20:49:42+00:00\" \/>\n<meta property=\"og:image\" content=\"https:\/\/lightflow.info\/wp-content\/uploads\/C4-SC1-P4-G_SIF69G-Goettliche-Einpraegungen-4-Mission-Galaktische-Rueckkehr.webp\" \/>\n\t<meta property=\"og:image:width\" content=\"800\" \/>\n\t<meta property=\"og:image:height\" content=\"800\" \/>\n\t<meta property=\"og:image:type\" content=\"image\/webp\" \/>\n<meta name=\"twitter:card\" content=\"summary_large_image\" \/>\n<meta name=\"twitter:label1\" content=\"Gesch\u00e4tzte Lesezeit\" \/>\n\t<meta name=\"twitter:data1\" content=\"3\u00a0Minuten\" \/>\n<script type=\"application\/ld+json\" class=\"yoast-schema-graph\">{\"@context\":\"https:\\\/\\\/schema.org\",\"@graph\":[{\"@type\":\"WebPage\",\"@id\":\"https:\\\/\\\/lightflow.info\\\/de\\\/produkt\\\/teil-4-mission-galaktische-wiederkehr\\\/\",\"url\":\"https:\\\/\\\/lightflow.info\\\/de\\\/produkt\\\/teil-4-mission-galaktische-wiederkehr\\\/\",\"name\":\"Teil IV: Mission: Galaktische Wiederkehr &#8902; Lightflow Academy by Cecilia Sifontes\",\"isPartOf\":{\"@id\":\"https:\\\/\\\/lightflow.info\\\/de\\\/#website\"},\"primaryImageOfPage\":{\"@id\":\"https:\\\/\\\/lightflow.info\\\/de\\\/produkt\\\/teil-4-mission-galaktische-wiederkehr\\\/#primaryimage\"},\"image\":{\"@id\":\"https:\\\/\\\/lightflow.info\\\/de\\\/produkt\\\/teil-4-mission-galaktische-wiederkehr\\\/#primaryimage\"},\"thumbnailUrl\":\"https:\\\/\\\/lightflow.info\\\/wp-content\\\/uploads\\\/C4-SC1-P4-G_SIF69G-Goettliche-Einpraegungen-4-Mission-Galaktische-Rueckkehr.webp\",\"datePublished\":\"2025-12-09T19:59:07+00:00\",\"dateModified\":\"2026-01-09T20:49:42+00:00\",\"breadcrumb\":{\"@id\":\"https:\\\/\\\/lightflow.info\\\/de\\\/produkt\\\/teil-4-mission-galaktische-wiederkehr\\\/#breadcrumb\"},\"inLanguage\":\"de\",\"potentialAction\":[{\"@type\":\"ReadAction\",\"target\":[\"https:\\\/\\\/lightflow.info\\\/de\\\/produkt\\\/teil-4-mission-galaktische-wiederkehr\\\/\"]}]},{\"@type\":\"ImageObject\",\"inLanguage\":\"de\",\"@id\":\"https:\\\/\\\/lightflow.info\\\/de\\\/produkt\\\/teil-4-mission-galaktische-wiederkehr\\\/#primaryimage\",\"url\":\"https:\\\/\\\/lightflow.info\\\/wp-content\\\/uploads\\\/C4-SC1-P4-G_SIF69G-Goettliche-Einpraegungen-4-Mission-Galaktische-Rueckkehr.webp\",\"contentUrl\":\"https:\\\/\\\/lightflow.info\\\/wp-content\\\/uploads\\\/C4-SC1-P4-G_SIF69G-Goettliche-Einpraegungen-4-Mission-Galaktische-Rueckkehr.webp\",\"width\":800,\"height\":800},{\"@type\":\"BreadcrumbList\",\"@id\":\"https:\\\/\\\/lightflow.info\\\/de\\\/produkt\\\/teil-4-mission-galaktische-wiederkehr\\\/#breadcrumb\",\"itemListElement\":[{\"@type\":\"ListItem\",\"position\":1,\"name\":\"Home\",\"item\":\"https:\\\/\\\/lightflow.info\\\/de\\\/\"},{\"@type\":\"ListItem\",\"position\":2,\"name\":\"Shop\",\"item\":\"https:\\\/\\\/lightflow.info\\\/de\\\/shop\\\/\"},{\"@type\":\"ListItem\",\"position\":3,\"name\":\"G\u00f6ttlicher Plan Meisterklassen\",\"item\":\"https:\\\/\\\/lightflow.info\\\/de\\\/kategorie\\\/goettlicher-plan-meisterklassen\\\/\"},{\"@type\":\"ListItem\",\"position\":4,\"name\":\"Lichtarbeiter werden\",\"item\":\"https:\\\/\\\/lightflow.info\\\/de\\\/kategorie\\\/goettlicher-plan-meisterklassen\\\/lichtarbeiter-werden\\\/\"},{\"@type\":\"ListItem\",\"position\":5,\"name\":\"G\u00f6ttliche Einpr\u00e4gungen\",\"item\":\"https:\\\/\\\/lightflow.info\\\/de\\\/kategorie\\\/goettlicher-plan-meisterklassen\\\/lichtarbeiter-werden\\\/goettliche-einpraegungen\\\/\"},{\"@type\":\"ListItem\",\"position\":6,\"name\":\"Teil IV: Mission: Galaktische Wiederkehr\"}]},{\"@type\":\"WebSite\",\"@id\":\"https:\\\/\\\/lightflow.info\\\/de\\\/#website\",\"url\":\"https:\\\/\\\/lightflow.info\\\/de\\\/\",\"name\":\"Lightflow Academy by Cecilia Sifontes\",\"description\":\"Awakening Lightworkers and Masters\",\"alternateName\":\"Lightflow\",\"potentialAction\":[{\"@type\":\"SearchAction\",\"target\":{\"@type\":\"EntryPoint\",\"urlTemplate\":\"https:\\\/\\\/lightflow.info\\\/de\\\/?s={search_term_string}\"},\"query-input\":{\"@type\":\"PropertyValueSpecification\",\"valueRequired\":true,\"valueName\":\"search_term_string\"}}],\"inLanguage\":\"de\"}]}<\/script>\n<!-- \/ Yoast SEO plugin. -->","yoast_head_json":{"title":"Teil IV: Mission: Galaktische Wiederkehr &#8902; Lightflow Academy by Cecilia Sifontes","robots":{"index":"index","follow":"follow","max-snippet":"max-snippet:-1","max-image-preview":"max-image-preview:large","max-video-preview":"max-video-preview:-1"},"canonical":"https:\/\/lightflow.info\/de\/produkt\/teil-4-mission-galaktische-wiederkehr\/","og_locale":"de_DE","og_type":"article","og_title":"Teil IV: Mission: Galaktische Wiederkehr &#8902; Lightflow Academy by Cecilia Sifontes","og_description":"Der Ruf zur galaktischen Wiederkehr teilt dir mit, dich auf die neue galaktische \u00c4ra vorzubereiten und deinen erinnernden Verstand auf galaktische Wiederkehr einzustellen. Wenn sich eure Galaxie aus der Abtrennung in das Einssein \u00fcberall im Universum bewegt. Dieser Puls, welcher alles ver\u00e4ndern wird, an das du bisher glaubtest, beginnt gerade erst sich zu entwickeln.","og_url":"https:\/\/lightflow.info\/de\/produkt\/teil-4-mission-galaktische-wiederkehr\/","og_site_name":"Lightflow Academy by Cecilia Sifontes","article_modified_time":"2026-01-09T20:49:42+00:00","og_image":[{"width":800,"height":800,"url":"https:\/\/lightflow.info\/wp-content\/uploads\/C4-SC1-P4-G_SIF69G-Goettliche-Einpraegungen-4-Mission-Galaktische-Rueckkehr.webp","type":"image\/webp"}],"twitter_card":"summary_large_image","twitter_misc":{"Gesch\u00e4tzte Lesezeit":"3\u00a0Minuten"},"schema":{"@context":"https:\/\/schema.org","@graph":[{"@type":"WebPage","@id":"https:\/\/lightflow.info\/de\/produkt\/teil-4-mission-galaktische-wiederkehr\/","url":"https:\/\/lightflow.info\/de\/produkt\/teil-4-mission-galaktische-wiederkehr\/","name":"Teil IV: Mission: Galaktische Wiederkehr &#8902; Lightflow Academy by Cecilia Sifontes","isPartOf":{"@id":"https:\/\/lightflow.info\/de\/#website"},"primaryImageOfPage":{"@id":"https:\/\/lightflow.info\/de\/produkt\/teil-4-mission-galaktische-wiederkehr\/#primaryimage"},"image":{"@id":"https:\/\/lightflow.info\/de\/produkt\/teil-4-mission-galaktische-wiederkehr\/#primaryimage"},"thumbnailUrl":"https:\/\/lightflow.info\/wp-content\/uploads\/C4-SC1-P4-G_SIF69G-Goettliche-Einpraegungen-4-Mission-Galaktische-Rueckkehr.webp","datePublished":"2025-12-09T19:59:07+00:00","dateModified":"2026-01-09T20:49:42+00:00","breadcrumb":{"@id":"https:\/\/lightflow.info\/de\/produkt\/teil-4-mission-galaktische-wiederkehr\/#breadcrumb"},"inLanguage":"de","potentialAction":[{"@type":"ReadAction","target":["https:\/\/lightflow.info\/de\/produkt\/teil-4-mission-galaktische-wiederkehr\/"]}]},{"@type":"ImageObject","inLanguage":"de","@id":"https:\/\/lightflow.info\/de\/produkt\/teil-4-mission-galaktische-wiederkehr\/#primaryimage","url":"https:\/\/lightflow.info\/wp-content\/uploads\/C4-SC1-P4-G_SIF69G-Goettliche-Einpraegungen-4-Mission-Galaktische-Rueckkehr.webp","contentUrl":"https:\/\/lightflow.info\/wp-content\/uploads\/C4-SC1-P4-G_SIF69G-Goettliche-Einpraegungen-4-Mission-Galaktische-Rueckkehr.webp","width":800,"height":800},{"@type":"BreadcrumbList","@id":"https:\/\/lightflow.info\/de\/produkt\/teil-4-mission-galaktische-wiederkehr\/#breadcrumb","itemListElement":[{"@type":"ListItem","position":1,"name":"Home","item":"https:\/\/lightflow.info\/de\/"},{"@type":"ListItem","position":2,"name":"Shop","item":"https:\/\/lightflow.info\/de\/shop\/"},{"@type":"ListItem","position":3,"name":"G\u00f6ttlicher Plan Meisterklassen","item":"https:\/\/lightflow.info\/de\/kategorie\/goettlicher-plan-meisterklassen\/"},{"@type":"ListItem","position":4,"name":"Lichtarbeiter werden","item":"https:\/\/lightflow.info\/de\/kategorie\/goettlicher-plan-meisterklassen\/lichtarbeiter-werden\/"},{"@type":"ListItem","position":5,"name":"G\u00f6ttliche Einpr\u00e4gungen","item":"https:\/\/lightflow.info\/de\/kategorie\/goettlicher-plan-meisterklassen\/lichtarbeiter-werden\/goettliche-einpraegungen\/"},{"@type":"ListItem","position":6,"name":"Teil IV: Mission: Galaktische Wiederkehr"}]},{"@type":"WebSite","@id":"https:\/\/lightflow.info\/de\/#website","url":"https:\/\/lightflow.info\/de\/","name":"Lightflow Academy by Cecilia Sifontes","description":"Awakening Lightworkers and Masters","alternateName":"Lightflow","potentialAction":[{"@type":"SearchAction","target":{"@type":"EntryPoint","urlTemplate":"https:\/\/lightflow.info\/de\/?s={search_term_string}"},"query-input":{"@type":"PropertyValueSpecification","valueRequired":true,"valueName":"search_term_string"}}],"inLanguage":"de"}]}},"_links":{"self":[{"href":"https:\/\/lightflow.info\/de\/wp-json\/wp\/v2\/product\/26096","targetHints":{"allow":["GET"]}}],"collection":[{"href":"https:\/\/lightflow.info\/de\/wp-json\/wp\/v2\/product"}],"about":[{"href":"https:\/\/lightflow.info\/de\/wp-json\/wp\/v2\/types\/product"}],"version-history":[{"count":0,"href":"https:\/\/lightflow.info\/de\/wp-json\/wp\/v2\/product\/26096\/revisions"}],"wp:featuredmedia":[{"embeddable":true,"href":"https:\/\/lightflow.info\/de\/wp-json\/wp\/v2\/media\/33405"}],"wp:attachment":[{"href":"https:\/\/lightflow.info\/de\/wp-json\/wp\/v2\/media?parent=26096"}],"wp:term":[{"taxonomy":"product_brand","embeddable":true,"href":"https:\/\/lightflow.info\/de\/wp-json\/wp\/v2\/product_brand?post=26096"},{"taxonomy":"product_cat","embeddable":true,"href":"https:\/\/lightflow.info\/de\/wp-json\/wp\/v2\/product_cat?post=26096"},{"taxonomy":"product_tag","embeddable":true,"href":"https:\/\/lightflow.info\/de\/wp-json\/wp\/v2\/product_tag?post=26096"}],"curies":[{"name":"wp","href":"https:\/\/api.w.org\/{rel}","templated":true}]}}