{"id":26098,"date":"2025-12-09T20:57:29","date_gmt":"2025-12-09T19:57:29","guid":{"rendered":"https:\/\/lightflow.info\/?post_type=product&#038;p=26098"},"modified":"2026-01-09T21:49:22","modified_gmt":"2026-01-09T20:49:22","slug":"teil-2-helles-bewusstsein-absolute-klarheit","status":"publish","type":"product","link":"https:\/\/lightflow.info\/de\/produkt\/teil-2-helles-bewusstsein-absolute-klarheit\/","title":{"rendered":"Teil II: Helles Bewusstsein &#038; Absolute Klarheit"},"content":{"rendered":"<p style=\"text-align: left;\"><span style=\"color: #cc9933;\"><em>&#8222;Im klaren Zustand des hellen Bewusstseins\u00a0<\/em><\/span><span style=\"color: #cc9933;\"><em><br \/>\nverblassen Drama und Missverst\u00e4ndnisse,<\/em><\/span><br \/>\n<span style=\"color: #cc9933;\"><em>bis sie verschwunden sind.&#8220;<\/em><\/span><\/p>\n<p>Die absolut klare Vision der Quelle hilft uns, Dramen zu vermeiden und ein klareres Verst\u00e4ndnis des Lebens, des Lebenssinns und des Lebenspotentials zu gewinnen. In diesem Seminar lernst du, dich mit der Quelle auf eine Weise zu verbinden, die alle deine Partikel mit hellem Bewusstsein und absoluter Klarheit erleuchtet, w\u00e4hrend du mit transformierender Kreativit\u00e4t arbeitest, dem reinen, sch\u00f6pferischen Licht der Quelle, welches nur das Bild der Quelle erschafft. W\u00e4hrend des Seminars entwickelst du dich zu einem Vermittler zwischen der Quelle und der Menschheit, indem du einen neuen Energiek\u00f6rper erschaffst, der das helle Bewusstsein der Quelle und ein neues Chakrensystem f\u00fcr bewusste T\u00f6ne der G\u00f6ttlichkeit halten kann. Dieser neue Energiek\u00f6rper ist ein Gef\u00e4hrt und ein Anker f\u00fcr dein erleuchtetes Selbst. Die Quelle wird durch dich arbeiten, um Einpr\u00e4gungen des hellen Bewusstseins zu erzeugen, die in das kollektive Bewusstsein der Menschheit eingehen.<\/p>\n<p><strong>Welche Schl\u00fcsselerlebnisse kannst du erwarten?<\/strong><\/p>\n<p>\u2022 Die Energie der transformierenden Kreativit\u00e4t<br \/>\n\u2022 Als permanentes Selbst leben &#8211; das wirkliche Du<br \/>\n\u2022 Das Netz des Lebens, alles Leben verbinden<br \/>\n\u2022 Hindernisse \u00fcberwinden, das Leben in Klarheit sehen<br \/>\n\u2022 Verst\u00e4ndnis der Natur des Fokus &#8211; dein kreativster Punkt<br \/>\n\u2022 Als Eins mit der Quelle arbeiten<br \/>\n\u2022 Verst\u00e4ndnis des Geistes<br \/>\n\u2022 Einen Energiek\u00f6rper f\u00fcr helles Bewusstsein erschaffen<br \/>\n\u2022 Aufbau g\u00f6ttlicher Einpr\u00e4gungen<br \/>\n\u2022 Aktivierung eines Pfades zu deinem h\u00f6chsten Potential<\/p>\n<p><strong>Dieser Kurs beinhaltet 17 gef\u00fchrte Meditationen auf Englisch mit deutscher \u00dcbersetzung. Enthaltene Meditationen:<\/strong><\/p>\n<p>01 Verbindung mit allem Leben in und jenseits der Existenz<br \/>\n02 Erleuchte deine Teilchen mit Bewusstsein<br \/>\n03 Sehe das Leben aus der Perspektive der Quelle<br \/>\n04 Aufgradieren deines Fokus um transformierende Kreativit\u00e4t zu projezieren<br \/>\n05 Erkl\u00e4rende und vorbereitende Reise<br \/>\n06 Erforsche Bewusstsein, diene als Vermittler zwischen Quelle und Menschheit<br \/>\n07 Erforsche helles Bewusstsein w\u00e4hrend es aus der Quelle hervortritt<br \/>\n08 S\u00e4he helles Bewusstsein in dein Gewahrsein<br \/>\n09 Brauche transformierende Kreativit\u00e4t um ein Netz hellen Bewusstseins zu erschaffen<br \/>\n10 Verschmelze mentale, emotionale und physische Teilchen<br \/>\n11 Erwecke die Strukturen hellen Bewusstseins durch die Pr\u00e4senz der Quelle<br \/>\n12 \u00d6ffne einen neuen Weg zum h\u00f6chsten Potential und bringe das erleuchtete Selbst<br \/>\n13 Bilde ein neues Chakrasystem f\u00fcr bewusste T\u00f6ne<br \/>\n14 G\u00f6ttliche Einpr\u00e4gungen von hellem Bewusstsein, die von Quelle gemacht sind<br \/>\n15 Platziere Einpr\u00e4gungen in kollektive Erinnerung der Menschheit<br \/>\n16 \u00d6ffne dich um dein h\u00f6chstes Potenzial zu erhalten<br \/>\n17 S\u00e4he helles Bewusstsein in dich selbst<\/p>\n","protected":false},"excerpt":{"rendered":"<p>Die absolut klare Vision der Quelle hilft uns, Dramen zu vermeiden und ein klareres Verst\u00e4ndnis des Lebens, des Lebenssinns und des Lebenspotentials zu gewinnen. In diesem Seminar lernst du, dich mit der Quelle auf eine Weise zu verbinden, die alle deine Partikel mit hellem Bewusstsein und absoluter Klarheit erleuchtet, w\u00e4hrend du mit transformierender Kreativit\u00e4t arbeitest, dem reinen, sch\u00f6pferischen Licht der Quelle, welches nur das Bild der Quelle erschafft.<\/p>\n","protected":false},"featured_media":33403,"template":"","meta":{"_acf_changed":false,"ocean_post_layout":"","ocean_both_sidebars_style":"","ocean_both_sidebars_content_width":0,"ocean_both_sidebars_sidebars_width":0,"ocean_sidebar":"0","ocean_second_sidebar":"0","ocean_disable_margins":"enable","ocean_add_body_class":"","ocean_shortcode_before_top_bar":"","ocean_shortcode_after_top_bar":"","ocean_shortcode_before_header":"","ocean_shortcode_after_header":"","ocean_has_shortcode":"","ocean_shortcode_after_title":"","ocean_shortcode_before_footer_widgets":"","ocean_shortcode_after_footer_widgets":"","ocean_shortcode_before_footer_bottom":"","ocean_shortcode_after_footer_bottom":"","ocean_display_top_bar":"default","ocean_display_header":"default","ocean_header_style":"","ocean_center_header_left_menu":"0","ocean_custom_header_template":"0","ocean_custom_logo":0,"ocean_custom_retina_logo":0,"ocean_custom_logo_max_width":0,"ocean_custom_logo_tablet_max_width":0,"ocean_custom_logo_mobile_max_width":0,"ocean_custom_logo_max_height":0,"ocean_custom_logo_tablet_max_height":0,"ocean_custom_logo_mobile_max_height":0,"ocean_header_custom_menu":"0","ocean_menu_typo_font_family":"0","ocean_menu_typo_font_subset":"","ocean_menu_typo_font_size":0,"ocean_menu_typo_font_size_tablet":0,"ocean_menu_typo_font_size_mobile":0,"ocean_menu_typo_font_size_unit":"px","ocean_menu_typo_font_weight":"","ocean_menu_typo_font_weight_tablet":"","ocean_menu_typo_font_weight_mobile":"","ocean_menu_typo_transform":"","ocean_menu_typo_transform_tablet":"","ocean_menu_typo_transform_mobile":"","ocean_menu_typo_line_height":0,"ocean_menu_typo_line_height_tablet":0,"ocean_menu_typo_line_height_mobile":0,"ocean_menu_typo_line_height_unit":"","ocean_menu_typo_spacing":0,"ocean_menu_typo_spacing_tablet":0,"ocean_menu_typo_spacing_mobile":0,"ocean_menu_typo_spacing_unit":"","ocean_menu_link_color":"","ocean_menu_link_color_hover":"","ocean_menu_link_color_active":"","ocean_menu_link_background":"","ocean_menu_link_hover_background":"","ocean_menu_link_active_background":"","ocean_menu_social_links_bg":"","ocean_menu_social_hover_links_bg":"","ocean_menu_social_links_color":"","ocean_menu_social_hover_links_color":"","ocean_disable_title":"default","ocean_disable_heading":"default","ocean_post_title":"","ocean_post_subheading":"","ocean_post_title_style":"","ocean_post_title_background_color":"","ocean_post_title_background":0,"ocean_post_title_bg_image_position":"","ocean_post_title_bg_image_attachment":"","ocean_post_title_bg_image_repeat":"","ocean_post_title_bg_image_size":"","ocean_post_title_height":0,"ocean_post_title_bg_overlay":0.5,"ocean_post_title_bg_overlay_color":"","ocean_disable_breadcrumbs":"default","ocean_breadcrumbs_color":"","ocean_breadcrumbs_separator_color":"","ocean_breadcrumbs_links_color":"","ocean_breadcrumbs_links_hover_color":"","ocean_display_footer_widgets":"default","ocean_display_footer_bottom":"default","ocean_custom_footer_template":"0"},"product_brand":[],"product_cat":[95],"product_tag":[],"class_list":{"0":"post-26098","1":"product","2":"type-product","3":"status-publish","4":"has-post-thumbnail","6":"product_cat-goettliche-einpraegungen","8":"entry","9":"has-media","11":"first","12":"instock","13":"downloadable","14":"virtual","15":"purchasable","16":"product-type-simple","17":"col","18":"span_1_of_3","19":"owp-content-center","20":"item-entry","21":"owp-thumbs-layout-horizontal","22":"owp-btn-normal","23":"owp-tabs-layout-section","24":"has-no-thumbnails","25":"circle-sale"},"acf":[],"yoast_head":"<!-- This site is optimized with the Yoast SEO plugin v27.5 - https:\/\/yoast.com\/product\/yoast-seo-wordpress\/ -->\n<title>Teil II: Helles Bewusstsein &amp; Absolute Klarheit &#8902; Lightflow Academy by Cecilia Sifontes<\/title>\n<meta name=\"robots\" content=\"index, follow, max-snippet:-1, max-image-preview:large, max-video-preview:-1\" \/>\n<link rel=\"canonical\" href=\"https:\/\/lightflow.info\/de\/produkt\/teil-2-helles-bewusstsein-absolute-klarheit\/\" \/>\n<meta property=\"og:locale\" content=\"de_DE\" \/>\n<meta property=\"og:type\" content=\"article\" \/>\n<meta property=\"og:title\" content=\"Teil II: Helles Bewusstsein &amp; Absolute Klarheit &#8902; Lightflow Academy by Cecilia Sifontes\" \/>\n<meta property=\"og:description\" content=\"Die absolut klare Vision der Quelle hilft uns, Dramen zu vermeiden und ein klareres Verst\u00e4ndnis des Lebens, des Lebenssinns und des Lebenspotentials zu gewinnen. In diesem Seminar lernst du, dich mit der Quelle auf eine Weise zu verbinden, die alle deine Partikel mit hellem Bewusstsein und absoluter Klarheit erleuchtet, w\u00e4hrend du mit transformierender Kreativit\u00e4t arbeitest, dem reinen, sch\u00f6pferischen Licht der Quelle, welches nur das Bild der Quelle erschafft.\" \/>\n<meta property=\"og:url\" content=\"https:\/\/lightflow.info\/de\/produkt\/teil-2-helles-bewusstsein-absolute-klarheit\/\" \/>\n<meta property=\"og:site_name\" content=\"Lightflow Academy by Cecilia Sifontes\" \/>\n<meta property=\"article:modified_time\" content=\"2026-01-09T20:49:22+00:00\" \/>\n<meta property=\"og:image\" content=\"https:\/\/lightflow.info\/wp-content\/uploads\/C4-SC1-P2-G_SIF58G-Helles-Bewusstsein-und-absolute-Klarheit.webp\" \/>\n\t<meta property=\"og:image:width\" content=\"800\" \/>\n\t<meta property=\"og:image:height\" content=\"800\" \/>\n\t<meta property=\"og:image:type\" content=\"image\/webp\" \/>\n<meta name=\"twitter:card\" content=\"summary_large_image\" \/>\n<meta name=\"twitter:label1\" content=\"Gesch\u00e4tzte Lesezeit\" \/>\n\t<meta name=\"twitter:data1\" content=\"2\u00a0Minuten\" \/>\n<script type=\"application\/ld+json\" class=\"yoast-schema-graph\">{\"@context\":\"https:\\\/\\\/schema.org\",\"@graph\":[{\"@type\":\"WebPage\",\"@id\":\"https:\\\/\\\/lightflow.info\\\/de\\\/produkt\\\/teil-2-helles-bewusstsein-absolute-klarheit\\\/\",\"url\":\"https:\\\/\\\/lightflow.info\\\/de\\\/produkt\\\/teil-2-helles-bewusstsein-absolute-klarheit\\\/\",\"name\":\"Teil II: Helles Bewusstsein & Absolute Klarheit &#8902; Lightflow Academy by Cecilia Sifontes\",\"isPartOf\":{\"@id\":\"https:\\\/\\\/lightflow.info\\\/de\\\/#website\"},\"primaryImageOfPage\":{\"@id\":\"https:\\\/\\\/lightflow.info\\\/de\\\/produkt\\\/teil-2-helles-bewusstsein-absolute-klarheit\\\/#primaryimage\"},\"image\":{\"@id\":\"https:\\\/\\\/lightflow.info\\\/de\\\/produkt\\\/teil-2-helles-bewusstsein-absolute-klarheit\\\/#primaryimage\"},\"thumbnailUrl\":\"https:\\\/\\\/lightflow.info\\\/wp-content\\\/uploads\\\/C4-SC1-P2-G_SIF58G-Helles-Bewusstsein-und-absolute-Klarheit.webp\",\"datePublished\":\"2025-12-09T19:57:29+00:00\",\"dateModified\":\"2026-01-09T20:49:22+00:00\",\"breadcrumb\":{\"@id\":\"https:\\\/\\\/lightflow.info\\\/de\\\/produkt\\\/teil-2-helles-bewusstsein-absolute-klarheit\\\/#breadcrumb\"},\"inLanguage\":\"de\",\"potentialAction\":[{\"@type\":\"ReadAction\",\"target\":[\"https:\\\/\\\/lightflow.info\\\/de\\\/produkt\\\/teil-2-helles-bewusstsein-absolute-klarheit\\\/\"]}]},{\"@type\":\"ImageObject\",\"inLanguage\":\"de\",\"@id\":\"https:\\\/\\\/lightflow.info\\\/de\\\/produkt\\\/teil-2-helles-bewusstsein-absolute-klarheit\\\/#primaryimage\",\"url\":\"https:\\\/\\\/lightflow.info\\\/wp-content\\\/uploads\\\/C4-SC1-P2-G_SIF58G-Helles-Bewusstsein-und-absolute-Klarheit.webp\",\"contentUrl\":\"https:\\\/\\\/lightflow.info\\\/wp-content\\\/uploads\\\/C4-SC1-P2-G_SIF58G-Helles-Bewusstsein-und-absolute-Klarheit.webp\",\"width\":800,\"height\":800},{\"@type\":\"BreadcrumbList\",\"@id\":\"https:\\\/\\\/lightflow.info\\\/de\\\/produkt\\\/teil-2-helles-bewusstsein-absolute-klarheit\\\/#breadcrumb\",\"itemListElement\":[{\"@type\":\"ListItem\",\"position\":1,\"name\":\"Home\",\"item\":\"https:\\\/\\\/lightflow.info\\\/de\\\/\"},{\"@type\":\"ListItem\",\"position\":2,\"name\":\"Shop\",\"item\":\"https:\\\/\\\/lightflow.info\\\/de\\\/shop\\\/\"},{\"@type\":\"ListItem\",\"position\":3,\"name\":\"G\u00f6ttlicher Plan Meisterklassen\",\"item\":\"https:\\\/\\\/lightflow.info\\\/de\\\/kategorie\\\/goettlicher-plan-meisterklassen\\\/\"},{\"@type\":\"ListItem\",\"position\":4,\"name\":\"Lichtarbeiter werden\",\"item\":\"https:\\\/\\\/lightflow.info\\\/de\\\/kategorie\\\/goettlicher-plan-meisterklassen\\\/lichtarbeiter-werden\\\/\"},{\"@type\":\"ListItem\",\"position\":5,\"name\":\"G\u00f6ttliche Einpr\u00e4gungen\",\"item\":\"https:\\\/\\\/lightflow.info\\\/de\\\/kategorie\\\/goettlicher-plan-meisterklassen\\\/lichtarbeiter-werden\\\/goettliche-einpraegungen\\\/\"},{\"@type\":\"ListItem\",\"position\":6,\"name\":\"Teil II: Helles Bewusstsein &#038; Absolute Klarheit\"}]},{\"@type\":\"WebSite\",\"@id\":\"https:\\\/\\\/lightflow.info\\\/de\\\/#website\",\"url\":\"https:\\\/\\\/lightflow.info\\\/de\\\/\",\"name\":\"Lightflow Academy by Cecilia Sifontes\",\"description\":\"Awakening Lightworkers and Masters\",\"alternateName\":\"Lightflow\",\"potentialAction\":[{\"@type\":\"SearchAction\",\"target\":{\"@type\":\"EntryPoint\",\"urlTemplate\":\"https:\\\/\\\/lightflow.info\\\/de\\\/?s={search_term_string}\"},\"query-input\":{\"@type\":\"PropertyValueSpecification\",\"valueRequired\":true,\"valueName\":\"search_term_string\"}}],\"inLanguage\":\"de\"}]}<\/script>\n<!-- \/ Yoast SEO plugin. -->","yoast_head_json":{"title":"Teil II: Helles Bewusstsein & Absolute Klarheit &#8902; Lightflow Academy by Cecilia Sifontes","robots":{"index":"index","follow":"follow","max-snippet":"max-snippet:-1","max-image-preview":"max-image-preview:large","max-video-preview":"max-video-preview:-1"},"canonical":"https:\/\/lightflow.info\/de\/produkt\/teil-2-helles-bewusstsein-absolute-klarheit\/","og_locale":"de_DE","og_type":"article","og_title":"Teil II: Helles Bewusstsein & Absolute Klarheit &#8902; Lightflow Academy by Cecilia Sifontes","og_description":"Die absolut klare Vision der Quelle hilft uns, Dramen zu vermeiden und ein klareres Verst\u00e4ndnis des Lebens, des Lebenssinns und des Lebenspotentials zu gewinnen. In diesem Seminar lernst du, dich mit der Quelle auf eine Weise zu verbinden, die alle deine Partikel mit hellem Bewusstsein und absoluter Klarheit erleuchtet, w\u00e4hrend du mit transformierender Kreativit\u00e4t arbeitest, dem reinen, sch\u00f6pferischen Licht der Quelle, welches nur das Bild der Quelle erschafft.","og_url":"https:\/\/lightflow.info\/de\/produkt\/teil-2-helles-bewusstsein-absolute-klarheit\/","og_site_name":"Lightflow Academy by Cecilia Sifontes","article_modified_time":"2026-01-09T20:49:22+00:00","og_image":[{"width":800,"height":800,"url":"https:\/\/lightflow.info\/wp-content\/uploads\/C4-SC1-P2-G_SIF58G-Helles-Bewusstsein-und-absolute-Klarheit.webp","type":"image\/webp"}],"twitter_card":"summary_large_image","twitter_misc":{"Gesch\u00e4tzte Lesezeit":"2\u00a0Minuten"},"schema":{"@context":"https:\/\/schema.org","@graph":[{"@type":"WebPage","@id":"https:\/\/lightflow.info\/de\/produkt\/teil-2-helles-bewusstsein-absolute-klarheit\/","url":"https:\/\/lightflow.info\/de\/produkt\/teil-2-helles-bewusstsein-absolute-klarheit\/","name":"Teil II: Helles Bewusstsein & Absolute Klarheit &#8902; Lightflow Academy by Cecilia Sifontes","isPartOf":{"@id":"https:\/\/lightflow.info\/de\/#website"},"primaryImageOfPage":{"@id":"https:\/\/lightflow.info\/de\/produkt\/teil-2-helles-bewusstsein-absolute-klarheit\/#primaryimage"},"image":{"@id":"https:\/\/lightflow.info\/de\/produkt\/teil-2-helles-bewusstsein-absolute-klarheit\/#primaryimage"},"thumbnailUrl":"https:\/\/lightflow.info\/wp-content\/uploads\/C4-SC1-P2-G_SIF58G-Helles-Bewusstsein-und-absolute-Klarheit.webp","datePublished":"2025-12-09T19:57:29+00:00","dateModified":"2026-01-09T20:49:22+00:00","breadcrumb":{"@id":"https:\/\/lightflow.info\/de\/produkt\/teil-2-helles-bewusstsein-absolute-klarheit\/#breadcrumb"},"inLanguage":"de","potentialAction":[{"@type":"ReadAction","target":["https:\/\/lightflow.info\/de\/produkt\/teil-2-helles-bewusstsein-absolute-klarheit\/"]}]},{"@type":"ImageObject","inLanguage":"de","@id":"https:\/\/lightflow.info\/de\/produkt\/teil-2-helles-bewusstsein-absolute-klarheit\/#primaryimage","url":"https:\/\/lightflow.info\/wp-content\/uploads\/C4-SC1-P2-G_SIF58G-Helles-Bewusstsein-und-absolute-Klarheit.webp","contentUrl":"https:\/\/lightflow.info\/wp-content\/uploads\/C4-SC1-P2-G_SIF58G-Helles-Bewusstsein-und-absolute-Klarheit.webp","width":800,"height":800},{"@type":"BreadcrumbList","@id":"https:\/\/lightflow.info\/de\/produkt\/teil-2-helles-bewusstsein-absolute-klarheit\/#breadcrumb","itemListElement":[{"@type":"ListItem","position":1,"name":"Home","item":"https:\/\/lightflow.info\/de\/"},{"@type":"ListItem","position":2,"name":"Shop","item":"https:\/\/lightflow.info\/de\/shop\/"},{"@type":"ListItem","position":3,"name":"G\u00f6ttlicher Plan Meisterklassen","item":"https:\/\/lightflow.info\/de\/kategorie\/goettlicher-plan-meisterklassen\/"},{"@type":"ListItem","position":4,"name":"Lichtarbeiter werden","item":"https:\/\/lightflow.info\/de\/kategorie\/goettlicher-plan-meisterklassen\/lichtarbeiter-werden\/"},{"@type":"ListItem","position":5,"name":"G\u00f6ttliche Einpr\u00e4gungen","item":"https:\/\/lightflow.info\/de\/kategorie\/goettlicher-plan-meisterklassen\/lichtarbeiter-werden\/goettliche-einpraegungen\/"},{"@type":"ListItem","position":6,"name":"Teil II: Helles Bewusstsein &#038; Absolute Klarheit"}]},{"@type":"WebSite","@id":"https:\/\/lightflow.info\/de\/#website","url":"https:\/\/lightflow.info\/de\/","name":"Lightflow Academy by Cecilia Sifontes","description":"Awakening Lightworkers and Masters","alternateName":"Lightflow","potentialAction":[{"@type":"SearchAction","target":{"@type":"EntryPoint","urlTemplate":"https:\/\/lightflow.info\/de\/?s={search_term_string}"},"query-input":{"@type":"PropertyValueSpecification","valueRequired":true,"valueName":"search_term_string"}}],"inLanguage":"de"}]}},"_links":{"self":[{"href":"https:\/\/lightflow.info\/de\/wp-json\/wp\/v2\/product\/26098","targetHints":{"allow":["GET"]}}],"collection":[{"href":"https:\/\/lightflow.info\/de\/wp-json\/wp\/v2\/product"}],"about":[{"href":"https:\/\/lightflow.info\/de\/wp-json\/wp\/v2\/types\/product"}],"version-history":[{"count":0,"href":"https:\/\/lightflow.info\/de\/wp-json\/wp\/v2\/product\/26098\/revisions"}],"wp:featuredmedia":[{"embeddable":true,"href":"https:\/\/lightflow.info\/de\/wp-json\/wp\/v2\/media\/33403"}],"wp:attachment":[{"href":"https:\/\/lightflow.info\/de\/wp-json\/wp\/v2\/media?parent=26098"}],"wp:term":[{"taxonomy":"product_brand","embeddable":true,"href":"https:\/\/lightflow.info\/de\/wp-json\/wp\/v2\/product_brand?post=26098"},{"taxonomy":"product_cat","embeddable":true,"href":"https:\/\/lightflow.info\/de\/wp-json\/wp\/v2\/product_cat?post=26098"},{"taxonomy":"product_tag","embeddable":true,"href":"https:\/\/lightflow.info\/de\/wp-json\/wp\/v2\/product_tag?post=26098"}],"curies":[{"name":"wp","href":"https:\/\/api.w.org\/{rel}","templated":true}]}}