{"id":26103,"date":"2025-12-09T20:57:24","date_gmt":"2025-12-09T19:57:24","guid":{"rendered":"https:\/\/lightflow.info\/?post_type=product&#038;p=26103"},"modified":"2026-01-09T21:49:12","modified_gmt":"2026-01-09T20:49:12","slug":"teil-i-die-ewigen-segnungen-der-quelle","status":"publish","type":"product","link":"https:\/\/lightflow.info\/de\/produkt\/teil-i-die-ewigen-segnungen-der-quelle\/","title":{"rendered":"Teil I: Die ewigen Segnungen der Quelle"},"content":{"rendered":"<p><strong>Ein H\u00f6rkurs zum Thema F\u00fclle<\/strong><\/p>\n<p>&#8222;G\u00f6ttliche Einpr\u00e4gungen sind eine H\u00f6rkursserie, welche darauf abzielt, g\u00f6ttliche Seinszust\u00e4nde zu verst\u00e4rken, w\u00e4hrend man auf neue und wundervolle Weise g\u00f6ttliche Einpr\u00e4gungen erschafft. Die ewige Segnung der Quelle kann dich dabei unterst\u00fctzen, g\u00f6ttliche F\u00fclle und ihr Potential f\u00fcr dich zu erfahren. Diese Seminarserie ist unsere Antwort auf die Gebete und Visionen, welche uns die Menschheit gesandt hat. Indem wir euch diese Technik bringen, hoffen wir euch dabei zu unterst\u00fctzen, die Vision einer Welt des Einsseins in F\u00fclle zu manifestieren.<\/p>\n<p>Die h\u00f6heren Lichtkommandos&#8220;<\/p>\n<p><strong>Welche Schl\u00fcsselerlebnisse kannst du erwarten?<\/strong><\/p>\n<ul>\n<li>Treffen mit Engeln der F\u00fclle &amp; des Einsseins<\/li>\n<li>Einssein atmen<\/li>\n<li>G\u00f6ttliche Energien in die Menschheit einflie\u00dfen lassen<\/li>\n<li>Die Quelle unendlicher Energie besuchen<\/li>\n<li>Zum Selbst als Eins erwachen<\/li>\n<li>Erhalte eine ewige Segnung der Quelle, welche das Potential hat, dir und der Welt unendliche F\u00fclle zu bringen<\/li>\n<li>Erschaffe und verankere g\u00f6ttliche Einpr\u00e4gungen dieser Segnung im Erdgitter<\/li>\n<li>Das ewige Leben erforschen<\/li>\n<li>Das eine Leben<\/li>\n<li>Werde zu einem ewigen Ankerpunkt f\u00fcr Einssein<\/li>\n<\/ul>\n<p><strong><br \/>\nDieser Kurs beinhaltet 16 gef\u00fchrte Meditationen auf Englisch mit deutscher \u00dcbersetzung. Enthaltene Meditationen:<\/strong><\/p>\n<p>01 Energie aufbauen und in das Netz des Einsseins der Erde einflie\u00dfen lassen<br \/>\n02 Die physische Essenz der Menschheit ins Eins verschmelzen<br \/>\n03 Das Potenzial der Menschheit<br \/>\n04 Besuche die Quelle<br \/>\n05 Verbinde die Menschheit zu der unendlichen Quelle der Energie<br \/>\n06 Transformiere dein Leben in Liebe<br \/>\n07 Erh\u00f6he das Potential f\u00fcr Erleuchtung<br \/>\n08 Die ewige Segnung der Quelle<br \/>\n09 Infusion von Einssein in das ewige Leben der Menschheit<br \/>\n10 Erleuchtung von der Quelle in das ewige Leben bringen<br \/>\n11 Ruf nach der ewigen Segnung f\u00fcr die Menschheit<br \/>\n12 Permanente Verankerung von Einssein<br \/>\n13 Als Quelle handeln &#8211; das Netz des Einsseins kleben und Segen f\u00fcr die Menschheit<br \/>\n14 G\u00f6ttliche Einpr\u00e4gungen aufbauen<br \/>\n15 G\u00f6ttliche Einpr\u00e4gungen aktivieren<br \/>\n16 St\u00e4rke deine Energien um gr\u00f6\u00dferen Einfluss zu haben<\/p>\n","protected":false},"excerpt":{"rendered":"<p>Ein H\u00f6rkurs zum Thema F\u00fclle<strong><br \/>\n<\/strong>&#8222;G\u00f6ttliche Einpr\u00e4gungen sind eine H\u00f6rkursserie, welche darauf abzielt, g\u00f6ttliche Seinszust\u00e4nde zu verst\u00e4rken, w\u00e4hrend man auf neue und wundervolle Weise g\u00f6ttliche Einpr\u00e4gungen erschafft. Die ewige Segnung der Quelle kann dich dabei unterst\u00fctzen, g\u00f6ttliche F\u00fclle und ihr Potential f\u00fcr dich zu erfahren.<\/p>\n","protected":false},"featured_media":33402,"template":"","meta":{"_acf_changed":false,"ocean_post_layout":"","ocean_both_sidebars_style":"","ocean_both_sidebars_content_width":0,"ocean_both_sidebars_sidebars_width":0,"ocean_sidebar":"0","ocean_second_sidebar":"0","ocean_disable_margins":"enable","ocean_add_body_class":"","ocean_shortcode_before_top_bar":"","ocean_shortcode_after_top_bar":"","ocean_shortcode_before_header":"","ocean_shortcode_after_header":"","ocean_has_shortcode":"","ocean_shortcode_after_title":"","ocean_shortcode_before_footer_widgets":"","ocean_shortcode_after_footer_widgets":"","ocean_shortcode_before_footer_bottom":"","ocean_shortcode_after_footer_bottom":"","ocean_display_top_bar":"default","ocean_display_header":"default","ocean_header_style":"","ocean_center_header_left_menu":"0","ocean_custom_header_template":"0","ocean_custom_logo":0,"ocean_custom_retina_logo":0,"ocean_custom_logo_max_width":0,"ocean_custom_logo_tablet_max_width":0,"ocean_custom_logo_mobile_max_width":0,"ocean_custom_logo_max_height":0,"ocean_custom_logo_tablet_max_height":0,"ocean_custom_logo_mobile_max_height":0,"ocean_header_custom_menu":"0","ocean_menu_typo_font_family":"0","ocean_menu_typo_font_subset":"","ocean_menu_typo_font_size":0,"ocean_menu_typo_font_size_tablet":0,"ocean_menu_typo_font_size_mobile":0,"ocean_menu_typo_font_size_unit":"px","ocean_menu_typo_font_weight":"","ocean_menu_typo_font_weight_tablet":"","ocean_menu_typo_font_weight_mobile":"","ocean_menu_typo_transform":"","ocean_menu_typo_transform_tablet":"","ocean_menu_typo_transform_mobile":"","ocean_menu_typo_line_height":0,"ocean_menu_typo_line_height_tablet":0,"ocean_menu_typo_line_height_mobile":0,"ocean_menu_typo_line_height_unit":"","ocean_menu_typo_spacing":0,"ocean_menu_typo_spacing_tablet":0,"ocean_menu_typo_spacing_mobile":0,"ocean_menu_typo_spacing_unit":"","ocean_menu_link_color":"","ocean_menu_link_color_hover":"","ocean_menu_link_color_active":"","ocean_menu_link_background":"","ocean_menu_link_hover_background":"","ocean_menu_link_active_background":"","ocean_menu_social_links_bg":"","ocean_menu_social_hover_links_bg":"","ocean_menu_social_links_color":"","ocean_menu_social_hover_links_color":"","ocean_disable_title":"default","ocean_disable_heading":"default","ocean_post_title":"","ocean_post_subheading":"","ocean_post_title_style":"","ocean_post_title_background_color":"","ocean_post_title_background":0,"ocean_post_title_bg_image_position":"","ocean_post_title_bg_image_attachment":"","ocean_post_title_bg_image_repeat":"","ocean_post_title_bg_image_size":"","ocean_post_title_height":0,"ocean_post_title_bg_overlay":0.5,"ocean_post_title_bg_overlay_color":"","ocean_disable_breadcrumbs":"default","ocean_breadcrumbs_color":"","ocean_breadcrumbs_separator_color":"","ocean_breadcrumbs_links_color":"","ocean_breadcrumbs_links_hover_color":"","ocean_display_footer_widgets":"default","ocean_display_footer_bottom":"default","ocean_custom_footer_template":"0"},"product_brand":[],"product_cat":[95],"product_tag":[],"class_list":{"0":"post-26103","1":"product","2":"type-product","3":"status-publish","4":"has-post-thumbnail","6":"product_cat-goettliche-einpraegungen","8":"entry","9":"has-media","11":"first","12":"instock","13":"downloadable","14":"virtual","15":"purchasable","16":"product-type-simple","17":"col","18":"span_1_of_3","19":"owp-content-center","20":"item-entry","21":"owp-thumbs-layout-horizontal","22":"owp-btn-normal","23":"owp-tabs-layout-section","24":"has-no-thumbnails","25":"circle-sale"},"acf":[],"yoast_head":"<!-- This site is optimized with the Yoast SEO plugin v27.5 - https:\/\/yoast.com\/product\/yoast-seo-wordpress\/ -->\n<title>Teil I: Die ewigen Segnungen der Quelle &#8902; Lightflow Academy by Cecilia Sifontes<\/title>\n<meta name=\"robots\" content=\"index, follow, max-snippet:-1, max-image-preview:large, max-video-preview:-1\" \/>\n<link rel=\"canonical\" href=\"https:\/\/lightflow.info\/de\/produkt\/teil-i-die-ewigen-segnungen-der-quelle\/\" \/>\n<meta property=\"og:locale\" content=\"de_DE\" \/>\n<meta property=\"og:type\" content=\"article\" \/>\n<meta property=\"og:title\" content=\"Teil I: Die ewigen Segnungen der Quelle &#8902; Lightflow Academy by Cecilia Sifontes\" \/>\n<meta property=\"og:description\" content=\"Ein H\u00f6rkurs zum Thema F\u00fclle &quot;G\u00f6ttliche Einpr\u00e4gungen sind eine H\u00f6rkursserie, welche darauf abzielt, g\u00f6ttliche Seinszust\u00e4nde zu verst\u00e4rken, w\u00e4hrend man auf neue und wundervolle Weise g\u00f6ttliche Einpr\u00e4gungen erschafft. Die ewige Segnung der Quelle kann dich dabei unterst\u00fctzen, g\u00f6ttliche F\u00fclle und ihr Potential f\u00fcr dich zu erfahren.\" \/>\n<meta property=\"og:url\" content=\"https:\/\/lightflow.info\/de\/produkt\/teil-i-die-ewigen-segnungen-der-quelle\/\" \/>\n<meta property=\"og:site_name\" content=\"Lightflow Academy by Cecilia Sifontes\" \/>\n<meta property=\"article:modified_time\" content=\"2026-01-09T20:49:12+00:00\" \/>\n<meta property=\"og:image\" content=\"https:\/\/lightflow.info\/wp-content\/uploads\/C4-SC1-P1-G-Die-ewige-Segnungen-der-Quelle.webp\" \/>\n\t<meta property=\"og:image:width\" content=\"800\" \/>\n\t<meta property=\"og:image:height\" content=\"800\" \/>\n\t<meta property=\"og:image:type\" content=\"image\/webp\" \/>\n<meta name=\"twitter:card\" content=\"summary_large_image\" \/>\n<meta name=\"twitter:label1\" content=\"Gesch\u00e4tzte Lesezeit\" \/>\n\t<meta name=\"twitter:data1\" content=\"2\u00a0Minuten\" \/>\n<script type=\"application\/ld+json\" class=\"yoast-schema-graph\">{\"@context\":\"https:\\\/\\\/schema.org\",\"@graph\":[{\"@type\":\"WebPage\",\"@id\":\"https:\\\/\\\/lightflow.info\\\/de\\\/produkt\\\/teil-i-die-ewigen-segnungen-der-quelle\\\/\",\"url\":\"https:\\\/\\\/lightflow.info\\\/de\\\/produkt\\\/teil-i-die-ewigen-segnungen-der-quelle\\\/\",\"name\":\"Teil I: Die ewigen Segnungen der Quelle &#8902; Lightflow Academy by Cecilia Sifontes\",\"isPartOf\":{\"@id\":\"https:\\\/\\\/lightflow.info\\\/de\\\/#website\"},\"primaryImageOfPage\":{\"@id\":\"https:\\\/\\\/lightflow.info\\\/de\\\/produkt\\\/teil-i-die-ewigen-segnungen-der-quelle\\\/#primaryimage\"},\"image\":{\"@id\":\"https:\\\/\\\/lightflow.info\\\/de\\\/produkt\\\/teil-i-die-ewigen-segnungen-der-quelle\\\/#primaryimage\"},\"thumbnailUrl\":\"https:\\\/\\\/lightflow.info\\\/wp-content\\\/uploads\\\/C4-SC1-P1-G-Die-ewige-Segnungen-der-Quelle.webp\",\"datePublished\":\"2025-12-09T19:57:24+00:00\",\"dateModified\":\"2026-01-09T20:49:12+00:00\",\"breadcrumb\":{\"@id\":\"https:\\\/\\\/lightflow.info\\\/de\\\/produkt\\\/teil-i-die-ewigen-segnungen-der-quelle\\\/#breadcrumb\"},\"inLanguage\":\"de\",\"potentialAction\":[{\"@type\":\"ReadAction\",\"target\":[\"https:\\\/\\\/lightflow.info\\\/de\\\/produkt\\\/teil-i-die-ewigen-segnungen-der-quelle\\\/\"]}]},{\"@type\":\"ImageObject\",\"inLanguage\":\"de\",\"@id\":\"https:\\\/\\\/lightflow.info\\\/de\\\/produkt\\\/teil-i-die-ewigen-segnungen-der-quelle\\\/#primaryimage\",\"url\":\"https:\\\/\\\/lightflow.info\\\/wp-content\\\/uploads\\\/C4-SC1-P1-G-Die-ewige-Segnungen-der-Quelle.webp\",\"contentUrl\":\"https:\\\/\\\/lightflow.info\\\/wp-content\\\/uploads\\\/C4-SC1-P1-G-Die-ewige-Segnungen-der-Quelle.webp\",\"width\":800,\"height\":800},{\"@type\":\"BreadcrumbList\",\"@id\":\"https:\\\/\\\/lightflow.info\\\/de\\\/produkt\\\/teil-i-die-ewigen-segnungen-der-quelle\\\/#breadcrumb\",\"itemListElement\":[{\"@type\":\"ListItem\",\"position\":1,\"name\":\"Home\",\"item\":\"https:\\\/\\\/lightflow.info\\\/de\\\/\"},{\"@type\":\"ListItem\",\"position\":2,\"name\":\"Shop\",\"item\":\"https:\\\/\\\/lightflow.info\\\/de\\\/shop\\\/\"},{\"@type\":\"ListItem\",\"position\":3,\"name\":\"G\u00f6ttlicher Plan Meisterklassen\",\"item\":\"https:\\\/\\\/lightflow.info\\\/de\\\/kategorie\\\/goettlicher-plan-meisterklassen\\\/\"},{\"@type\":\"ListItem\",\"position\":4,\"name\":\"Lichtarbeiter werden\",\"item\":\"https:\\\/\\\/lightflow.info\\\/de\\\/kategorie\\\/goettlicher-plan-meisterklassen\\\/lichtarbeiter-werden\\\/\"},{\"@type\":\"ListItem\",\"position\":5,\"name\":\"G\u00f6ttliche Einpr\u00e4gungen\",\"item\":\"https:\\\/\\\/lightflow.info\\\/de\\\/kategorie\\\/goettlicher-plan-meisterklassen\\\/lichtarbeiter-werden\\\/goettliche-einpraegungen\\\/\"},{\"@type\":\"ListItem\",\"position\":6,\"name\":\"Teil I: Die ewigen Segnungen der Quelle\"}]},{\"@type\":\"WebSite\",\"@id\":\"https:\\\/\\\/lightflow.info\\\/de\\\/#website\",\"url\":\"https:\\\/\\\/lightflow.info\\\/de\\\/\",\"name\":\"Lightflow Academy by Cecilia Sifontes\",\"description\":\"Awakening Lightworkers and Masters\",\"alternateName\":\"Lightflow\",\"potentialAction\":[{\"@type\":\"SearchAction\",\"target\":{\"@type\":\"EntryPoint\",\"urlTemplate\":\"https:\\\/\\\/lightflow.info\\\/de\\\/?s={search_term_string}\"},\"query-input\":{\"@type\":\"PropertyValueSpecification\",\"valueRequired\":true,\"valueName\":\"search_term_string\"}}],\"inLanguage\":\"de\"}]}<\/script>\n<!-- \/ Yoast SEO plugin. -->","yoast_head_json":{"title":"Teil I: Die ewigen Segnungen der Quelle &#8902; Lightflow Academy by Cecilia Sifontes","robots":{"index":"index","follow":"follow","max-snippet":"max-snippet:-1","max-image-preview":"max-image-preview:large","max-video-preview":"max-video-preview:-1"},"canonical":"https:\/\/lightflow.info\/de\/produkt\/teil-i-die-ewigen-segnungen-der-quelle\/","og_locale":"de_DE","og_type":"article","og_title":"Teil I: Die ewigen Segnungen der Quelle &#8902; Lightflow Academy by Cecilia Sifontes","og_description":"Ein H\u00f6rkurs zum Thema F\u00fclle \"G\u00f6ttliche Einpr\u00e4gungen sind eine H\u00f6rkursserie, welche darauf abzielt, g\u00f6ttliche Seinszust\u00e4nde zu verst\u00e4rken, w\u00e4hrend man auf neue und wundervolle Weise g\u00f6ttliche Einpr\u00e4gungen erschafft. Die ewige Segnung der Quelle kann dich dabei unterst\u00fctzen, g\u00f6ttliche F\u00fclle und ihr Potential f\u00fcr dich zu erfahren.","og_url":"https:\/\/lightflow.info\/de\/produkt\/teil-i-die-ewigen-segnungen-der-quelle\/","og_site_name":"Lightflow Academy by Cecilia Sifontes","article_modified_time":"2026-01-09T20:49:12+00:00","og_image":[{"width":800,"height":800,"url":"https:\/\/lightflow.info\/wp-content\/uploads\/C4-SC1-P1-G-Die-ewige-Segnungen-der-Quelle.webp","type":"image\/webp"}],"twitter_card":"summary_large_image","twitter_misc":{"Gesch\u00e4tzte Lesezeit":"2\u00a0Minuten"},"schema":{"@context":"https:\/\/schema.org","@graph":[{"@type":"WebPage","@id":"https:\/\/lightflow.info\/de\/produkt\/teil-i-die-ewigen-segnungen-der-quelle\/","url":"https:\/\/lightflow.info\/de\/produkt\/teil-i-die-ewigen-segnungen-der-quelle\/","name":"Teil I: Die ewigen Segnungen der Quelle &#8902; Lightflow Academy by Cecilia Sifontes","isPartOf":{"@id":"https:\/\/lightflow.info\/de\/#website"},"primaryImageOfPage":{"@id":"https:\/\/lightflow.info\/de\/produkt\/teil-i-die-ewigen-segnungen-der-quelle\/#primaryimage"},"image":{"@id":"https:\/\/lightflow.info\/de\/produkt\/teil-i-die-ewigen-segnungen-der-quelle\/#primaryimage"},"thumbnailUrl":"https:\/\/lightflow.info\/wp-content\/uploads\/C4-SC1-P1-G-Die-ewige-Segnungen-der-Quelle.webp","datePublished":"2025-12-09T19:57:24+00:00","dateModified":"2026-01-09T20:49:12+00:00","breadcrumb":{"@id":"https:\/\/lightflow.info\/de\/produkt\/teil-i-die-ewigen-segnungen-der-quelle\/#breadcrumb"},"inLanguage":"de","potentialAction":[{"@type":"ReadAction","target":["https:\/\/lightflow.info\/de\/produkt\/teil-i-die-ewigen-segnungen-der-quelle\/"]}]},{"@type":"ImageObject","inLanguage":"de","@id":"https:\/\/lightflow.info\/de\/produkt\/teil-i-die-ewigen-segnungen-der-quelle\/#primaryimage","url":"https:\/\/lightflow.info\/wp-content\/uploads\/C4-SC1-P1-G-Die-ewige-Segnungen-der-Quelle.webp","contentUrl":"https:\/\/lightflow.info\/wp-content\/uploads\/C4-SC1-P1-G-Die-ewige-Segnungen-der-Quelle.webp","width":800,"height":800},{"@type":"BreadcrumbList","@id":"https:\/\/lightflow.info\/de\/produkt\/teil-i-die-ewigen-segnungen-der-quelle\/#breadcrumb","itemListElement":[{"@type":"ListItem","position":1,"name":"Home","item":"https:\/\/lightflow.info\/de\/"},{"@type":"ListItem","position":2,"name":"Shop","item":"https:\/\/lightflow.info\/de\/shop\/"},{"@type":"ListItem","position":3,"name":"G\u00f6ttlicher Plan Meisterklassen","item":"https:\/\/lightflow.info\/de\/kategorie\/goettlicher-plan-meisterklassen\/"},{"@type":"ListItem","position":4,"name":"Lichtarbeiter werden","item":"https:\/\/lightflow.info\/de\/kategorie\/goettlicher-plan-meisterklassen\/lichtarbeiter-werden\/"},{"@type":"ListItem","position":5,"name":"G\u00f6ttliche Einpr\u00e4gungen","item":"https:\/\/lightflow.info\/de\/kategorie\/goettlicher-plan-meisterklassen\/lichtarbeiter-werden\/goettliche-einpraegungen\/"},{"@type":"ListItem","position":6,"name":"Teil I: Die ewigen Segnungen der Quelle"}]},{"@type":"WebSite","@id":"https:\/\/lightflow.info\/de\/#website","url":"https:\/\/lightflow.info\/de\/","name":"Lightflow Academy by Cecilia Sifontes","description":"Awakening Lightworkers and Masters","alternateName":"Lightflow","potentialAction":[{"@type":"SearchAction","target":{"@type":"EntryPoint","urlTemplate":"https:\/\/lightflow.info\/de\/?s={search_term_string}"},"query-input":{"@type":"PropertyValueSpecification","valueRequired":true,"valueName":"search_term_string"}}],"inLanguage":"de"}]}},"_links":{"self":[{"href":"https:\/\/lightflow.info\/de\/wp-json\/wp\/v2\/product\/26103","targetHints":{"allow":["GET"]}}],"collection":[{"href":"https:\/\/lightflow.info\/de\/wp-json\/wp\/v2\/product"}],"about":[{"href":"https:\/\/lightflow.info\/de\/wp-json\/wp\/v2\/types\/product"}],"version-history":[{"count":0,"href":"https:\/\/lightflow.info\/de\/wp-json\/wp\/v2\/product\/26103\/revisions"}],"wp:featuredmedia":[{"embeddable":true,"href":"https:\/\/lightflow.info\/de\/wp-json\/wp\/v2\/media\/33402"}],"wp:attachment":[{"href":"https:\/\/lightflow.info\/de\/wp-json\/wp\/v2\/media?parent=26103"}],"wp:term":[{"taxonomy":"product_brand","embeddable":true,"href":"https:\/\/lightflow.info\/de\/wp-json\/wp\/v2\/product_brand?post=26103"},{"taxonomy":"product_cat","embeddable":true,"href":"https:\/\/lightflow.info\/de\/wp-json\/wp\/v2\/product_cat?post=26103"},{"taxonomy":"product_tag","embeddable":true,"href":"https:\/\/lightflow.info\/de\/wp-json\/wp\/v2\/product_tag?post=26103"}],"curies":[{"name":"wp","href":"https:\/\/api.w.org\/{rel}","templated":true}]}}