{"id":26404,"date":"2025-12-09T21:01:03","date_gmt":"2025-12-09T20:01:03","guid":{"rendered":"https:\/\/lightflow.info\/?post_type=product&#038;p=26404"},"modified":"2026-01-09T22:22:34","modified_gmt":"2026-01-09T21:22:34","slug":"teil-3-erhoehung-der-geschwindigkeit-des-lichts","status":"publish","type":"product","link":"https:\/\/lightflow.info\/de\/produkt\/teil-3-erhoehung-der-geschwindigkeit-des-lichts\/","title":{"rendered":"Teil 3: Erh\u00f6hung der Geschwindigkeit des Lichts"},"content":{"rendered":"<p><strong>Welche Schl\u00fcsselerlebnisse kannst du erwarten?<\/strong><\/p>\n<ul>\n<li>Erforsche und kommuniziere mit 7 anderen Multiversen, die au\u00dferhalb des unsrigen liegen und bringe von dort Wissen hierher<\/li>\n<li>Rufe alle Lichtarbeiter dazu auf, zu erwachen und sich weiter zu bewegen<\/li>\n<li>Den Impuls empfangen, der das gr\u00f6\u00dfere Ganze verbindet<\/li>\n<li>Deinen Kern st\u00e4rken<\/li>\n<li>Erforschung der Freiheit, wenn die Dimensionen sich ins Eins vermischen<\/li>\n<li>T\u00f6ne des Einsseins<\/li>\n<li>Verbindung aller Strukturen der vorangegangenen Teile dieses Kurses mit der Struktur, die du hier baust<\/li>\n<li>Mit deinem gr\u00f6\u00dferen, physischen Selbst kommunizieren<\/li>\n<li>Detaillierte Informationen \u00fcber deine Lichtarbeit erhalten, die sich \u00fcber die n\u00e4chsten Jahre erstreckt<\/li>\n<li>Wie man sich an die erh\u00f6hte Geschwindigkeit des Lichts anpasst<\/li>\n<li>Mit h\u00f6heren Wesen arbeiten, um die Geschwindigkeit des Lichts zu erh\u00f6hen<\/li>\n<li>Unternimm eine Reise durch die Geschichte der Sch\u00f6pfung und betrachte wichtige Schritte, welche die Erde und das menschliche Kollektiv zu diesem Punkt in der Evolution gebracht haben<\/li>\n<\/ul>\n<p><strong>Dieser Kurs beinhaltet 15 gef\u00fchrte Meditationen auf Englisch mit deutscher \u00dcbersetzung und in Begleitheft. Enthaltene Meditationen:<\/strong><\/p>\n<p>01 Vorbereitung des permanenten physischen Atoms im gr\u00f6\u00dferen physischen Selbst<br \/>\n02 Die Quelle projeziert ihr Licht in jeden Kern der g\u00f6ttliche Blaupause des gr\u00f6\u00dferen physischen Selbst<br \/>\n03 Erfahre und erforsche Freiheit von Zeit, Dimensionen und Raum im Hologramm<br \/>\n04 T\u00f6ne des Einsseins<br \/>\n05 Seelenvorbereitung der neuen Strukturen f\u00fcr Licht, T\u00f6ne, Information usw.<br \/>\n06 Abschlie\u00dfende Vorbereitung Tag 1<br \/>\n07 Aufbau einer Kommunikationszentrale auf der Oberfl\u00e4che des Lichtk\u00f6rpers<br \/>\n08 Aussenden (Seele) und empfangen (Person) von Nachrichten, w\u00e4hrend die Kommunikationszentrale fein abgestimmt wird<br \/>\n09 Detaillierte Informationen \u00fcber dich als Lichtarbeiter f\u00fcr die kommenden Jahre erhalten<br \/>\n10 Die Lichtmatrix des h\u00f6heren Selbst und andere Anteile von dir arbeiten daran, neue Gene, Zellen und Sinne zu aktivieren<br \/>\n11 Beginn der Beschleunigung der Lichtgeschwindigkeit<br \/>\n12 Erforschung des Licht erh\u00f6hter Geschwindigkeit von der Erdperspektive aus. Bemerke alle Schichten des Selbst<br \/>\n13 Betrachtung der Struktur der g\u00f6ttlichen Manifestation vom Zentrumspunkt des Einsseins aus<br \/>\n14 Quartiigo &#8211; Initiation der Erschaffung des Rates der Sch\u00f6pfung durch 8 Impulse<br \/>\n15 Erhalte den Impuls, der das gr\u00f6\u00dfere Ganze verbindet<br \/>\nSIF84G Erh\u00f6hung der Geschwindigkeit des Lichts Booklet.pdf<\/p>\n","protected":false},"excerpt":{"rendered":"<p>Du bist f\u00fcr uns von speziellem Interesse, da du unter den ersten bist, welche die Wirklichkeit auf diese Weise erforschen. Dies wird zu h\u00f6chstgradigen Ver\u00e4nderungen f\u00fchren &#8211; dadurch, dass sich mehr Wissen, Inspiration &amp; Verst\u00e4ndnis entfalten wird.<\/p>\n","protected":false},"featured_media":33429,"template":"","meta":{"_acf_changed":false,"ocean_post_layout":"","ocean_both_sidebars_style":"","ocean_both_sidebars_content_width":0,"ocean_both_sidebars_sidebars_width":0,"ocean_sidebar":"0","ocean_second_sidebar":"0","ocean_disable_margins":"enable","ocean_add_body_class":"","ocean_shortcode_before_top_bar":"","ocean_shortcode_after_top_bar":"","ocean_shortcode_before_header":"","ocean_shortcode_after_header":"","ocean_has_shortcode":"","ocean_shortcode_after_title":"","ocean_shortcode_before_footer_widgets":"","ocean_shortcode_after_footer_widgets":"","ocean_shortcode_before_footer_bottom":"","ocean_shortcode_after_footer_bottom":"","ocean_display_top_bar":"default","ocean_display_header":"default","ocean_header_style":"","ocean_center_header_left_menu":"0","ocean_custom_header_template":"0","ocean_custom_logo":0,"ocean_custom_retina_logo":0,"ocean_custom_logo_max_width":0,"ocean_custom_logo_tablet_max_width":0,"ocean_custom_logo_mobile_max_width":0,"ocean_custom_logo_max_height":0,"ocean_custom_logo_tablet_max_height":0,"ocean_custom_logo_mobile_max_height":0,"ocean_header_custom_menu":"0","ocean_menu_typo_font_family":"0","ocean_menu_typo_font_subset":"","ocean_menu_typo_font_size":0,"ocean_menu_typo_font_size_tablet":0,"ocean_menu_typo_font_size_mobile":0,"ocean_menu_typo_font_size_unit":"px","ocean_menu_typo_font_weight":"","ocean_menu_typo_font_weight_tablet":"","ocean_menu_typo_font_weight_mobile":"","ocean_menu_typo_transform":"","ocean_menu_typo_transform_tablet":"","ocean_menu_typo_transform_mobile":"","ocean_menu_typo_line_height":0,"ocean_menu_typo_line_height_tablet":0,"ocean_menu_typo_line_height_mobile":0,"ocean_menu_typo_line_height_unit":"","ocean_menu_typo_spacing":0,"ocean_menu_typo_spacing_tablet":0,"ocean_menu_typo_spacing_mobile":0,"ocean_menu_typo_spacing_unit":"","ocean_menu_link_color":"","ocean_menu_link_color_hover":"","ocean_menu_link_color_active":"","ocean_menu_link_background":"","ocean_menu_link_hover_background":"","ocean_menu_link_active_background":"","ocean_menu_social_links_bg":"","ocean_menu_social_hover_links_bg":"","ocean_menu_social_links_color":"","ocean_menu_social_hover_links_color":"","ocean_disable_title":"default","ocean_disable_heading":"default","ocean_post_title":"","ocean_post_subheading":"","ocean_post_title_style":"","ocean_post_title_background_color":"","ocean_post_title_background":0,"ocean_post_title_bg_image_position":"","ocean_post_title_bg_image_attachment":"","ocean_post_title_bg_image_repeat":"","ocean_post_title_bg_image_size":"","ocean_post_title_height":0,"ocean_post_title_bg_overlay":0.5,"ocean_post_title_bg_overlay_color":"","ocean_disable_breadcrumbs":"default","ocean_breadcrumbs_color":"","ocean_breadcrumbs_separator_color":"","ocean_breadcrumbs_links_color":"","ocean_breadcrumbs_links_hover_color":"","ocean_display_footer_widgets":"default","ocean_display_footer_bottom":"default","ocean_custom_footer_template":"0"},"product_brand":[],"product_cat":[96],"product_tag":[],"class_list":{"0":"post-26404","1":"product","2":"type-product","3":"status-publish","4":"has-post-thumbnail","6":"product_cat-goettliche-manifestation","8":"entry","9":"has-media","11":"first","12":"instock","13":"downloadable","14":"virtual","15":"purchasable","16":"product-type-simple","17":"col","18":"span_1_of_3","19":"owp-content-center","20":"item-entry","21":"owp-thumbs-layout-horizontal","22":"owp-btn-normal","23":"owp-tabs-layout-section","24":"has-no-thumbnails","25":"circle-sale"},"acf":[],"yoast_head":"<!-- This site is optimized with the Yoast SEO plugin v27.5 - https:\/\/yoast.com\/product\/yoast-seo-wordpress\/ -->\n<title>Teil 3: Erh\u00f6hung der Geschwindigkeit des Lichts &#8902; Lightflow Academy by Cecilia Sifontes<\/title>\n<meta name=\"robots\" content=\"index, follow, max-snippet:-1, max-image-preview:large, max-video-preview:-1\" \/>\n<link rel=\"canonical\" href=\"https:\/\/lightflow.info\/de\/produkt\/teil-3-erhoehung-der-geschwindigkeit-des-lichts\/\" \/>\n<meta property=\"og:locale\" content=\"de_DE\" \/>\n<meta property=\"og:type\" content=\"article\" \/>\n<meta property=\"og:title\" content=\"Teil 3: Erh\u00f6hung der Geschwindigkeit des Lichts &#8902; Lightflow Academy by Cecilia Sifontes\" \/>\n<meta property=\"og:description\" content=\"Du bist f\u00fcr uns von speziellem Interesse, da du unter den ersten bist, welche die Wirklichkeit auf diese Weise erforschen. Dies wird zu h\u00f6chstgradigen Ver\u00e4nderungen f\u00fchren - dadurch, dass sich mehr Wissen, Inspiration &amp; Verst\u00e4ndnis entfalten wird.\" \/>\n<meta property=\"og:url\" content=\"https:\/\/lightflow.info\/de\/produkt\/teil-3-erhoehung-der-geschwindigkeit-des-lichts\/\" \/>\n<meta property=\"og:site_name\" content=\"Lightflow Academy by Cecilia Sifontes\" \/>\n<meta property=\"article:modified_time\" content=\"2026-01-09T21:22:34+00:00\" \/>\n<meta property=\"og:image\" content=\"https:\/\/lightflow.info\/wp-content\/uploads\/C4-SC2-P4-G_SIF84G-Goettliche-Manifestation-3-Erhoehung-Geschwindigkeit-Licht.webp\" \/>\n\t<meta property=\"og:image:width\" content=\"800\" \/>\n\t<meta property=\"og:image:height\" content=\"800\" \/>\n\t<meta property=\"og:image:type\" content=\"image\/webp\" \/>\n<meta name=\"twitter:card\" content=\"summary_large_image\" \/>\n<meta name=\"twitter:label1\" content=\"Gesch\u00e4tzte Lesezeit\" \/>\n\t<meta name=\"twitter:data1\" content=\"2\u00a0Minuten\" \/>\n<script type=\"application\/ld+json\" class=\"yoast-schema-graph\">{\"@context\":\"https:\\\/\\\/schema.org\",\"@graph\":[{\"@type\":\"WebPage\",\"@id\":\"https:\\\/\\\/lightflow.info\\\/de\\\/produkt\\\/teil-3-erhoehung-der-geschwindigkeit-des-lichts\\\/\",\"url\":\"https:\\\/\\\/lightflow.info\\\/de\\\/produkt\\\/teil-3-erhoehung-der-geschwindigkeit-des-lichts\\\/\",\"name\":\"Teil 3: Erh\u00f6hung der Geschwindigkeit des Lichts &#8902; Lightflow Academy by Cecilia Sifontes\",\"isPartOf\":{\"@id\":\"https:\\\/\\\/lightflow.info\\\/de\\\/#website\"},\"primaryImageOfPage\":{\"@id\":\"https:\\\/\\\/lightflow.info\\\/de\\\/produkt\\\/teil-3-erhoehung-der-geschwindigkeit-des-lichts\\\/#primaryimage\"},\"image\":{\"@id\":\"https:\\\/\\\/lightflow.info\\\/de\\\/produkt\\\/teil-3-erhoehung-der-geschwindigkeit-des-lichts\\\/#primaryimage\"},\"thumbnailUrl\":\"https:\\\/\\\/lightflow.info\\\/wp-content\\\/uploads\\\/C4-SC2-P4-G_SIF84G-Goettliche-Manifestation-3-Erhoehung-Geschwindigkeit-Licht.webp\",\"datePublished\":\"2025-12-09T20:01:03+00:00\",\"dateModified\":\"2026-01-09T21:22:34+00:00\",\"breadcrumb\":{\"@id\":\"https:\\\/\\\/lightflow.info\\\/de\\\/produkt\\\/teil-3-erhoehung-der-geschwindigkeit-des-lichts\\\/#breadcrumb\"},\"inLanguage\":\"de\",\"potentialAction\":[{\"@type\":\"ReadAction\",\"target\":[\"https:\\\/\\\/lightflow.info\\\/de\\\/produkt\\\/teil-3-erhoehung-der-geschwindigkeit-des-lichts\\\/\"]}]},{\"@type\":\"ImageObject\",\"inLanguage\":\"de\",\"@id\":\"https:\\\/\\\/lightflow.info\\\/de\\\/produkt\\\/teil-3-erhoehung-der-geschwindigkeit-des-lichts\\\/#primaryimage\",\"url\":\"https:\\\/\\\/lightflow.info\\\/wp-content\\\/uploads\\\/C4-SC2-P4-G_SIF84G-Goettliche-Manifestation-3-Erhoehung-Geschwindigkeit-Licht.webp\",\"contentUrl\":\"https:\\\/\\\/lightflow.info\\\/wp-content\\\/uploads\\\/C4-SC2-P4-G_SIF84G-Goettliche-Manifestation-3-Erhoehung-Geschwindigkeit-Licht.webp\",\"width\":800,\"height\":800},{\"@type\":\"BreadcrumbList\",\"@id\":\"https:\\\/\\\/lightflow.info\\\/de\\\/produkt\\\/teil-3-erhoehung-der-geschwindigkeit-des-lichts\\\/#breadcrumb\",\"itemListElement\":[{\"@type\":\"ListItem\",\"position\":1,\"name\":\"Home\",\"item\":\"https:\\\/\\\/lightflow.info\\\/de\\\/\"},{\"@type\":\"ListItem\",\"position\":2,\"name\":\"Shop\",\"item\":\"https:\\\/\\\/lightflow.info\\\/de\\\/shop\\\/\"},{\"@type\":\"ListItem\",\"position\":3,\"name\":\"G\u00f6ttlicher Plan Meisterklassen\",\"item\":\"https:\\\/\\\/lightflow.info\\\/de\\\/kategorie\\\/goettlicher-plan-meisterklassen\\\/\"},{\"@type\":\"ListItem\",\"position\":4,\"name\":\"Lichtarbeiter werden\",\"item\":\"https:\\\/\\\/lightflow.info\\\/de\\\/kategorie\\\/goettlicher-plan-meisterklassen\\\/lichtarbeiter-werden\\\/\"},{\"@type\":\"ListItem\",\"position\":5,\"name\":\"G\u00f6ttliche Manifestation\",\"item\":\"https:\\\/\\\/lightflow.info\\\/de\\\/kategorie\\\/goettlicher-plan-meisterklassen\\\/lichtarbeiter-werden\\\/goettliche-manifestation\\\/\"},{\"@type\":\"ListItem\",\"position\":6,\"name\":\"Teil 3: Erh\u00f6hung der Geschwindigkeit des Lichts\"}]},{\"@type\":\"WebSite\",\"@id\":\"https:\\\/\\\/lightflow.info\\\/de\\\/#website\",\"url\":\"https:\\\/\\\/lightflow.info\\\/de\\\/\",\"name\":\"Lightflow Academy by Cecilia Sifontes\",\"description\":\"Awakening Lightworkers and Masters\",\"alternateName\":\"Lightflow\",\"potentialAction\":[{\"@type\":\"SearchAction\",\"target\":{\"@type\":\"EntryPoint\",\"urlTemplate\":\"https:\\\/\\\/lightflow.info\\\/de\\\/?s={search_term_string}\"},\"query-input\":{\"@type\":\"PropertyValueSpecification\",\"valueRequired\":true,\"valueName\":\"search_term_string\"}}],\"inLanguage\":\"de\"}]}<\/script>\n<!-- \/ Yoast SEO plugin. -->","yoast_head_json":{"title":"Teil 3: Erh\u00f6hung der Geschwindigkeit des Lichts &#8902; Lightflow Academy by Cecilia Sifontes","robots":{"index":"index","follow":"follow","max-snippet":"max-snippet:-1","max-image-preview":"max-image-preview:large","max-video-preview":"max-video-preview:-1"},"canonical":"https:\/\/lightflow.info\/de\/produkt\/teil-3-erhoehung-der-geschwindigkeit-des-lichts\/","og_locale":"de_DE","og_type":"article","og_title":"Teil 3: Erh\u00f6hung der Geschwindigkeit des Lichts &#8902; Lightflow Academy by Cecilia Sifontes","og_description":"Du bist f\u00fcr uns von speziellem Interesse, da du unter den ersten bist, welche die Wirklichkeit auf diese Weise erforschen. Dies wird zu h\u00f6chstgradigen Ver\u00e4nderungen f\u00fchren - dadurch, dass sich mehr Wissen, Inspiration &amp; Verst\u00e4ndnis entfalten wird.","og_url":"https:\/\/lightflow.info\/de\/produkt\/teil-3-erhoehung-der-geschwindigkeit-des-lichts\/","og_site_name":"Lightflow Academy by Cecilia Sifontes","article_modified_time":"2026-01-09T21:22:34+00:00","og_image":[{"width":800,"height":800,"url":"https:\/\/lightflow.info\/wp-content\/uploads\/C4-SC2-P4-G_SIF84G-Goettliche-Manifestation-3-Erhoehung-Geschwindigkeit-Licht.webp","type":"image\/webp"}],"twitter_card":"summary_large_image","twitter_misc":{"Gesch\u00e4tzte Lesezeit":"2\u00a0Minuten"},"schema":{"@context":"https:\/\/schema.org","@graph":[{"@type":"WebPage","@id":"https:\/\/lightflow.info\/de\/produkt\/teil-3-erhoehung-der-geschwindigkeit-des-lichts\/","url":"https:\/\/lightflow.info\/de\/produkt\/teil-3-erhoehung-der-geschwindigkeit-des-lichts\/","name":"Teil 3: Erh\u00f6hung der Geschwindigkeit des Lichts &#8902; Lightflow Academy by Cecilia Sifontes","isPartOf":{"@id":"https:\/\/lightflow.info\/de\/#website"},"primaryImageOfPage":{"@id":"https:\/\/lightflow.info\/de\/produkt\/teil-3-erhoehung-der-geschwindigkeit-des-lichts\/#primaryimage"},"image":{"@id":"https:\/\/lightflow.info\/de\/produkt\/teil-3-erhoehung-der-geschwindigkeit-des-lichts\/#primaryimage"},"thumbnailUrl":"https:\/\/lightflow.info\/wp-content\/uploads\/C4-SC2-P4-G_SIF84G-Goettliche-Manifestation-3-Erhoehung-Geschwindigkeit-Licht.webp","datePublished":"2025-12-09T20:01:03+00:00","dateModified":"2026-01-09T21:22:34+00:00","breadcrumb":{"@id":"https:\/\/lightflow.info\/de\/produkt\/teil-3-erhoehung-der-geschwindigkeit-des-lichts\/#breadcrumb"},"inLanguage":"de","potentialAction":[{"@type":"ReadAction","target":["https:\/\/lightflow.info\/de\/produkt\/teil-3-erhoehung-der-geschwindigkeit-des-lichts\/"]}]},{"@type":"ImageObject","inLanguage":"de","@id":"https:\/\/lightflow.info\/de\/produkt\/teil-3-erhoehung-der-geschwindigkeit-des-lichts\/#primaryimage","url":"https:\/\/lightflow.info\/wp-content\/uploads\/C4-SC2-P4-G_SIF84G-Goettliche-Manifestation-3-Erhoehung-Geschwindigkeit-Licht.webp","contentUrl":"https:\/\/lightflow.info\/wp-content\/uploads\/C4-SC2-P4-G_SIF84G-Goettliche-Manifestation-3-Erhoehung-Geschwindigkeit-Licht.webp","width":800,"height":800},{"@type":"BreadcrumbList","@id":"https:\/\/lightflow.info\/de\/produkt\/teil-3-erhoehung-der-geschwindigkeit-des-lichts\/#breadcrumb","itemListElement":[{"@type":"ListItem","position":1,"name":"Home","item":"https:\/\/lightflow.info\/de\/"},{"@type":"ListItem","position":2,"name":"Shop","item":"https:\/\/lightflow.info\/de\/shop\/"},{"@type":"ListItem","position":3,"name":"G\u00f6ttlicher Plan Meisterklassen","item":"https:\/\/lightflow.info\/de\/kategorie\/goettlicher-plan-meisterklassen\/"},{"@type":"ListItem","position":4,"name":"Lichtarbeiter werden","item":"https:\/\/lightflow.info\/de\/kategorie\/goettlicher-plan-meisterklassen\/lichtarbeiter-werden\/"},{"@type":"ListItem","position":5,"name":"G\u00f6ttliche Manifestation","item":"https:\/\/lightflow.info\/de\/kategorie\/goettlicher-plan-meisterklassen\/lichtarbeiter-werden\/goettliche-manifestation\/"},{"@type":"ListItem","position":6,"name":"Teil 3: Erh\u00f6hung der Geschwindigkeit des Lichts"}]},{"@type":"WebSite","@id":"https:\/\/lightflow.info\/de\/#website","url":"https:\/\/lightflow.info\/de\/","name":"Lightflow Academy by Cecilia Sifontes","description":"Awakening Lightworkers and Masters","alternateName":"Lightflow","potentialAction":[{"@type":"SearchAction","target":{"@type":"EntryPoint","urlTemplate":"https:\/\/lightflow.info\/de\/?s={search_term_string}"},"query-input":{"@type":"PropertyValueSpecification","valueRequired":true,"valueName":"search_term_string"}}],"inLanguage":"de"}]}},"_links":{"self":[{"href":"https:\/\/lightflow.info\/de\/wp-json\/wp\/v2\/product\/26404","targetHints":{"allow":["GET"]}}],"collection":[{"href":"https:\/\/lightflow.info\/de\/wp-json\/wp\/v2\/product"}],"about":[{"href":"https:\/\/lightflow.info\/de\/wp-json\/wp\/v2\/types\/product"}],"version-history":[{"count":0,"href":"https:\/\/lightflow.info\/de\/wp-json\/wp\/v2\/product\/26404\/revisions"}],"wp:featuredmedia":[{"embeddable":true,"href":"https:\/\/lightflow.info\/de\/wp-json\/wp\/v2\/media\/33429"}],"wp:attachment":[{"href":"https:\/\/lightflow.info\/de\/wp-json\/wp\/v2\/media?parent=26404"}],"wp:term":[{"taxonomy":"product_brand","embeddable":true,"href":"https:\/\/lightflow.info\/de\/wp-json\/wp\/v2\/product_brand?post=26404"},{"taxonomy":"product_cat","embeddable":true,"href":"https:\/\/lightflow.info\/de\/wp-json\/wp\/v2\/product_cat?post=26404"},{"taxonomy":"product_tag","embeddable":true,"href":"https:\/\/lightflow.info\/de\/wp-json\/wp\/v2\/product_tag?post=26404"}],"curies":[{"name":"wp","href":"https:\/\/api.w.org\/{rel}","templated":true}]}}