{"id":26408,"date":"2025-12-09T21:02:34","date_gmt":"2025-12-09T20:02:34","guid":{"rendered":"https:\/\/lightflow.info\/?post_type=product&#038;p=26408"},"modified":"2026-01-09T22:23:37","modified_gmt":"2026-01-09T21:23:37","slug":"teil-4-holographische-essenz-goettliche-zweck","status":"publish","type":"product","link":"https:\/\/lightflow.info\/de\/produkt\/teil-4-holographische-essenz-goettliche-zweck\/","title":{"rendered":"Teil 4: Holographische Essenz &#038; G\u00f6ttliche Zweck"},"content":{"rendered":"<p>Die Dinge, die du in diesem Kurs erforschst, kommen dir als Wesen weit jenseits dieses Lebens zu gute. Wenn dein holographisches Selbst holographische Essenz in deinem K\u00f6rper auf der Erde verankert, kannst du zu all deinem gesammelten Wissen und deiner Erfahrung Zugang erhalten, die von \u00fcberall her aus dem Multiversum und auch jenseits davon aus anderen Existenzen stammt.<br \/>\nDie Arbeit, die du w\u00e4hrend dieses Teils der Seminarreihe zu g\u00f6ttlicher Manifestation machst handelt grunds\u00e4tzlich davon, sowohl Geschichte als auch Potential umzuschreiben. Es geht auch darum den K\u00f6rper darauf vorzubereiten, von den wiederkehrenden aufgestiegenen Meistern, Engeln und anderen Wesen angewandt (aber nicht missbraucht) zu werden, die alle gro\u00dfes Wissen und Bewusstsein haben, mit dem sie zur Erde kommen.<br \/>\nUm in der Lage zu sein, ihre reine Essenz und Frequenz halten zu k\u00f6nnen, m\u00fcsstest du ein paar Dinge an deinem K\u00f6rper ver\u00e4ndern. Zuvor mussten geistige F\u00fchrer um uns kontaktieren zu k\u00f6nnen ihre Frequenzen herabsetzen und durch ein einzelnes Wesen kommunizieren. W\u00e4hrend du jetzt holographische Essenz verankerst, werden sie in ihrer Frequenz bleiben k\u00f6nnen und mit vielen weiteren Aspekten von dir im gr\u00f6\u00dferen physischen Selbst kommunizieren k\u00f6nnen. Dies gibt dir die M\u00f6glichkeit auf allen Ebenen der Wirklichkeit bewusst zu existieren, ohne einen Ausdruck gegen\u00fcber einem anderen bevorzugen zu m\u00fcssen.<br \/>\nDu tr\u00e4gst in dir, deinem Licht und deinen Strukturen ein permanentes, physisches Atom, welches Erinnerung in dir erweckt, wer du bist. Auf die gleiche Weise aktiviert ein holographisches, permanentes Atom, wie du jetzt eines hast, viel gr\u00f6\u00dfere Erinnerung von allem was du bist, als was deine Seele und du bisher auf der Erde gespielt haben. Es erweckt Erinnerungen an alles was du bist, an andere Inkarnationen deiner Seele \u00fcberall im Universum. Es erweckt auch Erinnerungen anderer Lebensformen, die andere Aspekte deines Wesens in anderen Existenzen spielen, anderen Clustern von Universen oder \u00e4hnlichen R\u00e4umen.<br \/>\nDie Lichtbibliotheken halten f\u00fcr alle Lebensformen in und um einen Planeten das Potential. Dies gilt auch f\u00fcr den Planeten selbst. Jetzt sind sie bereit, mehr \u00fcber das Potential in der galaktischen \u00c4ra zu enth\u00fcllen. Der erste Schritt ist es, die 10 Lichtbibliotheken zu einer zusammen zu bringen und sie dann mit anderen, vervollst\u00e4ndigten, planetaren Lichtbibliotheken in der Galaxie zu vereinen. Dies wird ein neues Magnetfeld erschaffen, an dem die Erde zur Zeit gro\u00dfen Bedarf hat.<\/p>\n<p><strong>Welche Schl\u00fcsselerlebnisse kannst du erwarten?<\/strong><\/p>\n<ul>\n<li>Ver\u00e4ndere die Absicht f\u00fcr deinen physischen K\u00f6rper<\/li>\n<li>Dehne dich in die holographische Wirklichkeit aus und erforsche sie<\/li>\n<li>L\u00f6se die Verbindung zwischen dem Netz der Synchronizit\u00e4t und der illusion\u00e4ren Welt auf<\/li>\n<li>Gemeinsame Energiearbeit im Hologramm mit den Wesen der Sch\u00f6pfung<\/li>\n<li>Erforsche das holographische, permanente, physische Atom und verbinde es mit deinem Kernsamen<\/li>\n<li>Hochdimensionale Energiearbeit mit holographischer Essenz<\/li>\n<li>Erfahre das neue Potential der Erde \u2013 eine vollst\u00e4ndige Lichtbibliothek<\/li>\n<li>Erhalte Information und Kode von der zentralen Lichtbibliothek<\/li>\n<li>Erforsche wie holographische Essenz unsere Welt und die 5 S\u00e4ulen der Gesellschaft beeinflussen wird<\/li>\n<li>Folge der Evolution der Lichtbibliotheken<\/li>\n<li>Zu einem Wesen werden<\/li>\n<\/ul>\n<p><strong><br \/>\nDieser Kurs beinhaltet 15 gef\u00fchrte Meditationen auf Englisch mit deutscher \u00dcbersetzung und in Begleitheft. Enthaltene Meditationen:<\/strong><\/p>\n<p>01 Einf\u00fchrendes Gespr\u00e4ch mit Artee \u2013 Kraft erhalten<br \/>\n02 Ver\u00e4nderung der Absicht f\u00fcr den physischen K\u00f6rper<br \/>\n03 Aufl\u00f6sung der Verbindungen zwischen dem Netz der Synchronizit\u00e4t und der Welt der Illusion<br \/>\n04 Das holographische, permanente, physische Atom<br \/>\n05 Verbindung des holografischen, permanenten physischen Atoms mit dem Kernsamen<br \/>\n06 Holografische Expansion<br \/>\n07 Das wesen der Sch\u00f6pfung mischt Holografische Essenz<br \/>\n08 Erfahrung des neuen Potentials f\u00fcr die Erde \u2013 eine vollst\u00e4ndige Lichtbibliothek<br \/>\n09 Erhalte Informationen und Kode aus der zentralen Lichtbibliothek<br \/>\n10 Bringe holographische Essenz in das holographische, permanente, physische Atom<br \/>\n11 Holographische Essenz zu den unsichtbaren Anteilen der Lichtbibliotheken, zu deinem physischen Bewusstsein<br \/>\n12 Quartiigo_ Die Geschichte der Menschheit ins Eins bringen<br \/>\n13 Ein neues Wesen werden<br \/>\n14 Ins Eins verschmelzen und dessen Energiesubstans im Kern erhalten<br \/>\n15 Quartiigo &#8211; Abschluss des Seminars<br \/>\nSif89G Holografische Essenz booklet.pdf<\/p>\n","protected":false},"excerpt":{"rendered":"<p>Die Dinge, die du in diesem Kurs erforschst, kommen dir als Wesen weit jenseits dieses Lebens zu gute. Wenn dein holographisches Selbst holographische Essenz in deinem K\u00f6rper auf der Erde verankert, kannst du zu all deinem gesammelten Wissen und deiner Erfahrung Zugang erhalten, die von \u00fcberall her aus dem Multiversum und auch jenseits davon aus anderen Existenzen stammt.<\/p>\n","protected":false},"featured_media":33430,"template":"","meta":{"_acf_changed":false,"ocean_post_layout":"","ocean_both_sidebars_style":"","ocean_both_sidebars_content_width":0,"ocean_both_sidebars_sidebars_width":0,"ocean_sidebar":"0","ocean_second_sidebar":"0","ocean_disable_margins":"enable","ocean_add_body_class":"","ocean_shortcode_before_top_bar":"","ocean_shortcode_after_top_bar":"","ocean_shortcode_before_header":"","ocean_shortcode_after_header":"","ocean_has_shortcode":"","ocean_shortcode_after_title":"","ocean_shortcode_before_footer_widgets":"","ocean_shortcode_after_footer_widgets":"","ocean_shortcode_before_footer_bottom":"","ocean_shortcode_after_footer_bottom":"","ocean_display_top_bar":"default","ocean_display_header":"default","ocean_header_style":"","ocean_center_header_left_menu":"0","ocean_custom_header_template":"0","ocean_custom_logo":0,"ocean_custom_retina_logo":0,"ocean_custom_logo_max_width":0,"ocean_custom_logo_tablet_max_width":0,"ocean_custom_logo_mobile_max_width":0,"ocean_custom_logo_max_height":0,"ocean_custom_logo_tablet_max_height":0,"ocean_custom_logo_mobile_max_height":0,"ocean_header_custom_menu":"0","ocean_menu_typo_font_family":"0","ocean_menu_typo_font_subset":"","ocean_menu_typo_font_size":0,"ocean_menu_typo_font_size_tablet":0,"ocean_menu_typo_font_size_mobile":0,"ocean_menu_typo_font_size_unit":"px","ocean_menu_typo_font_weight":"","ocean_menu_typo_font_weight_tablet":"","ocean_menu_typo_font_weight_mobile":"","ocean_menu_typo_transform":"","ocean_menu_typo_transform_tablet":"","ocean_menu_typo_transform_mobile":"","ocean_menu_typo_line_height":0,"ocean_menu_typo_line_height_tablet":0,"ocean_menu_typo_line_height_mobile":0,"ocean_menu_typo_line_height_unit":"","ocean_menu_typo_spacing":0,"ocean_menu_typo_spacing_tablet":0,"ocean_menu_typo_spacing_mobile":0,"ocean_menu_typo_spacing_unit":"","ocean_menu_link_color":"","ocean_menu_link_color_hover":"","ocean_menu_link_color_active":"","ocean_menu_link_background":"","ocean_menu_link_hover_background":"","ocean_menu_link_active_background":"","ocean_menu_social_links_bg":"","ocean_menu_social_hover_links_bg":"","ocean_menu_social_links_color":"","ocean_menu_social_hover_links_color":"","ocean_disable_title":"default","ocean_disable_heading":"default","ocean_post_title":"","ocean_post_subheading":"","ocean_post_title_style":"","ocean_post_title_background_color":"","ocean_post_title_background":0,"ocean_post_title_bg_image_position":"","ocean_post_title_bg_image_attachment":"","ocean_post_title_bg_image_repeat":"","ocean_post_title_bg_image_size":"","ocean_post_title_height":0,"ocean_post_title_bg_overlay":0.5,"ocean_post_title_bg_overlay_color":"","ocean_disable_breadcrumbs":"default","ocean_breadcrumbs_color":"","ocean_breadcrumbs_separator_color":"","ocean_breadcrumbs_links_color":"","ocean_breadcrumbs_links_hover_color":"","ocean_display_footer_widgets":"default","ocean_display_footer_bottom":"default","ocean_custom_footer_template":"0"},"product_brand":[],"product_cat":[96],"product_tag":[],"class_list":{"0":"post-26408","1":"product","2":"type-product","3":"status-publish","4":"has-post-thumbnail","6":"product_cat-goettliche-manifestation","8":"entry","9":"has-media","11":"first","12":"instock","13":"downloadable","14":"virtual","15":"purchasable","16":"product-type-simple","17":"col","18":"span_1_of_3","19":"owp-content-center","20":"item-entry","21":"owp-thumbs-layout-horizontal","22":"owp-btn-normal","23":"owp-tabs-layout-section","24":"has-no-thumbnails","25":"circle-sale"},"acf":[],"yoast_head":"<!-- This site is optimized with the Yoast SEO plugin v27.5 - https:\/\/yoast.com\/product\/yoast-seo-wordpress\/ -->\n<title>Teil 4: Holographische Essenz &amp; G\u00f6ttliche Zweck &#8902; Lightflow Academy by Cecilia Sifontes<\/title>\n<meta name=\"robots\" content=\"index, follow, max-snippet:-1, max-image-preview:large, max-video-preview:-1\" \/>\n<link rel=\"canonical\" href=\"https:\/\/lightflow.info\/de\/produkt\/teil-4-holographische-essenz-goettliche-zweck\/\" \/>\n<meta property=\"og:locale\" content=\"de_DE\" \/>\n<meta property=\"og:type\" content=\"article\" \/>\n<meta property=\"og:title\" content=\"Teil 4: Holographische Essenz &amp; G\u00f6ttliche Zweck &#8902; Lightflow Academy by Cecilia Sifontes\" \/>\n<meta property=\"og:description\" content=\"Die Dinge, die du in diesem Kurs erforschst, kommen dir als Wesen weit jenseits dieses Lebens zu gute. Wenn dein holographisches Selbst holographische Essenz in deinem K\u00f6rper auf der Erde verankert, kannst du zu all deinem gesammelten Wissen und deiner Erfahrung Zugang erhalten, die von \u00fcberall her aus dem Multiversum und auch jenseits davon aus anderen Existenzen stammt.\" \/>\n<meta property=\"og:url\" content=\"https:\/\/lightflow.info\/de\/produkt\/teil-4-holographische-essenz-goettliche-zweck\/\" \/>\n<meta property=\"og:site_name\" content=\"Lightflow Academy by Cecilia Sifontes\" \/>\n<meta property=\"article:modified_time\" content=\"2026-01-09T21:23:37+00:00\" \/>\n<meta property=\"og:image\" content=\"https:\/\/lightflow.info\/wp-content\/uploads\/C4-SC2-P5-G_SIF89G-Goettliche-Manifestation-4-Holografische-Essenz-Goettlicher-Zweck.webp\" \/>\n\t<meta property=\"og:image:width\" content=\"789\" \/>\n\t<meta property=\"og:image:height\" content=\"800\" \/>\n\t<meta property=\"og:image:type\" content=\"image\/webp\" \/>\n<meta name=\"twitter:card\" content=\"summary_large_image\" \/>\n<meta name=\"twitter:label1\" content=\"Gesch\u00e4tzte Lesezeit\" \/>\n\t<meta name=\"twitter:data1\" content=\"3\u00a0Minuten\" \/>\n<script type=\"application\/ld+json\" class=\"yoast-schema-graph\">{\"@context\":\"https:\\\/\\\/schema.org\",\"@graph\":[{\"@type\":\"WebPage\",\"@id\":\"https:\\\/\\\/lightflow.info\\\/de\\\/produkt\\\/teil-4-holographische-essenz-goettliche-zweck\\\/\",\"url\":\"https:\\\/\\\/lightflow.info\\\/de\\\/produkt\\\/teil-4-holographische-essenz-goettliche-zweck\\\/\",\"name\":\"Teil 4: Holographische Essenz & G\u00f6ttliche Zweck &#8902; Lightflow Academy by Cecilia Sifontes\",\"isPartOf\":{\"@id\":\"https:\\\/\\\/lightflow.info\\\/de\\\/#website\"},\"primaryImageOfPage\":{\"@id\":\"https:\\\/\\\/lightflow.info\\\/de\\\/produkt\\\/teil-4-holographische-essenz-goettliche-zweck\\\/#primaryimage\"},\"image\":{\"@id\":\"https:\\\/\\\/lightflow.info\\\/de\\\/produkt\\\/teil-4-holographische-essenz-goettliche-zweck\\\/#primaryimage\"},\"thumbnailUrl\":\"https:\\\/\\\/lightflow.info\\\/wp-content\\\/uploads\\\/C4-SC2-P5-G_SIF89G-Goettliche-Manifestation-4-Holografische-Essenz-Goettlicher-Zweck.webp\",\"datePublished\":\"2025-12-09T20:02:34+00:00\",\"dateModified\":\"2026-01-09T21:23:37+00:00\",\"breadcrumb\":{\"@id\":\"https:\\\/\\\/lightflow.info\\\/de\\\/produkt\\\/teil-4-holographische-essenz-goettliche-zweck\\\/#breadcrumb\"},\"inLanguage\":\"de\",\"potentialAction\":[{\"@type\":\"ReadAction\",\"target\":[\"https:\\\/\\\/lightflow.info\\\/de\\\/produkt\\\/teil-4-holographische-essenz-goettliche-zweck\\\/\"]}]},{\"@type\":\"ImageObject\",\"inLanguage\":\"de\",\"@id\":\"https:\\\/\\\/lightflow.info\\\/de\\\/produkt\\\/teil-4-holographische-essenz-goettliche-zweck\\\/#primaryimage\",\"url\":\"https:\\\/\\\/lightflow.info\\\/wp-content\\\/uploads\\\/C4-SC2-P5-G_SIF89G-Goettliche-Manifestation-4-Holografische-Essenz-Goettlicher-Zweck.webp\",\"contentUrl\":\"https:\\\/\\\/lightflow.info\\\/wp-content\\\/uploads\\\/C4-SC2-P5-G_SIF89G-Goettliche-Manifestation-4-Holografische-Essenz-Goettlicher-Zweck.webp\",\"width\":789,\"height\":800},{\"@type\":\"BreadcrumbList\",\"@id\":\"https:\\\/\\\/lightflow.info\\\/de\\\/produkt\\\/teil-4-holographische-essenz-goettliche-zweck\\\/#breadcrumb\",\"itemListElement\":[{\"@type\":\"ListItem\",\"position\":1,\"name\":\"Home\",\"item\":\"https:\\\/\\\/lightflow.info\\\/de\\\/\"},{\"@type\":\"ListItem\",\"position\":2,\"name\":\"Shop\",\"item\":\"https:\\\/\\\/lightflow.info\\\/de\\\/shop\\\/\"},{\"@type\":\"ListItem\",\"position\":3,\"name\":\"G\u00f6ttlicher Plan Meisterklassen\",\"item\":\"https:\\\/\\\/lightflow.info\\\/de\\\/kategorie\\\/goettlicher-plan-meisterklassen\\\/\"},{\"@type\":\"ListItem\",\"position\":4,\"name\":\"Lichtarbeiter werden\",\"item\":\"https:\\\/\\\/lightflow.info\\\/de\\\/kategorie\\\/goettlicher-plan-meisterklassen\\\/lichtarbeiter-werden\\\/\"},{\"@type\":\"ListItem\",\"position\":5,\"name\":\"G\u00f6ttliche Manifestation\",\"item\":\"https:\\\/\\\/lightflow.info\\\/de\\\/kategorie\\\/goettlicher-plan-meisterklassen\\\/lichtarbeiter-werden\\\/goettliche-manifestation\\\/\"},{\"@type\":\"ListItem\",\"position\":6,\"name\":\"Teil 4: Holographische Essenz &#038; G\u00f6ttliche Zweck\"}]},{\"@type\":\"WebSite\",\"@id\":\"https:\\\/\\\/lightflow.info\\\/de\\\/#website\",\"url\":\"https:\\\/\\\/lightflow.info\\\/de\\\/\",\"name\":\"Lightflow Academy by Cecilia Sifontes\",\"description\":\"Awakening Lightworkers and Masters\",\"alternateName\":\"Lightflow\",\"potentialAction\":[{\"@type\":\"SearchAction\",\"target\":{\"@type\":\"EntryPoint\",\"urlTemplate\":\"https:\\\/\\\/lightflow.info\\\/de\\\/?s={search_term_string}\"},\"query-input\":{\"@type\":\"PropertyValueSpecification\",\"valueRequired\":true,\"valueName\":\"search_term_string\"}}],\"inLanguage\":\"de\"}]}<\/script>\n<!-- \/ Yoast SEO plugin. -->","yoast_head_json":{"title":"Teil 4: Holographische Essenz & G\u00f6ttliche Zweck &#8902; Lightflow Academy by Cecilia Sifontes","robots":{"index":"index","follow":"follow","max-snippet":"max-snippet:-1","max-image-preview":"max-image-preview:large","max-video-preview":"max-video-preview:-1"},"canonical":"https:\/\/lightflow.info\/de\/produkt\/teil-4-holographische-essenz-goettliche-zweck\/","og_locale":"de_DE","og_type":"article","og_title":"Teil 4: Holographische Essenz & G\u00f6ttliche Zweck &#8902; Lightflow Academy by Cecilia Sifontes","og_description":"Die Dinge, die du in diesem Kurs erforschst, kommen dir als Wesen weit jenseits dieses Lebens zu gute. Wenn dein holographisches Selbst holographische Essenz in deinem K\u00f6rper auf der Erde verankert, kannst du zu all deinem gesammelten Wissen und deiner Erfahrung Zugang erhalten, die von \u00fcberall her aus dem Multiversum und auch jenseits davon aus anderen Existenzen stammt.","og_url":"https:\/\/lightflow.info\/de\/produkt\/teil-4-holographische-essenz-goettliche-zweck\/","og_site_name":"Lightflow Academy by Cecilia Sifontes","article_modified_time":"2026-01-09T21:23:37+00:00","og_image":[{"width":789,"height":800,"url":"https:\/\/lightflow.info\/wp-content\/uploads\/C4-SC2-P5-G_SIF89G-Goettliche-Manifestation-4-Holografische-Essenz-Goettlicher-Zweck.webp","type":"image\/webp"}],"twitter_card":"summary_large_image","twitter_misc":{"Gesch\u00e4tzte Lesezeit":"3\u00a0Minuten"},"schema":{"@context":"https:\/\/schema.org","@graph":[{"@type":"WebPage","@id":"https:\/\/lightflow.info\/de\/produkt\/teil-4-holographische-essenz-goettliche-zweck\/","url":"https:\/\/lightflow.info\/de\/produkt\/teil-4-holographische-essenz-goettliche-zweck\/","name":"Teil 4: Holographische Essenz & G\u00f6ttliche Zweck &#8902; Lightflow Academy by Cecilia Sifontes","isPartOf":{"@id":"https:\/\/lightflow.info\/de\/#website"},"primaryImageOfPage":{"@id":"https:\/\/lightflow.info\/de\/produkt\/teil-4-holographische-essenz-goettliche-zweck\/#primaryimage"},"image":{"@id":"https:\/\/lightflow.info\/de\/produkt\/teil-4-holographische-essenz-goettliche-zweck\/#primaryimage"},"thumbnailUrl":"https:\/\/lightflow.info\/wp-content\/uploads\/C4-SC2-P5-G_SIF89G-Goettliche-Manifestation-4-Holografische-Essenz-Goettlicher-Zweck.webp","datePublished":"2025-12-09T20:02:34+00:00","dateModified":"2026-01-09T21:23:37+00:00","breadcrumb":{"@id":"https:\/\/lightflow.info\/de\/produkt\/teil-4-holographische-essenz-goettliche-zweck\/#breadcrumb"},"inLanguage":"de","potentialAction":[{"@type":"ReadAction","target":["https:\/\/lightflow.info\/de\/produkt\/teil-4-holographische-essenz-goettliche-zweck\/"]}]},{"@type":"ImageObject","inLanguage":"de","@id":"https:\/\/lightflow.info\/de\/produkt\/teil-4-holographische-essenz-goettliche-zweck\/#primaryimage","url":"https:\/\/lightflow.info\/wp-content\/uploads\/C4-SC2-P5-G_SIF89G-Goettliche-Manifestation-4-Holografische-Essenz-Goettlicher-Zweck.webp","contentUrl":"https:\/\/lightflow.info\/wp-content\/uploads\/C4-SC2-P5-G_SIF89G-Goettliche-Manifestation-4-Holografische-Essenz-Goettlicher-Zweck.webp","width":789,"height":800},{"@type":"BreadcrumbList","@id":"https:\/\/lightflow.info\/de\/produkt\/teil-4-holographische-essenz-goettliche-zweck\/#breadcrumb","itemListElement":[{"@type":"ListItem","position":1,"name":"Home","item":"https:\/\/lightflow.info\/de\/"},{"@type":"ListItem","position":2,"name":"Shop","item":"https:\/\/lightflow.info\/de\/shop\/"},{"@type":"ListItem","position":3,"name":"G\u00f6ttlicher Plan Meisterklassen","item":"https:\/\/lightflow.info\/de\/kategorie\/goettlicher-plan-meisterklassen\/"},{"@type":"ListItem","position":4,"name":"Lichtarbeiter werden","item":"https:\/\/lightflow.info\/de\/kategorie\/goettlicher-plan-meisterklassen\/lichtarbeiter-werden\/"},{"@type":"ListItem","position":5,"name":"G\u00f6ttliche Manifestation","item":"https:\/\/lightflow.info\/de\/kategorie\/goettlicher-plan-meisterklassen\/lichtarbeiter-werden\/goettliche-manifestation\/"},{"@type":"ListItem","position":6,"name":"Teil 4: Holographische Essenz &#038; G\u00f6ttliche Zweck"}]},{"@type":"WebSite","@id":"https:\/\/lightflow.info\/de\/#website","url":"https:\/\/lightflow.info\/de\/","name":"Lightflow Academy by Cecilia Sifontes","description":"Awakening Lightworkers and Masters","alternateName":"Lightflow","potentialAction":[{"@type":"SearchAction","target":{"@type":"EntryPoint","urlTemplate":"https:\/\/lightflow.info\/de\/?s={search_term_string}"},"query-input":{"@type":"PropertyValueSpecification","valueRequired":true,"valueName":"search_term_string"}}],"inLanguage":"de"}]}},"_links":{"self":[{"href":"https:\/\/lightflow.info\/de\/wp-json\/wp\/v2\/product\/26408","targetHints":{"allow":["GET"]}}],"collection":[{"href":"https:\/\/lightflow.info\/de\/wp-json\/wp\/v2\/product"}],"about":[{"href":"https:\/\/lightflow.info\/de\/wp-json\/wp\/v2\/types\/product"}],"version-history":[{"count":0,"href":"https:\/\/lightflow.info\/de\/wp-json\/wp\/v2\/product\/26408\/revisions"}],"wp:featuredmedia":[{"embeddable":true,"href":"https:\/\/lightflow.info\/de\/wp-json\/wp\/v2\/media\/33430"}],"wp:attachment":[{"href":"https:\/\/lightflow.info\/de\/wp-json\/wp\/v2\/media?parent=26408"}],"wp:term":[{"taxonomy":"product_brand","embeddable":true,"href":"https:\/\/lightflow.info\/de\/wp-json\/wp\/v2\/product_brand?post=26408"},{"taxonomy":"product_cat","embeddable":true,"href":"https:\/\/lightflow.info\/de\/wp-json\/wp\/v2\/product_cat?post=26408"},{"taxonomy":"product_tag","embeddable":true,"href":"https:\/\/lightflow.info\/de\/wp-json\/wp\/v2\/product_tag?post=26408"}],"curies":[{"name":"wp","href":"https:\/\/api.w.org\/{rel}","templated":true}]}}