{"id":26655,"date":"2025-12-09T21:02:55","date_gmt":"2025-12-09T20:02:55","guid":{"rendered":"https:\/\/lightflow.info\/?post_type=product&#038;p=26655"},"modified":"2026-02-19T18:30:25","modified_gmt":"2026-02-19T17:30:25","slug":"spirituelle-verschmelzung-fur-schnelle-und-endlose-erleuchtung","status":"publish","type":"product","link":"https:\/\/lightflow.info\/de\/produkt\/spirituelle-verschmelzung-fur-schnelle-und-endlose-erleuchtung\/","title":{"rendered":"Spirituelle Verschmelzung \u2013 f\u00fcr schnelle und endlose Erleuchtung"},"content":{"rendered":"<p><strong>Welche Schl\u00fcsselerlebnisse kannst du erwarten?<\/strong><\/p>\n<p>\u2022 Erschaffung von neuem Raum f\u00fcr Quellenlicht im Selbst<br \/>\n\u2022 Bringe dein Licht in einen neuen Evolutionszyklus<br \/>\n\u2022 Erforsche den gemeinsamen Raum von Quelle &amp; Geist<br \/>\n\u2022 Besuche und erforsche die gas\u00e4hnliche Pr\u00e4senz des Geistes<br \/>\n\u2022 Erhalte Licht, welches den neuen Zyklus entz\u00fcnden wird<br \/>\n\u2022 Erschaffe Wiederspiegelungen deines Lichts<br \/>\n\u2022 Erh\u00f6he die Magnitude von g\u00f6ttlichem Frieden &amp; Einssein auf der Erde<br \/>\n\u2022 Erforsche die Essenz der Ewigkeit<br \/>\n\u2022 Aktiviere das sich fortlaufend vermehrende Licht im Inneren<br \/>\n\u2022 Errichte das neue Erdgitter aus sich fortlaufend vermehrendem Licht<br \/>\n\u2022 Werde zu deinem erleuchteten Selbst<br \/>\n\u2022 \u00d6ffnung neuer Dimensionen f\u00fcr die Menschheit<\/p>\n<p><strong>Dieser Kurs beinhaltet 22 gef\u00fchrte Meditationen auf Englisch mit deutscher \u00dcbersetzung. Enthaltene Meditationen:<\/strong><\/p>\n<p>01 Einf\u00fchrung und erste Vorbereitungen<br \/>\n02 Bringe dein Licht in den neuen Zyklus<br \/>\n03 Der vereinte Raum von Geist und Quelle<br \/>\n04 Die gas\u00e4hnliche Pr\u00e4senz des Geistes<br \/>\n05 Neue R\u00e4ume f\u00fcr Quellenlicht erschaffen<br \/>\n06 Spirituelle Fusion ins Netz der Menschheit<br \/>\n07 Das Licht welches den neuen Cyklus entz\u00fcndet<br \/>\n08 Erschaffe Reflektionen deines Lichts<br \/>\n09 Erschaffe Raum f\u00fcr was du haben oder erfahren willst<br \/>\n10 Erh\u00f6he die Magnitude von G\u00f6ttlichem Frieden und Einssein auf der Erde<br \/>\n11 Erkl\u00e4rendes Gespr\u00e4ch_ Zeit und Dimensionen<br \/>\n12 Lobe dich daf\u00fcr hier zu Sein<br \/>\n13 Fusion von Geist und Quelle<br \/>\n14 Bringe die Essenz der Ewigkeit in die Reflektionen<br \/>\n15 Erkl\u00e4rendes Gespr\u00e4ch \u00fcber Ewigkeit<br \/>\n16 Aktiviere das immerw\u00e4hrend wachsende Licht<br \/>\n17 Das neue Erdgitternetz des immerw\u00e4hrend wachsenden Lichts<br \/>\n18 Bringe deine Realit\u00e4t zur\u00fcck ins Eins<br \/>\n19 Die Erde ist ein Katalysator f\u00fcr das Licht in der Existenz<br \/>\n20 \u00f6ffnung der Dimensionen f\u00fcr die Menschheit<br \/>\n21 Werde dein erleuchtetes Selbst<br \/>\n22 Abschlussmeditation<\/p>\n","protected":false},"excerpt":{"rendered":"<p><span style=\"color: #cc9933;\"><em>\u201eDie Verschmelzung der Quelle und des Geistes hat seit Milliarden von Jahren neue Zeitalter, neues Leben und neue Orte erzeugt. Jetzt k\u00f6nnt auch ihr damit arbeiten und mit fortw\u00e4hrend wachsendem Licht f\u00fcr euch und die Menschheit einen neuen, evolution\u00e4ren Zyklus erzeugen.\u201c<\/em><\/span><\/p>\n<p>Die h\u00f6heren Lichtkommandos haben dieses Album gemacht, um dir eine ausnehmende Lichtm\u00f6glichkeit zu bringen.<\/p>\n","protected":false},"featured_media":35839,"template":"","meta":{"_acf_changed":false,"ocean_post_layout":"","ocean_both_sidebars_style":"","ocean_both_sidebars_content_width":0,"ocean_both_sidebars_sidebars_width":0,"ocean_sidebar":"0","ocean_second_sidebar":"0","ocean_disable_margins":"enable","ocean_add_body_class":"","ocean_shortcode_before_top_bar":"","ocean_shortcode_after_top_bar":"","ocean_shortcode_before_header":"","ocean_shortcode_after_header":"","ocean_has_shortcode":"","ocean_shortcode_after_title":"","ocean_shortcode_before_footer_widgets":"","ocean_shortcode_after_footer_widgets":"","ocean_shortcode_before_footer_bottom":"","ocean_shortcode_after_footer_bottom":"","ocean_display_top_bar":"default","ocean_display_header":"default","ocean_header_style":"","ocean_center_header_left_menu":"0","ocean_custom_header_template":"0","ocean_custom_logo":0,"ocean_custom_retina_logo":0,"ocean_custom_logo_max_width":0,"ocean_custom_logo_tablet_max_width":0,"ocean_custom_logo_mobile_max_width":0,"ocean_custom_logo_max_height":0,"ocean_custom_logo_tablet_max_height":0,"ocean_custom_logo_mobile_max_height":0,"ocean_header_custom_menu":"0","ocean_menu_typo_font_family":"0","ocean_menu_typo_font_subset":"","ocean_menu_typo_font_size":0,"ocean_menu_typo_font_size_tablet":0,"ocean_menu_typo_font_size_mobile":0,"ocean_menu_typo_font_size_unit":"px","ocean_menu_typo_font_weight":"","ocean_menu_typo_font_weight_tablet":"","ocean_menu_typo_font_weight_mobile":"","ocean_menu_typo_transform":"","ocean_menu_typo_transform_tablet":"","ocean_menu_typo_transform_mobile":"","ocean_menu_typo_line_height":0,"ocean_menu_typo_line_height_tablet":0,"ocean_menu_typo_line_height_mobile":0,"ocean_menu_typo_line_height_unit":"","ocean_menu_typo_spacing":0,"ocean_menu_typo_spacing_tablet":0,"ocean_menu_typo_spacing_mobile":0,"ocean_menu_typo_spacing_unit":"","ocean_menu_link_color":"","ocean_menu_link_color_hover":"","ocean_menu_link_color_active":"","ocean_menu_link_background":"","ocean_menu_link_hover_background":"","ocean_menu_link_active_background":"","ocean_menu_social_links_bg":"","ocean_menu_social_hover_links_bg":"","ocean_menu_social_links_color":"","ocean_menu_social_hover_links_color":"","ocean_disable_title":"default","ocean_disable_heading":"default","ocean_post_title":"","ocean_post_subheading":"","ocean_post_title_style":"","ocean_post_title_background_color":"","ocean_post_title_background":0,"ocean_post_title_bg_image_position":"","ocean_post_title_bg_image_attachment":"","ocean_post_title_bg_image_repeat":"","ocean_post_title_bg_image_size":"","ocean_post_title_height":0,"ocean_post_title_bg_overlay":0.5,"ocean_post_title_bg_overlay_color":"","ocean_disable_breadcrumbs":"default","ocean_breadcrumbs_color":"","ocean_breadcrumbs_separator_color":"","ocean_breadcrumbs_links_color":"","ocean_breadcrumbs_links_hover_color":"","ocean_display_footer_widgets":"default","ocean_display_footer_bottom":"default","ocean_custom_footer_template":"0"},"product_brand":[],"product_cat":[98],"product_tag":[],"class_list":{"0":"post-26655","1":"product","2":"type-product","3":"status-publish","4":"has-post-thumbnail","6":"product_cat-spirituelle-verschmelzung","8":"entry","9":"has-media","11":"first","12":"instock","13":"downloadable","14":"virtual","15":"purchasable","16":"product-type-simple","17":"col","18":"span_1_of_3","19":"owp-content-center","20":"item-entry","21":"owp-thumbs-layout-horizontal","22":"owp-btn-normal","23":"owp-tabs-layout-section","24":"has-no-thumbnails","25":"circle-sale"},"acf":[],"yoast_head":"<!-- This site is optimized with the Yoast SEO plugin v27.5 - https:\/\/yoast.com\/product\/yoast-seo-wordpress\/ -->\n<title>Spirituelle Verschmelzung \u2013 f\u00fcr schnelle und endlose Erleuchtung &#8902; Lightflow Academy by Cecilia Sifontes<\/title>\n<meta name=\"robots\" content=\"index, follow, max-snippet:-1, max-image-preview:large, max-video-preview:-1\" \/>\n<link rel=\"canonical\" href=\"https:\/\/lightflow.info\/de\/produkt\/spirituelle-verschmelzung-fur-schnelle-und-endlose-erleuchtung\/\" \/>\n<meta property=\"og:locale\" content=\"de_DE\" \/>\n<meta property=\"og:type\" content=\"article\" \/>\n<meta property=\"og:title\" content=\"Spirituelle Verschmelzung \u2013 f\u00fcr schnelle und endlose Erleuchtung &#8902; Lightflow Academy by Cecilia Sifontes\" \/>\n<meta property=\"og:description\" content=\"\u201eDie Verschmelzung der Quelle und des Geistes hat seit Milliarden von Jahren neue Zeitalter, neues Leben und neue Orte erzeugt. Jetzt k\u00f6nnt auch ihr damit arbeiten und mit fortw\u00e4hrend wachsendem Licht f\u00fcr euch und die Menschheit einen neuen, evolution\u00e4ren Zyklus erzeugen.\u201c  Die h\u00f6heren Lichtkommandos haben dieses Album gemacht, um dir eine ausnehmende Lichtm\u00f6glichkeit zu bringen.\" \/>\n<meta property=\"og:url\" content=\"https:\/\/lightflow.info\/de\/produkt\/spirituelle-verschmelzung-fur-schnelle-und-endlose-erleuchtung\/\" \/>\n<meta property=\"og:site_name\" content=\"Lightflow Academy by Cecilia Sifontes\" \/>\n<meta property=\"article:modified_time\" content=\"2026-02-19T17:30:25+00:00\" \/>\n<meta property=\"og:image\" content=\"https:\/\/lightflow.info\/wp-content\/uploads\/C4-SC4-P1-G_Spirituelle-Verschmelzung.webp\" \/>\n\t<meta property=\"og:image:width\" content=\"797\" \/>\n\t<meta property=\"og:image:height\" content=\"800\" \/>\n\t<meta property=\"og:image:type\" content=\"image\/webp\" \/>\n<meta name=\"twitter:card\" content=\"summary_large_image\" \/>\n<meta name=\"twitter:label1\" content=\"Gesch\u00e4tzte Lesezeit\" \/>\n\t<meta name=\"twitter:data1\" content=\"2\u00a0Minuten\" \/>\n<script type=\"application\/ld+json\" class=\"yoast-schema-graph\">{\"@context\":\"https:\\\/\\\/schema.org\",\"@graph\":[{\"@type\":\"WebPage\",\"@id\":\"https:\\\/\\\/lightflow.info\\\/de\\\/produkt\\\/spirituelle-verschmelzung-fur-schnelle-und-endlose-erleuchtung\\\/\",\"url\":\"https:\\\/\\\/lightflow.info\\\/de\\\/produkt\\\/spirituelle-verschmelzung-fur-schnelle-und-endlose-erleuchtung\\\/\",\"name\":\"Spirituelle Verschmelzung \u2013 f\u00fcr schnelle und endlose Erleuchtung &#8902; Lightflow Academy by Cecilia Sifontes\",\"isPartOf\":{\"@id\":\"https:\\\/\\\/lightflow.info\\\/de\\\/#website\"},\"primaryImageOfPage\":{\"@id\":\"https:\\\/\\\/lightflow.info\\\/de\\\/produkt\\\/spirituelle-verschmelzung-fur-schnelle-und-endlose-erleuchtung\\\/#primaryimage\"},\"image\":{\"@id\":\"https:\\\/\\\/lightflow.info\\\/de\\\/produkt\\\/spirituelle-verschmelzung-fur-schnelle-und-endlose-erleuchtung\\\/#primaryimage\"},\"thumbnailUrl\":\"https:\\\/\\\/lightflow.info\\\/wp-content\\\/uploads\\\/C4-SC4-P1-G_Spirituelle-Verschmelzung.webp\",\"datePublished\":\"2025-12-09T20:02:55+00:00\",\"dateModified\":\"2026-02-19T17:30:25+00:00\",\"breadcrumb\":{\"@id\":\"https:\\\/\\\/lightflow.info\\\/de\\\/produkt\\\/spirituelle-verschmelzung-fur-schnelle-und-endlose-erleuchtung\\\/#breadcrumb\"},\"inLanguage\":\"de\",\"potentialAction\":[{\"@type\":\"ReadAction\",\"target\":[\"https:\\\/\\\/lightflow.info\\\/de\\\/produkt\\\/spirituelle-verschmelzung-fur-schnelle-und-endlose-erleuchtung\\\/\"]}]},{\"@type\":\"ImageObject\",\"inLanguage\":\"de\",\"@id\":\"https:\\\/\\\/lightflow.info\\\/de\\\/produkt\\\/spirituelle-verschmelzung-fur-schnelle-und-endlose-erleuchtung\\\/#primaryimage\",\"url\":\"https:\\\/\\\/lightflow.info\\\/wp-content\\\/uploads\\\/C4-SC4-P1-G_Spirituelle-Verschmelzung.webp\",\"contentUrl\":\"https:\\\/\\\/lightflow.info\\\/wp-content\\\/uploads\\\/C4-SC4-P1-G_Spirituelle-Verschmelzung.webp\",\"width\":797,\"height\":800},{\"@type\":\"BreadcrumbList\",\"@id\":\"https:\\\/\\\/lightflow.info\\\/de\\\/produkt\\\/spirituelle-verschmelzung-fur-schnelle-und-endlose-erleuchtung\\\/#breadcrumb\",\"itemListElement\":[{\"@type\":\"ListItem\",\"position\":1,\"name\":\"Home\",\"item\":\"https:\\\/\\\/lightflow.info\\\/de\\\/\"},{\"@type\":\"ListItem\",\"position\":2,\"name\":\"Shop\",\"item\":\"https:\\\/\\\/lightflow.info\\\/de\\\/shop\\\/\"},{\"@type\":\"ListItem\",\"position\":3,\"name\":\"G\u00f6ttlicher Plan Meisterklassen\",\"item\":\"https:\\\/\\\/lightflow.info\\\/de\\\/kategorie\\\/goettlicher-plan-meisterklassen\\\/\"},{\"@type\":\"ListItem\",\"position\":4,\"name\":\"Lichtarbeiter werden\",\"item\":\"https:\\\/\\\/lightflow.info\\\/de\\\/kategorie\\\/goettlicher-plan-meisterklassen\\\/lichtarbeiter-werden\\\/\"},{\"@type\":\"ListItem\",\"position\":5,\"name\":\"Spirituelle Verschmelzung\",\"item\":\"https:\\\/\\\/lightflow.info\\\/de\\\/kategorie\\\/goettlicher-plan-meisterklassen\\\/lichtarbeiter-werden\\\/spirituelle-verschmelzung\\\/\"},{\"@type\":\"ListItem\",\"position\":6,\"name\":\"Spirituelle Verschmelzung \u2013 f\u00fcr schnelle und endlose Erleuchtung\"}]},{\"@type\":\"WebSite\",\"@id\":\"https:\\\/\\\/lightflow.info\\\/de\\\/#website\",\"url\":\"https:\\\/\\\/lightflow.info\\\/de\\\/\",\"name\":\"Lightflow Academy by Cecilia Sifontes\",\"description\":\"Awakening Lightworkers and Masters\",\"alternateName\":\"Lightflow\",\"potentialAction\":[{\"@type\":\"SearchAction\",\"target\":{\"@type\":\"EntryPoint\",\"urlTemplate\":\"https:\\\/\\\/lightflow.info\\\/de\\\/?s={search_term_string}\"},\"query-input\":{\"@type\":\"PropertyValueSpecification\",\"valueRequired\":true,\"valueName\":\"search_term_string\"}}],\"inLanguage\":\"de\"}]}<\/script>\n<!-- \/ Yoast SEO plugin. -->","yoast_head_json":{"title":"Spirituelle Verschmelzung \u2013 f\u00fcr schnelle und endlose Erleuchtung &#8902; Lightflow Academy by Cecilia Sifontes","robots":{"index":"index","follow":"follow","max-snippet":"max-snippet:-1","max-image-preview":"max-image-preview:large","max-video-preview":"max-video-preview:-1"},"canonical":"https:\/\/lightflow.info\/de\/produkt\/spirituelle-verschmelzung-fur-schnelle-und-endlose-erleuchtung\/","og_locale":"de_DE","og_type":"article","og_title":"Spirituelle Verschmelzung \u2013 f\u00fcr schnelle und endlose Erleuchtung &#8902; Lightflow Academy by Cecilia Sifontes","og_description":"\u201eDie Verschmelzung der Quelle und des Geistes hat seit Milliarden von Jahren neue Zeitalter, neues Leben und neue Orte erzeugt. Jetzt k\u00f6nnt auch ihr damit arbeiten und mit fortw\u00e4hrend wachsendem Licht f\u00fcr euch und die Menschheit einen neuen, evolution\u00e4ren Zyklus erzeugen.\u201c  Die h\u00f6heren Lichtkommandos haben dieses Album gemacht, um dir eine ausnehmende Lichtm\u00f6glichkeit zu bringen.","og_url":"https:\/\/lightflow.info\/de\/produkt\/spirituelle-verschmelzung-fur-schnelle-und-endlose-erleuchtung\/","og_site_name":"Lightflow Academy by Cecilia Sifontes","article_modified_time":"2026-02-19T17:30:25+00:00","og_image":[{"width":797,"height":800,"url":"https:\/\/lightflow.info\/wp-content\/uploads\/C4-SC4-P1-G_Spirituelle-Verschmelzung.webp","type":"image\/webp"}],"twitter_card":"summary_large_image","twitter_misc":{"Gesch\u00e4tzte Lesezeit":"2\u00a0Minuten"},"schema":{"@context":"https:\/\/schema.org","@graph":[{"@type":"WebPage","@id":"https:\/\/lightflow.info\/de\/produkt\/spirituelle-verschmelzung-fur-schnelle-und-endlose-erleuchtung\/","url":"https:\/\/lightflow.info\/de\/produkt\/spirituelle-verschmelzung-fur-schnelle-und-endlose-erleuchtung\/","name":"Spirituelle Verschmelzung \u2013 f\u00fcr schnelle und endlose Erleuchtung &#8902; Lightflow Academy by Cecilia Sifontes","isPartOf":{"@id":"https:\/\/lightflow.info\/de\/#website"},"primaryImageOfPage":{"@id":"https:\/\/lightflow.info\/de\/produkt\/spirituelle-verschmelzung-fur-schnelle-und-endlose-erleuchtung\/#primaryimage"},"image":{"@id":"https:\/\/lightflow.info\/de\/produkt\/spirituelle-verschmelzung-fur-schnelle-und-endlose-erleuchtung\/#primaryimage"},"thumbnailUrl":"https:\/\/lightflow.info\/wp-content\/uploads\/C4-SC4-P1-G_Spirituelle-Verschmelzung.webp","datePublished":"2025-12-09T20:02:55+00:00","dateModified":"2026-02-19T17:30:25+00:00","breadcrumb":{"@id":"https:\/\/lightflow.info\/de\/produkt\/spirituelle-verschmelzung-fur-schnelle-und-endlose-erleuchtung\/#breadcrumb"},"inLanguage":"de","potentialAction":[{"@type":"ReadAction","target":["https:\/\/lightflow.info\/de\/produkt\/spirituelle-verschmelzung-fur-schnelle-und-endlose-erleuchtung\/"]}]},{"@type":"ImageObject","inLanguage":"de","@id":"https:\/\/lightflow.info\/de\/produkt\/spirituelle-verschmelzung-fur-schnelle-und-endlose-erleuchtung\/#primaryimage","url":"https:\/\/lightflow.info\/wp-content\/uploads\/C4-SC4-P1-G_Spirituelle-Verschmelzung.webp","contentUrl":"https:\/\/lightflow.info\/wp-content\/uploads\/C4-SC4-P1-G_Spirituelle-Verschmelzung.webp","width":797,"height":800},{"@type":"BreadcrumbList","@id":"https:\/\/lightflow.info\/de\/produkt\/spirituelle-verschmelzung-fur-schnelle-und-endlose-erleuchtung\/#breadcrumb","itemListElement":[{"@type":"ListItem","position":1,"name":"Home","item":"https:\/\/lightflow.info\/de\/"},{"@type":"ListItem","position":2,"name":"Shop","item":"https:\/\/lightflow.info\/de\/shop\/"},{"@type":"ListItem","position":3,"name":"G\u00f6ttlicher Plan Meisterklassen","item":"https:\/\/lightflow.info\/de\/kategorie\/goettlicher-plan-meisterklassen\/"},{"@type":"ListItem","position":4,"name":"Lichtarbeiter werden","item":"https:\/\/lightflow.info\/de\/kategorie\/goettlicher-plan-meisterklassen\/lichtarbeiter-werden\/"},{"@type":"ListItem","position":5,"name":"Spirituelle Verschmelzung","item":"https:\/\/lightflow.info\/de\/kategorie\/goettlicher-plan-meisterklassen\/lichtarbeiter-werden\/spirituelle-verschmelzung\/"},{"@type":"ListItem","position":6,"name":"Spirituelle Verschmelzung \u2013 f\u00fcr schnelle und endlose Erleuchtung"}]},{"@type":"WebSite","@id":"https:\/\/lightflow.info\/de\/#website","url":"https:\/\/lightflow.info\/de\/","name":"Lightflow Academy by Cecilia Sifontes","description":"Awakening Lightworkers and Masters","alternateName":"Lightflow","potentialAction":[{"@type":"SearchAction","target":{"@type":"EntryPoint","urlTemplate":"https:\/\/lightflow.info\/de\/?s={search_term_string}"},"query-input":{"@type":"PropertyValueSpecification","valueRequired":true,"valueName":"search_term_string"}}],"inLanguage":"de"}]}},"_links":{"self":[{"href":"https:\/\/lightflow.info\/de\/wp-json\/wp\/v2\/product\/26655","targetHints":{"allow":["GET"]}}],"collection":[{"href":"https:\/\/lightflow.info\/de\/wp-json\/wp\/v2\/product"}],"about":[{"href":"https:\/\/lightflow.info\/de\/wp-json\/wp\/v2\/types\/product"}],"version-history":[{"count":0,"href":"https:\/\/lightflow.info\/de\/wp-json\/wp\/v2\/product\/26655\/revisions"}],"wp:featuredmedia":[{"embeddable":true,"href":"https:\/\/lightflow.info\/de\/wp-json\/wp\/v2\/media\/35839"}],"wp:attachment":[{"href":"https:\/\/lightflow.info\/de\/wp-json\/wp\/v2\/media?parent=26655"}],"wp:term":[{"taxonomy":"product_brand","embeddable":true,"href":"https:\/\/lightflow.info\/de\/wp-json\/wp\/v2\/product_brand?post=26655"},{"taxonomy":"product_cat","embeddable":true,"href":"https:\/\/lightflow.info\/de\/wp-json\/wp\/v2\/product_cat?post=26655"},{"taxonomy":"product_tag","embeddable":true,"href":"https:\/\/lightflow.info\/de\/wp-json\/wp\/v2\/product_tag?post=26655"}],"curies":[{"name":"wp","href":"https:\/\/api.w.org\/{rel}","templated":true}]}}