{"id":26850,"date":"2025-12-09T22:01:57","date_gmt":"2025-12-09T21:01:57","guid":{"rendered":"https:\/\/lightflow.info\/?post_type=product&#038;p=26850"},"modified":"2026-01-22T20:48:57","modified_gmt":"2026-01-22T19:48:57","slug":"teil-3-quelle-und-spirit-steigen-auf-die-erde-ab","status":"publish","type":"product","link":"https:\/\/lightflow.info\/de\/produkt\/teil-3-quelle-und-spirit-steigen-auf-die-erde-ab\/","title":{"rendered":"Teil III: Quelle &#038; Spirit steigen auf die Erde ab"},"content":{"rendered":"<p>Seit Anbeginn der Erde an gab es einen Plant, dass das Licht sich auf diesem Planeten im physischen weiterentwickelt. Seither war deine Seele hier in unterschiedlichen Lebensformen pr\u00e4sent. Nicht nur in menschlicher Form, sondern zu Beginn einfach auch in die physische Materie der Erde inkarniert \u2013 inkorporiert in die Lichtbibliotheken, damit das Leben zur Weiterentwicklung inspiriert w\u00fcrde. Du warst Teil des Lebens in all seinen Formen, da du eine der uralten Seelen bist. Ansonsten w\u00fcrdest du dich nicht zu diesem Kurs gezogen f\u00fchlen. Das Licht, welches du und andere Lichtarbeiter seit Anbeginn aufbauten, hat ein substanzielles Fundament f\u00fcr die Quelle und Spirit erschaffen, um in unsere Welt abzusteigen. In der zweiten Welle wirst du f\u00fcr den g\u00f6ttlichen Plan ein solideres Fundament bauen, in das die Seelen absteigen und die Quelle sich verk\u00f6rpern k\u00f6nnen.<\/p>\n<p>In diesem Kurs wirst du beobachten, wie die Quelle beginnt, Ankerpunkte f\u00fcr ihre Pr\u00e4senz in den Lichtbibliotheken erschafft, w\u00e4hrend Spirit hierf\u00fcr mehr Raum erschafft. Du wirst auch gef\u00fchrt werden, um zu erfahren, wie die Quelle sanft beginnt, sich in das Tor das du bist zu und in dich zu bewegen.<\/p>\n<p><strong>Welche Schl\u00fcsselerlebnisse kannst du erwarten?<\/strong><\/p>\n<p>\u2022 Erkunde die Reise der uralten Seelen<br \/>\n\u2022 Mache deinen n\u00e4chsten Schritt im g\u00f6ttlichen Plan und beobachte, wie die Quelle sich in einigen Lichtstrukturen verk\u00f6rpert<br \/>\n\u2022 Lerne mehr \u00fcber das solide Fundament f\u00fcr den g\u00f6ttliche Plan<br \/>\n\u2022 Bereite die Kernenergie der Quelle vor<br \/>\n\u2022 Bereite die Welt auf ihre zuk\u00fcnftigen kristallinen Bewohner vor<br \/>\n\u2022 Der zuk\u00fcnftige K\u00f6rper der Quelle und des Spirit<br \/>\n\u2022 Lass die Quelle dich und dein Licht erkunden<\/p>\n<p><strong>Dieser Kurs beinhaltet 16 gef\u00fchrte Meditation auf Englisch mit konsekutiver deutscher \u00dcbersetzung. Enthaltene Meditationen:<\/strong><\/p>\n<p>01 Einf\u00fchrendes Gespr\u00e4ch zu den uralten Seelen<br \/>\n02 Spirit, Quelle, das Nichts und Du<br \/>\n03 Aufbau von Transparenzen &#8211; mache Einpr\u00e4gungen galaktischer Energieentsprechungen<br \/>\n04 Gespr\u00e4ch \u00fcber Evolution und Kraft<br \/>\n05 Kurze Vorbereiteung f\u00fcr die n\u00e4chtlichen \u00dcbertragungen und Beobachtung<br \/>\n06 Der g\u00f6ttliche Plan _ Wie die Quelle sich im Leben verk\u00f6rpern wird<br \/>\n07 Das feste Fundament f\u00fcr den g\u00f6ttlichen Plan<br \/>\n08 Sei g\u00fctig, sei wahrhaftig, sei bewusst<br \/>\n09 Vorbereitung der Kernenergie der Quelle<br \/>\n10 Die Quelle steigt ab und Spirit beobachtet, Schritt 1<br \/>\n11 Die Quelle steigt ab und Spirit beobachtet, Schritt 2<br \/>\n12 Die Quelle steigt ab und Spirit beobachtet, Schritt 3<br \/>\n13 Die Quelle steigt ab und Spirit beobachtet, Schritt 4<br \/>\n14 Vorbereitung der Welt auf zuk\u00fcnftige kristalline Bewohner, Schritt 5<br \/>\n15 Sp\u00fcre die Lichtplattform als zuk\u00fcnftigen K\u00f6rper der Quelle &amp; des Geistes<br \/>\n16 Die Quelle erkundet dich und dein Licht<\/p>\n","protected":false},"excerpt":{"rendered":"<p>In diesem Kurs wirst du beobachten, wie die Quelle beginnt, Ankerpunkte f\u00fcr ihre Pr\u00e4senz in den Lichtbibliotheken erschafft, w\u00e4hrend Spirit hierf\u00fcr mehr Raum erschafft. Du wirst auch gef\u00fchrt werden, um zu erfahren, wie die Quelle sanft beginnt, sich in das Tor das du bist zu und in dich zu bewegen.<\/p>\n","protected":false},"featured_media":35846,"template":"","meta":{"_acf_changed":false,"ocean_post_layout":"","ocean_both_sidebars_style":"","ocean_both_sidebars_content_width":0,"ocean_both_sidebars_sidebars_width":0,"ocean_sidebar":"0","ocean_second_sidebar":"0","ocean_disable_margins":"enable","ocean_add_body_class":"","ocean_shortcode_before_top_bar":"","ocean_shortcode_after_top_bar":"","ocean_shortcode_before_header":"","ocean_shortcode_after_header":"","ocean_has_shortcode":"","ocean_shortcode_after_title":"","ocean_shortcode_before_footer_widgets":"","ocean_shortcode_after_footer_widgets":"","ocean_shortcode_before_footer_bottom":"","ocean_shortcode_after_footer_bottom":"","ocean_display_top_bar":"default","ocean_display_header":"default","ocean_header_style":"","ocean_center_header_left_menu":"0","ocean_custom_header_template":"0","ocean_custom_logo":0,"ocean_custom_retina_logo":0,"ocean_custom_logo_max_width":0,"ocean_custom_logo_tablet_max_width":0,"ocean_custom_logo_mobile_max_width":0,"ocean_custom_logo_max_height":0,"ocean_custom_logo_tablet_max_height":0,"ocean_custom_logo_mobile_max_height":0,"ocean_header_custom_menu":"0","ocean_menu_typo_font_family":"0","ocean_menu_typo_font_subset":"","ocean_menu_typo_font_size":0,"ocean_menu_typo_font_size_tablet":0,"ocean_menu_typo_font_size_mobile":0,"ocean_menu_typo_font_size_unit":"px","ocean_menu_typo_font_weight":"","ocean_menu_typo_font_weight_tablet":"","ocean_menu_typo_font_weight_mobile":"","ocean_menu_typo_transform":"","ocean_menu_typo_transform_tablet":"","ocean_menu_typo_transform_mobile":"","ocean_menu_typo_line_height":0,"ocean_menu_typo_line_height_tablet":0,"ocean_menu_typo_line_height_mobile":0,"ocean_menu_typo_line_height_unit":"","ocean_menu_typo_spacing":0,"ocean_menu_typo_spacing_tablet":0,"ocean_menu_typo_spacing_mobile":0,"ocean_menu_typo_spacing_unit":"","ocean_menu_link_color":"","ocean_menu_link_color_hover":"","ocean_menu_link_color_active":"","ocean_menu_link_background":"","ocean_menu_link_hover_background":"","ocean_menu_link_active_background":"","ocean_menu_social_links_bg":"","ocean_menu_social_hover_links_bg":"","ocean_menu_social_links_color":"","ocean_menu_social_hover_links_color":"","ocean_disable_title":"default","ocean_disable_heading":"default","ocean_post_title":"","ocean_post_subheading":"","ocean_post_title_style":"","ocean_post_title_background_color":"","ocean_post_title_background":0,"ocean_post_title_bg_image_position":"","ocean_post_title_bg_image_attachment":"","ocean_post_title_bg_image_repeat":"","ocean_post_title_bg_image_size":"","ocean_post_title_height":0,"ocean_post_title_bg_overlay":0.5,"ocean_post_title_bg_overlay_color":"","ocean_disable_breadcrumbs":"default","ocean_breadcrumbs_color":"","ocean_breadcrumbs_separator_color":"","ocean_breadcrumbs_links_color":"","ocean_breadcrumbs_links_hover_color":"","ocean_display_footer_widgets":"default","ocean_display_footer_bottom":"default","ocean_custom_footer_template":"0"},"product_brand":[],"product_cat":[100],"product_tag":[],"class_list":{"0":"post-26850","1":"product","2":"type-product","3":"status-publish","4":"has-post-thumbnail","6":"product_cat-die-zweite-welle-der-spirituellen-entwicklung","8":"entry","9":"has-media","11":"first","12":"instock","13":"downloadable","14":"virtual","15":"purchasable","16":"product-type-simple","17":"col","18":"span_1_of_3","19":"owp-content-center","20":"item-entry","21":"owp-thumbs-layout-horizontal","22":"owp-btn-normal","23":"owp-tabs-layout-section","24":"has-no-thumbnails","25":"circle-sale"},"acf":[],"yoast_head":"<!-- This site is optimized with the Yoast SEO plugin v27.5 - https:\/\/yoast.com\/product\/yoast-seo-wordpress\/ -->\n<title>Teil III: Quelle &amp; Spirit steigen auf die Erde ab &#8902; Lightflow Academy by Cecilia Sifontes<\/title>\n<meta name=\"robots\" content=\"index, follow, max-snippet:-1, max-image-preview:large, max-video-preview:-1\" \/>\n<link rel=\"canonical\" href=\"https:\/\/lightflow.info\/de\/produkt\/teil-3-quelle-und-spirit-steigen-auf-die-erde-ab\/\" \/>\n<meta property=\"og:locale\" content=\"de_DE\" \/>\n<meta property=\"og:type\" content=\"article\" \/>\n<meta property=\"og:title\" content=\"Teil III: Quelle &amp; Spirit steigen auf die Erde ab &#8902; Lightflow Academy by Cecilia Sifontes\" \/>\n<meta property=\"og:description\" content=\"In diesem Kurs wirst du beobachten, wie die Quelle beginnt, Ankerpunkte f\u00fcr ihre Pr\u00e4senz in den Lichtbibliotheken erschafft, w\u00e4hrend Spirit hierf\u00fcr mehr Raum erschafft. Du wirst auch gef\u00fchrt werden, um zu erfahren, wie die Quelle sanft beginnt, sich in das Tor das du bist zu und in dich zu bewegen.\" \/>\n<meta property=\"og:url\" content=\"https:\/\/lightflow.info\/de\/produkt\/teil-3-quelle-und-spirit-steigen-auf-die-erde-ab\/\" \/>\n<meta property=\"og:site_name\" content=\"Lightflow Academy by Cecilia Sifontes\" \/>\n<meta property=\"article:modified_time\" content=\"2026-01-22T19:48:57+00:00\" \/>\n<meta property=\"og:image\" content=\"https:\/\/lightflow.info\/wp-content\/uploads\/C5-SC1-P3-G_SIF171G-Die-Zweite-Welle-3-Abstieg-der-Quelle.webp\" \/>\n\t<meta property=\"og:image:width\" content=\"800\" \/>\n\t<meta property=\"og:image:height\" content=\"800\" \/>\n\t<meta property=\"og:image:type\" content=\"image\/webp\" \/>\n<meta name=\"twitter:card\" content=\"summary_large_image\" \/>\n<meta name=\"twitter:label1\" content=\"Gesch\u00e4tzte Lesezeit\" \/>\n\t<meta name=\"twitter:data1\" content=\"3\u00a0Minuten\" \/>\n<script type=\"application\/ld+json\" class=\"yoast-schema-graph\">{\"@context\":\"https:\\\/\\\/schema.org\",\"@graph\":[{\"@type\":\"WebPage\",\"@id\":\"https:\\\/\\\/lightflow.info\\\/de\\\/produkt\\\/teil-3-quelle-und-spirit-steigen-auf-die-erde-ab\\\/\",\"url\":\"https:\\\/\\\/lightflow.info\\\/de\\\/produkt\\\/teil-3-quelle-und-spirit-steigen-auf-die-erde-ab\\\/\",\"name\":\"Teil III: Quelle & Spirit steigen auf die Erde ab &#8902; Lightflow Academy by Cecilia Sifontes\",\"isPartOf\":{\"@id\":\"https:\\\/\\\/lightflow.info\\\/de\\\/#website\"},\"primaryImageOfPage\":{\"@id\":\"https:\\\/\\\/lightflow.info\\\/de\\\/produkt\\\/teil-3-quelle-und-spirit-steigen-auf-die-erde-ab\\\/#primaryimage\"},\"image\":{\"@id\":\"https:\\\/\\\/lightflow.info\\\/de\\\/produkt\\\/teil-3-quelle-und-spirit-steigen-auf-die-erde-ab\\\/#primaryimage\"},\"thumbnailUrl\":\"https:\\\/\\\/lightflow.info\\\/wp-content\\\/uploads\\\/C5-SC1-P3-G_SIF171G-Die-Zweite-Welle-3-Abstieg-der-Quelle.webp\",\"datePublished\":\"2025-12-09T21:01:57+00:00\",\"dateModified\":\"2026-01-22T19:48:57+00:00\",\"breadcrumb\":{\"@id\":\"https:\\\/\\\/lightflow.info\\\/de\\\/produkt\\\/teil-3-quelle-und-spirit-steigen-auf-die-erde-ab\\\/#breadcrumb\"},\"inLanguage\":\"de\",\"potentialAction\":[{\"@type\":\"ReadAction\",\"target\":[\"https:\\\/\\\/lightflow.info\\\/de\\\/produkt\\\/teil-3-quelle-und-spirit-steigen-auf-die-erde-ab\\\/\"]}]},{\"@type\":\"ImageObject\",\"inLanguage\":\"de\",\"@id\":\"https:\\\/\\\/lightflow.info\\\/de\\\/produkt\\\/teil-3-quelle-und-spirit-steigen-auf-die-erde-ab\\\/#primaryimage\",\"url\":\"https:\\\/\\\/lightflow.info\\\/wp-content\\\/uploads\\\/C5-SC1-P3-G_SIF171G-Die-Zweite-Welle-3-Abstieg-der-Quelle.webp\",\"contentUrl\":\"https:\\\/\\\/lightflow.info\\\/wp-content\\\/uploads\\\/C5-SC1-P3-G_SIF171G-Die-Zweite-Welle-3-Abstieg-der-Quelle.webp\",\"width\":800,\"height\":800},{\"@type\":\"BreadcrumbList\",\"@id\":\"https:\\\/\\\/lightflow.info\\\/de\\\/produkt\\\/teil-3-quelle-und-spirit-steigen-auf-die-erde-ab\\\/#breadcrumb\",\"itemListElement\":[{\"@type\":\"ListItem\",\"position\":1,\"name\":\"Home\",\"item\":\"https:\\\/\\\/lightflow.info\\\/de\\\/\"},{\"@type\":\"ListItem\",\"position\":2,\"name\":\"Shop\",\"item\":\"https:\\\/\\\/lightflow.info\\\/de\\\/shop\\\/\"},{\"@type\":\"ListItem\",\"position\":3,\"name\":\"G\u00f6ttlicher Plan Meisterklassen\",\"item\":\"https:\\\/\\\/lightflow.info\\\/de\\\/kategorie\\\/goettlicher-plan-meisterklassen\\\/\"},{\"@type\":\"ListItem\",\"position\":4,\"name\":\"Meistertechniken f\u00fcr Lichtarbeiter\",\"item\":\"https:\\\/\\\/lightflow.info\\\/de\\\/kategorie\\\/goettlicher-plan-meisterklassen\\\/meistertechniken-fuer-lichtarbeiter\\\/\"},{\"@type\":\"ListItem\",\"position\":5,\"name\":\"Die 2. Welle der spirituellen Entwicklung\",\"item\":\"https:\\\/\\\/lightflow.info\\\/de\\\/kategorie\\\/goettlicher-plan-meisterklassen\\\/meistertechniken-fuer-lichtarbeiter\\\/die-zweite-welle-der-spirituellen-entwicklung\\\/\"},{\"@type\":\"ListItem\",\"position\":6,\"name\":\"Teil III: Quelle &#038; Spirit steigen auf die Erde ab\"}]},{\"@type\":\"WebSite\",\"@id\":\"https:\\\/\\\/lightflow.info\\\/de\\\/#website\",\"url\":\"https:\\\/\\\/lightflow.info\\\/de\\\/\",\"name\":\"Lightflow Academy by Cecilia Sifontes\",\"description\":\"Awakening Lightworkers and Masters\",\"alternateName\":\"Lightflow\",\"potentialAction\":[{\"@type\":\"SearchAction\",\"target\":{\"@type\":\"EntryPoint\",\"urlTemplate\":\"https:\\\/\\\/lightflow.info\\\/de\\\/?s={search_term_string}\"},\"query-input\":{\"@type\":\"PropertyValueSpecification\",\"valueRequired\":true,\"valueName\":\"search_term_string\"}}],\"inLanguage\":\"de\"}]}<\/script>\n<!-- \/ Yoast SEO plugin. -->","yoast_head_json":{"title":"Teil III: Quelle & Spirit steigen auf die Erde ab &#8902; Lightflow Academy by Cecilia Sifontes","robots":{"index":"index","follow":"follow","max-snippet":"max-snippet:-1","max-image-preview":"max-image-preview:large","max-video-preview":"max-video-preview:-1"},"canonical":"https:\/\/lightflow.info\/de\/produkt\/teil-3-quelle-und-spirit-steigen-auf-die-erde-ab\/","og_locale":"de_DE","og_type":"article","og_title":"Teil III: Quelle & Spirit steigen auf die Erde ab &#8902; Lightflow Academy by Cecilia Sifontes","og_description":"In diesem Kurs wirst du beobachten, wie die Quelle beginnt, Ankerpunkte f\u00fcr ihre Pr\u00e4senz in den Lichtbibliotheken erschafft, w\u00e4hrend Spirit hierf\u00fcr mehr Raum erschafft. Du wirst auch gef\u00fchrt werden, um zu erfahren, wie die Quelle sanft beginnt, sich in das Tor das du bist zu und in dich zu bewegen.","og_url":"https:\/\/lightflow.info\/de\/produkt\/teil-3-quelle-und-spirit-steigen-auf-die-erde-ab\/","og_site_name":"Lightflow Academy by Cecilia Sifontes","article_modified_time":"2026-01-22T19:48:57+00:00","og_image":[{"width":800,"height":800,"url":"https:\/\/lightflow.info\/wp-content\/uploads\/C5-SC1-P3-G_SIF171G-Die-Zweite-Welle-3-Abstieg-der-Quelle.webp","type":"image\/webp"}],"twitter_card":"summary_large_image","twitter_misc":{"Gesch\u00e4tzte Lesezeit":"3\u00a0Minuten"},"schema":{"@context":"https:\/\/schema.org","@graph":[{"@type":"WebPage","@id":"https:\/\/lightflow.info\/de\/produkt\/teil-3-quelle-und-spirit-steigen-auf-die-erde-ab\/","url":"https:\/\/lightflow.info\/de\/produkt\/teil-3-quelle-und-spirit-steigen-auf-die-erde-ab\/","name":"Teil III: Quelle & Spirit steigen auf die Erde ab &#8902; Lightflow Academy by Cecilia Sifontes","isPartOf":{"@id":"https:\/\/lightflow.info\/de\/#website"},"primaryImageOfPage":{"@id":"https:\/\/lightflow.info\/de\/produkt\/teil-3-quelle-und-spirit-steigen-auf-die-erde-ab\/#primaryimage"},"image":{"@id":"https:\/\/lightflow.info\/de\/produkt\/teil-3-quelle-und-spirit-steigen-auf-die-erde-ab\/#primaryimage"},"thumbnailUrl":"https:\/\/lightflow.info\/wp-content\/uploads\/C5-SC1-P3-G_SIF171G-Die-Zweite-Welle-3-Abstieg-der-Quelle.webp","datePublished":"2025-12-09T21:01:57+00:00","dateModified":"2026-01-22T19:48:57+00:00","breadcrumb":{"@id":"https:\/\/lightflow.info\/de\/produkt\/teil-3-quelle-und-spirit-steigen-auf-die-erde-ab\/#breadcrumb"},"inLanguage":"de","potentialAction":[{"@type":"ReadAction","target":["https:\/\/lightflow.info\/de\/produkt\/teil-3-quelle-und-spirit-steigen-auf-die-erde-ab\/"]}]},{"@type":"ImageObject","inLanguage":"de","@id":"https:\/\/lightflow.info\/de\/produkt\/teil-3-quelle-und-spirit-steigen-auf-die-erde-ab\/#primaryimage","url":"https:\/\/lightflow.info\/wp-content\/uploads\/C5-SC1-P3-G_SIF171G-Die-Zweite-Welle-3-Abstieg-der-Quelle.webp","contentUrl":"https:\/\/lightflow.info\/wp-content\/uploads\/C5-SC1-P3-G_SIF171G-Die-Zweite-Welle-3-Abstieg-der-Quelle.webp","width":800,"height":800},{"@type":"BreadcrumbList","@id":"https:\/\/lightflow.info\/de\/produkt\/teil-3-quelle-und-spirit-steigen-auf-die-erde-ab\/#breadcrumb","itemListElement":[{"@type":"ListItem","position":1,"name":"Home","item":"https:\/\/lightflow.info\/de\/"},{"@type":"ListItem","position":2,"name":"Shop","item":"https:\/\/lightflow.info\/de\/shop\/"},{"@type":"ListItem","position":3,"name":"G\u00f6ttlicher Plan Meisterklassen","item":"https:\/\/lightflow.info\/de\/kategorie\/goettlicher-plan-meisterklassen\/"},{"@type":"ListItem","position":4,"name":"Meistertechniken f\u00fcr Lichtarbeiter","item":"https:\/\/lightflow.info\/de\/kategorie\/goettlicher-plan-meisterklassen\/meistertechniken-fuer-lichtarbeiter\/"},{"@type":"ListItem","position":5,"name":"Die 2. Welle der spirituellen Entwicklung","item":"https:\/\/lightflow.info\/de\/kategorie\/goettlicher-plan-meisterklassen\/meistertechniken-fuer-lichtarbeiter\/die-zweite-welle-der-spirituellen-entwicklung\/"},{"@type":"ListItem","position":6,"name":"Teil III: Quelle &#038; Spirit steigen auf die Erde ab"}]},{"@type":"WebSite","@id":"https:\/\/lightflow.info\/de\/#website","url":"https:\/\/lightflow.info\/de\/","name":"Lightflow Academy by Cecilia Sifontes","description":"Awakening Lightworkers and Masters","alternateName":"Lightflow","potentialAction":[{"@type":"SearchAction","target":{"@type":"EntryPoint","urlTemplate":"https:\/\/lightflow.info\/de\/?s={search_term_string}"},"query-input":{"@type":"PropertyValueSpecification","valueRequired":true,"valueName":"search_term_string"}}],"inLanguage":"de"}]}},"_links":{"self":[{"href":"https:\/\/lightflow.info\/de\/wp-json\/wp\/v2\/product\/26850","targetHints":{"allow":["GET"]}}],"collection":[{"href":"https:\/\/lightflow.info\/de\/wp-json\/wp\/v2\/product"}],"about":[{"href":"https:\/\/lightflow.info\/de\/wp-json\/wp\/v2\/types\/product"}],"version-history":[{"count":0,"href":"https:\/\/lightflow.info\/de\/wp-json\/wp\/v2\/product\/26850\/revisions"}],"wp:featuredmedia":[{"embeddable":true,"href":"https:\/\/lightflow.info\/de\/wp-json\/wp\/v2\/media\/35846"}],"wp:attachment":[{"href":"https:\/\/lightflow.info\/de\/wp-json\/wp\/v2\/media?parent=26850"}],"wp:term":[{"taxonomy":"product_brand","embeddable":true,"href":"https:\/\/lightflow.info\/de\/wp-json\/wp\/v2\/product_brand?post=26850"},{"taxonomy":"product_cat","embeddable":true,"href":"https:\/\/lightflow.info\/de\/wp-json\/wp\/v2\/product_cat?post=26850"},{"taxonomy":"product_tag","embeddable":true,"href":"https:\/\/lightflow.info\/de\/wp-json\/wp\/v2\/product_tag?post=26850"}],"curies":[{"name":"wp","href":"https:\/\/api.w.org\/{rel}","templated":true}]}}