{"id":26874,"date":"2025-12-09T22:01:57","date_gmt":"2025-12-09T21:01:57","guid":{"rendered":"https:\/\/lightflow.info\/?post_type=product&#038;p=26874"},"modified":"2026-01-21T19:21:06","modified_gmt":"2026-01-21T18:21:06","slug":"teil-i-die-2-welle-der-spirituellen-entwicklung-des-globalen-erwachens","status":"publish","type":"product","link":"https:\/\/lightflow.info\/de\/produkt\/teil-i-die-2-welle-der-spirituellen-entwicklung-des-globalen-erwachens\/","title":{"rendered":"Teil I: Die 2. Welle der spirituellen Entwicklung &#038; des globalen Erwachens"},"content":{"rendered":"<p>W\u00e4hrend der zweiten Welle der spirituellen Evolution werden wir viel neues Licht und Energien erfahren, die aus der galaktischen Lichtstadt zur Erde fliessen. Dies sind Planeten mit dem h\u00f6chstentwickelten Leben in unserer Galaxie. In diesem Kurs wirst du gef\u00fchrt, dich und die Menschheit auf dieses sich immerw\u00e4hrend ausweitende g\u00f6ttliche Bewusstsein einzustimmen. Du wirst lernen, wie man einen zeitlosen und multidimensionalen Zugang zur galaktischen Lichtstadt aufbaut und wie du das Selbst zeitlos und multidimensional wahrnehmen kannst. Weiters wirst du gef\u00fchrt, die Richtung der Zukunft zu ver\u00e4ndern und durch ein riesiges Energiefeld der Lebenssequenz deiner Seele im Multiversum \u00dcbertragungen von der galaktischen Lichtstadt erhalten.<\/p>\n<p>Der Rat der Sch\u00f6pfung wird mit dir arbeiten, um in der zweiten Welle der spirituellen Evolution eine tiefere Selbsterfahrung zu erlangen. Sie werden dir auch \u00fcber ihre Vorhersagen erz\u00e4hlen, dass eine augenblickliche Erleuchtung der Menschheit nicht zu weit entfernt in der Zukunft liegt. Du wirst angehoben, um das Leben als einen Fluss von Bewegungen zu erfahren und dich allgemein auf die zweite Welle vorbereiten und dich an sie angleichen, sodass du deine Energien sich weiterhin \u00f6ffnen, w\u00e4hrend immer mehr Kraft hereinkommt.<\/p>\n<p><strong>Welche Schl\u00fcsselerlebnisse kannst du erwarten?<\/strong><\/p>\n<p>1. Das immerw\u00e4hrend sich ausweitende g\u00f6ttliche Bewusstsein<br \/>\n2. Die grossen Lebensfelder und ihr Einfluss<br \/>\n3. Ein multidimensionaler Zugang zur galaktischen Lichtstadt<br \/>\n4. Zeitlose und multidimensionale Selbsterfahrung<br \/>\n5. \u00dcbertragung aus der galaktischen Lichtstadt<br \/>\n6. Selbsterfahrung in der zweiten Welle der spirituellen Evolution<br \/>\n7. \u00d6ffnung f\u00fcr Weltendienst in der zweiten Welle<br \/>\n8. Der erleuchtete Augenblick der Erde<br \/>\n9. Augenblickliche Erleuchtung der Menschheit<br \/>\n10. Tot und Inkarnationen als ein vollbewusstes Wesen<br \/>\n11. Angleichung f\u00fcr die zweite Welle der spirituellen Evolution<br \/>\n12. Fliessende Quellenpr\u00e4senz<br \/>\n13. Besuch des Tempels des Lichts und des Lebens<br \/>\n14. Erkunde, in welcher Weise deine Seele ihre Reise des Lichts und des Lebens erf\u00e4hrt<\/p>\n<p><strong>Dieser Kurs beinhaltet 19 gef\u00fchrte Meditation auf Englisch mit konsekutiver deutscher \u00dcbersetzung. Enthaltene Meditationen:<\/strong><\/p>\n<p>01 Aufbau von Verbindungen um die Menschheit auf immerw\u00e4hrend erweiterndes Bewusstsein einzustimmen (Spring of Love by H. Gustafsson)<br \/>\n02 Erl\u00e4uterndes Gespr\u00e4ch \u00fcber die grossen Felder des Lebens (Spring of Love by H. Gustafsson)<br \/>\n03 Aufbau und \u00d6ffnung eines multidimensionalen Zugangs zur galaktischen Lichtstadt und den Spiegelselbsten (Carpe Diem by H. Gustafsson)<br \/>\n04 Zeitlose und multidimensionale Selbsterfahrung &#8211; Richtungen \u00e4ndern (Aquaeum by A. Andersson)<br \/>\n05 Erhalte durch das Energiefeld dieser Lebenssequenz \u00dcbertragungen aus der galaktischen Lichtstadt (Cumulus by M. Felhendler)<br \/>\n06 Selbsterfahrung in der zweiten Welle der spirituellen Entwicklung (Song for Africa by A. Skogh)<br \/>\n07 Kodiere dich f\u00fcr Weltendienst in der zweiten Welle (Light&amp;Up3 by B. Melander)<br \/>\n08 Der erleuchtete Moment der Erde (Carpe Diem by H. Gustafsson)<br \/>\n09 Die Erde aus dem Vakuum bringen &#8211; augenblickliche Erleuchtung der Menschheit (Aquatica by AdDios)<br \/>\n10 Tot und Wiedergeburt als vollbewusstes Wesen (Silverfj\u00e4rden by H. Gustafsson)<br \/>\n11 Bringe dich in Einklang mit der zweiten Welle _ Verankerung fluider Quellenpr\u00e4senz (Aquaeum by A. Andersson)<br \/>\n12 Besuch des Tempels des Lebens und Lichts (Aquatica by AdDios)<br \/>\n13 Wie deine Seele ihre Reise des Lebens und des Lichts erf\u00e4hrt (Spring of Love by H. Gustafsson)<br \/>\n14 Webinar 1 &#8211; Willkommen und erkl\u00e4rendes Gespr\u00e4ch (M\u00e5nstr\u00e5le by T. Kas\u00e5)<br \/>\n15 Webinar 1 &#8211; Das Leben auf der Erde in der zweiten Welle (Song for Africa by A. Skogh)<br \/>\n16 Webinar 2 Mutter Maria &#8211; Die Wichtigkeit der kommenden f\u00fcnf Jahre 2015 &#8211; 2019 (M\u00e5nstr\u00e5le by T. Kas\u00e5)<br \/>\n17 Webinar 2 &#8211; Entfernung der Schablonen der Illusionen<br \/>\n18 Webinar 3 &#8211; Welcome and explanatory talk (Somna Gott by B. Melander)<br \/>\n19 Webinar 3 Mutter Maria &#8211; Verbindung mit vielen Du, Aufbau deines Lebensnetzes (Song for Africa by A. Skogh)<\/p>\n","protected":false},"excerpt":{"rendered":"<p>Der Rat der Sch\u00f6pfung wird mit dir arbeiten, um in der zweiten Welle der spirituellen Evolution eine tiefere Selbsterfahrung zu erlangen. Sie werden dir auch \u00fcber ihre Vorhersagen erz\u00e4hlen, dass eine augenblickliche Erleuchtung der Menschheit nicht zu weit entfernt in der Zukunft liegt. Du wirst angehoben, um das Leben als einen Fluss von Bewegungen zu erfahren und dich allgemein auf die zweite Welle vorbereiten und dich an sie angleichen, sodass du deine Energien sich weiterhin \u00f6ffnen, w\u00e4hrend immer mehr Kraft hereinkommt.<\/p>\n","protected":false},"featured_media":35844,"template":"","meta":{"_acf_changed":false,"ocean_post_layout":"","ocean_both_sidebars_style":"","ocean_both_sidebars_content_width":0,"ocean_both_sidebars_sidebars_width":0,"ocean_sidebar":"0","ocean_second_sidebar":"0","ocean_disable_margins":"enable","ocean_add_body_class":"","ocean_shortcode_before_top_bar":"","ocean_shortcode_after_top_bar":"","ocean_shortcode_before_header":"","ocean_shortcode_after_header":"","ocean_has_shortcode":"","ocean_shortcode_after_title":"","ocean_shortcode_before_footer_widgets":"","ocean_shortcode_after_footer_widgets":"","ocean_shortcode_before_footer_bottom":"","ocean_shortcode_after_footer_bottom":"","ocean_display_top_bar":"default","ocean_display_header":"default","ocean_header_style":"","ocean_center_header_left_menu":"0","ocean_custom_header_template":"0","ocean_custom_logo":0,"ocean_custom_retina_logo":0,"ocean_custom_logo_max_width":0,"ocean_custom_logo_tablet_max_width":0,"ocean_custom_logo_mobile_max_width":0,"ocean_custom_logo_max_height":0,"ocean_custom_logo_tablet_max_height":0,"ocean_custom_logo_mobile_max_height":0,"ocean_header_custom_menu":"0","ocean_menu_typo_font_family":"0","ocean_menu_typo_font_subset":"","ocean_menu_typo_font_size":0,"ocean_menu_typo_font_size_tablet":0,"ocean_menu_typo_font_size_mobile":0,"ocean_menu_typo_font_size_unit":"px","ocean_menu_typo_font_weight":"","ocean_menu_typo_font_weight_tablet":"","ocean_menu_typo_font_weight_mobile":"","ocean_menu_typo_transform":"","ocean_menu_typo_transform_tablet":"","ocean_menu_typo_transform_mobile":"","ocean_menu_typo_line_height":0,"ocean_menu_typo_line_height_tablet":0,"ocean_menu_typo_line_height_mobile":0,"ocean_menu_typo_line_height_unit":"","ocean_menu_typo_spacing":0,"ocean_menu_typo_spacing_tablet":0,"ocean_menu_typo_spacing_mobile":0,"ocean_menu_typo_spacing_unit":"","ocean_menu_link_color":"","ocean_menu_link_color_hover":"","ocean_menu_link_color_active":"","ocean_menu_link_background":"","ocean_menu_link_hover_background":"","ocean_menu_link_active_background":"","ocean_menu_social_links_bg":"","ocean_menu_social_hover_links_bg":"","ocean_menu_social_links_color":"","ocean_menu_social_hover_links_color":"","ocean_disable_title":"default","ocean_disable_heading":"default","ocean_post_title":"","ocean_post_subheading":"","ocean_post_title_style":"","ocean_post_title_background_color":"","ocean_post_title_background":0,"ocean_post_title_bg_image_position":"","ocean_post_title_bg_image_attachment":"","ocean_post_title_bg_image_repeat":"","ocean_post_title_bg_image_size":"","ocean_post_title_height":0,"ocean_post_title_bg_overlay":0.5,"ocean_post_title_bg_overlay_color":"","ocean_disable_breadcrumbs":"default","ocean_breadcrumbs_color":"","ocean_breadcrumbs_separator_color":"","ocean_breadcrumbs_links_color":"","ocean_breadcrumbs_links_hover_color":"","ocean_display_footer_widgets":"default","ocean_display_footer_bottom":"default","ocean_custom_footer_template":"0"},"product_brand":[],"product_cat":[100],"product_tag":[],"class_list":{"0":"post-26874","1":"product","2":"type-product","3":"status-publish","4":"has-post-thumbnail","6":"product_cat-die-zweite-welle-der-spirituellen-entwicklung","8":"entry","9":"has-media","11":"first","12":"instock","13":"downloadable","14":"virtual","15":"purchasable","16":"product-type-simple","17":"col","18":"span_1_of_3","19":"owp-content-center","20":"item-entry","21":"owp-thumbs-layout-horizontal","22":"owp-btn-normal","23":"owp-tabs-layout-section","24":"has-no-thumbnails","25":"circle-sale"},"acf":[],"yoast_head":"<!-- This site is optimized with the Yoast SEO plugin v27.5 - https:\/\/yoast.com\/product\/yoast-seo-wordpress\/ -->\n<title>Teil I: Die 2. Welle der spirituellen Entwicklung &amp; des globalen Erwachens &#8902; Lightflow Academy by Cecilia Sifontes<\/title>\n<meta name=\"robots\" content=\"index, follow, max-snippet:-1, max-image-preview:large, max-video-preview:-1\" \/>\n<link rel=\"canonical\" href=\"https:\/\/lightflow.info\/de\/produkt\/teil-i-die-2-welle-der-spirituellen-entwicklung-des-globalen-erwachens\/\" \/>\n<meta property=\"og:locale\" content=\"de_DE\" \/>\n<meta property=\"og:type\" content=\"article\" \/>\n<meta property=\"og:title\" content=\"Teil I: Die 2. Welle der spirituellen Entwicklung &amp; des globalen Erwachens &#8902; Lightflow Academy by Cecilia Sifontes\" \/>\n<meta property=\"og:description\" content=\"Der Rat der Sch\u00f6pfung wird mit dir arbeiten, um in der zweiten Welle der spirituellen Evolution eine tiefere Selbsterfahrung zu erlangen. Sie werden dir auch \u00fcber ihre Vorhersagen erz\u00e4hlen, dass eine augenblickliche Erleuchtung der Menschheit nicht zu weit entfernt in der Zukunft liegt. Du wirst angehoben, um das Leben als einen Fluss von Bewegungen zu erfahren und dich allgemein auf die zweite Welle vorbereiten und dich an sie angleichen, sodass du deine Energien sich weiterhin \u00f6ffnen, w\u00e4hrend immer mehr Kraft hereinkommt.\" \/>\n<meta property=\"og:url\" content=\"https:\/\/lightflow.info\/de\/produkt\/teil-i-die-2-welle-der-spirituellen-entwicklung-des-globalen-erwachens\/\" \/>\n<meta property=\"og:site_name\" content=\"Lightflow Academy by Cecilia Sifontes\" \/>\n<meta property=\"article:modified_time\" content=\"2026-01-21T18:21:06+00:00\" \/>\n<meta property=\"og:image\" content=\"https:\/\/lightflow.info\/wp-content\/uploads\/C5-SC1-P1-G_SIF167G-Die-Zweite-Welle-1.webp\" \/>\n\t<meta property=\"og:image:width\" content=\"782\" \/>\n\t<meta property=\"og:image:height\" content=\"800\" \/>\n\t<meta property=\"og:image:type\" content=\"image\/webp\" \/>\n<meta name=\"twitter:card\" content=\"summary_large_image\" \/>\n<meta name=\"twitter:label1\" content=\"Gesch\u00e4tzte Lesezeit\" \/>\n\t<meta name=\"twitter:data1\" content=\"3\u00a0Minuten\" \/>\n<script type=\"application\/ld+json\" class=\"yoast-schema-graph\">{\"@context\":\"https:\\\/\\\/schema.org\",\"@graph\":[{\"@type\":\"WebPage\",\"@id\":\"https:\\\/\\\/lightflow.info\\\/de\\\/produkt\\\/teil-i-die-2-welle-der-spirituellen-entwicklung-des-globalen-erwachens\\\/\",\"url\":\"https:\\\/\\\/lightflow.info\\\/de\\\/produkt\\\/teil-i-die-2-welle-der-spirituellen-entwicklung-des-globalen-erwachens\\\/\",\"name\":\"Teil I: Die 2. Welle der spirituellen Entwicklung & des globalen Erwachens &#8902; Lightflow Academy by Cecilia Sifontes\",\"isPartOf\":{\"@id\":\"https:\\\/\\\/lightflow.info\\\/de\\\/#website\"},\"primaryImageOfPage\":{\"@id\":\"https:\\\/\\\/lightflow.info\\\/de\\\/produkt\\\/teil-i-die-2-welle-der-spirituellen-entwicklung-des-globalen-erwachens\\\/#primaryimage\"},\"image\":{\"@id\":\"https:\\\/\\\/lightflow.info\\\/de\\\/produkt\\\/teil-i-die-2-welle-der-spirituellen-entwicklung-des-globalen-erwachens\\\/#primaryimage\"},\"thumbnailUrl\":\"https:\\\/\\\/lightflow.info\\\/wp-content\\\/uploads\\\/C5-SC1-P1-G_SIF167G-Die-Zweite-Welle-1.webp\",\"datePublished\":\"2025-12-09T21:01:57+00:00\",\"dateModified\":\"2026-01-21T18:21:06+00:00\",\"breadcrumb\":{\"@id\":\"https:\\\/\\\/lightflow.info\\\/de\\\/produkt\\\/teil-i-die-2-welle-der-spirituellen-entwicklung-des-globalen-erwachens\\\/#breadcrumb\"},\"inLanguage\":\"de\",\"potentialAction\":[{\"@type\":\"ReadAction\",\"target\":[\"https:\\\/\\\/lightflow.info\\\/de\\\/produkt\\\/teil-i-die-2-welle-der-spirituellen-entwicklung-des-globalen-erwachens\\\/\"]}]},{\"@type\":\"ImageObject\",\"inLanguage\":\"de\",\"@id\":\"https:\\\/\\\/lightflow.info\\\/de\\\/produkt\\\/teil-i-die-2-welle-der-spirituellen-entwicklung-des-globalen-erwachens\\\/#primaryimage\",\"url\":\"https:\\\/\\\/lightflow.info\\\/wp-content\\\/uploads\\\/C5-SC1-P1-G_SIF167G-Die-Zweite-Welle-1.webp\",\"contentUrl\":\"https:\\\/\\\/lightflow.info\\\/wp-content\\\/uploads\\\/C5-SC1-P1-G_SIF167G-Die-Zweite-Welle-1.webp\",\"width\":782,\"height\":800},{\"@type\":\"BreadcrumbList\",\"@id\":\"https:\\\/\\\/lightflow.info\\\/de\\\/produkt\\\/teil-i-die-2-welle-der-spirituellen-entwicklung-des-globalen-erwachens\\\/#breadcrumb\",\"itemListElement\":[{\"@type\":\"ListItem\",\"position\":1,\"name\":\"Home\",\"item\":\"https:\\\/\\\/lightflow.info\\\/de\\\/\"},{\"@type\":\"ListItem\",\"position\":2,\"name\":\"Shop\",\"item\":\"https:\\\/\\\/lightflow.info\\\/de\\\/shop\\\/\"},{\"@type\":\"ListItem\",\"position\":3,\"name\":\"G\u00f6ttlicher Plan Meisterklassen\",\"item\":\"https:\\\/\\\/lightflow.info\\\/de\\\/kategorie\\\/goettlicher-plan-meisterklassen\\\/\"},{\"@type\":\"ListItem\",\"position\":4,\"name\":\"Meistertechniken f\u00fcr Lichtarbeiter\",\"item\":\"https:\\\/\\\/lightflow.info\\\/de\\\/kategorie\\\/goettlicher-plan-meisterklassen\\\/meistertechniken-fuer-lichtarbeiter\\\/\"},{\"@type\":\"ListItem\",\"position\":5,\"name\":\"Die 2. Welle der spirituellen Entwicklung\",\"item\":\"https:\\\/\\\/lightflow.info\\\/de\\\/kategorie\\\/goettlicher-plan-meisterklassen\\\/meistertechniken-fuer-lichtarbeiter\\\/die-zweite-welle-der-spirituellen-entwicklung\\\/\"},{\"@type\":\"ListItem\",\"position\":6,\"name\":\"Teil I: Die 2. Welle der spirituellen Entwicklung &#038; des globalen Erwachens\"}]},{\"@type\":\"WebSite\",\"@id\":\"https:\\\/\\\/lightflow.info\\\/de\\\/#website\",\"url\":\"https:\\\/\\\/lightflow.info\\\/de\\\/\",\"name\":\"Lightflow Academy by Cecilia Sifontes\",\"description\":\"Awakening Lightworkers and Masters\",\"alternateName\":\"Lightflow\",\"potentialAction\":[{\"@type\":\"SearchAction\",\"target\":{\"@type\":\"EntryPoint\",\"urlTemplate\":\"https:\\\/\\\/lightflow.info\\\/de\\\/?s={search_term_string}\"},\"query-input\":{\"@type\":\"PropertyValueSpecification\",\"valueRequired\":true,\"valueName\":\"search_term_string\"}}],\"inLanguage\":\"de\"}]}<\/script>\n<!-- \/ Yoast SEO plugin. -->","yoast_head_json":{"title":"Teil I: Die 2. Welle der spirituellen Entwicklung & des globalen Erwachens &#8902; Lightflow Academy by Cecilia Sifontes","robots":{"index":"index","follow":"follow","max-snippet":"max-snippet:-1","max-image-preview":"max-image-preview:large","max-video-preview":"max-video-preview:-1"},"canonical":"https:\/\/lightflow.info\/de\/produkt\/teil-i-die-2-welle-der-spirituellen-entwicklung-des-globalen-erwachens\/","og_locale":"de_DE","og_type":"article","og_title":"Teil I: Die 2. Welle der spirituellen Entwicklung & des globalen Erwachens &#8902; Lightflow Academy by Cecilia Sifontes","og_description":"Der Rat der Sch\u00f6pfung wird mit dir arbeiten, um in der zweiten Welle der spirituellen Evolution eine tiefere Selbsterfahrung zu erlangen. Sie werden dir auch \u00fcber ihre Vorhersagen erz\u00e4hlen, dass eine augenblickliche Erleuchtung der Menschheit nicht zu weit entfernt in der Zukunft liegt. Du wirst angehoben, um das Leben als einen Fluss von Bewegungen zu erfahren und dich allgemein auf die zweite Welle vorbereiten und dich an sie angleichen, sodass du deine Energien sich weiterhin \u00f6ffnen, w\u00e4hrend immer mehr Kraft hereinkommt.","og_url":"https:\/\/lightflow.info\/de\/produkt\/teil-i-die-2-welle-der-spirituellen-entwicklung-des-globalen-erwachens\/","og_site_name":"Lightflow Academy by Cecilia Sifontes","article_modified_time":"2026-01-21T18:21:06+00:00","og_image":[{"width":782,"height":800,"url":"https:\/\/lightflow.info\/wp-content\/uploads\/C5-SC1-P1-G_SIF167G-Die-Zweite-Welle-1.webp","type":"image\/webp"}],"twitter_card":"summary_large_image","twitter_misc":{"Gesch\u00e4tzte Lesezeit":"3\u00a0Minuten"},"schema":{"@context":"https:\/\/schema.org","@graph":[{"@type":"WebPage","@id":"https:\/\/lightflow.info\/de\/produkt\/teil-i-die-2-welle-der-spirituellen-entwicklung-des-globalen-erwachens\/","url":"https:\/\/lightflow.info\/de\/produkt\/teil-i-die-2-welle-der-spirituellen-entwicklung-des-globalen-erwachens\/","name":"Teil I: Die 2. Welle der spirituellen Entwicklung & des globalen Erwachens &#8902; Lightflow Academy by Cecilia Sifontes","isPartOf":{"@id":"https:\/\/lightflow.info\/de\/#website"},"primaryImageOfPage":{"@id":"https:\/\/lightflow.info\/de\/produkt\/teil-i-die-2-welle-der-spirituellen-entwicklung-des-globalen-erwachens\/#primaryimage"},"image":{"@id":"https:\/\/lightflow.info\/de\/produkt\/teil-i-die-2-welle-der-spirituellen-entwicklung-des-globalen-erwachens\/#primaryimage"},"thumbnailUrl":"https:\/\/lightflow.info\/wp-content\/uploads\/C5-SC1-P1-G_SIF167G-Die-Zweite-Welle-1.webp","datePublished":"2025-12-09T21:01:57+00:00","dateModified":"2026-01-21T18:21:06+00:00","breadcrumb":{"@id":"https:\/\/lightflow.info\/de\/produkt\/teil-i-die-2-welle-der-spirituellen-entwicklung-des-globalen-erwachens\/#breadcrumb"},"inLanguage":"de","potentialAction":[{"@type":"ReadAction","target":["https:\/\/lightflow.info\/de\/produkt\/teil-i-die-2-welle-der-spirituellen-entwicklung-des-globalen-erwachens\/"]}]},{"@type":"ImageObject","inLanguage":"de","@id":"https:\/\/lightflow.info\/de\/produkt\/teil-i-die-2-welle-der-spirituellen-entwicklung-des-globalen-erwachens\/#primaryimage","url":"https:\/\/lightflow.info\/wp-content\/uploads\/C5-SC1-P1-G_SIF167G-Die-Zweite-Welle-1.webp","contentUrl":"https:\/\/lightflow.info\/wp-content\/uploads\/C5-SC1-P1-G_SIF167G-Die-Zweite-Welle-1.webp","width":782,"height":800},{"@type":"BreadcrumbList","@id":"https:\/\/lightflow.info\/de\/produkt\/teil-i-die-2-welle-der-spirituellen-entwicklung-des-globalen-erwachens\/#breadcrumb","itemListElement":[{"@type":"ListItem","position":1,"name":"Home","item":"https:\/\/lightflow.info\/de\/"},{"@type":"ListItem","position":2,"name":"Shop","item":"https:\/\/lightflow.info\/de\/shop\/"},{"@type":"ListItem","position":3,"name":"G\u00f6ttlicher Plan Meisterklassen","item":"https:\/\/lightflow.info\/de\/kategorie\/goettlicher-plan-meisterklassen\/"},{"@type":"ListItem","position":4,"name":"Meistertechniken f\u00fcr Lichtarbeiter","item":"https:\/\/lightflow.info\/de\/kategorie\/goettlicher-plan-meisterklassen\/meistertechniken-fuer-lichtarbeiter\/"},{"@type":"ListItem","position":5,"name":"Die 2. Welle der spirituellen Entwicklung","item":"https:\/\/lightflow.info\/de\/kategorie\/goettlicher-plan-meisterklassen\/meistertechniken-fuer-lichtarbeiter\/die-zweite-welle-der-spirituellen-entwicklung\/"},{"@type":"ListItem","position":6,"name":"Teil I: Die 2. Welle der spirituellen Entwicklung &#038; des globalen Erwachens"}]},{"@type":"WebSite","@id":"https:\/\/lightflow.info\/de\/#website","url":"https:\/\/lightflow.info\/de\/","name":"Lightflow Academy by Cecilia Sifontes","description":"Awakening Lightworkers and Masters","alternateName":"Lightflow","potentialAction":[{"@type":"SearchAction","target":{"@type":"EntryPoint","urlTemplate":"https:\/\/lightflow.info\/de\/?s={search_term_string}"},"query-input":{"@type":"PropertyValueSpecification","valueRequired":true,"valueName":"search_term_string"}}],"inLanguage":"de"}]}},"_links":{"self":[{"href":"https:\/\/lightflow.info\/de\/wp-json\/wp\/v2\/product\/26874","targetHints":{"allow":["GET"]}}],"collection":[{"href":"https:\/\/lightflow.info\/de\/wp-json\/wp\/v2\/product"}],"about":[{"href":"https:\/\/lightflow.info\/de\/wp-json\/wp\/v2\/types\/product"}],"version-history":[{"count":0,"href":"https:\/\/lightflow.info\/de\/wp-json\/wp\/v2\/product\/26874\/revisions"}],"wp:featuredmedia":[{"embeddable":true,"href":"https:\/\/lightflow.info\/de\/wp-json\/wp\/v2\/media\/35844"}],"wp:attachment":[{"href":"https:\/\/lightflow.info\/de\/wp-json\/wp\/v2\/media?parent=26874"}],"wp:term":[{"taxonomy":"product_brand","embeddable":true,"href":"https:\/\/lightflow.info\/de\/wp-json\/wp\/v2\/product_brand?post=26874"},{"taxonomy":"product_cat","embeddable":true,"href":"https:\/\/lightflow.info\/de\/wp-json\/wp\/v2\/product_cat?post=26874"},{"taxonomy":"product_tag","embeddable":true,"href":"https:\/\/lightflow.info\/de\/wp-json\/wp\/v2\/product_tag?post=26874"}],"curies":[{"name":"wp","href":"https:\/\/api.w.org\/{rel}","templated":true}]}}