{"id":27023,"date":"2025-12-09T22:01:58","date_gmt":"2025-12-09T21:01:58","guid":{"rendered":"https:\/\/lightflow.info\/?post_type=product&#038;p=27023"},"modified":"2026-01-22T21:36:15","modified_gmt":"2026-01-22T20:36:15","slug":"superflow-1-der-naechste-energiezustand-fuer-aufgeschlossene-lichtarbeiter","status":"publish","type":"product","link":"https:\/\/lightflow.info\/de\/produkt\/superflow-1-der-naechste-energiezustand-fuer-aufgeschlossene-lichtarbeiter\/","title":{"rendered":"Teil 1: Der n\u00e4chste Energiezustand f\u00fcr aufgeschlossene Lichtarbeiter"},"content":{"rendered":"<p><span style=\"color: #cc9933;\"><em>\u201cVon jetzt an lebst du in einer Welt der Form, aber nicht von der Welt der Form, weil du die Form h\u00e4ltst.\u201c<\/em><\/span><\/p>\n<p>Du liest dies, da du den inneren Wunsch hast, dich f\u00fcr neue Dimensionen zu \u00f6ffnen, obwohl sie zwar noch nicht beschrieben allerdings erfahren werden k\u00f6nnen. Indem du neue Dimensionen erf\u00e4hrst, ver\u00e4nderst du die Schwingungen deiner Energie und beginnst sanft f\u00fcr sie einen Raum in deinem Leben zu erschaffen. Sobald du sie erkundest, ist Superflow eine Dimension, welche die Geschwindigkeit deiner Erleuchtung und der Erleuchtung der Menschheit beschleunigt und den Ereignissen auf Erden mehr Synchronizit\u00e4t bringt.<br \/>\nSuperflow ist ein neuer Seinszustand, ein neuer Zustand an Meisterschaft aus der Zukunft, der bisher noch nicht auf der Erde pr\u00e4sent war. Er ist tats\u00e4chlich eine Aufgradierung und Einbeziehung von mehr der Wirklichkeit, was die Spielregeln ver\u00e4ndert und die Dinge vereinfacht. Er bringt dir die Kraft, neue Formen zu w\u00e4hlen oder Dinge aus der Form zu bringen.<br \/>\nEs handelt sich um eine tiefere Hingabe, wobei die Quelle direkt durch dich arbeiten wird.<\/p>\n<p><strong>Welche Schl\u00fcsselerlebnisse kannst du erwarten?<\/strong><\/p>\n<p>\u2022 Erforschung der Absicht f\u00fcr die Sch\u00f6pfung<br \/>\n\u2022 Die Absicht bereitet deine Seele f\u00fcr die Energien von Superflow vor<br \/>\n\u2022 Die Erfarhungen mit Superflow werden durch die Zeit hindurch neu geschrieben<br \/>\n\u2022 Superflow in der holographischen Lebenserfahrung<br \/>\n\u2022 Kurzes Gespr\u00e4ch mit Alcazar, deine Seele pr\u00e4sentiert sich der Absicht<br \/>\n\u2022 Deine Seele befehligt das Netz durch Zeit, Dimensionen und Raum<br \/>\n\u2022 Ein neues, erweitertes Bewusstsein f\u00fcr die Menschheit erschaffen<br \/>\n\u2022 Eine h\u00f6here Vision erschaffen<br \/>\n\u2022 Bringe Superflow in dein Alltagsleben<br \/>\n\u2022 Abendmeditation \u00fcber selbsterschaffendes Bewusstsein<br \/>\n\u2022 Mache in dem \u201dNichts\u201d deines Alltags Platz f\u00fcr Superflow<br \/>\n\u2022 Bringe Superflow in das Netz der Menschheit<br \/>\n\u2022 Dehne dein Universum und seine Erfahrung von Superflow aus<br \/>\n\u2022 Das neue Selbst tritt hervor<\/p>\n<p><strong>Dieser Kurs beinhaltet 15 gef\u00fchrte Meditation auf Englisch mit konsekutiver deutscher \u00dcbersetzung. Enthaltene Meditationen:<\/strong><\/p>\n<p>01 Willkommensgruss und erste Erforschung von Superflow<br \/>\n02 Erforschung der Absicht f\u00fcr die Sch\u00f6pfung<br \/>\n03 Die Absicht, welche deine Seele f\u00fcr die Energien von Superflow vorbereitet<br \/>\n04 Die Erfarhung mit Superflow werden durch die Zeit hindurch neu geschrieben<br \/>\n05 Superflow in der holographischen Lebenserfahrung<br \/>\n06 Kurzes Gespr\u00e4ch mit Alcazar, deine Seele pr\u00e4sentiert sich der Absicht<br \/>\n07 Deine Seele befehligt das Netz durch Zeit, Dimensionen und Raum<br \/>\n08 Ein neues, erweitertes Bewusstsein f\u00fcr die Menschheit erschaffen<br \/>\n09 Eine h\u00f6here Vision erschaffen<br \/>\n10 Bringe Superflow in dein Alltagsleben<br \/>\n11 Abendmeditation \u00fcber selbsterschaffendes Bewusstsein<br \/>\n12 Mache in dem Nichts deines Alltags Platz f\u00fcr Superflow<br \/>\n13 Bringe Superflow in das Netz der Menschheit<br \/>\n14 Dehne dein Universum und seine Erfahrung von Superflow aus<br \/>\n15 Das neue Selbst tritt hervor<\/p>\n","protected":false},"excerpt":{"rendered":"<p>Superflow ist ein neuer Seinszustand, ein neuer Zustand an Meisterschaft aus der Zukunft, der bisher noch nicht auf der Erde pr\u00e4sent war. Er ist tats\u00e4chlich eine Aufgradierung und Einbeziehung von mehr der Wirklichkeit, was die Spielregeln ver\u00e4ndert und die Dinge vereinfacht. Er bringt dir die Kraft, neue Formen zu w\u00e4hlen oder Dinge aus der Form zu bringen. Es handelt sich um eine tiefere Hingabe, wobei die Quelle direkt durch dich arbeiten wird.<\/p>\n","protected":false},"featured_media":35870,"template":"","meta":{"_acf_changed":false,"ocean_post_layout":"","ocean_both_sidebars_style":"","ocean_both_sidebars_content_width":0,"ocean_both_sidebars_sidebars_width":0,"ocean_sidebar":"0","ocean_second_sidebar":"0","ocean_disable_margins":"enable","ocean_add_body_class":"","ocean_shortcode_before_top_bar":"","ocean_shortcode_after_top_bar":"","ocean_shortcode_before_header":"","ocean_shortcode_after_header":"","ocean_has_shortcode":"","ocean_shortcode_after_title":"","ocean_shortcode_before_footer_widgets":"","ocean_shortcode_after_footer_widgets":"","ocean_shortcode_before_footer_bottom":"","ocean_shortcode_after_footer_bottom":"","ocean_display_top_bar":"default","ocean_display_header":"default","ocean_header_style":"","ocean_center_header_left_menu":"0","ocean_custom_header_template":"0","ocean_custom_logo":0,"ocean_custom_retina_logo":0,"ocean_custom_logo_max_width":0,"ocean_custom_logo_tablet_max_width":0,"ocean_custom_logo_mobile_max_width":0,"ocean_custom_logo_max_height":0,"ocean_custom_logo_tablet_max_height":0,"ocean_custom_logo_mobile_max_height":0,"ocean_header_custom_menu":"0","ocean_menu_typo_font_family":"0","ocean_menu_typo_font_subset":"","ocean_menu_typo_font_size":0,"ocean_menu_typo_font_size_tablet":0,"ocean_menu_typo_font_size_mobile":0,"ocean_menu_typo_font_size_unit":"px","ocean_menu_typo_font_weight":"","ocean_menu_typo_font_weight_tablet":"","ocean_menu_typo_font_weight_mobile":"","ocean_menu_typo_transform":"","ocean_menu_typo_transform_tablet":"","ocean_menu_typo_transform_mobile":"","ocean_menu_typo_line_height":0,"ocean_menu_typo_line_height_tablet":0,"ocean_menu_typo_line_height_mobile":0,"ocean_menu_typo_line_height_unit":"","ocean_menu_typo_spacing":0,"ocean_menu_typo_spacing_tablet":0,"ocean_menu_typo_spacing_mobile":0,"ocean_menu_typo_spacing_unit":"","ocean_menu_link_color":"","ocean_menu_link_color_hover":"","ocean_menu_link_color_active":"","ocean_menu_link_background":"","ocean_menu_link_hover_background":"","ocean_menu_link_active_background":"","ocean_menu_social_links_bg":"","ocean_menu_social_hover_links_bg":"","ocean_menu_social_links_color":"","ocean_menu_social_hover_links_color":"","ocean_disable_title":"default","ocean_disable_heading":"default","ocean_post_title":"","ocean_post_subheading":"","ocean_post_title_style":"","ocean_post_title_background_color":"","ocean_post_title_background":0,"ocean_post_title_bg_image_position":"","ocean_post_title_bg_image_attachment":"","ocean_post_title_bg_image_repeat":"","ocean_post_title_bg_image_size":"","ocean_post_title_height":0,"ocean_post_title_bg_overlay":0.5,"ocean_post_title_bg_overlay_color":"","ocean_disable_breadcrumbs":"default","ocean_breadcrumbs_color":"","ocean_breadcrumbs_separator_color":"","ocean_breadcrumbs_links_color":"","ocean_breadcrumbs_links_hover_color":"","ocean_display_footer_widgets":"default","ocean_display_footer_bottom":"default","ocean_custom_footer_template":"0"},"product_brand":[],"product_cat":[101],"product_tag":[],"class_list":{"0":"post-27023","1":"product","2":"type-product","3":"status-publish","4":"has-post-thumbnail","6":"product_cat-superflow","8":"entry","9":"has-media","11":"first","12":"instock","13":"downloadable","14":"virtual","15":"purchasable","16":"product-type-simple","17":"col","18":"span_1_of_3","19":"owp-content-center","20":"item-entry","21":"owp-thumbs-layout-horizontal","22":"owp-btn-normal","23":"owp-tabs-layout-section","24":"has-no-thumbnails","25":"circle-sale"},"acf":[],"yoast_head":"<!-- This site is optimized with the Yoast SEO plugin v27.5 - https:\/\/yoast.com\/product\/yoast-seo-wordpress\/ -->\n<title>Teil 1: Der n\u00e4chste Energiezustand f\u00fcr aufgeschlossene Lichtarbeiter &#8902; Lightflow Academy by Cecilia Sifontes<\/title>\n<meta name=\"robots\" content=\"index, follow, max-snippet:-1, max-image-preview:large, max-video-preview:-1\" \/>\n<link rel=\"canonical\" href=\"https:\/\/lightflow.info\/de\/produkt\/superflow-1-der-naechste-energiezustand-fuer-aufgeschlossene-lichtarbeiter\/\" \/>\n<meta property=\"og:locale\" content=\"de_DE\" \/>\n<meta property=\"og:type\" content=\"article\" \/>\n<meta property=\"og:title\" content=\"Teil 1: Der n\u00e4chste Energiezustand f\u00fcr aufgeschlossene Lichtarbeiter &#8902; Lightflow Academy by Cecilia Sifontes\" \/>\n<meta property=\"og:description\" content=\"Superflow ist ein neuer Seinszustand, ein neuer Zustand an Meisterschaft aus der Zukunft, der bisher noch nicht auf der Erde pr\u00e4sent war. Er ist tats\u00e4chlich eine Aufgradierung und Einbeziehung von mehr der Wirklichkeit, was die Spielregeln ver\u00e4ndert und die Dinge vereinfacht. Er bringt dir die Kraft, neue Formen zu w\u00e4hlen oder Dinge aus der Form zu bringen. Es handelt sich um eine tiefere Hingabe, wobei die Quelle direkt durch dich arbeiten wird.\" \/>\n<meta property=\"og:url\" content=\"https:\/\/lightflow.info\/de\/produkt\/superflow-1-der-naechste-energiezustand-fuer-aufgeschlossene-lichtarbeiter\/\" \/>\n<meta property=\"og:site_name\" content=\"Lightflow Academy by Cecilia Sifontes\" \/>\n<meta property=\"article:modified_time\" content=\"2026-01-22T20:36:15+00:00\" \/>\n<meta property=\"og:image\" content=\"https:\/\/lightflow.info\/wp-content\/uploads\/C5-SC2-P2-G_SIF66G-Superflow-1-GER.webp\" \/>\n\t<meta property=\"og:image:width\" content=\"800\" \/>\n\t<meta property=\"og:image:height\" content=\"800\" \/>\n\t<meta property=\"og:image:type\" content=\"image\/webp\" \/>\n<meta name=\"twitter:card\" content=\"summary_large_image\" \/>\n<meta name=\"twitter:label1\" content=\"Gesch\u00e4tzte Lesezeit\" \/>\n\t<meta name=\"twitter:data1\" content=\"3\u00a0Minuten\" \/>\n<script type=\"application\/ld+json\" class=\"yoast-schema-graph\">{\"@context\":\"https:\\\/\\\/schema.org\",\"@graph\":[{\"@type\":\"WebPage\",\"@id\":\"https:\\\/\\\/lightflow.info\\\/de\\\/produkt\\\/superflow-1-der-naechste-energiezustand-fuer-aufgeschlossene-lichtarbeiter\\\/\",\"url\":\"https:\\\/\\\/lightflow.info\\\/de\\\/produkt\\\/superflow-1-der-naechste-energiezustand-fuer-aufgeschlossene-lichtarbeiter\\\/\",\"name\":\"Teil 1: Der n\u00e4chste Energiezustand f\u00fcr aufgeschlossene Lichtarbeiter &#8902; Lightflow Academy by Cecilia Sifontes\",\"isPartOf\":{\"@id\":\"https:\\\/\\\/lightflow.info\\\/de\\\/#website\"},\"primaryImageOfPage\":{\"@id\":\"https:\\\/\\\/lightflow.info\\\/de\\\/produkt\\\/superflow-1-der-naechste-energiezustand-fuer-aufgeschlossene-lichtarbeiter\\\/#primaryimage\"},\"image\":{\"@id\":\"https:\\\/\\\/lightflow.info\\\/de\\\/produkt\\\/superflow-1-der-naechste-energiezustand-fuer-aufgeschlossene-lichtarbeiter\\\/#primaryimage\"},\"thumbnailUrl\":\"https:\\\/\\\/lightflow.info\\\/wp-content\\\/uploads\\\/C5-SC2-P2-G_SIF66G-Superflow-1-GER.webp\",\"datePublished\":\"2025-12-09T21:01:58+00:00\",\"dateModified\":\"2026-01-22T20:36:15+00:00\",\"breadcrumb\":{\"@id\":\"https:\\\/\\\/lightflow.info\\\/de\\\/produkt\\\/superflow-1-der-naechste-energiezustand-fuer-aufgeschlossene-lichtarbeiter\\\/#breadcrumb\"},\"inLanguage\":\"de\",\"potentialAction\":[{\"@type\":\"ReadAction\",\"target\":[\"https:\\\/\\\/lightflow.info\\\/de\\\/produkt\\\/superflow-1-der-naechste-energiezustand-fuer-aufgeschlossene-lichtarbeiter\\\/\"]}]},{\"@type\":\"ImageObject\",\"inLanguage\":\"de\",\"@id\":\"https:\\\/\\\/lightflow.info\\\/de\\\/produkt\\\/superflow-1-der-naechste-energiezustand-fuer-aufgeschlossene-lichtarbeiter\\\/#primaryimage\",\"url\":\"https:\\\/\\\/lightflow.info\\\/wp-content\\\/uploads\\\/C5-SC2-P2-G_SIF66G-Superflow-1-GER.webp\",\"contentUrl\":\"https:\\\/\\\/lightflow.info\\\/wp-content\\\/uploads\\\/C5-SC2-P2-G_SIF66G-Superflow-1-GER.webp\",\"width\":800,\"height\":800},{\"@type\":\"BreadcrumbList\",\"@id\":\"https:\\\/\\\/lightflow.info\\\/de\\\/produkt\\\/superflow-1-der-naechste-energiezustand-fuer-aufgeschlossene-lichtarbeiter\\\/#breadcrumb\",\"itemListElement\":[{\"@type\":\"ListItem\",\"position\":1,\"name\":\"Home\",\"item\":\"https:\\\/\\\/lightflow.info\\\/de\\\/\"},{\"@type\":\"ListItem\",\"position\":2,\"name\":\"Shop\",\"item\":\"https:\\\/\\\/lightflow.info\\\/de\\\/shop\\\/\"},{\"@type\":\"ListItem\",\"position\":3,\"name\":\"G\u00f6ttlicher Plan Meisterklassen\",\"item\":\"https:\\\/\\\/lightflow.info\\\/de\\\/kategorie\\\/goettlicher-plan-meisterklassen\\\/\"},{\"@type\":\"ListItem\",\"position\":4,\"name\":\"Meistertechniken f\u00fcr Lichtarbeiter\",\"item\":\"https:\\\/\\\/lightflow.info\\\/de\\\/kategorie\\\/goettlicher-plan-meisterklassen\\\/meistertechniken-fuer-lichtarbeiter\\\/\"},{\"@type\":\"ListItem\",\"position\":5,\"name\":\"Superflow\",\"item\":\"https:\\\/\\\/lightflow.info\\\/de\\\/kategorie\\\/goettlicher-plan-meisterklassen\\\/meistertechniken-fuer-lichtarbeiter\\\/superflow\\\/\"},{\"@type\":\"ListItem\",\"position\":6,\"name\":\"Teil 1: Der n\u00e4chste Energiezustand f\u00fcr aufgeschlossene Lichtarbeiter\"}]},{\"@type\":\"WebSite\",\"@id\":\"https:\\\/\\\/lightflow.info\\\/de\\\/#website\",\"url\":\"https:\\\/\\\/lightflow.info\\\/de\\\/\",\"name\":\"Lightflow Academy by Cecilia Sifontes\",\"description\":\"Awakening Lightworkers and Masters\",\"alternateName\":\"Lightflow\",\"potentialAction\":[{\"@type\":\"SearchAction\",\"target\":{\"@type\":\"EntryPoint\",\"urlTemplate\":\"https:\\\/\\\/lightflow.info\\\/de\\\/?s={search_term_string}\"},\"query-input\":{\"@type\":\"PropertyValueSpecification\",\"valueRequired\":true,\"valueName\":\"search_term_string\"}}],\"inLanguage\":\"de\"}]}<\/script>\n<!-- \/ Yoast SEO plugin. -->","yoast_head_json":{"title":"Teil 1: Der n\u00e4chste Energiezustand f\u00fcr aufgeschlossene Lichtarbeiter &#8902; Lightflow Academy by Cecilia Sifontes","robots":{"index":"index","follow":"follow","max-snippet":"max-snippet:-1","max-image-preview":"max-image-preview:large","max-video-preview":"max-video-preview:-1"},"canonical":"https:\/\/lightflow.info\/de\/produkt\/superflow-1-der-naechste-energiezustand-fuer-aufgeschlossene-lichtarbeiter\/","og_locale":"de_DE","og_type":"article","og_title":"Teil 1: Der n\u00e4chste Energiezustand f\u00fcr aufgeschlossene Lichtarbeiter &#8902; Lightflow Academy by Cecilia Sifontes","og_description":"Superflow ist ein neuer Seinszustand, ein neuer Zustand an Meisterschaft aus der Zukunft, der bisher noch nicht auf der Erde pr\u00e4sent war. Er ist tats\u00e4chlich eine Aufgradierung und Einbeziehung von mehr der Wirklichkeit, was die Spielregeln ver\u00e4ndert und die Dinge vereinfacht. Er bringt dir die Kraft, neue Formen zu w\u00e4hlen oder Dinge aus der Form zu bringen. Es handelt sich um eine tiefere Hingabe, wobei die Quelle direkt durch dich arbeiten wird.","og_url":"https:\/\/lightflow.info\/de\/produkt\/superflow-1-der-naechste-energiezustand-fuer-aufgeschlossene-lichtarbeiter\/","og_site_name":"Lightflow Academy by Cecilia Sifontes","article_modified_time":"2026-01-22T20:36:15+00:00","og_image":[{"width":800,"height":800,"url":"https:\/\/lightflow.info\/wp-content\/uploads\/C5-SC2-P2-G_SIF66G-Superflow-1-GER.webp","type":"image\/webp"}],"twitter_card":"summary_large_image","twitter_misc":{"Gesch\u00e4tzte Lesezeit":"3\u00a0Minuten"},"schema":{"@context":"https:\/\/schema.org","@graph":[{"@type":"WebPage","@id":"https:\/\/lightflow.info\/de\/produkt\/superflow-1-der-naechste-energiezustand-fuer-aufgeschlossene-lichtarbeiter\/","url":"https:\/\/lightflow.info\/de\/produkt\/superflow-1-der-naechste-energiezustand-fuer-aufgeschlossene-lichtarbeiter\/","name":"Teil 1: Der n\u00e4chste Energiezustand f\u00fcr aufgeschlossene Lichtarbeiter &#8902; Lightflow Academy by Cecilia Sifontes","isPartOf":{"@id":"https:\/\/lightflow.info\/de\/#website"},"primaryImageOfPage":{"@id":"https:\/\/lightflow.info\/de\/produkt\/superflow-1-der-naechste-energiezustand-fuer-aufgeschlossene-lichtarbeiter\/#primaryimage"},"image":{"@id":"https:\/\/lightflow.info\/de\/produkt\/superflow-1-der-naechste-energiezustand-fuer-aufgeschlossene-lichtarbeiter\/#primaryimage"},"thumbnailUrl":"https:\/\/lightflow.info\/wp-content\/uploads\/C5-SC2-P2-G_SIF66G-Superflow-1-GER.webp","datePublished":"2025-12-09T21:01:58+00:00","dateModified":"2026-01-22T20:36:15+00:00","breadcrumb":{"@id":"https:\/\/lightflow.info\/de\/produkt\/superflow-1-der-naechste-energiezustand-fuer-aufgeschlossene-lichtarbeiter\/#breadcrumb"},"inLanguage":"de","potentialAction":[{"@type":"ReadAction","target":["https:\/\/lightflow.info\/de\/produkt\/superflow-1-der-naechste-energiezustand-fuer-aufgeschlossene-lichtarbeiter\/"]}]},{"@type":"ImageObject","inLanguage":"de","@id":"https:\/\/lightflow.info\/de\/produkt\/superflow-1-der-naechste-energiezustand-fuer-aufgeschlossene-lichtarbeiter\/#primaryimage","url":"https:\/\/lightflow.info\/wp-content\/uploads\/C5-SC2-P2-G_SIF66G-Superflow-1-GER.webp","contentUrl":"https:\/\/lightflow.info\/wp-content\/uploads\/C5-SC2-P2-G_SIF66G-Superflow-1-GER.webp","width":800,"height":800},{"@type":"BreadcrumbList","@id":"https:\/\/lightflow.info\/de\/produkt\/superflow-1-der-naechste-energiezustand-fuer-aufgeschlossene-lichtarbeiter\/#breadcrumb","itemListElement":[{"@type":"ListItem","position":1,"name":"Home","item":"https:\/\/lightflow.info\/de\/"},{"@type":"ListItem","position":2,"name":"Shop","item":"https:\/\/lightflow.info\/de\/shop\/"},{"@type":"ListItem","position":3,"name":"G\u00f6ttlicher Plan Meisterklassen","item":"https:\/\/lightflow.info\/de\/kategorie\/goettlicher-plan-meisterklassen\/"},{"@type":"ListItem","position":4,"name":"Meistertechniken f\u00fcr Lichtarbeiter","item":"https:\/\/lightflow.info\/de\/kategorie\/goettlicher-plan-meisterklassen\/meistertechniken-fuer-lichtarbeiter\/"},{"@type":"ListItem","position":5,"name":"Superflow","item":"https:\/\/lightflow.info\/de\/kategorie\/goettlicher-plan-meisterklassen\/meistertechniken-fuer-lichtarbeiter\/superflow\/"},{"@type":"ListItem","position":6,"name":"Teil 1: Der n\u00e4chste Energiezustand f\u00fcr aufgeschlossene Lichtarbeiter"}]},{"@type":"WebSite","@id":"https:\/\/lightflow.info\/de\/#website","url":"https:\/\/lightflow.info\/de\/","name":"Lightflow Academy by Cecilia Sifontes","description":"Awakening Lightworkers and Masters","alternateName":"Lightflow","potentialAction":[{"@type":"SearchAction","target":{"@type":"EntryPoint","urlTemplate":"https:\/\/lightflow.info\/de\/?s={search_term_string}"},"query-input":{"@type":"PropertyValueSpecification","valueRequired":true,"valueName":"search_term_string"}}],"inLanguage":"de"}]}},"_links":{"self":[{"href":"https:\/\/lightflow.info\/de\/wp-json\/wp\/v2\/product\/27023","targetHints":{"allow":["GET"]}}],"collection":[{"href":"https:\/\/lightflow.info\/de\/wp-json\/wp\/v2\/product"}],"about":[{"href":"https:\/\/lightflow.info\/de\/wp-json\/wp\/v2\/types\/product"}],"version-history":[{"count":0,"href":"https:\/\/lightflow.info\/de\/wp-json\/wp\/v2\/product\/27023\/revisions"}],"wp:featuredmedia":[{"embeddable":true,"href":"https:\/\/lightflow.info\/de\/wp-json\/wp\/v2\/media\/35870"}],"wp:attachment":[{"href":"https:\/\/lightflow.info\/de\/wp-json\/wp\/v2\/media?parent=27023"}],"wp:term":[{"taxonomy":"product_brand","embeddable":true,"href":"https:\/\/lightflow.info\/de\/wp-json\/wp\/v2\/product_brand?post=27023"},{"taxonomy":"product_cat","embeddable":true,"href":"https:\/\/lightflow.info\/de\/wp-json\/wp\/v2\/product_cat?post=27023"},{"taxonomy":"product_tag","embeddable":true,"href":"https:\/\/lightflow.info\/de\/wp-json\/wp\/v2\/product_tag?post=27023"}],"curies":[{"name":"wp","href":"https:\/\/api.w.org\/{rel}","templated":true}]}}