{"id":27027,"date":"2025-12-09T22:03:58","date_gmt":"2025-12-09T21:03:58","guid":{"rendered":"https:\/\/lightflow.info\/?post_type=product&#038;p=27027"},"modified":"2026-01-22T21:51:38","modified_gmt":"2026-01-22T20:51:38","slug":"teil-3-superflow","status":"publish","type":"product","link":"https:\/\/lightflow.info\/de\/produkt\/teil-3-superflow\/","title":{"rendered":"Teil 3: Superflow"},"content":{"rendered":"<p><strong>Welche Schl\u00fcsselerlebnisse kannst du erwarten?<\/strong><\/p>\n<p>\u2022 Erh\u00f6hter Fluss im Leben<br \/>\n\u2022 Vorbereitung auf h\u00f6here Niveaus des Flusses<br \/>\n\u2022 Lade Dinge und Situationen ein, die du erleben m\u00f6chtest<br \/>\n\u2022 Bereite das Selbst auf zuk\u00fcnftige Energiearbeit &amp; hochfrequente R\u00e4ume vor<br \/>\n\u2022 W\u00e4hle die h\u00f6chstm\u00f6gliche Erfahrung aus dem kollektiven Mind<br \/>\n\u2022 H\u00f6here Erfahrungen durch die Struktur des hellen, evolution\u00e4ren Bewusstseins magnetisieren<br \/>\n\u2022 Dem menschlichen Kollektiv &amp; den Lichtbibliotheken Superflow bringen<br \/>\n\u2022 Nicht mehr ben\u00f6tigte Erinnerungen gehen lassen und Superflow in die \u201dLichtbibliothekszentren\u201d in deinem K\u00f6rper bringen<br \/>\n\u2022 Superflow in die Kode bringen, die von Lissos freigesetzt werden<br \/>\n\u2022 Einen Raum f\u00fcr das erschaffen, was du erhalten m\u00f6chtest &amp; ein neues Kapitel in deinem Leben \u00f6ffnen<br \/>\n\u2022 Beschleunige deine Entwicklung, indem du Superflow im K\u00f6rper empf\u00e4ngst<br \/>\n\u2022 Co-erschaffe gemeinsam mit dem Geist, um deine Ziele mit Superflow zu manifestieren<br \/>\n\u2022 Das Netz des Superflow manifestieren<br \/>\n\u2022 Forme eine neue Schicht um das Erdgitternetz und bereite es auf seine n\u00e4chste Entwicklungsebene vor<\/p>\n<p><strong>Dieser Kurs beinhaltet 15 gef\u00fchrte Meditation auf Englisch mit konsekutiver deutscher \u00dcbersetzung. Enthaltene Meditationen:<\/strong><\/p>\n<p>01 Den Fluss erh\u00f6hen<br \/>\n02 Dich f\u00fcr einen gr\u00f6sseren Fluss vorbereiten<br \/>\n03 Die Erfahrungen einladen die du in deinem Leben erfahren m\u00f6chtest<br \/>\n04 F\u00fcr zuk\u00fcnftige Energiearbeit und hoch frequente R\u00e4ume vorbereitet werden<br \/>\n05 Die Struktur des evolution\u00e4ren Bewusstseins aufbauen<br \/>\n06 Die h\u00f6chste Erfahrung vom kollektiven Mind w\u00e4hlen<br \/>\n07 Mit der Struktur des hellen evolution\u00e4ren Bewusstseins h\u00f6here Erfahrungen magnetisieren<br \/>\n08 Superflow f\u00fcr das Kollektiv der Menschheit und die Lichtbibliotheken<br \/>\n09 Nicht l\u00e4nger ben\u00f6tigte Erinnerungen loslassen und Superflow den Lichtbibliotheks Zentren in dir hinzuf\u00fcgen<br \/>\n10 in die von Lissos freigesetzten Kode bringen<br \/>\n11 \u00d6ffne dich um zu erhalten was du m\u00f6chtest und ein neues Kapitel in deinem Leben \u00f6ffnen<br \/>\n12 Deine Evolution beschleunigen indem du Superflow in deinen K\u00f6rper erh\u00e4lst<br \/>\n13 Mit Spirit zusammenarbeiten um deine Ziele f\u00fcr Superflow zu manifestieren<br \/>\n14 Das Netz von Superflow manifestieren<br \/>\n15 Eine neue Schicht f\u00fcr die n\u00e4chste Ebene der Erd- und Menschheitsevolution \u00fcber dem Erdgitternetz formen<\/p>\n","protected":false},"excerpt":{"rendered":"<p><span style=\"color: #cc9933;\"><em>\u201c\u2026 von jetzt an siehst du M\u00f6glichkeiten, du siehst Potential, du siehst Licht oder Bedarf an Licht, Liebe oder Bedarf an Liebe, du siehst F\u00fclle und die unendliche Menge an M\u00f6glichkeiten, wie sich F\u00fclle in deinem und dem Leben der Menschheit manifestieren kann. Denn du und die Menschheit haben grenzenloses Potential. &#8222;<\/em><\/span><\/p>\n","protected":false},"featured_media":35869,"template":"","meta":{"_acf_changed":false,"ocean_post_layout":"","ocean_both_sidebars_style":"","ocean_both_sidebars_content_width":0,"ocean_both_sidebars_sidebars_width":0,"ocean_sidebar":"0","ocean_second_sidebar":"0","ocean_disable_margins":"enable","ocean_add_body_class":"","ocean_shortcode_before_top_bar":"","ocean_shortcode_after_top_bar":"","ocean_shortcode_before_header":"","ocean_shortcode_after_header":"","ocean_has_shortcode":"","ocean_shortcode_after_title":"","ocean_shortcode_before_footer_widgets":"","ocean_shortcode_after_footer_widgets":"","ocean_shortcode_before_footer_bottom":"","ocean_shortcode_after_footer_bottom":"","ocean_display_top_bar":"default","ocean_display_header":"default","ocean_header_style":"","ocean_center_header_left_menu":"0","ocean_custom_header_template":"0","ocean_custom_logo":0,"ocean_custom_retina_logo":0,"ocean_custom_logo_max_width":0,"ocean_custom_logo_tablet_max_width":0,"ocean_custom_logo_mobile_max_width":0,"ocean_custom_logo_max_height":0,"ocean_custom_logo_tablet_max_height":0,"ocean_custom_logo_mobile_max_height":0,"ocean_header_custom_menu":"0","ocean_menu_typo_font_family":"0","ocean_menu_typo_font_subset":"","ocean_menu_typo_font_size":0,"ocean_menu_typo_font_size_tablet":0,"ocean_menu_typo_font_size_mobile":0,"ocean_menu_typo_font_size_unit":"px","ocean_menu_typo_font_weight":"","ocean_menu_typo_font_weight_tablet":"","ocean_menu_typo_font_weight_mobile":"","ocean_menu_typo_transform":"","ocean_menu_typo_transform_tablet":"","ocean_menu_typo_transform_mobile":"","ocean_menu_typo_line_height":0,"ocean_menu_typo_line_height_tablet":0,"ocean_menu_typo_line_height_mobile":0,"ocean_menu_typo_line_height_unit":"","ocean_menu_typo_spacing":0,"ocean_menu_typo_spacing_tablet":0,"ocean_menu_typo_spacing_mobile":0,"ocean_menu_typo_spacing_unit":"","ocean_menu_link_color":"","ocean_menu_link_color_hover":"","ocean_menu_link_color_active":"","ocean_menu_link_background":"","ocean_menu_link_hover_background":"","ocean_menu_link_active_background":"","ocean_menu_social_links_bg":"","ocean_menu_social_hover_links_bg":"","ocean_menu_social_links_color":"","ocean_menu_social_hover_links_color":"","ocean_disable_title":"default","ocean_disable_heading":"default","ocean_post_title":"","ocean_post_subheading":"","ocean_post_title_style":"","ocean_post_title_background_color":"","ocean_post_title_background":0,"ocean_post_title_bg_image_position":"","ocean_post_title_bg_image_attachment":"","ocean_post_title_bg_image_repeat":"","ocean_post_title_bg_image_size":"","ocean_post_title_height":0,"ocean_post_title_bg_overlay":0.5,"ocean_post_title_bg_overlay_color":"","ocean_disable_breadcrumbs":"default","ocean_breadcrumbs_color":"","ocean_breadcrumbs_separator_color":"","ocean_breadcrumbs_links_color":"","ocean_breadcrumbs_links_hover_color":"","ocean_display_footer_widgets":"default","ocean_display_footer_bottom":"default","ocean_custom_footer_template":"0"},"product_brand":[],"product_cat":[101],"product_tag":[],"class_list":{"0":"post-27027","1":"product","2":"type-product","3":"status-publish","4":"has-post-thumbnail","6":"product_cat-superflow","8":"entry","9":"has-media","11":"first","12":"instock","13":"downloadable","14":"virtual","15":"purchasable","16":"product-type-simple","17":"col","18":"span_1_of_3","19":"owp-content-center","20":"item-entry","21":"owp-thumbs-layout-horizontal","22":"owp-btn-normal","23":"owp-tabs-layout-section","24":"has-no-thumbnails","25":"circle-sale"},"acf":[],"yoast_head":"<!-- This site is optimized with the Yoast SEO plugin v27.5 - https:\/\/yoast.com\/product\/yoast-seo-wordpress\/ -->\n<title>Teil 3: Superflow &#8902; Lightflow Academy by Cecilia Sifontes<\/title>\n<meta name=\"robots\" content=\"index, follow, max-snippet:-1, max-image-preview:large, max-video-preview:-1\" \/>\n<link rel=\"canonical\" href=\"https:\/\/lightflow.info\/de\/produkt\/teil-3-superflow\/\" \/>\n<meta property=\"og:locale\" content=\"de_DE\" \/>\n<meta property=\"og:type\" content=\"article\" \/>\n<meta property=\"og:title\" content=\"Teil 3: Superflow &#8902; Lightflow Academy by Cecilia Sifontes\" \/>\n<meta property=\"og:description\" content=\"\u201c\u2026 von jetzt an siehst du M\u00f6glichkeiten, du siehst Potential, du siehst Licht oder Bedarf an Licht, Liebe oder Bedarf an Liebe, du siehst F\u00fclle und die unendliche Menge an M\u00f6glichkeiten, wie sich F\u00fclle in deinem und dem Leben der Menschheit manifestieren kann. Denn du und die Menschheit haben grenzenloses Potential. &quot;\" \/>\n<meta property=\"og:url\" content=\"https:\/\/lightflow.info\/de\/produkt\/teil-3-superflow\/\" \/>\n<meta property=\"og:site_name\" content=\"Lightflow Academy by Cecilia Sifontes\" \/>\n<meta property=\"article:modified_time\" content=\"2026-01-22T20:51:38+00:00\" \/>\n<meta property=\"og:image\" content=\"https:\/\/lightflow.info\/wp-content\/uploads\/C5-SC2-P1-G_SIF1008G-Superflow-3-GER.webp\" \/>\n\t<meta property=\"og:image:width\" content=\"800\" \/>\n\t<meta property=\"og:image:height\" content=\"800\" \/>\n\t<meta property=\"og:image:type\" content=\"image\/webp\" \/>\n<meta name=\"twitter:card\" content=\"summary_large_image\" \/>\n<meta name=\"twitter:label1\" content=\"Gesch\u00e4tzte Lesezeit\" \/>\n\t<meta name=\"twitter:data1\" content=\"2\u00a0Minuten\" \/>\n<script type=\"application\/ld+json\" class=\"yoast-schema-graph\">{\"@context\":\"https:\\\/\\\/schema.org\",\"@graph\":[{\"@type\":\"WebPage\",\"@id\":\"https:\\\/\\\/lightflow.info\\\/de\\\/produkt\\\/teil-3-superflow\\\/\",\"url\":\"https:\\\/\\\/lightflow.info\\\/de\\\/produkt\\\/teil-3-superflow\\\/\",\"name\":\"Teil 3: Superflow &#8902; Lightflow Academy by Cecilia Sifontes\",\"isPartOf\":{\"@id\":\"https:\\\/\\\/lightflow.info\\\/de\\\/#website\"},\"primaryImageOfPage\":{\"@id\":\"https:\\\/\\\/lightflow.info\\\/de\\\/produkt\\\/teil-3-superflow\\\/#primaryimage\"},\"image\":{\"@id\":\"https:\\\/\\\/lightflow.info\\\/de\\\/produkt\\\/teil-3-superflow\\\/#primaryimage\"},\"thumbnailUrl\":\"https:\\\/\\\/lightflow.info\\\/wp-content\\\/uploads\\\/C5-SC2-P1-G_SIF1008G-Superflow-3-GER.webp\",\"datePublished\":\"2025-12-09T21:03:58+00:00\",\"dateModified\":\"2026-01-22T20:51:38+00:00\",\"breadcrumb\":{\"@id\":\"https:\\\/\\\/lightflow.info\\\/de\\\/produkt\\\/teil-3-superflow\\\/#breadcrumb\"},\"inLanguage\":\"de\",\"potentialAction\":[{\"@type\":\"ReadAction\",\"target\":[\"https:\\\/\\\/lightflow.info\\\/de\\\/produkt\\\/teil-3-superflow\\\/\"]}]},{\"@type\":\"ImageObject\",\"inLanguage\":\"de\",\"@id\":\"https:\\\/\\\/lightflow.info\\\/de\\\/produkt\\\/teil-3-superflow\\\/#primaryimage\",\"url\":\"https:\\\/\\\/lightflow.info\\\/wp-content\\\/uploads\\\/C5-SC2-P1-G_SIF1008G-Superflow-3-GER.webp\",\"contentUrl\":\"https:\\\/\\\/lightflow.info\\\/wp-content\\\/uploads\\\/C5-SC2-P1-G_SIF1008G-Superflow-3-GER.webp\",\"width\":800,\"height\":800},{\"@type\":\"BreadcrumbList\",\"@id\":\"https:\\\/\\\/lightflow.info\\\/de\\\/produkt\\\/teil-3-superflow\\\/#breadcrumb\",\"itemListElement\":[{\"@type\":\"ListItem\",\"position\":1,\"name\":\"Home\",\"item\":\"https:\\\/\\\/lightflow.info\\\/de\\\/\"},{\"@type\":\"ListItem\",\"position\":2,\"name\":\"Shop\",\"item\":\"https:\\\/\\\/lightflow.info\\\/de\\\/shop\\\/\"},{\"@type\":\"ListItem\",\"position\":3,\"name\":\"G\u00f6ttlicher Plan Meisterklassen\",\"item\":\"https:\\\/\\\/lightflow.info\\\/de\\\/kategorie\\\/goettlicher-plan-meisterklassen\\\/\"},{\"@type\":\"ListItem\",\"position\":4,\"name\":\"Meistertechniken f\u00fcr Lichtarbeiter\",\"item\":\"https:\\\/\\\/lightflow.info\\\/de\\\/kategorie\\\/goettlicher-plan-meisterklassen\\\/meistertechniken-fuer-lichtarbeiter\\\/\"},{\"@type\":\"ListItem\",\"position\":5,\"name\":\"Superflow\",\"item\":\"https:\\\/\\\/lightflow.info\\\/de\\\/kategorie\\\/goettlicher-plan-meisterklassen\\\/meistertechniken-fuer-lichtarbeiter\\\/superflow\\\/\"},{\"@type\":\"ListItem\",\"position\":6,\"name\":\"Teil 3: Superflow\"}]},{\"@type\":\"WebSite\",\"@id\":\"https:\\\/\\\/lightflow.info\\\/de\\\/#website\",\"url\":\"https:\\\/\\\/lightflow.info\\\/de\\\/\",\"name\":\"Lightflow Academy by Cecilia Sifontes\",\"description\":\"Awakening Lightworkers and Masters\",\"alternateName\":\"Lightflow\",\"potentialAction\":[{\"@type\":\"SearchAction\",\"target\":{\"@type\":\"EntryPoint\",\"urlTemplate\":\"https:\\\/\\\/lightflow.info\\\/de\\\/?s={search_term_string}\"},\"query-input\":{\"@type\":\"PropertyValueSpecification\",\"valueRequired\":true,\"valueName\":\"search_term_string\"}}],\"inLanguage\":\"de\"}]}<\/script>\n<!-- \/ Yoast SEO plugin. -->","yoast_head_json":{"title":"Teil 3: Superflow &#8902; Lightflow Academy by Cecilia Sifontes","robots":{"index":"index","follow":"follow","max-snippet":"max-snippet:-1","max-image-preview":"max-image-preview:large","max-video-preview":"max-video-preview:-1"},"canonical":"https:\/\/lightflow.info\/de\/produkt\/teil-3-superflow\/","og_locale":"de_DE","og_type":"article","og_title":"Teil 3: Superflow &#8902; Lightflow Academy by Cecilia Sifontes","og_description":"\u201c\u2026 von jetzt an siehst du M\u00f6glichkeiten, du siehst Potential, du siehst Licht oder Bedarf an Licht, Liebe oder Bedarf an Liebe, du siehst F\u00fclle und die unendliche Menge an M\u00f6glichkeiten, wie sich F\u00fclle in deinem und dem Leben der Menschheit manifestieren kann. Denn du und die Menschheit haben grenzenloses Potential. \"","og_url":"https:\/\/lightflow.info\/de\/produkt\/teil-3-superflow\/","og_site_name":"Lightflow Academy by Cecilia Sifontes","article_modified_time":"2026-01-22T20:51:38+00:00","og_image":[{"width":800,"height":800,"url":"https:\/\/lightflow.info\/wp-content\/uploads\/C5-SC2-P1-G_SIF1008G-Superflow-3-GER.webp","type":"image\/webp"}],"twitter_card":"summary_large_image","twitter_misc":{"Gesch\u00e4tzte Lesezeit":"2\u00a0Minuten"},"schema":{"@context":"https:\/\/schema.org","@graph":[{"@type":"WebPage","@id":"https:\/\/lightflow.info\/de\/produkt\/teil-3-superflow\/","url":"https:\/\/lightflow.info\/de\/produkt\/teil-3-superflow\/","name":"Teil 3: Superflow &#8902; Lightflow Academy by Cecilia Sifontes","isPartOf":{"@id":"https:\/\/lightflow.info\/de\/#website"},"primaryImageOfPage":{"@id":"https:\/\/lightflow.info\/de\/produkt\/teil-3-superflow\/#primaryimage"},"image":{"@id":"https:\/\/lightflow.info\/de\/produkt\/teil-3-superflow\/#primaryimage"},"thumbnailUrl":"https:\/\/lightflow.info\/wp-content\/uploads\/C5-SC2-P1-G_SIF1008G-Superflow-3-GER.webp","datePublished":"2025-12-09T21:03:58+00:00","dateModified":"2026-01-22T20:51:38+00:00","breadcrumb":{"@id":"https:\/\/lightflow.info\/de\/produkt\/teil-3-superflow\/#breadcrumb"},"inLanguage":"de","potentialAction":[{"@type":"ReadAction","target":["https:\/\/lightflow.info\/de\/produkt\/teil-3-superflow\/"]}]},{"@type":"ImageObject","inLanguage":"de","@id":"https:\/\/lightflow.info\/de\/produkt\/teil-3-superflow\/#primaryimage","url":"https:\/\/lightflow.info\/wp-content\/uploads\/C5-SC2-P1-G_SIF1008G-Superflow-3-GER.webp","contentUrl":"https:\/\/lightflow.info\/wp-content\/uploads\/C5-SC2-P1-G_SIF1008G-Superflow-3-GER.webp","width":800,"height":800},{"@type":"BreadcrumbList","@id":"https:\/\/lightflow.info\/de\/produkt\/teil-3-superflow\/#breadcrumb","itemListElement":[{"@type":"ListItem","position":1,"name":"Home","item":"https:\/\/lightflow.info\/de\/"},{"@type":"ListItem","position":2,"name":"Shop","item":"https:\/\/lightflow.info\/de\/shop\/"},{"@type":"ListItem","position":3,"name":"G\u00f6ttlicher Plan Meisterklassen","item":"https:\/\/lightflow.info\/de\/kategorie\/goettlicher-plan-meisterklassen\/"},{"@type":"ListItem","position":4,"name":"Meistertechniken f\u00fcr Lichtarbeiter","item":"https:\/\/lightflow.info\/de\/kategorie\/goettlicher-plan-meisterklassen\/meistertechniken-fuer-lichtarbeiter\/"},{"@type":"ListItem","position":5,"name":"Superflow","item":"https:\/\/lightflow.info\/de\/kategorie\/goettlicher-plan-meisterklassen\/meistertechniken-fuer-lichtarbeiter\/superflow\/"},{"@type":"ListItem","position":6,"name":"Teil 3: Superflow"}]},{"@type":"WebSite","@id":"https:\/\/lightflow.info\/de\/#website","url":"https:\/\/lightflow.info\/de\/","name":"Lightflow Academy by Cecilia Sifontes","description":"Awakening Lightworkers and Masters","alternateName":"Lightflow","potentialAction":[{"@type":"SearchAction","target":{"@type":"EntryPoint","urlTemplate":"https:\/\/lightflow.info\/de\/?s={search_term_string}"},"query-input":{"@type":"PropertyValueSpecification","valueRequired":true,"valueName":"search_term_string"}}],"inLanguage":"de"}]}},"_links":{"self":[{"href":"https:\/\/lightflow.info\/de\/wp-json\/wp\/v2\/product\/27027","targetHints":{"allow":["GET"]}}],"collection":[{"href":"https:\/\/lightflow.info\/de\/wp-json\/wp\/v2\/product"}],"about":[{"href":"https:\/\/lightflow.info\/de\/wp-json\/wp\/v2\/types\/product"}],"version-history":[{"count":0,"href":"https:\/\/lightflow.info\/de\/wp-json\/wp\/v2\/product\/27027\/revisions"}],"wp:featuredmedia":[{"embeddable":true,"href":"https:\/\/lightflow.info\/de\/wp-json\/wp\/v2\/media\/35869"}],"wp:attachment":[{"href":"https:\/\/lightflow.info\/de\/wp-json\/wp\/v2\/media?parent=27027"}],"wp:term":[{"taxonomy":"product_brand","embeddable":true,"href":"https:\/\/lightflow.info\/de\/wp-json\/wp\/v2\/product_brand?post=27027"},{"taxonomy":"product_cat","embeddable":true,"href":"https:\/\/lightflow.info\/de\/wp-json\/wp\/v2\/product_cat?post=27027"},{"taxonomy":"product_tag","embeddable":true,"href":"https:\/\/lightflow.info\/de\/wp-json\/wp\/v2\/product_tag?post=27027"}],"curies":[{"name":"wp","href":"https:\/\/api.w.org\/{rel}","templated":true}]}}