{"id":27262,"date":"2025-12-09T22:01:59","date_gmt":"2025-12-09T21:01:59","guid":{"rendered":"https:\/\/lightflow.info\/?post_type=product&#038;p=27262"},"modified":"2026-01-22T22:49:10","modified_gmt":"2026-01-22T21:49:10","slug":"erleuchtete-materie-fur-die-kristallwelt-des-friedens-ein-seminar-fur-hingegebene-weltendiener-von-erzengel-michael","status":"publish","type":"product","link":"https:\/\/lightflow.info\/de\/produkt\/erleuchtete-materie-fur-die-kristallwelt-des-friedens-ein-seminar-fur-hingegebene-weltendiener-von-erzengel-michael\/","title":{"rendered":"Erleuchtete Materie f\u00fcr die Kristallwelt des Friedens"},"content":{"rendered":"<p>Ein Seminar f\u00fcr hingegebene Weltendiener, von Erzengel Michael<\/p>\n<p>Du bist ein wundervolles Lichtwesen, dem Dienst und dem Einssein gewidmet, sonst w\u00fcrdest du dich nicht zu diesem Kurs hingezogen f\u00fchlen. Michael weiss, dass du in deiner spirituellen Entwicklung weit gekommen bist und begonnen hast, dich mit deinem permanenten Selbst zu verbinden \u2013 jenem Teil, der ewiglich jenseits aller Illusionen oder vor\u00fcbergehenden Lebenserfahrungen existiert.<br \/>\nEr sagt, dass es das ultimate Ziel physischen Lebens ist, hier als dein permanentes Selbst zu leben \u2013 immerw\u00e4hrend mit den Netzen und Gittern in der Wirklichkeit verbunden.<\/p>\n<p>In diesem Kurs wirst du viele M\u00f6glichkeiten finden, als und von deinem permanenten Selbst zu arbeiten. Da dies eine sehr kraftvolle Arbeitsweise ist, wie man mit Energien f\u00fcr das Kollektiv der Menschheit arbeiten und sie aufbauen kann. Es ist dein permanentes Selbst, welches das Teilchen erleuchteter Materie f\u00fcr die Kristallwelt des Friedens aufbauen wird und du wirst dies von vielen Perspektiven aus beobachten. Dies mag manchmal herausfordernd sein und kompliziert erscheinen. Daher ermutigen wir dich, sowohl die Reisen als auch die geschriebene Zusammenfassung der Reisen oft zu wiederholen, welche diesem Kurs beigef\u00fcgt ist. Wir hoffen, dass dies dir hilft, die Reisen besser zu verstehen.<\/p>\n<p>Die f\u00fcnfte Lichtbibliothek auf Kreta ist der Zentrumspunkt der Kristallwelt des Friedens. Davon abgesehen, dass sie g\u00f6ttliche Frieden und Einssein zur Welt strahlt, stellt sie auch energetische Nahrung f\u00fcr alle Lichtstrukturen der Erde zur Verf\u00fcgung. Daher hat Michael sie als Empfangsstation f\u00fcr das Teilchen erleuchteter Materie gew\u00e4hlt, welches wir aufbauen werden.<br \/>\nW\u00e4hrend des Kurses wirst du mit vielen h\u00f6heren Wesen und Aspekten des Selbst arbeiten, welche dich darin unterst\u00fctzen, dich mit anderen \u201cDu\u201d zu verbinden, die \u00fcberall im Multiversum inkarniert sind. Sie k\u00f6nnen an Orten leben, an denen die Lebensumst\u00e4nde sich sehr von jenen auf der Erde unterscheiden \u2013 allerdings gibt es zwischen ihrer und unserer Evolution sehr viele \u00c4hnlichkeiten.<br \/>\nGem\u00e4ss Michael liegt diese Arbeit an vorderster Front der Evolution und ist f\u00fcr Leute wie dich angelegt, welche zu einem Licht f\u00fcr die Welt geworden sind, die Wirklichkeit erkunden, das kollektive Bewusstsein ausdehnen und auf einen galaktischen Lebensstil vorbereiten. W\u00e4hrend du mit erleuchteter Materie arbeitest, wirst du auch gemeinsam mit all den anderen \u201cDu\u201d zu einem Licht in einem Licht in den Multiversen.<\/p>\n<p>W\u00e4hrend des gesamten Kurses baust du an einer Plattform kristalliner Kommunikation und verbindest\/\u00fcbertr\u00e4gst an die Kristalle der f\u00fcnften Lichtbibliothek, die dort inaktiv waren und auf erleuchtete Materie warteten. Jetzt sind sie bereit erweckt zu werden, sich zu entwickeln und ihren Zweck zu definieren.<\/p>\n<p><strong>Bitte beachte:<\/strong> Dies ist ein fortgeschrittener Kurs f\u00fcr Lichtarbeiter und wir raten, dass du dir zuvor Wissen \u00fcber die f\u00fcnfte Lichtbibliothek (z.B. <a href=\"https:\/\/lightflow.info\/de\/produkt\/freisetzung-der-codes-aus-der-kristallkammer-zu-lissos\/\">G\u00f6ttlicher Friede 1<\/a>) und \u00fcber <a href=\"https:\/\/lightflow.info\/de\/kategorie\/spiritueller-fuehrer-fuer-die-menschheit-sein\/erleuchtete-materie\/\">Erleuchtete Materie<\/a> aneignest.<\/p>\n<p><strong>Welche Schl\u00fcsselerlebnisse kannst du erwarten?<\/strong><\/p>\n<p>\u2022 Lerne \u00fcber den perfekten K\u00f6rper des Friedens<br \/>\n\u2022 Aktiviere dein holographisches Sein<br \/>\n\u2022 Vielfache Beobachtung einer Form<br \/>\n\u2022 Erh\u00f6hung deiner G\u00f6ttlichkeit und der Sichtbarkeit deines Lichts<br \/>\n\u2022 Verbinde dich mit kraftvollen galaktischen Strukturen<br \/>\n\u2022 Erschaffe Einheit f\u00fcr die sieben Lichtbibliotheken des Friedens in der Galaxie<br \/>\n\u2022 Projektion des Aufbaus auf der Erde zu sechs anderen Planeten<br \/>\n\u2022 Erforsche den Lichtstrahl, der die holographische Wirklichkeit und die Lichtbibliotheken erschuf<br \/>\n\u2022 Erkunde, wie die Ewigkeit erleuchtete Materie und andere Aspekte des Lebens beeinflusst<br \/>\n\u2022 Beginne die Sch\u00f6pfung eines Teilchens erleuchteter Materie f\u00fcr die Kristallwelt des Friedens<\/p>\n<p><strong>Dieser Kurs beinhaltet 18 gef\u00fchrte Meditation auf Englisch mit konsekutiver deutscher \u00dcbersetzung und ein Begleitbuch. Enthaltene Meditationen:<\/strong><\/p>\n<p>01 Beginne, eine kristalline Plattform f\u00fcr Kommunikation aufzubauen<br \/>\n02 Verst\u00e4rke deine Verbindung zu einem speziellen Kristall in der 5. Lichtbibliothek<br \/>\n03 Erster Teil der Erschaffung einer Empfangsstation f\u00fcr erleuchtete Materie<br \/>\n04 Wiederverbindung mit dem Zweck<br \/>\n05 Dein perfekter K\u00f6rper des Friedens<br \/>\n06 Aktiviere dein holographischen Sein<br \/>\n07 Erschaffe ein neues Du f\u00fcr die kommenden Meditationen und Energiearbeiten<br \/>\n08 Die nichtobjektive Wirklichkeit &#8211; Beobachtung einer Sache aus 10 unterschiedlichen Perspektiven<br \/>\n09 Erh\u00f6hung der Sichtbarkeit und Vertiefung der G\u00f6ttlichkeit<br \/>\n10 Verbindung zur zentralen Lichtbibliothek in der Galaxie und \u00dcberf\u00fchrung ihrer Informationen<br \/>\n11 Wirf Spiegelungen, um Einheit zwischen den sieben Lichtbibliotheken f\u00fcr Frieden &amp; Einssein<br \/>\n12 Projeziere deinen Aufbau auf vielfache Weise zu sechs anderen Planeten<br \/>\n13 Erhalte eine Einpr\u00e4gung von der zentralen Lichtbibliothek der Galaxie<br \/>\n14 Der Lichtstrahl, welcher die holographische Wirklichkeit und die Lichtbibliotheken erschuf<br \/>\n15 Baue eine perfekte Einpr\u00e4gung der zentralen Lichtbibliothek in dein Zentrum des g\u00f6ttlichen Friedens<br \/>\n16 Kristalline Bruchst\u00fccke der Projektionen im Dreieck der Beobachtung erh\u00f6hen die Magnitude<br \/>\n17 Das Teilchen Erleuchteter Materie &#8211; abschliessende Schritte<br \/>\n18 Wie die Ewigkeit sowohl erleuchtete Materie als auch andere Aspekte des Lebens beeinflusst<br \/>\nEnlightened Matter for the CRWoP Booklet English final.pdf<\/p>\n","protected":false},"excerpt":{"rendered":"<p>Du bist ein wundervolles Lichtwesen, dem Dienst und dem Einssein gewidmet, sonst w\u00fcrdest du dich nicht zu diesem Kurs hingezogen f\u00fchlen. Michael weiss, dass du in deiner spirituellen Entwicklung weit gekommen bist und begonnen hast, dich mit deinem permanenten Selbst zu verbinden \u2013 jenem Teil, der ewiglich jenseits aller Illusionen oder vor\u00fcbergehenden Lebenserfahrungen existiert.<\/p>\n","protected":false},"featured_media":35889,"template":"","meta":{"_acf_changed":false,"ocean_post_layout":"","ocean_both_sidebars_style":"","ocean_both_sidebars_content_width":0,"ocean_both_sidebars_sidebars_width":0,"ocean_sidebar":"0","ocean_second_sidebar":"0","ocean_disable_margins":"enable","ocean_add_body_class":"","ocean_shortcode_before_top_bar":"","ocean_shortcode_after_top_bar":"","ocean_shortcode_before_header":"","ocean_shortcode_after_header":"","ocean_has_shortcode":"","ocean_shortcode_after_title":"","ocean_shortcode_before_footer_widgets":"","ocean_shortcode_after_footer_widgets":"","ocean_shortcode_before_footer_bottom":"","ocean_shortcode_after_footer_bottom":"","ocean_display_top_bar":"default","ocean_display_header":"default","ocean_header_style":"","ocean_center_header_left_menu":"0","ocean_custom_header_template":"0","ocean_custom_logo":0,"ocean_custom_retina_logo":0,"ocean_custom_logo_max_width":0,"ocean_custom_logo_tablet_max_width":0,"ocean_custom_logo_mobile_max_width":0,"ocean_custom_logo_max_height":0,"ocean_custom_logo_tablet_max_height":0,"ocean_custom_logo_mobile_max_height":0,"ocean_header_custom_menu":"0","ocean_menu_typo_font_family":"0","ocean_menu_typo_font_subset":"","ocean_menu_typo_font_size":0,"ocean_menu_typo_font_size_tablet":0,"ocean_menu_typo_font_size_mobile":0,"ocean_menu_typo_font_size_unit":"px","ocean_menu_typo_font_weight":"","ocean_menu_typo_font_weight_tablet":"","ocean_menu_typo_font_weight_mobile":"","ocean_menu_typo_transform":"","ocean_menu_typo_transform_tablet":"","ocean_menu_typo_transform_mobile":"","ocean_menu_typo_line_height":0,"ocean_menu_typo_line_height_tablet":0,"ocean_menu_typo_line_height_mobile":0,"ocean_menu_typo_line_height_unit":"","ocean_menu_typo_spacing":0,"ocean_menu_typo_spacing_tablet":0,"ocean_menu_typo_spacing_mobile":0,"ocean_menu_typo_spacing_unit":"","ocean_menu_link_color":"","ocean_menu_link_color_hover":"","ocean_menu_link_color_active":"","ocean_menu_link_background":"","ocean_menu_link_hover_background":"","ocean_menu_link_active_background":"","ocean_menu_social_links_bg":"","ocean_menu_social_hover_links_bg":"","ocean_menu_social_links_color":"","ocean_menu_social_hover_links_color":"","ocean_disable_title":"default","ocean_disable_heading":"default","ocean_post_title":"","ocean_post_subheading":"","ocean_post_title_style":"","ocean_post_title_background_color":"","ocean_post_title_background":0,"ocean_post_title_bg_image_position":"","ocean_post_title_bg_image_attachment":"","ocean_post_title_bg_image_repeat":"","ocean_post_title_bg_image_size":"","ocean_post_title_height":0,"ocean_post_title_bg_overlay":0.5,"ocean_post_title_bg_overlay_color":"","ocean_disable_breadcrumbs":"default","ocean_breadcrumbs_color":"","ocean_breadcrumbs_separator_color":"","ocean_breadcrumbs_links_color":"","ocean_breadcrumbs_links_hover_color":"","ocean_display_footer_widgets":"default","ocean_display_footer_bottom":"default","ocean_custom_footer_template":"0"},"product_brand":[],"product_cat":[102],"product_tag":[],"class_list":{"0":"post-27262","1":"product","2":"type-product","3":"status-publish","4":"has-post-thumbnail","6":"product_cat-goettlicher-friede-und-die-fuenfte-lichtbibliothek","8":"entry","9":"has-media","11":"first","12":"instock","13":"downloadable","14":"virtual","15":"purchasable","16":"product-type-simple","17":"col","18":"span_1_of_3","19":"owp-content-center","20":"item-entry","21":"owp-thumbs-layout-horizontal","22":"owp-btn-normal","23":"owp-tabs-layout-section","24":"has-no-thumbnails","25":"circle-sale"},"acf":[],"yoast_head":"<!-- This site is optimized with the Yoast SEO plugin v27.5 - https:\/\/yoast.com\/product\/yoast-seo-wordpress\/ -->\n<title>Erleuchtete Materie f\u00fcr die Kristallwelt des Friedens &#8902; Lightflow Academy by Cecilia Sifontes<\/title>\n<meta name=\"robots\" content=\"index, follow, max-snippet:-1, max-image-preview:large, max-video-preview:-1\" \/>\n<link rel=\"canonical\" href=\"https:\/\/lightflow.info\/de\/produkt\/erleuchtete-materie-fur-die-kristallwelt-des-friedens-ein-seminar-fur-hingegebene-weltendiener-von-erzengel-michael\/\" \/>\n<meta property=\"og:locale\" content=\"de_DE\" \/>\n<meta property=\"og:type\" content=\"article\" \/>\n<meta property=\"og:title\" content=\"Erleuchtete Materie f\u00fcr die Kristallwelt des Friedens &#8902; Lightflow Academy by Cecilia Sifontes\" \/>\n<meta property=\"og:description\" content=\"Du bist ein wundervolles Lichtwesen, dem Dienst und dem Einssein gewidmet, sonst w\u00fcrdest du dich nicht zu diesem Kurs hingezogen f\u00fchlen. Michael weiss, dass du in deiner spirituellen Entwicklung weit gekommen bist und begonnen hast, dich mit deinem permanenten Selbst zu verbinden \u2013 jenem Teil, der ewiglich jenseits aller Illusionen oder vor\u00fcbergehenden Lebenserfahrungen existiert.\" \/>\n<meta property=\"og:url\" content=\"https:\/\/lightflow.info\/de\/produkt\/erleuchtete-materie-fur-die-kristallwelt-des-friedens-ein-seminar-fur-hingegebene-weltendiener-von-erzengel-michael\/\" \/>\n<meta property=\"og:site_name\" content=\"Lightflow Academy by Cecilia Sifontes\" \/>\n<meta property=\"article:modified_time\" content=\"2026-01-22T21:49:10+00:00\" \/>\n<meta property=\"og:image\" content=\"https:\/\/lightflow.info\/wp-content\/uploads\/C5-SC3-P4-G_SIF193G-Erleuchtete-Materie-Kristallwelt-Frieden.webp\" \/>\n\t<meta property=\"og:image:width\" content=\"800\" \/>\n\t<meta property=\"og:image:height\" content=\"782\" \/>\n\t<meta property=\"og:image:type\" content=\"image\/webp\" \/>\n<meta name=\"twitter:card\" content=\"summary_large_image\" \/>\n<meta name=\"twitter:label1\" content=\"Gesch\u00e4tzte Lesezeit\" \/>\n\t<meta name=\"twitter:data1\" content=\"4\u00a0Minuten\" \/>\n<script type=\"application\/ld+json\" class=\"yoast-schema-graph\">{\"@context\":\"https:\\\/\\\/schema.org\",\"@graph\":[{\"@type\":\"WebPage\",\"@id\":\"https:\\\/\\\/lightflow.info\\\/de\\\/produkt\\\/erleuchtete-materie-fur-die-kristallwelt-des-friedens-ein-seminar-fur-hingegebene-weltendiener-von-erzengel-michael\\\/\",\"url\":\"https:\\\/\\\/lightflow.info\\\/de\\\/produkt\\\/erleuchtete-materie-fur-die-kristallwelt-des-friedens-ein-seminar-fur-hingegebene-weltendiener-von-erzengel-michael\\\/\",\"name\":\"Erleuchtete Materie f\u00fcr die Kristallwelt des Friedens &#8902; Lightflow Academy by Cecilia Sifontes\",\"isPartOf\":{\"@id\":\"https:\\\/\\\/lightflow.info\\\/de\\\/#website\"},\"primaryImageOfPage\":{\"@id\":\"https:\\\/\\\/lightflow.info\\\/de\\\/produkt\\\/erleuchtete-materie-fur-die-kristallwelt-des-friedens-ein-seminar-fur-hingegebene-weltendiener-von-erzengel-michael\\\/#primaryimage\"},\"image\":{\"@id\":\"https:\\\/\\\/lightflow.info\\\/de\\\/produkt\\\/erleuchtete-materie-fur-die-kristallwelt-des-friedens-ein-seminar-fur-hingegebene-weltendiener-von-erzengel-michael\\\/#primaryimage\"},\"thumbnailUrl\":\"https:\\\/\\\/lightflow.info\\\/wp-content\\\/uploads\\\/C5-SC3-P4-G_SIF193G-Erleuchtete-Materie-Kristallwelt-Frieden.webp\",\"datePublished\":\"2025-12-09T21:01:59+00:00\",\"dateModified\":\"2026-01-22T21:49:10+00:00\",\"breadcrumb\":{\"@id\":\"https:\\\/\\\/lightflow.info\\\/de\\\/produkt\\\/erleuchtete-materie-fur-die-kristallwelt-des-friedens-ein-seminar-fur-hingegebene-weltendiener-von-erzengel-michael\\\/#breadcrumb\"},\"inLanguage\":\"de\",\"potentialAction\":[{\"@type\":\"ReadAction\",\"target\":[\"https:\\\/\\\/lightflow.info\\\/de\\\/produkt\\\/erleuchtete-materie-fur-die-kristallwelt-des-friedens-ein-seminar-fur-hingegebene-weltendiener-von-erzengel-michael\\\/\"]}]},{\"@type\":\"ImageObject\",\"inLanguage\":\"de\",\"@id\":\"https:\\\/\\\/lightflow.info\\\/de\\\/produkt\\\/erleuchtete-materie-fur-die-kristallwelt-des-friedens-ein-seminar-fur-hingegebene-weltendiener-von-erzengel-michael\\\/#primaryimage\",\"url\":\"https:\\\/\\\/lightflow.info\\\/wp-content\\\/uploads\\\/C5-SC3-P4-G_SIF193G-Erleuchtete-Materie-Kristallwelt-Frieden.webp\",\"contentUrl\":\"https:\\\/\\\/lightflow.info\\\/wp-content\\\/uploads\\\/C5-SC3-P4-G_SIF193G-Erleuchtete-Materie-Kristallwelt-Frieden.webp\",\"width\":800,\"height\":782},{\"@type\":\"BreadcrumbList\",\"@id\":\"https:\\\/\\\/lightflow.info\\\/de\\\/produkt\\\/erleuchtete-materie-fur-die-kristallwelt-des-friedens-ein-seminar-fur-hingegebene-weltendiener-von-erzengel-michael\\\/#breadcrumb\",\"itemListElement\":[{\"@type\":\"ListItem\",\"position\":1,\"name\":\"Home\",\"item\":\"https:\\\/\\\/lightflow.info\\\/de\\\/\"},{\"@type\":\"ListItem\",\"position\":2,\"name\":\"Shop\",\"item\":\"https:\\\/\\\/lightflow.info\\\/de\\\/shop\\\/\"},{\"@type\":\"ListItem\",\"position\":3,\"name\":\"G\u00f6ttlicher Plan Meisterklassen\",\"item\":\"https:\\\/\\\/lightflow.info\\\/de\\\/kategorie\\\/goettlicher-plan-meisterklassen\\\/\"},{\"@type\":\"ListItem\",\"position\":4,\"name\":\"Meistertechniken f\u00fcr Lichtarbeiter\",\"item\":\"https:\\\/\\\/lightflow.info\\\/de\\\/kategorie\\\/goettlicher-plan-meisterklassen\\\/meistertechniken-fuer-lichtarbeiter\\\/\"},{\"@type\":\"ListItem\",\"position\":5,\"name\":\"G\u00f6ttlicher Friede &amp; die 5. Lichtbibliothek\",\"item\":\"https:\\\/\\\/lightflow.info\\\/de\\\/kategorie\\\/goettlicher-plan-meisterklassen\\\/meistertechniken-fuer-lichtarbeiter\\\/goettlicher-friede-und-die-fuenfte-lichtbibliothek\\\/\"},{\"@type\":\"ListItem\",\"position\":6,\"name\":\"Erleuchtete Materie f\u00fcr die Kristallwelt des Friedens\"}]},{\"@type\":\"WebSite\",\"@id\":\"https:\\\/\\\/lightflow.info\\\/de\\\/#website\",\"url\":\"https:\\\/\\\/lightflow.info\\\/de\\\/\",\"name\":\"Lightflow Academy by Cecilia Sifontes\",\"description\":\"Awakening Lightworkers and Masters\",\"alternateName\":\"Lightflow\",\"potentialAction\":[{\"@type\":\"SearchAction\",\"target\":{\"@type\":\"EntryPoint\",\"urlTemplate\":\"https:\\\/\\\/lightflow.info\\\/de\\\/?s={search_term_string}\"},\"query-input\":{\"@type\":\"PropertyValueSpecification\",\"valueRequired\":true,\"valueName\":\"search_term_string\"}}],\"inLanguage\":\"de\"}]}<\/script>\n<!-- \/ Yoast SEO plugin. -->","yoast_head_json":{"title":"Erleuchtete Materie f\u00fcr die Kristallwelt des Friedens &#8902; Lightflow Academy by Cecilia Sifontes","robots":{"index":"index","follow":"follow","max-snippet":"max-snippet:-1","max-image-preview":"max-image-preview:large","max-video-preview":"max-video-preview:-1"},"canonical":"https:\/\/lightflow.info\/de\/produkt\/erleuchtete-materie-fur-die-kristallwelt-des-friedens-ein-seminar-fur-hingegebene-weltendiener-von-erzengel-michael\/","og_locale":"de_DE","og_type":"article","og_title":"Erleuchtete Materie f\u00fcr die Kristallwelt des Friedens &#8902; Lightflow Academy by Cecilia Sifontes","og_description":"Du bist ein wundervolles Lichtwesen, dem Dienst und dem Einssein gewidmet, sonst w\u00fcrdest du dich nicht zu diesem Kurs hingezogen f\u00fchlen. Michael weiss, dass du in deiner spirituellen Entwicklung weit gekommen bist und begonnen hast, dich mit deinem permanenten Selbst zu verbinden \u2013 jenem Teil, der ewiglich jenseits aller Illusionen oder vor\u00fcbergehenden Lebenserfahrungen existiert.","og_url":"https:\/\/lightflow.info\/de\/produkt\/erleuchtete-materie-fur-die-kristallwelt-des-friedens-ein-seminar-fur-hingegebene-weltendiener-von-erzengel-michael\/","og_site_name":"Lightflow Academy by Cecilia Sifontes","article_modified_time":"2026-01-22T21:49:10+00:00","og_image":[{"width":800,"height":782,"url":"https:\/\/lightflow.info\/wp-content\/uploads\/C5-SC3-P4-G_SIF193G-Erleuchtete-Materie-Kristallwelt-Frieden.webp","type":"image\/webp"}],"twitter_card":"summary_large_image","twitter_misc":{"Gesch\u00e4tzte Lesezeit":"4\u00a0Minuten"},"schema":{"@context":"https:\/\/schema.org","@graph":[{"@type":"WebPage","@id":"https:\/\/lightflow.info\/de\/produkt\/erleuchtete-materie-fur-die-kristallwelt-des-friedens-ein-seminar-fur-hingegebene-weltendiener-von-erzengel-michael\/","url":"https:\/\/lightflow.info\/de\/produkt\/erleuchtete-materie-fur-die-kristallwelt-des-friedens-ein-seminar-fur-hingegebene-weltendiener-von-erzengel-michael\/","name":"Erleuchtete Materie f\u00fcr die Kristallwelt des Friedens &#8902; Lightflow Academy by Cecilia Sifontes","isPartOf":{"@id":"https:\/\/lightflow.info\/de\/#website"},"primaryImageOfPage":{"@id":"https:\/\/lightflow.info\/de\/produkt\/erleuchtete-materie-fur-die-kristallwelt-des-friedens-ein-seminar-fur-hingegebene-weltendiener-von-erzengel-michael\/#primaryimage"},"image":{"@id":"https:\/\/lightflow.info\/de\/produkt\/erleuchtete-materie-fur-die-kristallwelt-des-friedens-ein-seminar-fur-hingegebene-weltendiener-von-erzengel-michael\/#primaryimage"},"thumbnailUrl":"https:\/\/lightflow.info\/wp-content\/uploads\/C5-SC3-P4-G_SIF193G-Erleuchtete-Materie-Kristallwelt-Frieden.webp","datePublished":"2025-12-09T21:01:59+00:00","dateModified":"2026-01-22T21:49:10+00:00","breadcrumb":{"@id":"https:\/\/lightflow.info\/de\/produkt\/erleuchtete-materie-fur-die-kristallwelt-des-friedens-ein-seminar-fur-hingegebene-weltendiener-von-erzengel-michael\/#breadcrumb"},"inLanguage":"de","potentialAction":[{"@type":"ReadAction","target":["https:\/\/lightflow.info\/de\/produkt\/erleuchtete-materie-fur-die-kristallwelt-des-friedens-ein-seminar-fur-hingegebene-weltendiener-von-erzengel-michael\/"]}]},{"@type":"ImageObject","inLanguage":"de","@id":"https:\/\/lightflow.info\/de\/produkt\/erleuchtete-materie-fur-die-kristallwelt-des-friedens-ein-seminar-fur-hingegebene-weltendiener-von-erzengel-michael\/#primaryimage","url":"https:\/\/lightflow.info\/wp-content\/uploads\/C5-SC3-P4-G_SIF193G-Erleuchtete-Materie-Kristallwelt-Frieden.webp","contentUrl":"https:\/\/lightflow.info\/wp-content\/uploads\/C5-SC3-P4-G_SIF193G-Erleuchtete-Materie-Kristallwelt-Frieden.webp","width":800,"height":782},{"@type":"BreadcrumbList","@id":"https:\/\/lightflow.info\/de\/produkt\/erleuchtete-materie-fur-die-kristallwelt-des-friedens-ein-seminar-fur-hingegebene-weltendiener-von-erzengel-michael\/#breadcrumb","itemListElement":[{"@type":"ListItem","position":1,"name":"Home","item":"https:\/\/lightflow.info\/de\/"},{"@type":"ListItem","position":2,"name":"Shop","item":"https:\/\/lightflow.info\/de\/shop\/"},{"@type":"ListItem","position":3,"name":"G\u00f6ttlicher Plan Meisterklassen","item":"https:\/\/lightflow.info\/de\/kategorie\/goettlicher-plan-meisterklassen\/"},{"@type":"ListItem","position":4,"name":"Meistertechniken f\u00fcr Lichtarbeiter","item":"https:\/\/lightflow.info\/de\/kategorie\/goettlicher-plan-meisterklassen\/meistertechniken-fuer-lichtarbeiter\/"},{"@type":"ListItem","position":5,"name":"G\u00f6ttlicher Friede &amp; die 5. Lichtbibliothek","item":"https:\/\/lightflow.info\/de\/kategorie\/goettlicher-plan-meisterklassen\/meistertechniken-fuer-lichtarbeiter\/goettlicher-friede-und-die-fuenfte-lichtbibliothek\/"},{"@type":"ListItem","position":6,"name":"Erleuchtete Materie f\u00fcr die Kristallwelt des Friedens"}]},{"@type":"WebSite","@id":"https:\/\/lightflow.info\/de\/#website","url":"https:\/\/lightflow.info\/de\/","name":"Lightflow Academy by Cecilia Sifontes","description":"Awakening Lightworkers and Masters","alternateName":"Lightflow","potentialAction":[{"@type":"SearchAction","target":{"@type":"EntryPoint","urlTemplate":"https:\/\/lightflow.info\/de\/?s={search_term_string}"},"query-input":{"@type":"PropertyValueSpecification","valueRequired":true,"valueName":"search_term_string"}}],"inLanguage":"de"}]}},"_links":{"self":[{"href":"https:\/\/lightflow.info\/de\/wp-json\/wp\/v2\/product\/27262","targetHints":{"allow":["GET"]}}],"collection":[{"href":"https:\/\/lightflow.info\/de\/wp-json\/wp\/v2\/product"}],"about":[{"href":"https:\/\/lightflow.info\/de\/wp-json\/wp\/v2\/types\/product"}],"version-history":[{"count":0,"href":"https:\/\/lightflow.info\/de\/wp-json\/wp\/v2\/product\/27262\/revisions"}],"wp:featuredmedia":[{"embeddable":true,"href":"https:\/\/lightflow.info\/de\/wp-json\/wp\/v2\/media\/35889"}],"wp:attachment":[{"href":"https:\/\/lightflow.info\/de\/wp-json\/wp\/v2\/media?parent=27262"}],"wp:term":[{"taxonomy":"product_brand","embeddable":true,"href":"https:\/\/lightflow.info\/de\/wp-json\/wp\/v2\/product_brand?post=27262"},{"taxonomy":"product_cat","embeddable":true,"href":"https:\/\/lightflow.info\/de\/wp-json\/wp\/v2\/product_cat?post=27262"},{"taxonomy":"product_tag","embeddable":true,"href":"https:\/\/lightflow.info\/de\/wp-json\/wp\/v2\/product_tag?post=27262"}],"curies":[{"name":"wp","href":"https:\/\/api.w.org\/{rel}","templated":true}]}}