{"id":27289,"date":"2025-12-09T22:01:59","date_gmt":"2025-12-09T21:01:59","guid":{"rendered":"https:\/\/lightflow.info\/?post_type=product&#038;p=27289"},"modified":"2026-01-22T22:35:27","modified_gmt":"2026-01-22T21:35:27","slug":"die-fontaene-des-lichts-welche-frieden-in-der-welt-aktiviert","status":"publish","type":"product","link":"https:\/\/lightflow.info\/de\/produkt\/die-fontaene-des-lichts-welche-frieden-in-der-welt-aktiviert\/","title":{"rendered":"Die Font\u00e4ne des Lichts, welche Frieden in der Welt aktiviert"},"content":{"rendered":"<p><strong>Welche Schl\u00fcsselerlebnisse kannst du erwarten?<\/strong><\/p>\n<p>\u2022 Als Kristallwelt des Friedens atmen<br \/>\n\u2022 Verbindung mit dem Stern des G\u00f6ttlichen Friedens<br \/>\n\u2022 Dein Selbst im Jetzt zu heilen, indem du dein zeitloses Selbst erf\u00e4hrst<br \/>\n\u2022 \u00dcbertragungen erhalten, um deine Energie f\u00fcr diese Arbeit vorzubereiten<br \/>\n\u2022 Heilung des Selbst &#8211; die Erfahrung des wahren Selbst auf der Erde<br \/>\n\u2022 Manifestierung deines permanenten Feldes erleuchteter Augenblicke &#8211; dein eines Leben<br \/>\n\u2022 F\u00fcnfhundertjahrfeier der Lichtbibliotheken und deines inneren Flusses, der mit den Lichtbibliotheken korrespondiert<br \/>\n\u2022 Das Nichts in dir<br \/>\n\u2022 Unterst\u00fctzung der Entwicklung durch die Freisetzung von Mustern, die mit den Lichtbibliotheken in Verbindung stehen<br \/>\n\u2022 Die Antwort aus vielfachen Zeiterfahrungen<br \/>\n\u2022 St\u00e4rkung deiner G\u00f6ttlichkeit<br \/>\n\u2022 Der Plan f\u00fcr den Planeten des Lichts<br \/>\n\u2022 Deine Zukunft &#8211; die Netze befehligen<br \/>\n\u2022 Aktivierung deines holographischen Wesens<br \/>\n\u2022 Erschaffung von mehr Licht &amp; Pr\u00e4senz in den Bausteinen des Planeten des Lichts<br \/>\n\u2022 Entdeckung und Erschaffung holographischer Projektionen in das holographische Universum<br \/>\n\u2022 Entdeckung der Einpr\u00e4gungen der Lichtbibliotheken und ihre Vorbereitung auf erleuchtete Materie<br \/>\n\u2022 Platzierung einer Einpr\u00e4gung des Planeten des Lichts in deinen Kern<br \/>\n\u2022 Vorbereitung des Planeten des Lichts und von dir auf die Lichtfont\u00e4ne<br \/>\n\u2022 Entz\u00fcndung der Kristallkammer zu Lissos und \u00dcbertragung ihrer Energie zu den Lichtbibliotheken<br \/>\n\u2022 Die Lichtfont\u00e4ne &#8211; Entz\u00fcndung der sch\u00f6pferischen Welt des Friedens<\/p>\n<p><strong>Dieser Kurs beinhaltet 25 gef\u00fchrte Meditation auf Englisch mit konsekutiver deutscher \u00dcbersetzung. Enthaltene Meditationen:<\/strong><\/p>\n<p>01 Als die Kristallwelt des Friedens atmen<br \/>\n02 Verbinde dich mit dem Stern des g\u00f6ttlichen Friedens<br \/>\n03 Heile das heutige Selbst indem du dein zeitloses Selbst erf\u00e4hrst<br \/>\n04 \u00fcbertragungen, um deine Energie auf diese Arbeit vorzubereiten<br \/>\n05 Heilung des Selbst &#8211; wahre Erfahrung des Selbst auf der Erde<br \/>\n06 Das eine Leben &#8211; manifestiere dein permanentes Feld erleuchteter Augenblicke<br \/>\n07 Die f\u00fcnfhundert Jahre w\u00e4hrende Feier der Lichtbibliotheken &amp; dein innerer Fluss der Lichtbibliotheken<br \/>\n08 Das Nichts in dir<br \/>\n09 Du bist ein Sch\u00f6pfer &#8211; Einf\u00fchrung zu Meditation 9b<br \/>\n10 0 + 0 = mehr 0 \u2013 oder die Schichten des Nichts<br \/>\n11 F\u00f6rderung der Evolution durch die Freisetzung von Mustern, die mit den Lichtbibliotheken verbunden sind<br \/>\n12 Die Antwort vielfacher Zeiterfahrungen auf die Freisetzung von Mustern durch dich<br \/>\n13 Sei G\u00f6ttlich &#8211; t\u00e4rke deine G\u00f6ttlichkeit<br \/>\n14 Dies ist der Planet des Lichts, der Plan<br \/>\n15 Deine Zukunft &#8211; die Netze befehligen<br \/>\n16 Aktivierung deines holographischen Seins<br \/>\n17 Erschaffe mehr Licht &amp; Pr\u00e4senz in den Bausteinen des Planeten des Lichts<br \/>\n18 Erkunde &amp; erschaffe holographische Projektionen in das holographische Universum 2<br \/>\n19 Erkunde die Einpr\u00e4gungen der Lichtbibliotheken und bereite dich f\u00fcr erleuchtete Materie vor<br \/>\n20 Platziere eine Einpr\u00e4gung des Planeten des Lichts in deinen Kern<br \/>\n21 Bereite dich und den Planeten des Lichts auf die Font\u00e4ne des Lichts vor<br \/>\n22 Entz\u00fcndung der Kritallkammer zu Lissos und \u00fcbertragung ihrer Energie an die Lichtbibliotheken<br \/>\n23 Die Lichtfont\u00e4ne entz\u00fcndet die sch\u00f6pferische Welt des Friedens<br \/>\n24 (25 oct 1.) Die Lichtfont\u00e4ne &#8211; eine Projektion in unsere Zukunft<br \/>\n25 (25 oct 2.) Bist du bereit f\u00fcr erleuchtete Materie &#8211; Ein Ruf der Wirklichkeit<\/p>\n","protected":false},"excerpt":{"rendered":"<p>In diesem Kurs wirst du mit vielen h\u00f6heren Wesen zusammenarbeiten, um die Kristallkammer zu Lissos zu entz\u00fcnden, sodass dort eine Lichtfont\u00e4ne freigesetzt wird, welche zu den Lichtbibliotheken fliesst, um eine sch\u00f6pferische und friedvolle Welt zu manifestieren. Du wirst in holographischen Beobachtungen der Wirklichkeit gef\u00fchrt, um die neue Erde f\u00fcr das zuk\u00fcnftige Leben der Menschheit vorzubereiten. Die f\u00fcnfte Lichtbibliothek h\u00e4lt den Planeten des Lichts in Form und daher wirst du viele Formen des Nichts erkunden.<\/p>\n","protected":false},"featured_media":35888,"template":"","meta":{"_acf_changed":false,"ocean_post_layout":"","ocean_both_sidebars_style":"","ocean_both_sidebars_content_width":0,"ocean_both_sidebars_sidebars_width":0,"ocean_sidebar":"0","ocean_second_sidebar":"0","ocean_disable_margins":"enable","ocean_add_body_class":"","ocean_shortcode_before_top_bar":"","ocean_shortcode_after_top_bar":"","ocean_shortcode_before_header":"","ocean_shortcode_after_header":"","ocean_has_shortcode":"","ocean_shortcode_after_title":"","ocean_shortcode_before_footer_widgets":"","ocean_shortcode_after_footer_widgets":"","ocean_shortcode_before_footer_bottom":"","ocean_shortcode_after_footer_bottom":"","ocean_display_top_bar":"default","ocean_display_header":"default","ocean_header_style":"","ocean_center_header_left_menu":"0","ocean_custom_header_template":"0","ocean_custom_logo":0,"ocean_custom_retina_logo":0,"ocean_custom_logo_max_width":0,"ocean_custom_logo_tablet_max_width":0,"ocean_custom_logo_mobile_max_width":0,"ocean_custom_logo_max_height":0,"ocean_custom_logo_tablet_max_height":0,"ocean_custom_logo_mobile_max_height":0,"ocean_header_custom_menu":"0","ocean_menu_typo_font_family":"0","ocean_menu_typo_font_subset":"","ocean_menu_typo_font_size":0,"ocean_menu_typo_font_size_tablet":0,"ocean_menu_typo_font_size_mobile":0,"ocean_menu_typo_font_size_unit":"px","ocean_menu_typo_font_weight":"","ocean_menu_typo_font_weight_tablet":"","ocean_menu_typo_font_weight_mobile":"","ocean_menu_typo_transform":"","ocean_menu_typo_transform_tablet":"","ocean_menu_typo_transform_mobile":"","ocean_menu_typo_line_height":0,"ocean_menu_typo_line_height_tablet":0,"ocean_menu_typo_line_height_mobile":0,"ocean_menu_typo_line_height_unit":"","ocean_menu_typo_spacing":0,"ocean_menu_typo_spacing_tablet":0,"ocean_menu_typo_spacing_mobile":0,"ocean_menu_typo_spacing_unit":"","ocean_menu_link_color":"","ocean_menu_link_color_hover":"","ocean_menu_link_color_active":"","ocean_menu_link_background":"","ocean_menu_link_hover_background":"","ocean_menu_link_active_background":"","ocean_menu_social_links_bg":"","ocean_menu_social_hover_links_bg":"","ocean_menu_social_links_color":"","ocean_menu_social_hover_links_color":"","ocean_disable_title":"default","ocean_disable_heading":"default","ocean_post_title":"","ocean_post_subheading":"","ocean_post_title_style":"","ocean_post_title_background_color":"","ocean_post_title_background":0,"ocean_post_title_bg_image_position":"","ocean_post_title_bg_image_attachment":"","ocean_post_title_bg_image_repeat":"","ocean_post_title_bg_image_size":"","ocean_post_title_height":0,"ocean_post_title_bg_overlay":0.5,"ocean_post_title_bg_overlay_color":"","ocean_disable_breadcrumbs":"default","ocean_breadcrumbs_color":"","ocean_breadcrumbs_separator_color":"","ocean_breadcrumbs_links_color":"","ocean_breadcrumbs_links_hover_color":"","ocean_display_footer_widgets":"default","ocean_display_footer_bottom":"default","ocean_custom_footer_template":"0"},"product_brand":[],"product_cat":[102],"product_tag":[],"class_list":{"0":"post-27289","1":"product","2":"type-product","3":"status-publish","4":"has-post-thumbnail","6":"product_cat-goettlicher-friede-und-die-fuenfte-lichtbibliothek","8":"entry","9":"has-media","11":"first","12":"instock","13":"downloadable","14":"virtual","15":"purchasable","16":"product-type-simple","17":"col","18":"span_1_of_3","19":"owp-content-center","20":"item-entry","21":"owp-thumbs-layout-horizontal","22":"owp-btn-normal","23":"owp-tabs-layout-section","24":"has-no-thumbnails","25":"circle-sale"},"acf":[],"yoast_head":"<!-- This site is optimized with the Yoast SEO plugin v27.4 - https:\/\/yoast.com\/product\/yoast-seo-wordpress\/ -->\n<title>Die Font\u00e4ne des Lichts, welche Frieden in der Welt aktiviert &#8902; Lightflow Academy by Cecilia Sifontes<\/title>\n<meta name=\"robots\" content=\"index, follow, max-snippet:-1, max-image-preview:large, max-video-preview:-1\" \/>\n<link rel=\"canonical\" href=\"https:\/\/lightflow.info\/de\/produkt\/die-fontaene-des-lichts-welche-frieden-in-der-welt-aktiviert\/\" \/>\n<meta property=\"og:locale\" content=\"de_DE\" \/>\n<meta property=\"og:type\" content=\"article\" \/>\n<meta property=\"og:title\" content=\"Die Font\u00e4ne des Lichts, welche Frieden in der Welt aktiviert &#8902; Lightflow Academy by Cecilia Sifontes\" \/>\n<meta property=\"og:description\" content=\"In diesem Kurs wirst du mit vielen h\u00f6heren Wesen zusammenarbeiten, um die Kristallkammer zu Lissos zu entz\u00fcnden, sodass dort eine Lichtfont\u00e4ne freigesetzt wird, welche zu den Lichtbibliotheken fliesst, um eine sch\u00f6pferische und friedvolle Welt zu manifestieren. Du wirst in holographischen Beobachtungen der Wirklichkeit gef\u00fchrt, um die neue Erde f\u00fcr das zuk\u00fcnftige Leben der Menschheit vorzubereiten. Die f\u00fcnfte Lichtbibliothek h\u00e4lt den Planeten des Lichts in Form und daher wirst du viele Formen des Nichts erkunden.\" \/>\n<meta property=\"og:url\" content=\"https:\/\/lightflow.info\/de\/produkt\/die-fontaene-des-lichts-welche-frieden-in-der-welt-aktiviert\/\" \/>\n<meta property=\"og:site_name\" content=\"Lightflow Academy by Cecilia Sifontes\" \/>\n<meta property=\"article:modified_time\" content=\"2026-01-22T21:35:27+00:00\" \/>\n<meta property=\"og:image\" content=\"https:\/\/lightflow.info\/wp-content\/uploads\/C5-SC3-P3-G_SIF128G-Lichtfontaene-Frieden-in-der-Welt.webp\" \/>\n\t<meta property=\"og:image:width\" content=\"800\" \/>\n\t<meta property=\"og:image:height\" content=\"793\" \/>\n\t<meta property=\"og:image:type\" content=\"image\/webp\" \/>\n<meta name=\"twitter:card\" content=\"summary_large_image\" \/>\n<meta name=\"twitter:label1\" content=\"Gesch\u00e4tzte Lesezeit\" \/>\n\t<meta name=\"twitter:data1\" content=\"3\u00a0Minuten\" \/>\n<script type=\"application\/ld+json\" class=\"yoast-schema-graph\">{\"@context\":\"https:\\\/\\\/schema.org\",\"@graph\":[{\"@type\":\"WebPage\",\"@id\":\"https:\\\/\\\/lightflow.info\\\/de\\\/produkt\\\/die-fontaene-des-lichts-welche-frieden-in-der-welt-aktiviert\\\/\",\"url\":\"https:\\\/\\\/lightflow.info\\\/de\\\/produkt\\\/die-fontaene-des-lichts-welche-frieden-in-der-welt-aktiviert\\\/\",\"name\":\"Die Font\u00e4ne des Lichts, welche Frieden in der Welt aktiviert &#8902; Lightflow Academy by Cecilia Sifontes\",\"isPartOf\":{\"@id\":\"https:\\\/\\\/lightflow.info\\\/de\\\/#website\"},\"primaryImageOfPage\":{\"@id\":\"https:\\\/\\\/lightflow.info\\\/de\\\/produkt\\\/die-fontaene-des-lichts-welche-frieden-in-der-welt-aktiviert\\\/#primaryimage\"},\"image\":{\"@id\":\"https:\\\/\\\/lightflow.info\\\/de\\\/produkt\\\/die-fontaene-des-lichts-welche-frieden-in-der-welt-aktiviert\\\/#primaryimage\"},\"thumbnailUrl\":\"https:\\\/\\\/lightflow.info\\\/wp-content\\\/uploads\\\/C5-SC3-P3-G_SIF128G-Lichtfontaene-Frieden-in-der-Welt.webp\",\"datePublished\":\"2025-12-09T21:01:59+00:00\",\"dateModified\":\"2026-01-22T21:35:27+00:00\",\"breadcrumb\":{\"@id\":\"https:\\\/\\\/lightflow.info\\\/de\\\/produkt\\\/die-fontaene-des-lichts-welche-frieden-in-der-welt-aktiviert\\\/#breadcrumb\"},\"inLanguage\":\"de\",\"potentialAction\":[{\"@type\":\"ReadAction\",\"target\":[\"https:\\\/\\\/lightflow.info\\\/de\\\/produkt\\\/die-fontaene-des-lichts-welche-frieden-in-der-welt-aktiviert\\\/\"]}]},{\"@type\":\"ImageObject\",\"inLanguage\":\"de\",\"@id\":\"https:\\\/\\\/lightflow.info\\\/de\\\/produkt\\\/die-fontaene-des-lichts-welche-frieden-in-der-welt-aktiviert\\\/#primaryimage\",\"url\":\"https:\\\/\\\/lightflow.info\\\/wp-content\\\/uploads\\\/C5-SC3-P3-G_SIF128G-Lichtfontaene-Frieden-in-der-Welt.webp\",\"contentUrl\":\"https:\\\/\\\/lightflow.info\\\/wp-content\\\/uploads\\\/C5-SC3-P3-G_SIF128G-Lichtfontaene-Frieden-in-der-Welt.webp\",\"width\":800,\"height\":793},{\"@type\":\"BreadcrumbList\",\"@id\":\"https:\\\/\\\/lightflow.info\\\/de\\\/produkt\\\/die-fontaene-des-lichts-welche-frieden-in-der-welt-aktiviert\\\/#breadcrumb\",\"itemListElement\":[{\"@type\":\"ListItem\",\"position\":1,\"name\":\"Home\",\"item\":\"https:\\\/\\\/lightflow.info\\\/de\\\/\"},{\"@type\":\"ListItem\",\"position\":2,\"name\":\"Shop\",\"item\":\"https:\\\/\\\/lightflow.info\\\/de\\\/shop\\\/\"},{\"@type\":\"ListItem\",\"position\":3,\"name\":\"G\u00f6ttlicher Plan Meisterklassen\",\"item\":\"https:\\\/\\\/lightflow.info\\\/de\\\/kategorie\\\/goettlicher-plan-meisterklassen\\\/\"},{\"@type\":\"ListItem\",\"position\":4,\"name\":\"Meistertechniken f\u00fcr Lichtarbeiter\",\"item\":\"https:\\\/\\\/lightflow.info\\\/de\\\/kategorie\\\/goettlicher-plan-meisterklassen\\\/meistertechniken-fuer-lichtarbeiter\\\/\"},{\"@type\":\"ListItem\",\"position\":5,\"name\":\"G\u00f6ttlicher Friede &amp; die 5. Lichtbibliothek\",\"item\":\"https:\\\/\\\/lightflow.info\\\/de\\\/kategorie\\\/goettlicher-plan-meisterklassen\\\/meistertechniken-fuer-lichtarbeiter\\\/goettlicher-friede-und-die-fuenfte-lichtbibliothek\\\/\"},{\"@type\":\"ListItem\",\"position\":6,\"name\":\"Die Font\u00e4ne des Lichts, welche Frieden in der Welt aktiviert\"}]},{\"@type\":\"WebSite\",\"@id\":\"https:\\\/\\\/lightflow.info\\\/de\\\/#website\",\"url\":\"https:\\\/\\\/lightflow.info\\\/de\\\/\",\"name\":\"Lightflow Academy by Cecilia Sifontes\",\"description\":\"Awakening Lightworkers and Masters\",\"alternateName\":\"Lightflow\",\"potentialAction\":[{\"@type\":\"SearchAction\",\"target\":{\"@type\":\"EntryPoint\",\"urlTemplate\":\"https:\\\/\\\/lightflow.info\\\/de\\\/?s={search_term_string}\"},\"query-input\":{\"@type\":\"PropertyValueSpecification\",\"valueRequired\":true,\"valueName\":\"search_term_string\"}}],\"inLanguage\":\"de\"}]}<\/script>\n<!-- \/ Yoast SEO plugin. -->","yoast_head_json":{"title":"Die Font\u00e4ne des Lichts, welche Frieden in der Welt aktiviert &#8902; Lightflow Academy by Cecilia Sifontes","robots":{"index":"index","follow":"follow","max-snippet":"max-snippet:-1","max-image-preview":"max-image-preview:large","max-video-preview":"max-video-preview:-1"},"canonical":"https:\/\/lightflow.info\/de\/produkt\/die-fontaene-des-lichts-welche-frieden-in-der-welt-aktiviert\/","og_locale":"de_DE","og_type":"article","og_title":"Die Font\u00e4ne des Lichts, welche Frieden in der Welt aktiviert &#8902; Lightflow Academy by Cecilia Sifontes","og_description":"In diesem Kurs wirst du mit vielen h\u00f6heren Wesen zusammenarbeiten, um die Kristallkammer zu Lissos zu entz\u00fcnden, sodass dort eine Lichtfont\u00e4ne freigesetzt wird, welche zu den Lichtbibliotheken fliesst, um eine sch\u00f6pferische und friedvolle Welt zu manifestieren. Du wirst in holographischen Beobachtungen der Wirklichkeit gef\u00fchrt, um die neue Erde f\u00fcr das zuk\u00fcnftige Leben der Menschheit vorzubereiten. Die f\u00fcnfte Lichtbibliothek h\u00e4lt den Planeten des Lichts in Form und daher wirst du viele Formen des Nichts erkunden.","og_url":"https:\/\/lightflow.info\/de\/produkt\/die-fontaene-des-lichts-welche-frieden-in-der-welt-aktiviert\/","og_site_name":"Lightflow Academy by Cecilia Sifontes","article_modified_time":"2026-01-22T21:35:27+00:00","og_image":[{"width":800,"height":793,"url":"https:\/\/lightflow.info\/wp-content\/uploads\/C5-SC3-P3-G_SIF128G-Lichtfontaene-Frieden-in-der-Welt.webp","type":"image\/webp"}],"twitter_card":"summary_large_image","twitter_misc":{"Gesch\u00e4tzte Lesezeit":"3\u00a0Minuten"},"schema":{"@context":"https:\/\/schema.org","@graph":[{"@type":"WebPage","@id":"https:\/\/lightflow.info\/de\/produkt\/die-fontaene-des-lichts-welche-frieden-in-der-welt-aktiviert\/","url":"https:\/\/lightflow.info\/de\/produkt\/die-fontaene-des-lichts-welche-frieden-in-der-welt-aktiviert\/","name":"Die Font\u00e4ne des Lichts, welche Frieden in der Welt aktiviert &#8902; Lightflow Academy by Cecilia Sifontes","isPartOf":{"@id":"https:\/\/lightflow.info\/de\/#website"},"primaryImageOfPage":{"@id":"https:\/\/lightflow.info\/de\/produkt\/die-fontaene-des-lichts-welche-frieden-in-der-welt-aktiviert\/#primaryimage"},"image":{"@id":"https:\/\/lightflow.info\/de\/produkt\/die-fontaene-des-lichts-welche-frieden-in-der-welt-aktiviert\/#primaryimage"},"thumbnailUrl":"https:\/\/lightflow.info\/wp-content\/uploads\/C5-SC3-P3-G_SIF128G-Lichtfontaene-Frieden-in-der-Welt.webp","datePublished":"2025-12-09T21:01:59+00:00","dateModified":"2026-01-22T21:35:27+00:00","breadcrumb":{"@id":"https:\/\/lightflow.info\/de\/produkt\/die-fontaene-des-lichts-welche-frieden-in-der-welt-aktiviert\/#breadcrumb"},"inLanguage":"de","potentialAction":[{"@type":"ReadAction","target":["https:\/\/lightflow.info\/de\/produkt\/die-fontaene-des-lichts-welche-frieden-in-der-welt-aktiviert\/"]}]},{"@type":"ImageObject","inLanguage":"de","@id":"https:\/\/lightflow.info\/de\/produkt\/die-fontaene-des-lichts-welche-frieden-in-der-welt-aktiviert\/#primaryimage","url":"https:\/\/lightflow.info\/wp-content\/uploads\/C5-SC3-P3-G_SIF128G-Lichtfontaene-Frieden-in-der-Welt.webp","contentUrl":"https:\/\/lightflow.info\/wp-content\/uploads\/C5-SC3-P3-G_SIF128G-Lichtfontaene-Frieden-in-der-Welt.webp","width":800,"height":793},{"@type":"BreadcrumbList","@id":"https:\/\/lightflow.info\/de\/produkt\/die-fontaene-des-lichts-welche-frieden-in-der-welt-aktiviert\/#breadcrumb","itemListElement":[{"@type":"ListItem","position":1,"name":"Home","item":"https:\/\/lightflow.info\/de\/"},{"@type":"ListItem","position":2,"name":"Shop","item":"https:\/\/lightflow.info\/de\/shop\/"},{"@type":"ListItem","position":3,"name":"G\u00f6ttlicher Plan Meisterklassen","item":"https:\/\/lightflow.info\/de\/kategorie\/goettlicher-plan-meisterklassen\/"},{"@type":"ListItem","position":4,"name":"Meistertechniken f\u00fcr Lichtarbeiter","item":"https:\/\/lightflow.info\/de\/kategorie\/goettlicher-plan-meisterklassen\/meistertechniken-fuer-lichtarbeiter\/"},{"@type":"ListItem","position":5,"name":"G\u00f6ttlicher Friede &amp; die 5. Lichtbibliothek","item":"https:\/\/lightflow.info\/de\/kategorie\/goettlicher-plan-meisterklassen\/meistertechniken-fuer-lichtarbeiter\/goettlicher-friede-und-die-fuenfte-lichtbibliothek\/"},{"@type":"ListItem","position":6,"name":"Die Font\u00e4ne des Lichts, welche Frieden in der Welt aktiviert"}]},{"@type":"WebSite","@id":"https:\/\/lightflow.info\/de\/#website","url":"https:\/\/lightflow.info\/de\/","name":"Lightflow Academy by Cecilia Sifontes","description":"Awakening Lightworkers and Masters","alternateName":"Lightflow","potentialAction":[{"@type":"SearchAction","target":{"@type":"EntryPoint","urlTemplate":"https:\/\/lightflow.info\/de\/?s={search_term_string}"},"query-input":{"@type":"PropertyValueSpecification","valueRequired":true,"valueName":"search_term_string"}}],"inLanguage":"de"}]}},"_links":{"self":[{"href":"https:\/\/lightflow.info\/de\/wp-json\/wp\/v2\/product\/27289","targetHints":{"allow":["GET"]}}],"collection":[{"href":"https:\/\/lightflow.info\/de\/wp-json\/wp\/v2\/product"}],"about":[{"href":"https:\/\/lightflow.info\/de\/wp-json\/wp\/v2\/types\/product"}],"version-history":[{"count":0,"href":"https:\/\/lightflow.info\/de\/wp-json\/wp\/v2\/product\/27289\/revisions"}],"wp:featuredmedia":[{"embeddable":true,"href":"https:\/\/lightflow.info\/de\/wp-json\/wp\/v2\/media\/35888"}],"wp:attachment":[{"href":"https:\/\/lightflow.info\/de\/wp-json\/wp\/v2\/media?parent=27289"}],"wp:term":[{"taxonomy":"product_brand","embeddable":true,"href":"https:\/\/lightflow.info\/de\/wp-json\/wp\/v2\/product_brand?post=27289"},{"taxonomy":"product_cat","embeddable":true,"href":"https:\/\/lightflow.info\/de\/wp-json\/wp\/v2\/product_cat?post=27289"},{"taxonomy":"product_tag","embeddable":true,"href":"https:\/\/lightflow.info\/de\/wp-json\/wp\/v2\/product_tag?post=27289"}],"curies":[{"name":"wp","href":"https:\/\/api.w.org\/{rel}","templated":true}]}}