{"id":27468,"date":"2025-12-09T21:07:10","date_gmt":"2025-12-09T20:07:10","guid":{"rendered":"https:\/\/lightflow.info\/?post_type=product&#038;p=27468"},"modified":"2026-01-22T23:20:56","modified_gmt":"2026-01-22T22:20:56","slug":"toene-der-schoepfung-und-der-hoeheren-engel-dimensionen","status":"publish","type":"product","link":"https:\/\/lightflow.info\/de\/produkt\/toene-der-schoepfung-und-der-hoeheren-engel-dimensionen\/","title":{"rendered":"Engel der Himmlischen Harmonie &#8211; T\u00f6ne der Sch\u00f6pfung &#038; der H\u00f6heren Engel-Dimensionen"},"content":{"rendered":"<p><strong>Welche Schl\u00fcsselerlebnisse kannst du erwarten?<\/strong><\/p>\n<p>\u2022 Harmonisierung deines Bewusstseins, indem du mit himmlischer Harmonie in Resonanz schwingst<br \/>\n\u2022 Die objektive Wirklichkeit der subjektiven Perspektiven<br \/>\n\u2022 Das Leben in den Universen harmonisieren<br \/>\n\u2022 Das Nichts, was ist es, wo ist es?<br \/>\n\u2022 T\u00f6ne himmlischer Harmonie wiederhallen lassen<br \/>\n\u2022 Errichte eine Lichts\u00e4ule f\u00fcr die Engel der himmlischen Harmonie<br \/>\n\u2022 Rufe die Engel der himmlischen Harmonie durch vereintes Bewusstsein<br \/>\n\u2022 Den T\u00f6nen Sch\u00f6pfung zuh\u00f6ren und f\u00fcr sie singen<br \/>\n\u2022 H\u00f6re den T\u00f6nen der zuk\u00fcnftigen Erde zu<br \/>\n\u2022 Die T\u00f6ne der Sch\u00f6pfung durch die Zeit hindurch<br \/>\n\u2022 Finde deinen individuellen Ton der Harmonie<br \/>\n\u2022 Der Abstieg eines Engels der himmlischen Harmonie<br \/>\n\u2022 Aktiviere die Kode in deinem Bewusstsein<br \/>\n\u2022 Schicke T\u00f6ne der Harmonie in das Alltagsleben<br \/>\n\u2022 Einssein<\/p>\n<p><strong>Dieser Kurs beinhaltet 15 gef\u00fchrte Meditation auf Englisch mit konsekutiver deutscher \u00dcbersetzung. Enthaltene Meditationen:<\/strong><\/p>\n<p>01 Einf\u00fchrung und Vorbereitung<br \/>\n02 Bewusstsein mit Resonanz von Himmlischer Harmonie harmonisieren<br \/>\n03 Die objektive der realit\u00e4t der subjektiven Perspektiven<br \/>\n04 Das leben in den Universen harmonisieren<br \/>\n05 Das Nichts ist Teil der Himmlischen Harmonie<br \/>\n06 Nachhallende T\u00f6ne der Engel der Harmonie<br \/>\n07 Einen neuen Kanal himmlischen Lichts aufbauen<br \/>\n08 Die Engel der Himmlischen Harmonie mit vereintem Bewusstsein rufen<br \/>\n09 Ein Engel der Himmlischen Harmonie singt f\u00fcr die Sch\u00f6pfung<br \/>\n10 Horche auf den Ton der zuk\u00fcnftigen Erde<br \/>\n11 Die T\u00f6ne der Sch\u00f6pfung durch die Zeit hindurch und dein individueller Ton der Harmonie<br \/>\n12 Abstieg eines Engels der Himmlischen Harmonie<br \/>\n13 Codes in deinem Bewusstsein aktivieren<br \/>\n14 T\u00f6ne der Harmonie in dein t\u00e4gliches Leben senden<br \/>\n15 Abschlussmeditation<\/p>\n","protected":false},"excerpt":{"rendered":"<p>Dieser Kurs ist ein Geschenk der Engel der himmlischen Harmonie. Zum ersten Male in der Erdgeschichte steigen sie zur Menschheit ab und bieten neue Wege an, alles Leben zu harmonisieren. In den Meditationen dieses Albums werden sie dir mitteilen, was sie als Zukunft f\u00fcr die Menschheit und die Lichtarbeiter voraussehen.<\/p>\n","protected":false},"featured_media":35906,"template":"","meta":{"_acf_changed":false,"ocean_post_layout":"","ocean_both_sidebars_style":"","ocean_both_sidebars_content_width":0,"ocean_both_sidebars_sidebars_width":0,"ocean_sidebar":"0","ocean_second_sidebar":"0","ocean_disable_margins":"enable","ocean_add_body_class":"","ocean_shortcode_before_top_bar":"","ocean_shortcode_after_top_bar":"","ocean_shortcode_before_header":"","ocean_shortcode_after_header":"","ocean_has_shortcode":"","ocean_shortcode_after_title":"","ocean_shortcode_before_footer_widgets":"","ocean_shortcode_after_footer_widgets":"","ocean_shortcode_before_footer_bottom":"","ocean_shortcode_after_footer_bottom":"","ocean_display_top_bar":"default","ocean_display_header":"default","ocean_header_style":"","ocean_center_header_left_menu":"0","ocean_custom_header_template":"0","ocean_custom_logo":0,"ocean_custom_retina_logo":0,"ocean_custom_logo_max_width":0,"ocean_custom_logo_tablet_max_width":0,"ocean_custom_logo_mobile_max_width":0,"ocean_custom_logo_max_height":0,"ocean_custom_logo_tablet_max_height":0,"ocean_custom_logo_mobile_max_height":0,"ocean_header_custom_menu":"0","ocean_menu_typo_font_family":"0","ocean_menu_typo_font_subset":"","ocean_menu_typo_font_size":0,"ocean_menu_typo_font_size_tablet":0,"ocean_menu_typo_font_size_mobile":0,"ocean_menu_typo_font_size_unit":"px","ocean_menu_typo_font_weight":"","ocean_menu_typo_font_weight_tablet":"","ocean_menu_typo_font_weight_mobile":"","ocean_menu_typo_transform":"","ocean_menu_typo_transform_tablet":"","ocean_menu_typo_transform_mobile":"","ocean_menu_typo_line_height":0,"ocean_menu_typo_line_height_tablet":0,"ocean_menu_typo_line_height_mobile":0,"ocean_menu_typo_line_height_unit":"","ocean_menu_typo_spacing":0,"ocean_menu_typo_spacing_tablet":0,"ocean_menu_typo_spacing_mobile":0,"ocean_menu_typo_spacing_unit":"","ocean_menu_link_color":"","ocean_menu_link_color_hover":"","ocean_menu_link_color_active":"","ocean_menu_link_background":"","ocean_menu_link_hover_background":"","ocean_menu_link_active_background":"","ocean_menu_social_links_bg":"","ocean_menu_social_hover_links_bg":"","ocean_menu_social_links_color":"","ocean_menu_social_hover_links_color":"","ocean_disable_title":"default","ocean_disable_heading":"default","ocean_post_title":"","ocean_post_subheading":"","ocean_post_title_style":"","ocean_post_title_background_color":"","ocean_post_title_background":0,"ocean_post_title_bg_image_position":"","ocean_post_title_bg_image_attachment":"","ocean_post_title_bg_image_repeat":"","ocean_post_title_bg_image_size":"","ocean_post_title_height":0,"ocean_post_title_bg_overlay":0.5,"ocean_post_title_bg_overlay_color":"","ocean_disable_breadcrumbs":"default","ocean_breadcrumbs_color":"","ocean_breadcrumbs_separator_color":"","ocean_breadcrumbs_links_color":"","ocean_breadcrumbs_links_hover_color":"","ocean_display_footer_widgets":"default","ocean_display_footer_bottom":"default","ocean_custom_footer_template":"0"},"product_brand":[],"product_cat":[103],"product_tag":[],"class_list":{"0":"post-27468","1":"product","2":"type-product","3":"status-publish","4":"has-post-thumbnail","6":"product_cat-himmlische-harmonie","8":"entry","9":"has-media","11":"first","12":"instock","13":"downloadable","14":"virtual","15":"purchasable","16":"product-type-simple","17":"col","18":"span_1_of_3","19":"owp-content-center","20":"item-entry","21":"owp-thumbs-layout-horizontal","22":"owp-btn-normal","23":"owp-tabs-layout-section","24":"has-no-thumbnails","25":"circle-sale"},"acf":[],"yoast_head":"<!-- This site is optimized with the Yoast SEO plugin v27.5 - https:\/\/yoast.com\/product\/yoast-seo-wordpress\/ -->\n<title>Engel der Himmlischen Harmonie - T\u00f6ne der Sch\u00f6pfung &amp; der H\u00f6heren Engel-Dimensionen &#8902; Lightflow Academy by Cecilia Sifontes<\/title>\n<meta name=\"robots\" content=\"index, follow, max-snippet:-1, max-image-preview:large, max-video-preview:-1\" \/>\n<link rel=\"canonical\" href=\"https:\/\/lightflow.info\/de\/produkt\/toene-der-schoepfung-und-der-hoeheren-engel-dimensionen\/\" \/>\n<meta property=\"og:locale\" content=\"de_DE\" \/>\n<meta property=\"og:type\" content=\"article\" \/>\n<meta property=\"og:title\" content=\"Engel der Himmlischen Harmonie - T\u00f6ne der Sch\u00f6pfung &amp; der H\u00f6heren Engel-Dimensionen &#8902; Lightflow Academy by Cecilia Sifontes\" \/>\n<meta property=\"og:description\" content=\"Dieser Kurs ist ein Geschenk der Engel der himmlischen Harmonie. Zum ersten Male in der Erdgeschichte steigen sie zur Menschheit ab und bieten neue Wege an, alles Leben zu harmonisieren. In den Meditationen dieses Albums werden sie dir mitteilen, was sie als Zukunft f\u00fcr die Menschheit und die Lichtarbeiter voraussehen.\" \/>\n<meta property=\"og:url\" content=\"https:\/\/lightflow.info\/de\/produkt\/toene-der-schoepfung-und-der-hoeheren-engel-dimensionen\/\" \/>\n<meta property=\"og:site_name\" content=\"Lightflow Academy by Cecilia Sifontes\" \/>\n<meta property=\"article:modified_time\" content=\"2026-01-22T22:20:56+00:00\" \/>\n<meta property=\"og:image\" content=\"https:\/\/lightflow.info\/wp-content\/uploads\/C5-SC4-P1-G_SIF62G-Engel-der-himmlischen-Harmonie.webp\" \/>\n\t<meta property=\"og:image:width\" content=\"800\" \/>\n\t<meta property=\"og:image:height\" content=\"800\" \/>\n\t<meta property=\"og:image:type\" content=\"image\/webp\" \/>\n<meta name=\"twitter:card\" content=\"summary_large_image\" \/>\n<meta name=\"twitter:label1\" content=\"Gesch\u00e4tzte Lesezeit\" \/>\n\t<meta name=\"twitter:data1\" content=\"2\u00a0Minuten\" \/>\n<script type=\"application\/ld+json\" class=\"yoast-schema-graph\">{\"@context\":\"https:\\\/\\\/schema.org\",\"@graph\":[{\"@type\":\"WebPage\",\"@id\":\"https:\\\/\\\/lightflow.info\\\/de\\\/produkt\\\/toene-der-schoepfung-und-der-hoeheren-engel-dimensionen\\\/\",\"url\":\"https:\\\/\\\/lightflow.info\\\/de\\\/produkt\\\/toene-der-schoepfung-und-der-hoeheren-engel-dimensionen\\\/\",\"name\":\"Engel der Himmlischen Harmonie - T\u00f6ne der Sch\u00f6pfung & der H\u00f6heren Engel-Dimensionen &#8902; Lightflow Academy by Cecilia Sifontes\",\"isPartOf\":{\"@id\":\"https:\\\/\\\/lightflow.info\\\/de\\\/#website\"},\"primaryImageOfPage\":{\"@id\":\"https:\\\/\\\/lightflow.info\\\/de\\\/produkt\\\/toene-der-schoepfung-und-der-hoeheren-engel-dimensionen\\\/#primaryimage\"},\"image\":{\"@id\":\"https:\\\/\\\/lightflow.info\\\/de\\\/produkt\\\/toene-der-schoepfung-und-der-hoeheren-engel-dimensionen\\\/#primaryimage\"},\"thumbnailUrl\":\"https:\\\/\\\/lightflow.info\\\/wp-content\\\/uploads\\\/C5-SC4-P1-G_SIF62G-Engel-der-himmlischen-Harmonie.webp\",\"datePublished\":\"2025-12-09T20:07:10+00:00\",\"dateModified\":\"2026-01-22T22:20:56+00:00\",\"breadcrumb\":{\"@id\":\"https:\\\/\\\/lightflow.info\\\/de\\\/produkt\\\/toene-der-schoepfung-und-der-hoeheren-engel-dimensionen\\\/#breadcrumb\"},\"inLanguage\":\"de\",\"potentialAction\":[{\"@type\":\"ReadAction\",\"target\":[\"https:\\\/\\\/lightflow.info\\\/de\\\/produkt\\\/toene-der-schoepfung-und-der-hoeheren-engel-dimensionen\\\/\"]}]},{\"@type\":\"ImageObject\",\"inLanguage\":\"de\",\"@id\":\"https:\\\/\\\/lightflow.info\\\/de\\\/produkt\\\/toene-der-schoepfung-und-der-hoeheren-engel-dimensionen\\\/#primaryimage\",\"url\":\"https:\\\/\\\/lightflow.info\\\/wp-content\\\/uploads\\\/C5-SC4-P1-G_SIF62G-Engel-der-himmlischen-Harmonie.webp\",\"contentUrl\":\"https:\\\/\\\/lightflow.info\\\/wp-content\\\/uploads\\\/C5-SC4-P1-G_SIF62G-Engel-der-himmlischen-Harmonie.webp\",\"width\":800,\"height\":800},{\"@type\":\"BreadcrumbList\",\"@id\":\"https:\\\/\\\/lightflow.info\\\/de\\\/produkt\\\/toene-der-schoepfung-und-der-hoeheren-engel-dimensionen\\\/#breadcrumb\",\"itemListElement\":[{\"@type\":\"ListItem\",\"position\":1,\"name\":\"Home\",\"item\":\"https:\\\/\\\/lightflow.info\\\/de\\\/\"},{\"@type\":\"ListItem\",\"position\":2,\"name\":\"Shop\",\"item\":\"https:\\\/\\\/lightflow.info\\\/de\\\/shop\\\/\"},{\"@type\":\"ListItem\",\"position\":3,\"name\":\"G\u00f6ttlicher Plan Meisterklassen\",\"item\":\"https:\\\/\\\/lightflow.info\\\/de\\\/kategorie\\\/goettlicher-plan-meisterklassen\\\/\"},{\"@type\":\"ListItem\",\"position\":4,\"name\":\"Meistertechniken f\u00fcr Lichtarbeiter\",\"item\":\"https:\\\/\\\/lightflow.info\\\/de\\\/kategorie\\\/goettlicher-plan-meisterklassen\\\/meistertechniken-fuer-lichtarbeiter\\\/\"},{\"@type\":\"ListItem\",\"position\":5,\"name\":\"Himmlische Harmonie\",\"item\":\"https:\\\/\\\/lightflow.info\\\/de\\\/kategorie\\\/goettlicher-plan-meisterklassen\\\/meistertechniken-fuer-lichtarbeiter\\\/himmlische-harmonie\\\/\"},{\"@type\":\"ListItem\",\"position\":6,\"name\":\"Engel der Himmlischen Harmonie &#8211; T\u00f6ne der Sch\u00f6pfung &#038; der H\u00f6heren Engel-Dimensionen\"}]},{\"@type\":\"WebSite\",\"@id\":\"https:\\\/\\\/lightflow.info\\\/de\\\/#website\",\"url\":\"https:\\\/\\\/lightflow.info\\\/de\\\/\",\"name\":\"Lightflow Academy by Cecilia Sifontes\",\"description\":\"Awakening Lightworkers and Masters\",\"alternateName\":\"Lightflow\",\"potentialAction\":[{\"@type\":\"SearchAction\",\"target\":{\"@type\":\"EntryPoint\",\"urlTemplate\":\"https:\\\/\\\/lightflow.info\\\/de\\\/?s={search_term_string}\"},\"query-input\":{\"@type\":\"PropertyValueSpecification\",\"valueRequired\":true,\"valueName\":\"search_term_string\"}}],\"inLanguage\":\"de\"}]}<\/script>\n<!-- \/ Yoast SEO plugin. -->","yoast_head_json":{"title":"Engel der Himmlischen Harmonie - T\u00f6ne der Sch\u00f6pfung & der H\u00f6heren Engel-Dimensionen &#8902; Lightflow Academy by Cecilia Sifontes","robots":{"index":"index","follow":"follow","max-snippet":"max-snippet:-1","max-image-preview":"max-image-preview:large","max-video-preview":"max-video-preview:-1"},"canonical":"https:\/\/lightflow.info\/de\/produkt\/toene-der-schoepfung-und-der-hoeheren-engel-dimensionen\/","og_locale":"de_DE","og_type":"article","og_title":"Engel der Himmlischen Harmonie - T\u00f6ne der Sch\u00f6pfung & der H\u00f6heren Engel-Dimensionen &#8902; Lightflow Academy by Cecilia Sifontes","og_description":"Dieser Kurs ist ein Geschenk der Engel der himmlischen Harmonie. Zum ersten Male in der Erdgeschichte steigen sie zur Menschheit ab und bieten neue Wege an, alles Leben zu harmonisieren. In den Meditationen dieses Albums werden sie dir mitteilen, was sie als Zukunft f\u00fcr die Menschheit und die Lichtarbeiter voraussehen.","og_url":"https:\/\/lightflow.info\/de\/produkt\/toene-der-schoepfung-und-der-hoeheren-engel-dimensionen\/","og_site_name":"Lightflow Academy by Cecilia Sifontes","article_modified_time":"2026-01-22T22:20:56+00:00","og_image":[{"width":800,"height":800,"url":"https:\/\/lightflow.info\/wp-content\/uploads\/C5-SC4-P1-G_SIF62G-Engel-der-himmlischen-Harmonie.webp","type":"image\/webp"}],"twitter_card":"summary_large_image","twitter_misc":{"Gesch\u00e4tzte Lesezeit":"2\u00a0Minuten"},"schema":{"@context":"https:\/\/schema.org","@graph":[{"@type":"WebPage","@id":"https:\/\/lightflow.info\/de\/produkt\/toene-der-schoepfung-und-der-hoeheren-engel-dimensionen\/","url":"https:\/\/lightflow.info\/de\/produkt\/toene-der-schoepfung-und-der-hoeheren-engel-dimensionen\/","name":"Engel der Himmlischen Harmonie - T\u00f6ne der Sch\u00f6pfung & der H\u00f6heren Engel-Dimensionen &#8902; Lightflow Academy by Cecilia Sifontes","isPartOf":{"@id":"https:\/\/lightflow.info\/de\/#website"},"primaryImageOfPage":{"@id":"https:\/\/lightflow.info\/de\/produkt\/toene-der-schoepfung-und-der-hoeheren-engel-dimensionen\/#primaryimage"},"image":{"@id":"https:\/\/lightflow.info\/de\/produkt\/toene-der-schoepfung-und-der-hoeheren-engel-dimensionen\/#primaryimage"},"thumbnailUrl":"https:\/\/lightflow.info\/wp-content\/uploads\/C5-SC4-P1-G_SIF62G-Engel-der-himmlischen-Harmonie.webp","datePublished":"2025-12-09T20:07:10+00:00","dateModified":"2026-01-22T22:20:56+00:00","breadcrumb":{"@id":"https:\/\/lightflow.info\/de\/produkt\/toene-der-schoepfung-und-der-hoeheren-engel-dimensionen\/#breadcrumb"},"inLanguage":"de","potentialAction":[{"@type":"ReadAction","target":["https:\/\/lightflow.info\/de\/produkt\/toene-der-schoepfung-und-der-hoeheren-engel-dimensionen\/"]}]},{"@type":"ImageObject","inLanguage":"de","@id":"https:\/\/lightflow.info\/de\/produkt\/toene-der-schoepfung-und-der-hoeheren-engel-dimensionen\/#primaryimage","url":"https:\/\/lightflow.info\/wp-content\/uploads\/C5-SC4-P1-G_SIF62G-Engel-der-himmlischen-Harmonie.webp","contentUrl":"https:\/\/lightflow.info\/wp-content\/uploads\/C5-SC4-P1-G_SIF62G-Engel-der-himmlischen-Harmonie.webp","width":800,"height":800},{"@type":"BreadcrumbList","@id":"https:\/\/lightflow.info\/de\/produkt\/toene-der-schoepfung-und-der-hoeheren-engel-dimensionen\/#breadcrumb","itemListElement":[{"@type":"ListItem","position":1,"name":"Home","item":"https:\/\/lightflow.info\/de\/"},{"@type":"ListItem","position":2,"name":"Shop","item":"https:\/\/lightflow.info\/de\/shop\/"},{"@type":"ListItem","position":3,"name":"G\u00f6ttlicher Plan Meisterklassen","item":"https:\/\/lightflow.info\/de\/kategorie\/goettlicher-plan-meisterklassen\/"},{"@type":"ListItem","position":4,"name":"Meistertechniken f\u00fcr Lichtarbeiter","item":"https:\/\/lightflow.info\/de\/kategorie\/goettlicher-plan-meisterklassen\/meistertechniken-fuer-lichtarbeiter\/"},{"@type":"ListItem","position":5,"name":"Himmlische Harmonie","item":"https:\/\/lightflow.info\/de\/kategorie\/goettlicher-plan-meisterklassen\/meistertechniken-fuer-lichtarbeiter\/himmlische-harmonie\/"},{"@type":"ListItem","position":6,"name":"Engel der Himmlischen Harmonie &#8211; T\u00f6ne der Sch\u00f6pfung &#038; der H\u00f6heren Engel-Dimensionen"}]},{"@type":"WebSite","@id":"https:\/\/lightflow.info\/de\/#website","url":"https:\/\/lightflow.info\/de\/","name":"Lightflow Academy by Cecilia Sifontes","description":"Awakening Lightworkers and Masters","alternateName":"Lightflow","potentialAction":[{"@type":"SearchAction","target":{"@type":"EntryPoint","urlTemplate":"https:\/\/lightflow.info\/de\/?s={search_term_string}"},"query-input":{"@type":"PropertyValueSpecification","valueRequired":true,"valueName":"search_term_string"}}],"inLanguage":"de"}]}},"_links":{"self":[{"href":"https:\/\/lightflow.info\/de\/wp-json\/wp\/v2\/product\/27468","targetHints":{"allow":["GET"]}}],"collection":[{"href":"https:\/\/lightflow.info\/de\/wp-json\/wp\/v2\/product"}],"about":[{"href":"https:\/\/lightflow.info\/de\/wp-json\/wp\/v2\/types\/product"}],"version-history":[{"count":0,"href":"https:\/\/lightflow.info\/de\/wp-json\/wp\/v2\/product\/27468\/revisions"}],"wp:featuredmedia":[{"embeddable":true,"href":"https:\/\/lightflow.info\/de\/wp-json\/wp\/v2\/media\/35906"}],"wp:attachment":[{"href":"https:\/\/lightflow.info\/de\/wp-json\/wp\/v2\/media?parent=27468"}],"wp:term":[{"taxonomy":"product_brand","embeddable":true,"href":"https:\/\/lightflow.info\/de\/wp-json\/wp\/v2\/product_brand?post=27468"},{"taxonomy":"product_cat","embeddable":true,"href":"https:\/\/lightflow.info\/de\/wp-json\/wp\/v2\/product_cat?post=27468"},{"taxonomy":"product_tag","embeddable":true,"href":"https:\/\/lightflow.info\/de\/wp-json\/wp\/v2\/product_tag?post=27468"}],"curies":[{"name":"wp","href":"https:\/\/api.w.org\/{rel}","templated":true}]}}