{"id":27471,"date":"2025-12-09T22:01:59","date_gmt":"2025-12-09T21:01:59","guid":{"rendered":"https:\/\/lightflow.info\/?post_type=product&#038;p=27471"},"modified":"2026-01-22T23:30:56","modified_gmt":"2026-01-22T22:30:56","slug":"die-zukunft-der-menschheit-neu-programmieren-himmlische-harmonie-fuer-weltendiener-1","status":"publish","type":"product","link":"https:\/\/lightflow.info\/de\/produkt\/die-zukunft-der-menschheit-neu-programmieren-himmlische-harmonie-fuer-weltendiener-1\/","title":{"rendered":"Die Zukunft der Menschheit neu programmieren \u2013 Himmlische Harmonie f\u00fcr Weltendiener 1"},"content":{"rendered":"<p><strong>Welche Schl\u00fcsselerlebnisse kannst du erwarten?<\/strong><\/p>\n<p>\u2022 Bewusstsein und Erleuchtung in der Welt inspirieren<br \/>\n\u2022 Spirituelle Verbindungen durch die Zeit harmonisieren<br \/>\n\u2022 Erforsche die Dimensionen der Seelens\u00e4ulen<br \/>\n\u2022 Erbaue das Licht f\u00fcr helle, zuk\u00fcnftige Ereignisse in der Atmosph\u00e4re<br \/>\n\u2022 Vorbereitung, mit vielen Wesen zusammen zu arbeiten<br \/>\n\u2022 Erschaffe Transparenz f\u00fcr zuk\u00fcnftige Umst\u00e4nde<br \/>\n\u2022 Siegel in der Inneren Erde aufl\u00f6sen<br \/>\n\u2022 Das zuk\u00fcnftige Netz der Kommunikation<br \/>\n\u2022 Erbaue eine ellipsoide Struktur f\u00fcr helles Bewusstsein, Klarheit und Pr\u00e4zision<br \/>\n\u2022 \u00dcbertrage kristalline Lichtstrukturen in die innere Erde<br \/>\n\u2022 Erschaffe eine Spirale kristallinen Lichts mit einem Wesen der inneren Erde<br \/>\n\u2022 Erschaffe Transparenz gegen\u00fcber Umst\u00e4nden f\u00fcr die Menschheit gemeinsam mit den Seelens\u00e4ulen<br \/>\n\u2022 R\u00e4der hellen Bewusstseins<br \/>\n\u2022 Ver\u00e4nderung der Richtung der Zukunft<br \/>\n\u2022 Aktivierung der g\u00f6ttlichen Antwort f\u00fcr Stille<br \/>\n\u2022 Die Stufe des Weltendienstes erh\u00f6hen<br \/>\n\u2022 Umprogrammierung der Seelens\u00e4ulen f\u00fcr eine Evolution, die Allen zu Gute kommt<br \/>\n\u2022 Umprogrammierung des kristallinen Gewahrseins der inneren Erde<br \/>\n\u2022 Direkte Kommunikationsverbindung zum Gr\u00f6\u00dferen Selbst<\/p>\n<p><strong>Dieser Kurs beinhaltet 25 gef\u00fchrte Meditation auf Englisch mit konsekutiver deutscher \u00dcbersetzung. Enthaltene Meditationen:<\/strong><\/p>\n<p>01 Bewusstsein und Erleuchtung in der Welt inspirieren<br \/>\n02 Spirituelle Verbindungen durch die Zeit hindurch harmonisieren<br \/>\n03 Erkundung der Dimension der Seelens\u00e4ulen<br \/>\n04 Das Licht heller zuk\u00fcnftiger Ereignisse in die Atmosph\u00e4re einbauen<br \/>\n05 Deinen spirituellen Partner f\u00fcr diese Arbeit kennen lernen<br \/>\n06 Vorbereitung auf die Zusammenarbeit mit vielen Wesen<br \/>\n07 Erschaffung von Transparenz f\u00fcr zuk\u00fcnftige Umst\u00e4nde<br \/>\n08 Siegel in der inneren Erde aufl\u00f6sen<br \/>\n09 Das zuk\u00fcnftige Gitter der Kommunikation<br \/>\n10 Aufbau einer elipsioden Struktur hellen Bewusstseins, der Klarheit und Pr\u00e4zision<br \/>\n11 \u00fcbertragung kristalliner Lichtstrukturen an die innere Erde<br \/>\n12 Erschaffung einer Spirale kristallinen Lichts mit einem Wesen der inneren Erde<br \/>\n13 Betrachte, was du bisher erschaffen hast<br \/>\n14 Erschaffung von Transparenzen f\u00fcr die Menschheit zusammen mit den Seelens\u00e4ulen<br \/>\n15 R\u00e4der hellen Bewusstseins<br \/>\n16 Die Richtung der Zukunft \u00e4ndern<br \/>\n17 Aktivierung einer g\u00f6ttlichen Antwort auf Stille<br \/>\n18 Das Ausmass an Weltendienst erh\u00f6hen<br \/>\n19 Die Seelens\u00e4ulen f\u00fcr eine Evolution umprogrammieren, die allen zugute kommt<br \/>\n20 Aufbau eines Filters, w\u00e4hrend die Engel daf\u00fcr singen<br \/>\n21 Neuprogrammierung des kristallinen Gewahrseins der inneren Erde<br \/>\n22 Direkte Kommunikationsverbindung mit dem gr\u00f6sseren Selbst<br \/>\n23 Vertiefe die Wirkungen dieser Meditationen<br \/>\n24 Bewusstsein anheben<br \/>\n25 Abschlussmeditation<\/p>\n","protected":false},"excerpt":{"rendered":"<p>Die Meditationen in diesem wichtigen Album sind dazu gemacht, die Seelens\u00e4ulen der Menschheit f\u00fcr eine Evolution umzuprogrammieren, die Allen und allem Leben auf der Erde zu Gute kommen. W\u00e4hrend du zuh\u00f6rst, wirst du dich mit vielen hohen Wesen verbinden, die durch dich arbeiten werden, um Harmonie innerhalb des Erdgitters zu erschaffen. Du wirst lernen, wie du Transparenz entwickelst, um unbeeinflusst von \u00e4usseren Einfl\u00fcssen zu sein. Du wirst auch helles Bewusstsein entwickeln. Weiters wirst du dich mit den Wesen der inneren Erde verbinden und mit ihnen zusammenarbeiten, um ein stabiles, kristallines Gitternetz im Erdinneren zu erschaffen.<\/p>\n","protected":false},"featured_media":35907,"template":"","meta":{"_acf_changed":false,"ocean_post_layout":"","ocean_both_sidebars_style":"","ocean_both_sidebars_content_width":0,"ocean_both_sidebars_sidebars_width":0,"ocean_sidebar":"0","ocean_second_sidebar":"0","ocean_disable_margins":"enable","ocean_add_body_class":"","ocean_shortcode_before_top_bar":"","ocean_shortcode_after_top_bar":"","ocean_shortcode_before_header":"","ocean_shortcode_after_header":"","ocean_has_shortcode":"","ocean_shortcode_after_title":"","ocean_shortcode_before_footer_widgets":"","ocean_shortcode_after_footer_widgets":"","ocean_shortcode_before_footer_bottom":"","ocean_shortcode_after_footer_bottom":"","ocean_display_top_bar":"default","ocean_display_header":"default","ocean_header_style":"","ocean_center_header_left_menu":"0","ocean_custom_header_template":"0","ocean_custom_logo":0,"ocean_custom_retina_logo":0,"ocean_custom_logo_max_width":0,"ocean_custom_logo_tablet_max_width":0,"ocean_custom_logo_mobile_max_width":0,"ocean_custom_logo_max_height":0,"ocean_custom_logo_tablet_max_height":0,"ocean_custom_logo_mobile_max_height":0,"ocean_header_custom_menu":"0","ocean_menu_typo_font_family":"0","ocean_menu_typo_font_subset":"","ocean_menu_typo_font_size":0,"ocean_menu_typo_font_size_tablet":0,"ocean_menu_typo_font_size_mobile":0,"ocean_menu_typo_font_size_unit":"px","ocean_menu_typo_font_weight":"","ocean_menu_typo_font_weight_tablet":"","ocean_menu_typo_font_weight_mobile":"","ocean_menu_typo_transform":"","ocean_menu_typo_transform_tablet":"","ocean_menu_typo_transform_mobile":"","ocean_menu_typo_line_height":0,"ocean_menu_typo_line_height_tablet":0,"ocean_menu_typo_line_height_mobile":0,"ocean_menu_typo_line_height_unit":"","ocean_menu_typo_spacing":0,"ocean_menu_typo_spacing_tablet":0,"ocean_menu_typo_spacing_mobile":0,"ocean_menu_typo_spacing_unit":"","ocean_menu_link_color":"","ocean_menu_link_color_hover":"","ocean_menu_link_color_active":"","ocean_menu_link_background":"","ocean_menu_link_hover_background":"","ocean_menu_link_active_background":"","ocean_menu_social_links_bg":"","ocean_menu_social_hover_links_bg":"","ocean_menu_social_links_color":"","ocean_menu_social_hover_links_color":"","ocean_disable_title":"default","ocean_disable_heading":"default","ocean_post_title":"","ocean_post_subheading":"","ocean_post_title_style":"","ocean_post_title_background_color":"","ocean_post_title_background":0,"ocean_post_title_bg_image_position":"","ocean_post_title_bg_image_attachment":"","ocean_post_title_bg_image_repeat":"","ocean_post_title_bg_image_size":"","ocean_post_title_height":0,"ocean_post_title_bg_overlay":0.5,"ocean_post_title_bg_overlay_color":"","ocean_disable_breadcrumbs":"default","ocean_breadcrumbs_color":"","ocean_breadcrumbs_separator_color":"","ocean_breadcrumbs_links_color":"","ocean_breadcrumbs_links_hover_color":"","ocean_display_footer_widgets":"default","ocean_display_footer_bottom":"default","ocean_custom_footer_template":"0"},"product_brand":[],"product_cat":[103],"product_tag":[],"class_list":{"0":"post-27471","1":"product","2":"type-product","3":"status-publish","4":"has-post-thumbnail","6":"product_cat-himmlische-harmonie","8":"entry","9":"has-media","11":"first","12":"instock","13":"downloadable","14":"virtual","15":"purchasable","16":"product-type-simple","17":"col","18":"span_1_of_3","19":"owp-content-center","20":"item-entry","21":"owp-thumbs-layout-horizontal","22":"owp-btn-normal","23":"owp-tabs-layout-section","24":"has-no-thumbnails","25":"circle-sale"},"acf":[],"yoast_head":"<!-- This site is optimized with the Yoast SEO plugin v27.5 - https:\/\/yoast.com\/product\/yoast-seo-wordpress\/ -->\n<title>Die Zukunft der Menschheit neu programmieren \u2013 Himmlische Harmonie f\u00fcr Weltendiener 1 &#8902; Lightflow Academy by Cecilia Sifontes<\/title>\n<meta name=\"robots\" content=\"index, follow, max-snippet:-1, max-image-preview:large, max-video-preview:-1\" \/>\n<link rel=\"canonical\" href=\"https:\/\/lightflow.info\/de\/produkt\/die-zukunft-der-menschheit-neu-programmieren-himmlische-harmonie-fuer-weltendiener-1\/\" \/>\n<meta property=\"og:locale\" content=\"de_DE\" \/>\n<meta property=\"og:type\" content=\"article\" \/>\n<meta property=\"og:title\" content=\"Die Zukunft der Menschheit neu programmieren \u2013 Himmlische Harmonie f\u00fcr Weltendiener 1 &#8902; Lightflow Academy by Cecilia Sifontes\" \/>\n<meta property=\"og:description\" content=\"Die Meditationen in diesem wichtigen Album sind dazu gemacht, die Seelens\u00e4ulen der Menschheit f\u00fcr eine Evolution umzuprogrammieren, die Allen und allem Leben auf der Erde zu Gute kommen. W\u00e4hrend du zuh\u00f6rst, wirst du dich mit vielen hohen Wesen verbinden, die durch dich arbeiten werden, um Harmonie innerhalb des Erdgitters zu erschaffen. Du wirst lernen, wie du Transparenz entwickelst, um unbeeinflusst von \u00e4usseren Einfl\u00fcssen zu sein. Du wirst auch helles Bewusstsein entwickeln. Weiters wirst du dich mit den Wesen der inneren Erde verbinden und mit ihnen zusammenarbeiten, um ein stabiles, kristallines Gitternetz im Erdinneren zu erschaffen.\" \/>\n<meta property=\"og:url\" content=\"https:\/\/lightflow.info\/de\/produkt\/die-zukunft-der-menschheit-neu-programmieren-himmlische-harmonie-fuer-weltendiener-1\/\" \/>\n<meta property=\"og:site_name\" content=\"Lightflow Academy by Cecilia Sifontes\" \/>\n<meta property=\"article:modified_time\" content=\"2026-01-22T22:30:56+00:00\" \/>\n<meta property=\"og:image\" content=\"https:\/\/lightflow.info\/wp-content\/uploads\/C5-SC4-P2-G_SIF67G-Himmlische-Harmonie-fuer-Weltendiener-I.webp\" \/>\n\t<meta property=\"og:image:width\" content=\"800\" \/>\n\t<meta property=\"og:image:height\" content=\"800\" \/>\n\t<meta property=\"og:image:type\" content=\"image\/webp\" \/>\n<meta name=\"twitter:card\" content=\"summary_large_image\" \/>\n<meta name=\"twitter:label1\" content=\"Gesch\u00e4tzte Lesezeit\" \/>\n\t<meta name=\"twitter:data1\" content=\"2\u00a0Minuten\" \/>\n<script type=\"application\/ld+json\" class=\"yoast-schema-graph\">{\"@context\":\"https:\\\/\\\/schema.org\",\"@graph\":[{\"@type\":\"WebPage\",\"@id\":\"https:\\\/\\\/lightflow.info\\\/de\\\/produkt\\\/die-zukunft-der-menschheit-neu-programmieren-himmlische-harmonie-fuer-weltendiener-1\\\/\",\"url\":\"https:\\\/\\\/lightflow.info\\\/de\\\/produkt\\\/die-zukunft-der-menschheit-neu-programmieren-himmlische-harmonie-fuer-weltendiener-1\\\/\",\"name\":\"Die Zukunft der Menschheit neu programmieren \u2013 Himmlische Harmonie f\u00fcr Weltendiener 1 &#8902; Lightflow Academy by Cecilia Sifontes\",\"isPartOf\":{\"@id\":\"https:\\\/\\\/lightflow.info\\\/de\\\/#website\"},\"primaryImageOfPage\":{\"@id\":\"https:\\\/\\\/lightflow.info\\\/de\\\/produkt\\\/die-zukunft-der-menschheit-neu-programmieren-himmlische-harmonie-fuer-weltendiener-1\\\/#primaryimage\"},\"image\":{\"@id\":\"https:\\\/\\\/lightflow.info\\\/de\\\/produkt\\\/die-zukunft-der-menschheit-neu-programmieren-himmlische-harmonie-fuer-weltendiener-1\\\/#primaryimage\"},\"thumbnailUrl\":\"https:\\\/\\\/lightflow.info\\\/wp-content\\\/uploads\\\/C5-SC4-P2-G_SIF67G-Himmlische-Harmonie-fuer-Weltendiener-I.webp\",\"datePublished\":\"2025-12-09T21:01:59+00:00\",\"dateModified\":\"2026-01-22T22:30:56+00:00\",\"breadcrumb\":{\"@id\":\"https:\\\/\\\/lightflow.info\\\/de\\\/produkt\\\/die-zukunft-der-menschheit-neu-programmieren-himmlische-harmonie-fuer-weltendiener-1\\\/#breadcrumb\"},\"inLanguage\":\"de\",\"potentialAction\":[{\"@type\":\"ReadAction\",\"target\":[\"https:\\\/\\\/lightflow.info\\\/de\\\/produkt\\\/die-zukunft-der-menschheit-neu-programmieren-himmlische-harmonie-fuer-weltendiener-1\\\/\"]}]},{\"@type\":\"ImageObject\",\"inLanguage\":\"de\",\"@id\":\"https:\\\/\\\/lightflow.info\\\/de\\\/produkt\\\/die-zukunft-der-menschheit-neu-programmieren-himmlische-harmonie-fuer-weltendiener-1\\\/#primaryimage\",\"url\":\"https:\\\/\\\/lightflow.info\\\/wp-content\\\/uploads\\\/C5-SC4-P2-G_SIF67G-Himmlische-Harmonie-fuer-Weltendiener-I.webp\",\"contentUrl\":\"https:\\\/\\\/lightflow.info\\\/wp-content\\\/uploads\\\/C5-SC4-P2-G_SIF67G-Himmlische-Harmonie-fuer-Weltendiener-I.webp\",\"width\":800,\"height\":800},{\"@type\":\"BreadcrumbList\",\"@id\":\"https:\\\/\\\/lightflow.info\\\/de\\\/produkt\\\/die-zukunft-der-menschheit-neu-programmieren-himmlische-harmonie-fuer-weltendiener-1\\\/#breadcrumb\",\"itemListElement\":[{\"@type\":\"ListItem\",\"position\":1,\"name\":\"Home\",\"item\":\"https:\\\/\\\/lightflow.info\\\/de\\\/\"},{\"@type\":\"ListItem\",\"position\":2,\"name\":\"Shop\",\"item\":\"https:\\\/\\\/lightflow.info\\\/de\\\/shop\\\/\"},{\"@type\":\"ListItem\",\"position\":3,\"name\":\"G\u00f6ttlicher Plan Meisterklassen\",\"item\":\"https:\\\/\\\/lightflow.info\\\/de\\\/kategorie\\\/goettlicher-plan-meisterklassen\\\/\"},{\"@type\":\"ListItem\",\"position\":4,\"name\":\"Meistertechniken f\u00fcr Lichtarbeiter\",\"item\":\"https:\\\/\\\/lightflow.info\\\/de\\\/kategorie\\\/goettlicher-plan-meisterklassen\\\/meistertechniken-fuer-lichtarbeiter\\\/\"},{\"@type\":\"ListItem\",\"position\":5,\"name\":\"Himmlische Harmonie\",\"item\":\"https:\\\/\\\/lightflow.info\\\/de\\\/kategorie\\\/goettlicher-plan-meisterklassen\\\/meistertechniken-fuer-lichtarbeiter\\\/himmlische-harmonie\\\/\"},{\"@type\":\"ListItem\",\"position\":6,\"name\":\"Die Zukunft der Menschheit neu programmieren \u2013 Himmlische Harmonie f\u00fcr Weltendiener 1\"}]},{\"@type\":\"WebSite\",\"@id\":\"https:\\\/\\\/lightflow.info\\\/de\\\/#website\",\"url\":\"https:\\\/\\\/lightflow.info\\\/de\\\/\",\"name\":\"Lightflow Academy by Cecilia Sifontes\",\"description\":\"Awakening Lightworkers and Masters\",\"alternateName\":\"Lightflow\",\"potentialAction\":[{\"@type\":\"SearchAction\",\"target\":{\"@type\":\"EntryPoint\",\"urlTemplate\":\"https:\\\/\\\/lightflow.info\\\/de\\\/?s={search_term_string}\"},\"query-input\":{\"@type\":\"PropertyValueSpecification\",\"valueRequired\":true,\"valueName\":\"search_term_string\"}}],\"inLanguage\":\"de\"}]}<\/script>\n<!-- \/ Yoast SEO plugin. -->","yoast_head_json":{"title":"Die Zukunft der Menschheit neu programmieren \u2013 Himmlische Harmonie f\u00fcr Weltendiener 1 &#8902; Lightflow Academy by Cecilia Sifontes","robots":{"index":"index","follow":"follow","max-snippet":"max-snippet:-1","max-image-preview":"max-image-preview:large","max-video-preview":"max-video-preview:-1"},"canonical":"https:\/\/lightflow.info\/de\/produkt\/die-zukunft-der-menschheit-neu-programmieren-himmlische-harmonie-fuer-weltendiener-1\/","og_locale":"de_DE","og_type":"article","og_title":"Die Zukunft der Menschheit neu programmieren \u2013 Himmlische Harmonie f\u00fcr Weltendiener 1 &#8902; Lightflow Academy by Cecilia Sifontes","og_description":"Die Meditationen in diesem wichtigen Album sind dazu gemacht, die Seelens\u00e4ulen der Menschheit f\u00fcr eine Evolution umzuprogrammieren, die Allen und allem Leben auf der Erde zu Gute kommen. W\u00e4hrend du zuh\u00f6rst, wirst du dich mit vielen hohen Wesen verbinden, die durch dich arbeiten werden, um Harmonie innerhalb des Erdgitters zu erschaffen. Du wirst lernen, wie du Transparenz entwickelst, um unbeeinflusst von \u00e4usseren Einfl\u00fcssen zu sein. Du wirst auch helles Bewusstsein entwickeln. Weiters wirst du dich mit den Wesen der inneren Erde verbinden und mit ihnen zusammenarbeiten, um ein stabiles, kristallines Gitternetz im Erdinneren zu erschaffen.","og_url":"https:\/\/lightflow.info\/de\/produkt\/die-zukunft-der-menschheit-neu-programmieren-himmlische-harmonie-fuer-weltendiener-1\/","og_site_name":"Lightflow Academy by Cecilia Sifontes","article_modified_time":"2026-01-22T22:30:56+00:00","og_image":[{"width":800,"height":800,"url":"https:\/\/lightflow.info\/wp-content\/uploads\/C5-SC4-P2-G_SIF67G-Himmlische-Harmonie-fuer-Weltendiener-I.webp","type":"image\/webp"}],"twitter_card":"summary_large_image","twitter_misc":{"Gesch\u00e4tzte Lesezeit":"2\u00a0Minuten"},"schema":{"@context":"https:\/\/schema.org","@graph":[{"@type":"WebPage","@id":"https:\/\/lightflow.info\/de\/produkt\/die-zukunft-der-menschheit-neu-programmieren-himmlische-harmonie-fuer-weltendiener-1\/","url":"https:\/\/lightflow.info\/de\/produkt\/die-zukunft-der-menschheit-neu-programmieren-himmlische-harmonie-fuer-weltendiener-1\/","name":"Die Zukunft der Menschheit neu programmieren \u2013 Himmlische Harmonie f\u00fcr Weltendiener 1 &#8902; Lightflow Academy by Cecilia Sifontes","isPartOf":{"@id":"https:\/\/lightflow.info\/de\/#website"},"primaryImageOfPage":{"@id":"https:\/\/lightflow.info\/de\/produkt\/die-zukunft-der-menschheit-neu-programmieren-himmlische-harmonie-fuer-weltendiener-1\/#primaryimage"},"image":{"@id":"https:\/\/lightflow.info\/de\/produkt\/die-zukunft-der-menschheit-neu-programmieren-himmlische-harmonie-fuer-weltendiener-1\/#primaryimage"},"thumbnailUrl":"https:\/\/lightflow.info\/wp-content\/uploads\/C5-SC4-P2-G_SIF67G-Himmlische-Harmonie-fuer-Weltendiener-I.webp","datePublished":"2025-12-09T21:01:59+00:00","dateModified":"2026-01-22T22:30:56+00:00","breadcrumb":{"@id":"https:\/\/lightflow.info\/de\/produkt\/die-zukunft-der-menschheit-neu-programmieren-himmlische-harmonie-fuer-weltendiener-1\/#breadcrumb"},"inLanguage":"de","potentialAction":[{"@type":"ReadAction","target":["https:\/\/lightflow.info\/de\/produkt\/die-zukunft-der-menschheit-neu-programmieren-himmlische-harmonie-fuer-weltendiener-1\/"]}]},{"@type":"ImageObject","inLanguage":"de","@id":"https:\/\/lightflow.info\/de\/produkt\/die-zukunft-der-menschheit-neu-programmieren-himmlische-harmonie-fuer-weltendiener-1\/#primaryimage","url":"https:\/\/lightflow.info\/wp-content\/uploads\/C5-SC4-P2-G_SIF67G-Himmlische-Harmonie-fuer-Weltendiener-I.webp","contentUrl":"https:\/\/lightflow.info\/wp-content\/uploads\/C5-SC4-P2-G_SIF67G-Himmlische-Harmonie-fuer-Weltendiener-I.webp","width":800,"height":800},{"@type":"BreadcrumbList","@id":"https:\/\/lightflow.info\/de\/produkt\/die-zukunft-der-menschheit-neu-programmieren-himmlische-harmonie-fuer-weltendiener-1\/#breadcrumb","itemListElement":[{"@type":"ListItem","position":1,"name":"Home","item":"https:\/\/lightflow.info\/de\/"},{"@type":"ListItem","position":2,"name":"Shop","item":"https:\/\/lightflow.info\/de\/shop\/"},{"@type":"ListItem","position":3,"name":"G\u00f6ttlicher Plan Meisterklassen","item":"https:\/\/lightflow.info\/de\/kategorie\/goettlicher-plan-meisterklassen\/"},{"@type":"ListItem","position":4,"name":"Meistertechniken f\u00fcr Lichtarbeiter","item":"https:\/\/lightflow.info\/de\/kategorie\/goettlicher-plan-meisterklassen\/meistertechniken-fuer-lichtarbeiter\/"},{"@type":"ListItem","position":5,"name":"Himmlische Harmonie","item":"https:\/\/lightflow.info\/de\/kategorie\/goettlicher-plan-meisterklassen\/meistertechniken-fuer-lichtarbeiter\/himmlische-harmonie\/"},{"@type":"ListItem","position":6,"name":"Die Zukunft der Menschheit neu programmieren \u2013 Himmlische Harmonie f\u00fcr Weltendiener 1"}]},{"@type":"WebSite","@id":"https:\/\/lightflow.info\/de\/#website","url":"https:\/\/lightflow.info\/de\/","name":"Lightflow Academy by Cecilia Sifontes","description":"Awakening Lightworkers and Masters","alternateName":"Lightflow","potentialAction":[{"@type":"SearchAction","target":{"@type":"EntryPoint","urlTemplate":"https:\/\/lightflow.info\/de\/?s={search_term_string}"},"query-input":{"@type":"PropertyValueSpecification","valueRequired":true,"valueName":"search_term_string"}}],"inLanguage":"de"}]}},"_links":{"self":[{"href":"https:\/\/lightflow.info\/de\/wp-json\/wp\/v2\/product\/27471","targetHints":{"allow":["GET"]}}],"collection":[{"href":"https:\/\/lightflow.info\/de\/wp-json\/wp\/v2\/product"}],"about":[{"href":"https:\/\/lightflow.info\/de\/wp-json\/wp\/v2\/types\/product"}],"version-history":[{"count":0,"href":"https:\/\/lightflow.info\/de\/wp-json\/wp\/v2\/product\/27471\/revisions"}],"wp:featuredmedia":[{"embeddable":true,"href":"https:\/\/lightflow.info\/de\/wp-json\/wp\/v2\/media\/35907"}],"wp:attachment":[{"href":"https:\/\/lightflow.info\/de\/wp-json\/wp\/v2\/media?parent=27471"}],"wp:term":[{"taxonomy":"product_brand","embeddable":true,"href":"https:\/\/lightflow.info\/de\/wp-json\/wp\/v2\/product_brand?post=27471"},{"taxonomy":"product_cat","embeddable":true,"href":"https:\/\/lightflow.info\/de\/wp-json\/wp\/v2\/product_cat?post=27471"},{"taxonomy":"product_tag","embeddable":true,"href":"https:\/\/lightflow.info\/de\/wp-json\/wp\/v2\/product_tag?post=27471"}],"curies":[{"name":"wp","href":"https:\/\/api.w.org\/{rel}","templated":true}]}}