{"id":28809,"date":"2025-12-09T21:16:15","date_gmt":"2025-12-09T20:16:15","guid":{"rendered":"https:\/\/lightflow.info\/?post_type=product&#038;p=28809"},"modified":"2026-01-23T20:14:38","modified_gmt":"2026-01-23T19:14:38","slug":"teil-2-heilung-durch-das-hologramm","status":"publish","type":"product","link":"https:\/\/lightflow.info\/de\/produkt\/teil-2-heilung-durch-das-hologramm\/","title":{"rendered":"Teil 2: Heilung durch das Hologramm"},"content":{"rendered":"<p><strong>Welche Schl\u00fcsselerlebnisse kannst du erwarten:<\/strong><\/p>\n<p>\u2022 Solares Licht und solares Bewusstsein \u2013 Vermischung mit dem Zentrumspunkt des Einsseins<br \/>\n\u2022 Das Selbst aus unterschiedlichen Perspektiven des Lebens sehen<br \/>\n\u2022 Besuch eines Wesens, welches unsere Universen verbindet<br \/>\n\u2022 Sexualit\u00e4t der Zukunft<br \/>\n\u2022 Rufe g\u00f6ttliche Sexualit\u00e4t in dein gr\u00f6sseres, physisches Selbst<br \/>\n\u2022 \u00dcbertragung an jede Sequenz an Inkarnationen deiner Seele<br \/>\n\u2022 Erhalte &amp; \u00fcbertrage Information \u00fcber die Evolution der Arten, die auf planetaren K\u00f6rpern leben<br \/>\n\u2022 Erkunde physisches Leben ohne Seele, Quelle, usw.<br \/>\n\u2022 Erkunde &amp; manifestiere deinen Seelenzweck, erhalte Unterst\u00fctzung von vielen Quellen von ausserhalb unserer Existenz<br \/>\n\u2022 Heilung deiner Sequenz &amp; tieferer Abstieg deiner Seele<br \/>\n\u2022 Erhalte eine \u00dcbertragung deines Seelenzwecks<br \/>\n\u2022 Verankerung der Einpr\u00e4gung des Hologramms deiner Seele<br \/>\n\u2022 \u00dcbersetzung des n\u00e4chsten Schritts in der Manifestierung dieser Einpr\u00e4gung<br \/>\n\u2022 Der holographische Abstieg deiner Seele<\/p>\n<p><strong>Dieser Kurs beinhaltet 15 gef\u00fchrte Meditation auf Englisch mit konsekutiver deutscher \u00dcbersetzung. Enthaltene Meditationen:<\/strong><\/p>\n<p>01 Einf\u00fchrung Unsere Reise mit den Geistigen f\u00fchrern<br \/>\n02 Solares Licht &amp; Bewusstsein, Vermischung mit dem Zentrumspunkt des Einsseins<br \/>\n03 Das Selbst aus unterschiedlichen Lebensperspektiven betrachten<br \/>\n04 Das Wesen besuchen, das Universen verbindet<br \/>\n05 Die Sexualit\u00e4t der Zukunft<br \/>\n06 G\u00f6ttliche Sexualit\u00e4t in das gesamte gr\u00f6ssere, physische Selbst rufen<br \/>\n07 An jede Sequenz deiner Seeleninkarnationen \u00fcbertragen<br \/>\n08 Informationen zur Evolution der Arten auf planetaren Himmelsk\u00f6rpern erhalten und \u00fcbetragen<br \/>\n09 Physisches Leben ohne Seele, Quelle usw. erforschen<br \/>\n10 Seelenzweck erforschen und manifestieren<br \/>\n11 Deine Sequenz heilen &amp; tieferer Abstieg deiner Seele<br \/>\n12 \u00dcbertragung von Seelenzweck<br \/>\n13 Die Einpr\u00e4gung des Hologramms deiner Seele verankern<br \/>\n14 Die n\u00e4chsten Schritte der Manifestierung dieser Einpr\u00e4gung \u00fcbersetzen<br \/>\n15 Der holografische Abstieg deiner Seele<\/p>\n","protected":false},"excerpt":{"rendered":"<p>Welche Schl\u00fcsselerlebnisse kannst du erwarten: \u2022 Solares Licht und solares Bewusstsein \u2013 Vermischung mit dem Zentrumspunkt des Einsseins \u2022 Das Selbst aus unterschiedlichen Perspektiven des Lebens sehen \u2022 Besuch eines Wesens, welches unsere Universen verbindet \u2022 Sexualit\u00e4t der Zukunft \u2022 Rufe g\u00f6ttliche Sexualit\u00e4t in dein gr\u00f6sseres, physisches Selbst \u2022 \u00dcbertragung an jede Sequenz an Inkarnationen [&hellip;]<\/p>\n","protected":false},"featured_media":36027,"template":"","meta":{"_acf_changed":false,"ocean_post_layout":"","ocean_both_sidebars_style":"","ocean_both_sidebars_content_width":0,"ocean_both_sidebars_sidebars_width":0,"ocean_sidebar":"0","ocean_second_sidebar":"0","ocean_disable_margins":"enable","ocean_add_body_class":"","ocean_shortcode_before_top_bar":"","ocean_shortcode_after_top_bar":"","ocean_shortcode_before_header":"","ocean_shortcode_after_header":"","ocean_has_shortcode":"","ocean_shortcode_after_title":"","ocean_shortcode_before_footer_widgets":"","ocean_shortcode_after_footer_widgets":"","ocean_shortcode_before_footer_bottom":"","ocean_shortcode_after_footer_bottom":"","ocean_display_top_bar":"default","ocean_display_header":"default","ocean_header_style":"","ocean_center_header_left_menu":"0","ocean_custom_header_template":"0","ocean_custom_logo":0,"ocean_custom_retina_logo":0,"ocean_custom_logo_max_width":0,"ocean_custom_logo_tablet_max_width":0,"ocean_custom_logo_mobile_max_width":0,"ocean_custom_logo_max_height":0,"ocean_custom_logo_tablet_max_height":0,"ocean_custom_logo_mobile_max_height":0,"ocean_header_custom_menu":"0","ocean_menu_typo_font_family":"0","ocean_menu_typo_font_subset":"","ocean_menu_typo_font_size":0,"ocean_menu_typo_font_size_tablet":0,"ocean_menu_typo_font_size_mobile":0,"ocean_menu_typo_font_size_unit":"px","ocean_menu_typo_font_weight":"","ocean_menu_typo_font_weight_tablet":"","ocean_menu_typo_font_weight_mobile":"","ocean_menu_typo_transform":"","ocean_menu_typo_transform_tablet":"","ocean_menu_typo_transform_mobile":"","ocean_menu_typo_line_height":0,"ocean_menu_typo_line_height_tablet":0,"ocean_menu_typo_line_height_mobile":0,"ocean_menu_typo_line_height_unit":"","ocean_menu_typo_spacing":0,"ocean_menu_typo_spacing_tablet":0,"ocean_menu_typo_spacing_mobile":0,"ocean_menu_typo_spacing_unit":"","ocean_menu_link_color":"","ocean_menu_link_color_hover":"","ocean_menu_link_color_active":"","ocean_menu_link_background":"","ocean_menu_link_hover_background":"","ocean_menu_link_active_background":"","ocean_menu_social_links_bg":"","ocean_menu_social_hover_links_bg":"","ocean_menu_social_links_color":"","ocean_menu_social_hover_links_color":"","ocean_disable_title":"default","ocean_disable_heading":"default","ocean_post_title":"","ocean_post_subheading":"","ocean_post_title_style":"","ocean_post_title_background_color":"","ocean_post_title_background":0,"ocean_post_title_bg_image_position":"","ocean_post_title_bg_image_attachment":"","ocean_post_title_bg_image_repeat":"","ocean_post_title_bg_image_size":"","ocean_post_title_height":0,"ocean_post_title_bg_overlay":0.5,"ocean_post_title_bg_overlay_color":"","ocean_disable_breadcrumbs":"default","ocean_breadcrumbs_color":"","ocean_breadcrumbs_separator_color":"","ocean_breadcrumbs_links_color":"","ocean_breadcrumbs_links_hover_color":"","ocean_display_footer_widgets":"default","ocean_display_footer_bottom":"default","ocean_custom_footer_template":"0"},"product_brand":[],"product_cat":[107],"product_tag":[],"class_list":{"0":"post-28809","1":"product","2":"type-product","3":"status-publish","4":"has-post-thumbnail","6":"product_cat-botschaften-der-seele-der-menschheit","8":"entry","9":"has-media","11":"first","12":"instock","13":"downloadable","14":"virtual","15":"purchasable","16":"product-type-simple","17":"col","18":"span_1_of_3","19":"owp-content-center","20":"item-entry","21":"owp-thumbs-layout-horizontal","22":"owp-btn-normal","23":"owp-tabs-layout-section","24":"has-no-thumbnails","25":"circle-sale"},"acf":[],"yoast_head":"<!-- This site is optimized with the Yoast SEO plugin v27.5 - https:\/\/yoast.com\/product\/yoast-seo-wordpress\/ -->\n<title>Teil 2: Heilung durch das Hologramm &#8902; Lightflow Academy by Cecilia Sifontes<\/title>\n<meta name=\"robots\" content=\"index, follow, max-snippet:-1, max-image-preview:large, max-video-preview:-1\" \/>\n<link rel=\"canonical\" href=\"https:\/\/lightflow.info\/de\/produkt\/teil-2-heilung-durch-das-hologramm\/\" \/>\n<meta property=\"og:locale\" content=\"de_DE\" \/>\n<meta property=\"og:type\" content=\"article\" \/>\n<meta property=\"og:title\" content=\"Teil 2: Heilung durch das Hologramm &#8902; Lightflow Academy by Cecilia Sifontes\" \/>\n<meta property=\"og:description\" content=\"Welche Schl\u00fcsselerlebnisse kannst du erwarten: \u2022 Solares Licht und solares Bewusstsein \u2013 Vermischung mit dem Zentrumspunkt des Einsseins \u2022 Das Selbst aus unterschiedlichen Perspektiven des Lebens sehen \u2022 Besuch eines Wesens, welches unsere Universen verbindet \u2022 Sexualit\u00e4t der Zukunft \u2022 Rufe g\u00f6ttliche Sexualit\u00e4t in dein gr\u00f6sseres, physisches Selbst \u2022 \u00dcbertragung an jede Sequenz an Inkarnationen [&hellip;]\" \/>\n<meta property=\"og:url\" content=\"https:\/\/lightflow.info\/de\/produkt\/teil-2-heilung-durch-das-hologramm\/\" \/>\n<meta property=\"og:site_name\" content=\"Lightflow Academy by Cecilia Sifontes\" \/>\n<meta property=\"article:modified_time\" content=\"2026-01-23T19:14:38+00:00\" \/>\n<meta property=\"og:image\" content=\"https:\/\/lightflow.info\/wp-content\/uploads\/C6-SC1-P2-G_SIF97GN-Heilung-duch-das-Hologram.webp\" \/>\n\t<meta property=\"og:image:width\" content=\"800\" \/>\n\t<meta property=\"og:image:height\" content=\"800\" \/>\n\t<meta property=\"og:image:type\" content=\"image\/webp\" \/>\n<meta name=\"twitter:card\" content=\"summary_large_image\" \/>\n<meta name=\"twitter:label1\" content=\"Gesch\u00e4tzte Lesezeit\" \/>\n\t<meta name=\"twitter:data1\" content=\"2\u00a0Minuten\" \/>\n<script type=\"application\/ld+json\" class=\"yoast-schema-graph\">{\"@context\":\"https:\\\/\\\/schema.org\",\"@graph\":[{\"@type\":\"WebPage\",\"@id\":\"https:\\\/\\\/lightflow.info\\\/de\\\/produkt\\\/teil-2-heilung-durch-das-hologramm\\\/\",\"url\":\"https:\\\/\\\/lightflow.info\\\/de\\\/produkt\\\/teil-2-heilung-durch-das-hologramm\\\/\",\"name\":\"Teil 2: Heilung durch das Hologramm &#8902; Lightflow Academy by Cecilia Sifontes\",\"isPartOf\":{\"@id\":\"https:\\\/\\\/lightflow.info\\\/de\\\/#website\"},\"primaryImageOfPage\":{\"@id\":\"https:\\\/\\\/lightflow.info\\\/de\\\/produkt\\\/teil-2-heilung-durch-das-hologramm\\\/#primaryimage\"},\"image\":{\"@id\":\"https:\\\/\\\/lightflow.info\\\/de\\\/produkt\\\/teil-2-heilung-durch-das-hologramm\\\/#primaryimage\"},\"thumbnailUrl\":\"https:\\\/\\\/lightflow.info\\\/wp-content\\\/uploads\\\/C6-SC1-P2-G_SIF97GN-Heilung-duch-das-Hologram.webp\",\"datePublished\":\"2025-12-09T20:16:15+00:00\",\"dateModified\":\"2026-01-23T19:14:38+00:00\",\"breadcrumb\":{\"@id\":\"https:\\\/\\\/lightflow.info\\\/de\\\/produkt\\\/teil-2-heilung-durch-das-hologramm\\\/#breadcrumb\"},\"inLanguage\":\"de\",\"potentialAction\":[{\"@type\":\"ReadAction\",\"target\":[\"https:\\\/\\\/lightflow.info\\\/de\\\/produkt\\\/teil-2-heilung-durch-das-hologramm\\\/\"]}]},{\"@type\":\"ImageObject\",\"inLanguage\":\"de\",\"@id\":\"https:\\\/\\\/lightflow.info\\\/de\\\/produkt\\\/teil-2-heilung-durch-das-hologramm\\\/#primaryimage\",\"url\":\"https:\\\/\\\/lightflow.info\\\/wp-content\\\/uploads\\\/C6-SC1-P2-G_SIF97GN-Heilung-duch-das-Hologram.webp\",\"contentUrl\":\"https:\\\/\\\/lightflow.info\\\/wp-content\\\/uploads\\\/C6-SC1-P2-G_SIF97GN-Heilung-duch-das-Hologram.webp\",\"width\":800,\"height\":800},{\"@type\":\"BreadcrumbList\",\"@id\":\"https:\\\/\\\/lightflow.info\\\/de\\\/produkt\\\/teil-2-heilung-durch-das-hologramm\\\/#breadcrumb\",\"itemListElement\":[{\"@type\":\"ListItem\",\"position\":1,\"name\":\"Home\",\"item\":\"https:\\\/\\\/lightflow.info\\\/de\\\/\"},{\"@type\":\"ListItem\",\"position\":2,\"name\":\"Shop\",\"item\":\"https:\\\/\\\/lightflow.info\\\/de\\\/shop\\\/\"},{\"@type\":\"ListItem\",\"position\":3,\"name\":\"Spiritueller F\u00fchrer f\u00fcr die Menschheit sein\u200b\",\"item\":\"https:\\\/\\\/lightflow.info\\\/de\\\/kategorie\\\/spiritueller-fuehrer-fuer-die-menschheit-sein\\\/\"},{\"@type\":\"ListItem\",\"position\":4,\"name\":\"Botschaften der Seele der Menschheit\",\"item\":\"https:\\\/\\\/lightflow.info\\\/de\\\/kategorie\\\/spiritueller-fuehrer-fuer-die-menschheit-sein\\\/botschaften-der-seele-der-menschheit\\\/\"},{\"@type\":\"ListItem\",\"position\":5,\"name\":\"Teil 2: Heilung durch das Hologramm\"}]},{\"@type\":\"WebSite\",\"@id\":\"https:\\\/\\\/lightflow.info\\\/de\\\/#website\",\"url\":\"https:\\\/\\\/lightflow.info\\\/de\\\/\",\"name\":\"Lightflow Academy by Cecilia Sifontes\",\"description\":\"Awakening Lightworkers and Masters\",\"alternateName\":\"Lightflow\",\"potentialAction\":[{\"@type\":\"SearchAction\",\"target\":{\"@type\":\"EntryPoint\",\"urlTemplate\":\"https:\\\/\\\/lightflow.info\\\/de\\\/?s={search_term_string}\"},\"query-input\":{\"@type\":\"PropertyValueSpecification\",\"valueRequired\":true,\"valueName\":\"search_term_string\"}}],\"inLanguage\":\"de\"}]}<\/script>\n<!-- \/ Yoast SEO plugin. -->","yoast_head_json":{"title":"Teil 2: Heilung durch das Hologramm &#8902; Lightflow Academy by Cecilia Sifontes","robots":{"index":"index","follow":"follow","max-snippet":"max-snippet:-1","max-image-preview":"max-image-preview:large","max-video-preview":"max-video-preview:-1"},"canonical":"https:\/\/lightflow.info\/de\/produkt\/teil-2-heilung-durch-das-hologramm\/","og_locale":"de_DE","og_type":"article","og_title":"Teil 2: Heilung durch das Hologramm &#8902; Lightflow Academy by Cecilia Sifontes","og_description":"Welche Schl\u00fcsselerlebnisse kannst du erwarten: \u2022 Solares Licht und solares Bewusstsein \u2013 Vermischung mit dem Zentrumspunkt des Einsseins \u2022 Das Selbst aus unterschiedlichen Perspektiven des Lebens sehen \u2022 Besuch eines Wesens, welches unsere Universen verbindet \u2022 Sexualit\u00e4t der Zukunft \u2022 Rufe g\u00f6ttliche Sexualit\u00e4t in dein gr\u00f6sseres, physisches Selbst \u2022 \u00dcbertragung an jede Sequenz an Inkarnationen [&hellip;]","og_url":"https:\/\/lightflow.info\/de\/produkt\/teil-2-heilung-durch-das-hologramm\/","og_site_name":"Lightflow Academy by Cecilia Sifontes","article_modified_time":"2026-01-23T19:14:38+00:00","og_image":[{"width":800,"height":800,"url":"https:\/\/lightflow.info\/wp-content\/uploads\/C6-SC1-P2-G_SIF97GN-Heilung-duch-das-Hologram.webp","type":"image\/webp"}],"twitter_card":"summary_large_image","twitter_misc":{"Gesch\u00e4tzte Lesezeit":"2\u00a0Minuten"},"schema":{"@context":"https:\/\/schema.org","@graph":[{"@type":"WebPage","@id":"https:\/\/lightflow.info\/de\/produkt\/teil-2-heilung-durch-das-hologramm\/","url":"https:\/\/lightflow.info\/de\/produkt\/teil-2-heilung-durch-das-hologramm\/","name":"Teil 2: Heilung durch das Hologramm &#8902; Lightflow Academy by Cecilia Sifontes","isPartOf":{"@id":"https:\/\/lightflow.info\/de\/#website"},"primaryImageOfPage":{"@id":"https:\/\/lightflow.info\/de\/produkt\/teil-2-heilung-durch-das-hologramm\/#primaryimage"},"image":{"@id":"https:\/\/lightflow.info\/de\/produkt\/teil-2-heilung-durch-das-hologramm\/#primaryimage"},"thumbnailUrl":"https:\/\/lightflow.info\/wp-content\/uploads\/C6-SC1-P2-G_SIF97GN-Heilung-duch-das-Hologram.webp","datePublished":"2025-12-09T20:16:15+00:00","dateModified":"2026-01-23T19:14:38+00:00","breadcrumb":{"@id":"https:\/\/lightflow.info\/de\/produkt\/teil-2-heilung-durch-das-hologramm\/#breadcrumb"},"inLanguage":"de","potentialAction":[{"@type":"ReadAction","target":["https:\/\/lightflow.info\/de\/produkt\/teil-2-heilung-durch-das-hologramm\/"]}]},{"@type":"ImageObject","inLanguage":"de","@id":"https:\/\/lightflow.info\/de\/produkt\/teil-2-heilung-durch-das-hologramm\/#primaryimage","url":"https:\/\/lightflow.info\/wp-content\/uploads\/C6-SC1-P2-G_SIF97GN-Heilung-duch-das-Hologram.webp","contentUrl":"https:\/\/lightflow.info\/wp-content\/uploads\/C6-SC1-P2-G_SIF97GN-Heilung-duch-das-Hologram.webp","width":800,"height":800},{"@type":"BreadcrumbList","@id":"https:\/\/lightflow.info\/de\/produkt\/teil-2-heilung-durch-das-hologramm\/#breadcrumb","itemListElement":[{"@type":"ListItem","position":1,"name":"Home","item":"https:\/\/lightflow.info\/de\/"},{"@type":"ListItem","position":2,"name":"Shop","item":"https:\/\/lightflow.info\/de\/shop\/"},{"@type":"ListItem","position":3,"name":"Spiritueller F\u00fchrer f\u00fcr die Menschheit sein\u200b","item":"https:\/\/lightflow.info\/de\/kategorie\/spiritueller-fuehrer-fuer-die-menschheit-sein\/"},{"@type":"ListItem","position":4,"name":"Botschaften der Seele der Menschheit","item":"https:\/\/lightflow.info\/de\/kategorie\/spiritueller-fuehrer-fuer-die-menschheit-sein\/botschaften-der-seele-der-menschheit\/"},{"@type":"ListItem","position":5,"name":"Teil 2: Heilung durch das Hologramm"}]},{"@type":"WebSite","@id":"https:\/\/lightflow.info\/de\/#website","url":"https:\/\/lightflow.info\/de\/","name":"Lightflow Academy by Cecilia Sifontes","description":"Awakening Lightworkers and Masters","alternateName":"Lightflow","potentialAction":[{"@type":"SearchAction","target":{"@type":"EntryPoint","urlTemplate":"https:\/\/lightflow.info\/de\/?s={search_term_string}"},"query-input":{"@type":"PropertyValueSpecification","valueRequired":true,"valueName":"search_term_string"}}],"inLanguage":"de"}]}},"_links":{"self":[{"href":"https:\/\/lightflow.info\/de\/wp-json\/wp\/v2\/product\/28809","targetHints":{"allow":["GET"]}}],"collection":[{"href":"https:\/\/lightflow.info\/de\/wp-json\/wp\/v2\/product"}],"about":[{"href":"https:\/\/lightflow.info\/de\/wp-json\/wp\/v2\/types\/product"}],"version-history":[{"count":0,"href":"https:\/\/lightflow.info\/de\/wp-json\/wp\/v2\/product\/28809\/revisions"}],"wp:featuredmedia":[{"embeddable":true,"href":"https:\/\/lightflow.info\/de\/wp-json\/wp\/v2\/media\/36027"}],"wp:attachment":[{"href":"https:\/\/lightflow.info\/de\/wp-json\/wp\/v2\/media?parent=28809"}],"wp:term":[{"taxonomy":"product_brand","embeddable":true,"href":"https:\/\/lightflow.info\/de\/wp-json\/wp\/v2\/product_brand?post=28809"},{"taxonomy":"product_cat","embeddable":true,"href":"https:\/\/lightflow.info\/de\/wp-json\/wp\/v2\/product_cat?post=28809"},{"taxonomy":"product_tag","embeddable":true,"href":"https:\/\/lightflow.info\/de\/wp-json\/wp\/v2\/product_tag?post=28809"}],"curies":[{"name":"wp","href":"https:\/\/api.w.org\/{rel}","templated":true}]}}