{"id":29391,"date":"2025-12-09T22:04:15","date_gmt":"2025-12-09T21:04:15","guid":{"rendered":"https:\/\/lightflow.info\/?post_type=product&#038;p=29391"},"modified":"2026-01-22T22:01:25","modified_gmt":"2026-01-22T21:01:25","slug":"teil-4-kristallines-gewahrsein-und-superflow","status":"publish","type":"product","link":"https:\/\/lightflow.info\/de\/produkt\/teil-4-kristallines-gewahrsein-und-superflow\/","title":{"rendered":"Teil 4:  Kristallines Gewahrsein &#038; Superflow"},"content":{"rendered":"<h5>\u00dcber die Pers\u00f6nlichkeit hinauswachsen &#8211; ein Leben entsprechend der Absicht der Sch\u00f6pfung<\/h5>\n<p class=\"h-landmark\">Meisterklassen f\u00fcr progressive Lichtarbeiter<\/p>\n<p>Erlerne, wie du eine Struktur f\u00fcr Superflow erschaffst, welche auf hochdimensionales, kristallines Gewahrsein und auf die Absicht der Sch\u00f6pfung antwortet. Meine spirituellen F\u00fchrer sagen, dass es um ein enormes Potential geht, welches jenseits unserer Vorstellungskraft liegt. Jedes Detail unserer bisherigen Lichtarbeit spielt eine wichtige Rolle und f\u00fcgt der Struktur f\u00fcr Superflow hinzu.<\/p>\n<p><strong>Dieser Kurs beinhaltet 14 gef\u00fchrte Meditation auf Englisch mit konsekutiver deutscher \u00dcbersetzung. Enthaltene Meditationen:<\/strong><\/p>\n<p>01 Die Rolle von Nichtenergie &amp; Nichts in der vollst\u00e4ndigen Erfahrung des Physischen und von zuk\u00fcnftigen Leben<br \/>\n02 Wissen \u00fcber die Wirklichkeit &#8211; \u00d6ffnung des Zentrums f\u00fcr kristalline Intelligenz<br \/>\n03 Die Kristallb\u00e4nder deiner Legende des Lichts und wie dein zuk\u00fcnftiges Selbst dich durch sie aufbaut<br \/>\n04 Der Tr\u00e4umer tr\u00e4umt davon, deinen Lichtk\u00f6rper mit dem Kristallstrom zu verbinden<br \/>\n05 Die Geschichte der Erschaffung von Superflow 1<br \/>\n06 Aufgradierung deines Gehirns f\u00fcr die Zukunft von Superflow 2<br \/>\n07 Erh\u00f6hung der Lebenserfahrung im Nichts deines physischen Selbst<br \/>\n08 Superflow und dessen Effekte in deinem Leben<br \/>\n09 Vermehrung von Licht, Bewusstsein, Superflow und deiner F\u00e4higkeit, die Netze zu befehligen (nur auf Englisch).<br \/>\n10 Erhalte Einpr\u00e4gungen der planetaren Ver\u00e4nderung und der Rolle des Kristallstroms darin<br \/>\n11 \u00dcber kristallines Gewahrsein und dessen Effekte<br \/>\n12 Die Geschichte der Reise deiner Seele durch das Leben auf Erden und davor<br \/>\n13 Wie hochdimensionale Weesen die Energiestruktur des Superflow befehligen<br \/>\n14 Kristallines Gewahrsein in die Struktur des Superflow giessen<\/p>\n","protected":false},"excerpt":{"rendered":"<p>Erlerne, wie du eine Struktur f\u00fcr Superflow erschaffst, welche auf hochdimensionales, kristallines Gewahrsein und auf die Absicht der Sch\u00f6pfung antwortet. Meine spirituellen F\u00fchrer sagen, dass es um ein enormes Potential geht, welches jenseits unserer Vorstellungskraft liegt. Jedes Detail unserer bisherigen Lichtarbeit spielt eine wichtige Rolle und f\u00fcgt der Struktur f\u00fcr Superflow hinzu.<\/p>\n","protected":false},"featured_media":35877,"template":"","meta":{"_acf_changed":false,"ocean_post_layout":"","ocean_both_sidebars_style":"","ocean_both_sidebars_content_width":0,"ocean_both_sidebars_sidebars_width":0,"ocean_sidebar":"0","ocean_second_sidebar":"0","ocean_disable_margins":"enable","ocean_add_body_class":"","ocean_shortcode_before_top_bar":"","ocean_shortcode_after_top_bar":"","ocean_shortcode_before_header":"","ocean_shortcode_after_header":"","ocean_has_shortcode":"","ocean_shortcode_after_title":"","ocean_shortcode_before_footer_widgets":"","ocean_shortcode_after_footer_widgets":"","ocean_shortcode_before_footer_bottom":"","ocean_shortcode_after_footer_bottom":"","ocean_display_top_bar":"default","ocean_display_header":"default","ocean_header_style":"","ocean_center_header_left_menu":"0","ocean_custom_header_template":"0","ocean_custom_logo":0,"ocean_custom_retina_logo":0,"ocean_custom_logo_max_width":0,"ocean_custom_logo_tablet_max_width":0,"ocean_custom_logo_mobile_max_width":0,"ocean_custom_logo_max_height":0,"ocean_custom_logo_tablet_max_height":0,"ocean_custom_logo_mobile_max_height":0,"ocean_header_custom_menu":"0","ocean_menu_typo_font_family":"0","ocean_menu_typo_font_subset":"","ocean_menu_typo_font_size":0,"ocean_menu_typo_font_size_tablet":0,"ocean_menu_typo_font_size_mobile":0,"ocean_menu_typo_font_size_unit":"px","ocean_menu_typo_font_weight":"","ocean_menu_typo_font_weight_tablet":"","ocean_menu_typo_font_weight_mobile":"","ocean_menu_typo_transform":"","ocean_menu_typo_transform_tablet":"","ocean_menu_typo_transform_mobile":"","ocean_menu_typo_line_height":0,"ocean_menu_typo_line_height_tablet":0,"ocean_menu_typo_line_height_mobile":0,"ocean_menu_typo_line_height_unit":"","ocean_menu_typo_spacing":0,"ocean_menu_typo_spacing_tablet":0,"ocean_menu_typo_spacing_mobile":0,"ocean_menu_typo_spacing_unit":"","ocean_menu_link_color":"","ocean_menu_link_color_hover":"","ocean_menu_link_color_active":"","ocean_menu_link_background":"","ocean_menu_link_hover_background":"","ocean_menu_link_active_background":"","ocean_menu_social_links_bg":"","ocean_menu_social_hover_links_bg":"","ocean_menu_social_links_color":"","ocean_menu_social_hover_links_color":"","ocean_disable_title":"default","ocean_disable_heading":"default","ocean_post_title":"","ocean_post_subheading":"","ocean_post_title_style":"","ocean_post_title_background_color":"","ocean_post_title_background":0,"ocean_post_title_bg_image_position":"","ocean_post_title_bg_image_attachment":"","ocean_post_title_bg_image_repeat":"","ocean_post_title_bg_image_size":"","ocean_post_title_height":0,"ocean_post_title_bg_overlay":0.5,"ocean_post_title_bg_overlay_color":"","ocean_disable_breadcrumbs":"default","ocean_breadcrumbs_color":"","ocean_breadcrumbs_separator_color":"","ocean_breadcrumbs_links_color":"","ocean_breadcrumbs_links_hover_color":"","ocean_display_footer_widgets":"default","ocean_display_footer_bottom":"default","ocean_custom_footer_template":"0"},"product_brand":[],"product_cat":[101],"product_tag":[],"class_list":{"0":"post-29391","1":"product","2":"type-product","3":"status-publish","4":"has-post-thumbnail","6":"product_cat-superflow","8":"entry","9":"has-media","11":"first","12":"instock","13":"downloadable","14":"virtual","15":"purchasable","16":"product-type-simple","17":"col","18":"span_1_of_3","19":"owp-content-center","20":"item-entry","21":"owp-thumbs-layout-horizontal","22":"owp-btn-normal","23":"owp-tabs-layout-section","24":"has-no-thumbnails","25":"circle-sale"},"acf":[],"yoast_head":"<!-- This site is optimized with the Yoast SEO plugin v27.5 - https:\/\/yoast.com\/product\/yoast-seo-wordpress\/ -->\n<title>Teil 4: Kristallines Gewahrsein &amp; Superflow &#8902; Lightflow Academy by Cecilia Sifontes<\/title>\n<meta name=\"robots\" content=\"index, follow, max-snippet:-1, max-image-preview:large, max-video-preview:-1\" \/>\n<link rel=\"canonical\" href=\"https:\/\/lightflow.info\/de\/produkt\/teil-4-kristallines-gewahrsein-und-superflow\/\" \/>\n<meta property=\"og:locale\" content=\"de_DE\" \/>\n<meta property=\"og:type\" content=\"article\" \/>\n<meta property=\"og:title\" content=\"Teil 4: Kristallines Gewahrsein &amp; Superflow &#8902; Lightflow Academy by Cecilia Sifontes\" \/>\n<meta property=\"og:description\" content=\"Erlerne, wie du eine Struktur f\u00fcr Superflow erschaffst, welche auf hochdimensionales, kristallines Gewahrsein und auf die Absicht der Sch\u00f6pfung antwortet. Meine spirituellen F\u00fchrer sagen, dass es um ein enormes Potential geht, welches jenseits unserer Vorstellungskraft liegt. Jedes Detail unserer bisherigen Lichtarbeit spielt eine wichtige Rolle und f\u00fcgt der Struktur f\u00fcr Superflow hinzu.\" \/>\n<meta property=\"og:url\" content=\"https:\/\/lightflow.info\/de\/produkt\/teil-4-kristallines-gewahrsein-und-superflow\/\" \/>\n<meta property=\"og:site_name\" content=\"Lightflow Academy by Cecilia Sifontes\" \/>\n<meta property=\"article:modified_time\" content=\"2026-01-22T21:01:25+00:00\" \/>\n<meta property=\"og:image\" content=\"https:\/\/lightflow.info\/wp-content\/uploads\/C5-SC2-P4-SIF198G-Superflow-4-GER.webp\" \/>\n\t<meta property=\"og:image:width\" content=\"800\" \/>\n\t<meta property=\"og:image:height\" content=\"800\" \/>\n\t<meta property=\"og:image:type\" content=\"image\/webp\" \/>\n<meta name=\"twitter:card\" content=\"summary_large_image\" \/>\n<meta name=\"twitter:label1\" content=\"Gesch\u00e4tzte Lesezeit\" \/>\n\t<meta name=\"twitter:data1\" content=\"2\u00a0Minuten\" \/>\n<script type=\"application\/ld+json\" class=\"yoast-schema-graph\">{\"@context\":\"https:\\\/\\\/schema.org\",\"@graph\":[{\"@type\":\"WebPage\",\"@id\":\"https:\\\/\\\/lightflow.info\\\/de\\\/produkt\\\/teil-4-kristallines-gewahrsein-und-superflow\\\/\",\"url\":\"https:\\\/\\\/lightflow.info\\\/de\\\/produkt\\\/teil-4-kristallines-gewahrsein-und-superflow\\\/\",\"name\":\"Teil 4: Kristallines Gewahrsein & Superflow &#8902; Lightflow Academy by Cecilia Sifontes\",\"isPartOf\":{\"@id\":\"https:\\\/\\\/lightflow.info\\\/de\\\/#website\"},\"primaryImageOfPage\":{\"@id\":\"https:\\\/\\\/lightflow.info\\\/de\\\/produkt\\\/teil-4-kristallines-gewahrsein-und-superflow\\\/#primaryimage\"},\"image\":{\"@id\":\"https:\\\/\\\/lightflow.info\\\/de\\\/produkt\\\/teil-4-kristallines-gewahrsein-und-superflow\\\/#primaryimage\"},\"thumbnailUrl\":\"https:\\\/\\\/lightflow.info\\\/wp-content\\\/uploads\\\/C5-SC2-P4-SIF198G-Superflow-4-GER.webp\",\"datePublished\":\"2025-12-09T21:04:15+00:00\",\"dateModified\":\"2026-01-22T21:01:25+00:00\",\"breadcrumb\":{\"@id\":\"https:\\\/\\\/lightflow.info\\\/de\\\/produkt\\\/teil-4-kristallines-gewahrsein-und-superflow\\\/#breadcrumb\"},\"inLanguage\":\"de\",\"potentialAction\":[{\"@type\":\"ReadAction\",\"target\":[\"https:\\\/\\\/lightflow.info\\\/de\\\/produkt\\\/teil-4-kristallines-gewahrsein-und-superflow\\\/\"]}]},{\"@type\":\"ImageObject\",\"inLanguage\":\"de\",\"@id\":\"https:\\\/\\\/lightflow.info\\\/de\\\/produkt\\\/teil-4-kristallines-gewahrsein-und-superflow\\\/#primaryimage\",\"url\":\"https:\\\/\\\/lightflow.info\\\/wp-content\\\/uploads\\\/C5-SC2-P4-SIF198G-Superflow-4-GER.webp\",\"contentUrl\":\"https:\\\/\\\/lightflow.info\\\/wp-content\\\/uploads\\\/C5-SC2-P4-SIF198G-Superflow-4-GER.webp\",\"width\":800,\"height\":800},{\"@type\":\"BreadcrumbList\",\"@id\":\"https:\\\/\\\/lightflow.info\\\/de\\\/produkt\\\/teil-4-kristallines-gewahrsein-und-superflow\\\/#breadcrumb\",\"itemListElement\":[{\"@type\":\"ListItem\",\"position\":1,\"name\":\"Home\",\"item\":\"https:\\\/\\\/lightflow.info\\\/de\\\/\"},{\"@type\":\"ListItem\",\"position\":2,\"name\":\"Shop\",\"item\":\"https:\\\/\\\/lightflow.info\\\/de\\\/shop\\\/\"},{\"@type\":\"ListItem\",\"position\":3,\"name\":\"G\u00f6ttlicher Plan Meisterklassen\",\"item\":\"https:\\\/\\\/lightflow.info\\\/de\\\/kategorie\\\/goettlicher-plan-meisterklassen\\\/\"},{\"@type\":\"ListItem\",\"position\":4,\"name\":\"Meistertechniken f\u00fcr Lichtarbeiter\",\"item\":\"https:\\\/\\\/lightflow.info\\\/de\\\/kategorie\\\/goettlicher-plan-meisterklassen\\\/meistertechniken-fuer-lichtarbeiter\\\/\"},{\"@type\":\"ListItem\",\"position\":5,\"name\":\"Superflow\",\"item\":\"https:\\\/\\\/lightflow.info\\\/de\\\/kategorie\\\/goettlicher-plan-meisterklassen\\\/meistertechniken-fuer-lichtarbeiter\\\/superflow\\\/\"},{\"@type\":\"ListItem\",\"position\":6,\"name\":\"Teil 4: Kristallines Gewahrsein &#038; Superflow\"}]},{\"@type\":\"WebSite\",\"@id\":\"https:\\\/\\\/lightflow.info\\\/de\\\/#website\",\"url\":\"https:\\\/\\\/lightflow.info\\\/de\\\/\",\"name\":\"Lightflow Academy by Cecilia Sifontes\",\"description\":\"Awakening Lightworkers and Masters\",\"alternateName\":\"Lightflow\",\"potentialAction\":[{\"@type\":\"SearchAction\",\"target\":{\"@type\":\"EntryPoint\",\"urlTemplate\":\"https:\\\/\\\/lightflow.info\\\/de\\\/?s={search_term_string}\"},\"query-input\":{\"@type\":\"PropertyValueSpecification\",\"valueRequired\":true,\"valueName\":\"search_term_string\"}}],\"inLanguage\":\"de\"}]}<\/script>\n<!-- \/ Yoast SEO plugin. -->","yoast_head_json":{"title":"Teil 4: Kristallines Gewahrsein & Superflow &#8902; Lightflow Academy by Cecilia Sifontes","robots":{"index":"index","follow":"follow","max-snippet":"max-snippet:-1","max-image-preview":"max-image-preview:large","max-video-preview":"max-video-preview:-1"},"canonical":"https:\/\/lightflow.info\/de\/produkt\/teil-4-kristallines-gewahrsein-und-superflow\/","og_locale":"de_DE","og_type":"article","og_title":"Teil 4: Kristallines Gewahrsein & Superflow &#8902; Lightflow Academy by Cecilia Sifontes","og_description":"Erlerne, wie du eine Struktur f\u00fcr Superflow erschaffst, welche auf hochdimensionales, kristallines Gewahrsein und auf die Absicht der Sch\u00f6pfung antwortet. Meine spirituellen F\u00fchrer sagen, dass es um ein enormes Potential geht, welches jenseits unserer Vorstellungskraft liegt. Jedes Detail unserer bisherigen Lichtarbeit spielt eine wichtige Rolle und f\u00fcgt der Struktur f\u00fcr Superflow hinzu.","og_url":"https:\/\/lightflow.info\/de\/produkt\/teil-4-kristallines-gewahrsein-und-superflow\/","og_site_name":"Lightflow Academy by Cecilia Sifontes","article_modified_time":"2026-01-22T21:01:25+00:00","og_image":[{"width":800,"height":800,"url":"https:\/\/lightflow.info\/wp-content\/uploads\/C5-SC2-P4-SIF198G-Superflow-4-GER.webp","type":"image\/webp"}],"twitter_card":"summary_large_image","twitter_misc":{"Gesch\u00e4tzte Lesezeit":"2\u00a0Minuten"},"schema":{"@context":"https:\/\/schema.org","@graph":[{"@type":"WebPage","@id":"https:\/\/lightflow.info\/de\/produkt\/teil-4-kristallines-gewahrsein-und-superflow\/","url":"https:\/\/lightflow.info\/de\/produkt\/teil-4-kristallines-gewahrsein-und-superflow\/","name":"Teil 4: Kristallines Gewahrsein & Superflow &#8902; Lightflow Academy by Cecilia Sifontes","isPartOf":{"@id":"https:\/\/lightflow.info\/de\/#website"},"primaryImageOfPage":{"@id":"https:\/\/lightflow.info\/de\/produkt\/teil-4-kristallines-gewahrsein-und-superflow\/#primaryimage"},"image":{"@id":"https:\/\/lightflow.info\/de\/produkt\/teil-4-kristallines-gewahrsein-und-superflow\/#primaryimage"},"thumbnailUrl":"https:\/\/lightflow.info\/wp-content\/uploads\/C5-SC2-P4-SIF198G-Superflow-4-GER.webp","datePublished":"2025-12-09T21:04:15+00:00","dateModified":"2026-01-22T21:01:25+00:00","breadcrumb":{"@id":"https:\/\/lightflow.info\/de\/produkt\/teil-4-kristallines-gewahrsein-und-superflow\/#breadcrumb"},"inLanguage":"de","potentialAction":[{"@type":"ReadAction","target":["https:\/\/lightflow.info\/de\/produkt\/teil-4-kristallines-gewahrsein-und-superflow\/"]}]},{"@type":"ImageObject","inLanguage":"de","@id":"https:\/\/lightflow.info\/de\/produkt\/teil-4-kristallines-gewahrsein-und-superflow\/#primaryimage","url":"https:\/\/lightflow.info\/wp-content\/uploads\/C5-SC2-P4-SIF198G-Superflow-4-GER.webp","contentUrl":"https:\/\/lightflow.info\/wp-content\/uploads\/C5-SC2-P4-SIF198G-Superflow-4-GER.webp","width":800,"height":800},{"@type":"BreadcrumbList","@id":"https:\/\/lightflow.info\/de\/produkt\/teil-4-kristallines-gewahrsein-und-superflow\/#breadcrumb","itemListElement":[{"@type":"ListItem","position":1,"name":"Home","item":"https:\/\/lightflow.info\/de\/"},{"@type":"ListItem","position":2,"name":"Shop","item":"https:\/\/lightflow.info\/de\/shop\/"},{"@type":"ListItem","position":3,"name":"G\u00f6ttlicher Plan Meisterklassen","item":"https:\/\/lightflow.info\/de\/kategorie\/goettlicher-plan-meisterklassen\/"},{"@type":"ListItem","position":4,"name":"Meistertechniken f\u00fcr Lichtarbeiter","item":"https:\/\/lightflow.info\/de\/kategorie\/goettlicher-plan-meisterklassen\/meistertechniken-fuer-lichtarbeiter\/"},{"@type":"ListItem","position":5,"name":"Superflow","item":"https:\/\/lightflow.info\/de\/kategorie\/goettlicher-plan-meisterklassen\/meistertechniken-fuer-lichtarbeiter\/superflow\/"},{"@type":"ListItem","position":6,"name":"Teil 4: Kristallines Gewahrsein &#038; Superflow"}]},{"@type":"WebSite","@id":"https:\/\/lightflow.info\/de\/#website","url":"https:\/\/lightflow.info\/de\/","name":"Lightflow Academy by Cecilia Sifontes","description":"Awakening Lightworkers and Masters","alternateName":"Lightflow","potentialAction":[{"@type":"SearchAction","target":{"@type":"EntryPoint","urlTemplate":"https:\/\/lightflow.info\/de\/?s={search_term_string}"},"query-input":{"@type":"PropertyValueSpecification","valueRequired":true,"valueName":"search_term_string"}}],"inLanguage":"de"}]}},"_links":{"self":[{"href":"https:\/\/lightflow.info\/de\/wp-json\/wp\/v2\/product\/29391","targetHints":{"allow":["GET"]}}],"collection":[{"href":"https:\/\/lightflow.info\/de\/wp-json\/wp\/v2\/product"}],"about":[{"href":"https:\/\/lightflow.info\/de\/wp-json\/wp\/v2\/types\/product"}],"version-history":[{"count":0,"href":"https:\/\/lightflow.info\/de\/wp-json\/wp\/v2\/product\/29391\/revisions"}],"wp:featuredmedia":[{"embeddable":true,"href":"https:\/\/lightflow.info\/de\/wp-json\/wp\/v2\/media\/35877"}],"wp:attachment":[{"href":"https:\/\/lightflow.info\/de\/wp-json\/wp\/v2\/media?parent=29391"}],"wp:term":[{"taxonomy":"product_brand","embeddable":true,"href":"https:\/\/lightflow.info\/de\/wp-json\/wp\/v2\/product_brand?post=29391"},{"taxonomy":"product_cat","embeddable":true,"href":"https:\/\/lightflow.info\/de\/wp-json\/wp\/v2\/product_cat?post=29391"},{"taxonomy":"product_tag","embeddable":true,"href":"https:\/\/lightflow.info\/de\/wp-json\/wp\/v2\/product_tag?post=29391"}],"curies":[{"name":"wp","href":"https:\/\/api.w.org\/{rel}","templated":true}]}}