{"id":30057,"date":"2025-12-09T21:36:21","date_gmt":"2025-12-09T20:36:21","guid":{"rendered":"https:\/\/lightflow.info\/?post_type=product&#038;p=30057"},"modified":"2026-01-25T18:24:40","modified_gmt":"2026-01-25T17:24:40","slug":"0-95-das-leben-vom-chaos-zu-inspiration-und-freude-erheben-mp3s","status":"publish","type":"product","link":"https:\/\/lightflow.info\/de\/produkt\/0-95-das-leben-vom-chaos-zu-inspiration-und-freude-erheben-mp3s\/","title":{"rendered":"0.95 Das Leben vom Chaos zu Inspiration &#038; Freude erheben &#8211; MP3s"},"content":{"rendered":"<p><strong>\u00dcber diesen Kurs:\u00a0<\/strong>Dieser Audiokurs enth\u00e4lt zwei gef\u00fchrte Meditationen. In der ersten erh\u00e4ltst du Samen aus dem immerw\u00e4hrenden Moment und in der zweiten erhebst du deine Lebenserfahrung mit der Lichtsubstanz des g\u00f6ttlichen Wesens. Meine Geistf\u00fchrer beantworten Fragen der Teilnehmer\/innen zu folgenden Themen: dimensionale Erfahrungen, warum es wichtig ist, dein Licht dort zu platzieren, wo es erhalten werden kann, k\u00f6rperliche Gesundheit und wie man Energieinformationen interpretiert.<\/p>\n<p><strong>Webinar-Aufnahmen:<\/strong> Dieses Produkt enth\u00e4lt 2 gechannelte Meditationen und erkl\u00e4rende Gespr\u00e4che, aufgezeichnet im September 2023.<\/p>\n<p><strong>Wie erhalte ich mein gekauftes Produkt?<\/strong> Du erh\u00e4ltst das Produkt (MP3-Dateien) mit WeTransfer innerhalb von 2 Werktagen nach Abschluss der Bestellung.<\/p>\n<p><strong>Sprache:<\/strong> Cecilia channelt in Englisch und wird von Alexander konsekutiv auf Deutsch \u00fcbersetzt.<\/p>\n<p><strong>Mehrere Teilnehmende?<\/strong> Der Preis gilt pro Teilnehmer. Sollten also mehrere am Webinar teilnehmen, addiere bitte die entsprechende Anzahl im Warenkorb.<\/p>\n<p><strong>Fragen &amp; Ausk\u00fcnfte:<\/strong> Unser Organisator Roland Jundt hilft dir gerne weiter: <a href=\"mailto:roland@Lightflow.info\">roland@Lightflow.info<\/a>, +41 (0)79 32 064 32<\/p>\n","protected":false},"excerpt":{"rendered":"<p>Dieser Audiokurs enth\u00e4lt zwei gef\u00fchrte Meditationen. In der ersten erh\u00e4ltst du Samen aus dem immerw\u00e4hrenden Moment und in der zweiten erhebst du deine Lebenserfahrung mit der Lichtsubstanz des g\u00f6ttlichen Wesens. Meine Geistf\u00fchrer beantworten Fragen der Teilnehmer\/innen zu folgenden Themen: dimensionale Erfahrungen, warum es wichtig ist, dein Licht dort zu platzieren, wo es erhalten werden kann, k\u00f6rperliche Gesundheit und wie man Energieinformationen interpretiert.<\/p>\n","protected":false},"featured_media":36198,"template":"","meta":{"_acf_changed":false,"ocean_post_layout":"","ocean_both_sidebars_style":"","ocean_both_sidebars_content_width":0,"ocean_both_sidebars_sidebars_width":0,"ocean_sidebar":"0","ocean_second_sidebar":"0","ocean_disable_margins":"enable","ocean_add_body_class":"","ocean_shortcode_before_top_bar":"","ocean_shortcode_after_top_bar":"","ocean_shortcode_before_header":"","ocean_shortcode_after_header":"","ocean_has_shortcode":"","ocean_shortcode_after_title":"","ocean_shortcode_before_footer_widgets":"","ocean_shortcode_after_footer_widgets":"","ocean_shortcode_before_footer_bottom":"","ocean_shortcode_after_footer_bottom":"","ocean_display_top_bar":"default","ocean_display_header":"default","ocean_header_style":"","ocean_center_header_left_menu":"0","ocean_custom_header_template":"0","ocean_custom_logo":0,"ocean_custom_retina_logo":0,"ocean_custom_logo_max_width":0,"ocean_custom_logo_tablet_max_width":0,"ocean_custom_logo_mobile_max_width":0,"ocean_custom_logo_max_height":0,"ocean_custom_logo_tablet_max_height":0,"ocean_custom_logo_mobile_max_height":0,"ocean_header_custom_menu":"0","ocean_menu_typo_font_family":"0","ocean_menu_typo_font_subset":"","ocean_menu_typo_font_size":0,"ocean_menu_typo_font_size_tablet":0,"ocean_menu_typo_font_size_mobile":0,"ocean_menu_typo_font_size_unit":"px","ocean_menu_typo_font_weight":"","ocean_menu_typo_font_weight_tablet":"","ocean_menu_typo_font_weight_mobile":"","ocean_menu_typo_transform":"","ocean_menu_typo_transform_tablet":"","ocean_menu_typo_transform_mobile":"","ocean_menu_typo_line_height":0,"ocean_menu_typo_line_height_tablet":0,"ocean_menu_typo_line_height_mobile":0,"ocean_menu_typo_line_height_unit":"","ocean_menu_typo_spacing":0,"ocean_menu_typo_spacing_tablet":0,"ocean_menu_typo_spacing_mobile":0,"ocean_menu_typo_spacing_unit":"","ocean_menu_link_color":"","ocean_menu_link_color_hover":"","ocean_menu_link_color_active":"","ocean_menu_link_background":"","ocean_menu_link_hover_background":"","ocean_menu_link_active_background":"","ocean_menu_social_links_bg":"","ocean_menu_social_hover_links_bg":"","ocean_menu_social_links_color":"","ocean_menu_social_hover_links_color":"","ocean_disable_title":"default","ocean_disable_heading":"default","ocean_post_title":"","ocean_post_subheading":"","ocean_post_title_style":"","ocean_post_title_background_color":"","ocean_post_title_background":0,"ocean_post_title_bg_image_position":"","ocean_post_title_bg_image_attachment":"","ocean_post_title_bg_image_repeat":"","ocean_post_title_bg_image_size":"","ocean_post_title_height":0,"ocean_post_title_bg_overlay":0.5,"ocean_post_title_bg_overlay_color":"","ocean_disable_breadcrumbs":"default","ocean_breadcrumbs_color":"","ocean_breadcrumbs_separator_color":"","ocean_breadcrumbs_links_color":"","ocean_breadcrumbs_links_hover_color":"","ocean_display_footer_widgets":"default","ocean_display_footer_bottom":"default","ocean_custom_footer_template":"0"},"product_brand":[],"product_cat":[223],"product_tag":[],"class_list":{"0":"post-30057","1":"product","2":"type-product","3":"status-publish","4":"has-post-thumbnail","6":"product_cat-event-aufzeichnungen","8":"entry","9":"has-media","11":"first","12":"instock","13":"shipping-taxable","14":"purchasable","15":"product-type-simple","16":"col","17":"span_1_of_3","18":"owp-content-center","19":"item-entry","20":"owp-thumbs-layout-horizontal","21":"owp-btn-normal","22":"owp-tabs-layout-section","23":"has-no-thumbnails","24":"circle-sale"},"acf":[],"yoast_head":"<!-- This site is optimized with the Yoast SEO plugin v27.5 - https:\/\/yoast.com\/product\/yoast-seo-wordpress\/ -->\n<title>0.95 Das Leben vom Chaos zu Inspiration &amp; Freude erheben - MP3s &#8902; Lightflow Academy by Cecilia Sifontes<\/title>\n<meta name=\"robots\" content=\"index, follow, max-snippet:-1, max-image-preview:large, max-video-preview:-1\" \/>\n<link rel=\"canonical\" href=\"https:\/\/lightflow.info\/de\/produkt\/0-95-das-leben-vom-chaos-zu-inspiration-und-freude-erheben-mp3s\/\" \/>\n<meta property=\"og:locale\" content=\"de_DE\" \/>\n<meta property=\"og:type\" content=\"article\" \/>\n<meta property=\"og:title\" content=\"0.95 Das Leben vom Chaos zu Inspiration &amp; Freude erheben - MP3s &#8902; Lightflow Academy by Cecilia Sifontes\" \/>\n<meta property=\"og:description\" content=\"Dieser Audiokurs enth\u00e4lt zwei gef\u00fchrte Meditationen. In der ersten erh\u00e4ltst du Samen aus dem immerw\u00e4hrenden Moment und in der zweiten erhebst du deine Lebenserfahrung mit der Lichtsubstanz des g\u00f6ttlichen Wesens. Meine Geistf\u00fchrer beantworten Fragen der Teilnehmer\/innen zu folgenden Themen: dimensionale Erfahrungen, warum es wichtig ist, dein Licht dort zu platzieren, wo es erhalten werden kann, k\u00f6rperliche Gesundheit und wie man Energieinformationen interpretiert.\" \/>\n<meta property=\"og:url\" content=\"https:\/\/lightflow.info\/de\/produkt\/0-95-das-leben-vom-chaos-zu-inspiration-und-freude-erheben-mp3s\/\" \/>\n<meta property=\"og:site_name\" content=\"Lightflow Academy by Cecilia Sifontes\" \/>\n<meta property=\"article:modified_time\" content=\"2026-01-25T17:24:40+00:00\" \/>\n<meta property=\"og:image\" content=\"https:\/\/lightflow.info\/wp-content\/uploads\/Das-Leben-erheben-MP3.webp\" \/>\n\t<meta property=\"og:image:width\" content=\"800\" \/>\n\t<meta property=\"og:image:height\" content=\"800\" \/>\n\t<meta property=\"og:image:type\" content=\"image\/webp\" \/>\n<meta name=\"twitter:card\" content=\"summary_large_image\" \/>\n<meta name=\"twitter:label1\" content=\"Gesch\u00e4tzte Lesezeit\" \/>\n\t<meta name=\"twitter:data1\" content=\"1\u00a0Minute\" \/>\n<script type=\"application\/ld+json\" class=\"yoast-schema-graph\">{\"@context\":\"https:\\\/\\\/schema.org\",\"@graph\":[{\"@type\":\"WebPage\",\"@id\":\"https:\\\/\\\/lightflow.info\\\/de\\\/produkt\\\/0-95-das-leben-vom-chaos-zu-inspiration-und-freude-erheben-mp3s\\\/\",\"url\":\"https:\\\/\\\/lightflow.info\\\/de\\\/produkt\\\/0-95-das-leben-vom-chaos-zu-inspiration-und-freude-erheben-mp3s\\\/\",\"name\":\"0.95 Das Leben vom Chaos zu Inspiration & Freude erheben - MP3s &#8902; Lightflow Academy by Cecilia Sifontes\",\"isPartOf\":{\"@id\":\"https:\\\/\\\/lightflow.info\\\/de\\\/#website\"},\"primaryImageOfPage\":{\"@id\":\"https:\\\/\\\/lightflow.info\\\/de\\\/produkt\\\/0-95-das-leben-vom-chaos-zu-inspiration-und-freude-erheben-mp3s\\\/#primaryimage\"},\"image\":{\"@id\":\"https:\\\/\\\/lightflow.info\\\/de\\\/produkt\\\/0-95-das-leben-vom-chaos-zu-inspiration-und-freude-erheben-mp3s\\\/#primaryimage\"},\"thumbnailUrl\":\"https:\\\/\\\/lightflow.info\\\/wp-content\\\/uploads\\\/Das-Leben-erheben-MP3.webp\",\"datePublished\":\"2025-12-09T20:36:21+00:00\",\"dateModified\":\"2026-01-25T17:24:40+00:00\",\"breadcrumb\":{\"@id\":\"https:\\\/\\\/lightflow.info\\\/de\\\/produkt\\\/0-95-das-leben-vom-chaos-zu-inspiration-und-freude-erheben-mp3s\\\/#breadcrumb\"},\"inLanguage\":\"de\",\"potentialAction\":[{\"@type\":\"ReadAction\",\"target\":[\"https:\\\/\\\/lightflow.info\\\/de\\\/produkt\\\/0-95-das-leben-vom-chaos-zu-inspiration-und-freude-erheben-mp3s\\\/\"]}]},{\"@type\":\"ImageObject\",\"inLanguage\":\"de\",\"@id\":\"https:\\\/\\\/lightflow.info\\\/de\\\/produkt\\\/0-95-das-leben-vom-chaos-zu-inspiration-und-freude-erheben-mp3s\\\/#primaryimage\",\"url\":\"https:\\\/\\\/lightflow.info\\\/wp-content\\\/uploads\\\/Das-Leben-erheben-MP3.webp\",\"contentUrl\":\"https:\\\/\\\/lightflow.info\\\/wp-content\\\/uploads\\\/Das-Leben-erheben-MP3.webp\",\"width\":800,\"height\":800},{\"@type\":\"BreadcrumbList\",\"@id\":\"https:\\\/\\\/lightflow.info\\\/de\\\/produkt\\\/0-95-das-leben-vom-chaos-zu-inspiration-und-freude-erheben-mp3s\\\/#breadcrumb\",\"itemListElement\":[{\"@type\":\"ListItem\",\"position\":1,\"name\":\"Home\",\"item\":\"https:\\\/\\\/lightflow.info\\\/de\\\/\"},{\"@type\":\"ListItem\",\"position\":2,\"name\":\"Shop\",\"item\":\"https:\\\/\\\/lightflow.info\\\/de\\\/shop\\\/\"},{\"@type\":\"ListItem\",\"position\":3,\"name\":\"Events\",\"item\":\"https:\\\/\\\/lightflow.info\\\/de\\\/kategorie\\\/events\\\/\"},{\"@type\":\"ListItem\",\"position\":4,\"name\":\"Event-Aufzeichnungen\",\"item\":\"https:\\\/\\\/lightflow.info\\\/de\\\/kategorie\\\/events\\\/event-aufzeichnungen\\\/\"},{\"@type\":\"ListItem\",\"position\":5,\"name\":\"0.95 Das Leben vom Chaos zu Inspiration &#038; Freude erheben &#8211; MP3s\"}]},{\"@type\":\"WebSite\",\"@id\":\"https:\\\/\\\/lightflow.info\\\/de\\\/#website\",\"url\":\"https:\\\/\\\/lightflow.info\\\/de\\\/\",\"name\":\"Lightflow Academy by Cecilia Sifontes\",\"description\":\"Awakening Lightworkers and Masters\",\"alternateName\":\"Lightflow\",\"potentialAction\":[{\"@type\":\"SearchAction\",\"target\":{\"@type\":\"EntryPoint\",\"urlTemplate\":\"https:\\\/\\\/lightflow.info\\\/de\\\/?s={search_term_string}\"},\"query-input\":{\"@type\":\"PropertyValueSpecification\",\"valueRequired\":true,\"valueName\":\"search_term_string\"}}],\"inLanguage\":\"de\"}]}<\/script>\n<!-- \/ Yoast SEO plugin. -->","yoast_head_json":{"title":"0.95 Das Leben vom Chaos zu Inspiration & Freude erheben - MP3s &#8902; Lightflow Academy by Cecilia Sifontes","robots":{"index":"index","follow":"follow","max-snippet":"max-snippet:-1","max-image-preview":"max-image-preview:large","max-video-preview":"max-video-preview:-1"},"canonical":"https:\/\/lightflow.info\/de\/produkt\/0-95-das-leben-vom-chaos-zu-inspiration-und-freude-erheben-mp3s\/","og_locale":"de_DE","og_type":"article","og_title":"0.95 Das Leben vom Chaos zu Inspiration & Freude erheben - MP3s &#8902; Lightflow Academy by Cecilia Sifontes","og_description":"Dieser Audiokurs enth\u00e4lt zwei gef\u00fchrte Meditationen. In der ersten erh\u00e4ltst du Samen aus dem immerw\u00e4hrenden Moment und in der zweiten erhebst du deine Lebenserfahrung mit der Lichtsubstanz des g\u00f6ttlichen Wesens. Meine Geistf\u00fchrer beantworten Fragen der Teilnehmer\/innen zu folgenden Themen: dimensionale Erfahrungen, warum es wichtig ist, dein Licht dort zu platzieren, wo es erhalten werden kann, k\u00f6rperliche Gesundheit und wie man Energieinformationen interpretiert.","og_url":"https:\/\/lightflow.info\/de\/produkt\/0-95-das-leben-vom-chaos-zu-inspiration-und-freude-erheben-mp3s\/","og_site_name":"Lightflow Academy by Cecilia Sifontes","article_modified_time":"2026-01-25T17:24:40+00:00","og_image":[{"width":800,"height":800,"url":"https:\/\/lightflow.info\/wp-content\/uploads\/Das-Leben-erheben-MP3.webp","type":"image\/webp"}],"twitter_card":"summary_large_image","twitter_misc":{"Gesch\u00e4tzte Lesezeit":"1\u00a0Minute"},"schema":{"@context":"https:\/\/schema.org","@graph":[{"@type":"WebPage","@id":"https:\/\/lightflow.info\/de\/produkt\/0-95-das-leben-vom-chaos-zu-inspiration-und-freude-erheben-mp3s\/","url":"https:\/\/lightflow.info\/de\/produkt\/0-95-das-leben-vom-chaos-zu-inspiration-und-freude-erheben-mp3s\/","name":"0.95 Das Leben vom Chaos zu Inspiration & Freude erheben - MP3s &#8902; Lightflow Academy by Cecilia Sifontes","isPartOf":{"@id":"https:\/\/lightflow.info\/de\/#website"},"primaryImageOfPage":{"@id":"https:\/\/lightflow.info\/de\/produkt\/0-95-das-leben-vom-chaos-zu-inspiration-und-freude-erheben-mp3s\/#primaryimage"},"image":{"@id":"https:\/\/lightflow.info\/de\/produkt\/0-95-das-leben-vom-chaos-zu-inspiration-und-freude-erheben-mp3s\/#primaryimage"},"thumbnailUrl":"https:\/\/lightflow.info\/wp-content\/uploads\/Das-Leben-erheben-MP3.webp","datePublished":"2025-12-09T20:36:21+00:00","dateModified":"2026-01-25T17:24:40+00:00","breadcrumb":{"@id":"https:\/\/lightflow.info\/de\/produkt\/0-95-das-leben-vom-chaos-zu-inspiration-und-freude-erheben-mp3s\/#breadcrumb"},"inLanguage":"de","potentialAction":[{"@type":"ReadAction","target":["https:\/\/lightflow.info\/de\/produkt\/0-95-das-leben-vom-chaos-zu-inspiration-und-freude-erheben-mp3s\/"]}]},{"@type":"ImageObject","inLanguage":"de","@id":"https:\/\/lightflow.info\/de\/produkt\/0-95-das-leben-vom-chaos-zu-inspiration-und-freude-erheben-mp3s\/#primaryimage","url":"https:\/\/lightflow.info\/wp-content\/uploads\/Das-Leben-erheben-MP3.webp","contentUrl":"https:\/\/lightflow.info\/wp-content\/uploads\/Das-Leben-erheben-MP3.webp","width":800,"height":800},{"@type":"BreadcrumbList","@id":"https:\/\/lightflow.info\/de\/produkt\/0-95-das-leben-vom-chaos-zu-inspiration-und-freude-erheben-mp3s\/#breadcrumb","itemListElement":[{"@type":"ListItem","position":1,"name":"Home","item":"https:\/\/lightflow.info\/de\/"},{"@type":"ListItem","position":2,"name":"Shop","item":"https:\/\/lightflow.info\/de\/shop\/"},{"@type":"ListItem","position":3,"name":"Events","item":"https:\/\/lightflow.info\/de\/kategorie\/events\/"},{"@type":"ListItem","position":4,"name":"Event-Aufzeichnungen","item":"https:\/\/lightflow.info\/de\/kategorie\/events\/event-aufzeichnungen\/"},{"@type":"ListItem","position":5,"name":"0.95 Das Leben vom Chaos zu Inspiration &#038; Freude erheben &#8211; MP3s"}]},{"@type":"WebSite","@id":"https:\/\/lightflow.info\/de\/#website","url":"https:\/\/lightflow.info\/de\/","name":"Lightflow Academy by Cecilia Sifontes","description":"Awakening Lightworkers and Masters","alternateName":"Lightflow","potentialAction":[{"@type":"SearchAction","target":{"@type":"EntryPoint","urlTemplate":"https:\/\/lightflow.info\/de\/?s={search_term_string}"},"query-input":{"@type":"PropertyValueSpecification","valueRequired":true,"valueName":"search_term_string"}}],"inLanguage":"de"}]}},"_links":{"self":[{"href":"https:\/\/lightflow.info\/de\/wp-json\/wp\/v2\/product\/30057","targetHints":{"allow":["GET"]}}],"collection":[{"href":"https:\/\/lightflow.info\/de\/wp-json\/wp\/v2\/product"}],"about":[{"href":"https:\/\/lightflow.info\/de\/wp-json\/wp\/v2\/types\/product"}],"version-history":[{"count":0,"href":"https:\/\/lightflow.info\/de\/wp-json\/wp\/v2\/product\/30057\/revisions"}],"wp:featuredmedia":[{"embeddable":true,"href":"https:\/\/lightflow.info\/de\/wp-json\/wp\/v2\/media\/36198"}],"wp:attachment":[{"href":"https:\/\/lightflow.info\/de\/wp-json\/wp\/v2\/media?parent=30057"}],"wp:term":[{"taxonomy":"product_brand","embeddable":true,"href":"https:\/\/lightflow.info\/de\/wp-json\/wp\/v2\/product_brand?post=30057"},{"taxonomy":"product_cat","embeddable":true,"href":"https:\/\/lightflow.info\/de\/wp-json\/wp\/v2\/product_cat?post=30057"},{"taxonomy":"product_tag","embeddable":true,"href":"https:\/\/lightflow.info\/de\/wp-json\/wp\/v2\/product_tag?post=30057"}],"curies":[{"name":"wp","href":"https:\/\/api.w.org\/{rel}","templated":true}]}}