{"id":36051,"date":"2025-12-09T21:31:56","date_gmt":"2025-12-09T20:31:56","guid":{"rendered":"https:\/\/lightflow.info\/product\/2-9-awakening-your-crystal-awareness-the-quiliyas-mp3s\/"},"modified":"2026-01-23T21:08:15","modified_gmt":"2026-01-23T20:08:15","slug":"2-9-dein-kristall-gewahrsein-erwecken-botschaften-von-den-quiliyas-mp3s-2","status":"publish","type":"product","link":"https:\/\/lightflow.info\/de\/produkt\/2-9-dein-kristall-gewahrsein-erwecken-botschaften-von-den-quiliyas-mp3s-2\/","title":{"rendered":"2.9 Dein Kristall-Gewahrsein erwecken \u2013 Botschaften von den Quiliyas &#8211; MP3s"},"content":{"rendered":"<p><strong>\u00dcber diesen Kurs:<\/strong> Das spirituelle Erwachen der letzten 3-4 Jahrzehnte ist in eine neue Phase der kristallinen (R)evolution eingetreten und unser ganzes Licht erh\u00e4lt ein kristallines Upgrade. In diesem Kurs wirst du die Quiliyas erleben \u2013 die Wesen, die auf die Erde kamen, um uns durch den Prozess des kristallinen Erwachens zu f\u00fchren. Die Quiliyas werden dein kristallines Licht aktivieren, um deine Heilf\u00e4higkeiten zu st\u00e4rken und dich auf das Leben in der neuen kristallinen Dimension vorzubereiten.<\/p>\n<p><strong>Webinar-Aufzeichnungen:<\/strong> Dieses Produkt enth\u00e4lt 2 gechannelte Meditationen und erkl\u00e4rende Gespr\u00e4che, aufgezeichnet im Februar 2021.<\/p>\n<p><strong>Wie erhalte ich mein gekauftes Produkt?<\/strong> Du erh\u00e4ltst das Produkt (MP3-Dateien) mit WeTransfer innerhalb von 2 Werktagen nach Abschluss der Bestellung.<\/p>\n<p><strong>Sprache:<\/strong> Cecilia channelt in Englisch und wird von Alexander konsekutiv auf Deutsch \u00fcbersetzt.<\/p>\n<p><strong>Mehrere Teilnehmende?<\/strong> Der Preis gilt pro Teilnehmer. Sollten also mehrere am Webinar teilnehmen, addierst du bitte die entsprechende Anzahl im Warenkorb.<\/p>\n<p><strong>Fragen &amp; Ausk\u00fcnfte:<\/strong> Unser Organisator Roland Jundt hilft dir gerne weiter: <a href=\"mailto:roland@Lightflow.info\">roland@Lightflow.info<\/a>, +41 (0)79 32 064 32<\/p>\n","protected":false},"excerpt":{"rendered":"<p>Das spirituelle Erwachen der letzten 3-4 Jahrzehnte ist in eine neue Phase der kristallinen (R)evolution eingetreten und unser ganzes Licht erh\u00e4lt ein kristallines Upgrade. In diesem Kurs wirst du die Quiliyas erleben \u2013 die Wesen, die auf die Erde kamen, um uns durch den Prozess des kristallinen Erwachens zu f\u00fchren. Die Quiliyas werden dein kristallines Licht aktivieren, um deine Heilf\u00e4higkeiten zu st\u00e4rken und dich auf das Leben in der neuen kristallinen Dimension vorzubereiten.<\/p>\n","protected":false},"featured_media":36053,"template":"","meta":{"_acf_changed":false,"ocean_post_layout":"","ocean_both_sidebars_style":"","ocean_both_sidebars_content_width":0,"ocean_both_sidebars_sidebars_width":0,"ocean_sidebar":"0","ocean_second_sidebar":"0","ocean_disable_margins":"enable","ocean_add_body_class":"","ocean_shortcode_before_top_bar":"","ocean_shortcode_after_top_bar":"","ocean_shortcode_before_header":"","ocean_shortcode_after_header":"","ocean_has_shortcode":"","ocean_shortcode_after_title":"","ocean_shortcode_before_footer_widgets":"","ocean_shortcode_after_footer_widgets":"","ocean_shortcode_before_footer_bottom":"","ocean_shortcode_after_footer_bottom":"","ocean_display_top_bar":"default","ocean_display_header":"default","ocean_header_style":"","ocean_center_header_left_menu":"0","ocean_custom_header_template":"0","ocean_custom_logo":0,"ocean_custom_retina_logo":0,"ocean_custom_logo_max_width":0,"ocean_custom_logo_tablet_max_width":0,"ocean_custom_logo_mobile_max_width":0,"ocean_custom_logo_max_height":0,"ocean_custom_logo_tablet_max_height":0,"ocean_custom_logo_mobile_max_height":0,"ocean_header_custom_menu":"0","ocean_menu_typo_font_family":"0","ocean_menu_typo_font_subset":"","ocean_menu_typo_font_size":0,"ocean_menu_typo_font_size_tablet":0,"ocean_menu_typo_font_size_mobile":0,"ocean_menu_typo_font_size_unit":"px","ocean_menu_typo_font_weight":"","ocean_menu_typo_font_weight_tablet":"","ocean_menu_typo_font_weight_mobile":"","ocean_menu_typo_transform":"","ocean_menu_typo_transform_tablet":"","ocean_menu_typo_transform_mobile":"","ocean_menu_typo_line_height":0,"ocean_menu_typo_line_height_tablet":0,"ocean_menu_typo_line_height_mobile":0,"ocean_menu_typo_line_height_unit":"","ocean_menu_typo_spacing":0,"ocean_menu_typo_spacing_tablet":0,"ocean_menu_typo_spacing_mobile":0,"ocean_menu_typo_spacing_unit":"","ocean_menu_link_color":"","ocean_menu_link_color_hover":"","ocean_menu_link_color_active":"","ocean_menu_link_background":"","ocean_menu_link_hover_background":"","ocean_menu_link_active_background":"","ocean_menu_social_links_bg":"","ocean_menu_social_hover_links_bg":"","ocean_menu_social_links_color":"","ocean_menu_social_hover_links_color":"","ocean_disable_title":"default","ocean_disable_heading":"default","ocean_post_title":"","ocean_post_subheading":"","ocean_post_title_style":"","ocean_post_title_background_color":"","ocean_post_title_background":0,"ocean_post_title_bg_image_position":"","ocean_post_title_bg_image_attachment":"","ocean_post_title_bg_image_repeat":"","ocean_post_title_bg_image_size":"","ocean_post_title_height":0,"ocean_post_title_bg_overlay":0.5,"ocean_post_title_bg_overlay_color":"","ocean_disable_breadcrumbs":"default","ocean_breadcrumbs_color":"","ocean_breadcrumbs_separator_color":"","ocean_breadcrumbs_links_color":"","ocean_breadcrumbs_links_hover_color":"","ocean_display_footer_widgets":"default","ocean_display_footer_bottom":"default","ocean_custom_footer_template":"0"},"product_brand":[],"product_cat":[223],"product_tag":[],"class_list":{"0":"post-36051","1":"product","2":"type-product","3":"status-publish","4":"has-post-thumbnail","6":"product_cat-event-aufzeichnungen","8":"entry","9":"has-media","11":"first","12":"instock","13":"shipping-taxable","14":"purchasable","15":"product-type-simple","16":"col","17":"span_1_of_3","18":"owp-content-center","19":"item-entry","20":"owp-thumbs-layout-horizontal","21":"owp-btn-normal","22":"owp-tabs-layout-section","23":"has-no-thumbnails","24":"circle-sale"},"acf":[],"yoast_head":"<!-- This site is optimized with the Yoast SEO plugin v27.5 - https:\/\/yoast.com\/product\/yoast-seo-wordpress\/ -->\n<title>2.9 Dein Kristall-Gewahrsein erwecken \u2013 Botschaften von den Quiliyas - MP3s &#8902; Lightflow Academy by Cecilia Sifontes<\/title>\n<meta name=\"robots\" content=\"index, follow, max-snippet:-1, max-image-preview:large, max-video-preview:-1\" \/>\n<link rel=\"canonical\" href=\"https:\/\/lightflow.info\/de\/produkt\/2-9-dein-kristall-gewahrsein-erwecken-botschaften-von-den-quiliyas-mp3s-2\/\" \/>\n<meta property=\"og:locale\" content=\"de_DE\" \/>\n<meta property=\"og:type\" content=\"article\" \/>\n<meta property=\"og:title\" content=\"2.9 Dein Kristall-Gewahrsein erwecken \u2013 Botschaften von den Quiliyas - MP3s &#8902; Lightflow Academy by Cecilia Sifontes\" \/>\n<meta property=\"og:description\" content=\"Das spirituelle Erwachen der letzten 3-4 Jahrzehnte ist in eine neue Phase der kristallinen (R)evolution eingetreten und unser ganzes Licht erh\u00e4lt ein kristallines Upgrade. In diesem Kurs wirst du die Quiliyas erleben \u2013 die Wesen, die auf die Erde kamen, um uns durch den Prozess des kristallinen Erwachens zu f\u00fchren. Die Quiliyas werden dein kristallines Licht aktivieren, um deine Heilf\u00e4higkeiten zu st\u00e4rken und dich auf das Leben in der neuen kristallinen Dimension vorzubereiten.\" \/>\n<meta property=\"og:url\" content=\"https:\/\/lightflow.info\/de\/produkt\/2-9-dein-kristall-gewahrsein-erwecken-botschaften-von-den-quiliyas-mp3s-2\/\" \/>\n<meta property=\"og:site_name\" content=\"Lightflow Academy by Cecilia Sifontes\" \/>\n<meta property=\"article:modified_time\" content=\"2026-01-23T20:08:15+00:00\" \/>\n<meta property=\"og:image\" content=\"https:\/\/lightflow.info\/wp-content\/uploads\/Dein-Kristallgewahrsein-erwecken-MP3.webp\" \/>\n\t<meta property=\"og:image:width\" content=\"800\" \/>\n\t<meta property=\"og:image:height\" content=\"800\" \/>\n\t<meta property=\"og:image:type\" content=\"image\/webp\" \/>\n<meta name=\"twitter:card\" content=\"summary_large_image\" \/>\n<meta name=\"twitter:label1\" content=\"Gesch\u00e4tzte Lesezeit\" \/>\n\t<meta name=\"twitter:data1\" content=\"1\u00a0Minute\" \/>\n<script type=\"application\/ld+json\" class=\"yoast-schema-graph\">{\"@context\":\"https:\\\/\\\/schema.org\",\"@graph\":[{\"@type\":\"WebPage\",\"@id\":\"https:\\\/\\\/lightflow.info\\\/de\\\/produkt\\\/2-9-dein-kristall-gewahrsein-erwecken-botschaften-von-den-quiliyas-mp3s-2\\\/\",\"url\":\"https:\\\/\\\/lightflow.info\\\/de\\\/produkt\\\/2-9-dein-kristall-gewahrsein-erwecken-botschaften-von-den-quiliyas-mp3s-2\\\/\",\"name\":\"2.9 Dein Kristall-Gewahrsein erwecken \u2013 Botschaften von den Quiliyas - MP3s &#8902; Lightflow Academy by Cecilia Sifontes\",\"isPartOf\":{\"@id\":\"https:\\\/\\\/lightflow.info\\\/de\\\/#website\"},\"primaryImageOfPage\":{\"@id\":\"https:\\\/\\\/lightflow.info\\\/de\\\/produkt\\\/2-9-dein-kristall-gewahrsein-erwecken-botschaften-von-den-quiliyas-mp3s-2\\\/#primaryimage\"},\"image\":{\"@id\":\"https:\\\/\\\/lightflow.info\\\/de\\\/produkt\\\/2-9-dein-kristall-gewahrsein-erwecken-botschaften-von-den-quiliyas-mp3s-2\\\/#primaryimage\"},\"thumbnailUrl\":\"https:\\\/\\\/lightflow.info\\\/wp-content\\\/uploads\\\/Dein-Kristallgewahrsein-erwecken-MP3.webp\",\"datePublished\":\"2025-12-09T20:31:56+00:00\",\"dateModified\":\"2026-01-23T20:08:15+00:00\",\"breadcrumb\":{\"@id\":\"https:\\\/\\\/lightflow.info\\\/de\\\/produkt\\\/2-9-dein-kristall-gewahrsein-erwecken-botschaften-von-den-quiliyas-mp3s-2\\\/#breadcrumb\"},\"inLanguage\":\"de\",\"potentialAction\":[{\"@type\":\"ReadAction\",\"target\":[\"https:\\\/\\\/lightflow.info\\\/de\\\/produkt\\\/2-9-dein-kristall-gewahrsein-erwecken-botschaften-von-den-quiliyas-mp3s-2\\\/\"]}]},{\"@type\":\"ImageObject\",\"inLanguage\":\"de\",\"@id\":\"https:\\\/\\\/lightflow.info\\\/de\\\/produkt\\\/2-9-dein-kristall-gewahrsein-erwecken-botschaften-von-den-quiliyas-mp3s-2\\\/#primaryimage\",\"url\":\"https:\\\/\\\/lightflow.info\\\/wp-content\\\/uploads\\\/Dein-Kristallgewahrsein-erwecken-MP3.webp\",\"contentUrl\":\"https:\\\/\\\/lightflow.info\\\/wp-content\\\/uploads\\\/Dein-Kristallgewahrsein-erwecken-MP3.webp\",\"width\":800,\"height\":800},{\"@type\":\"BreadcrumbList\",\"@id\":\"https:\\\/\\\/lightflow.info\\\/de\\\/produkt\\\/2-9-dein-kristall-gewahrsein-erwecken-botschaften-von-den-quiliyas-mp3s-2\\\/#breadcrumb\",\"itemListElement\":[{\"@type\":\"ListItem\",\"position\":1,\"name\":\"Home\",\"item\":\"https:\\\/\\\/lightflow.info\\\/de\\\/\"},{\"@type\":\"ListItem\",\"position\":2,\"name\":\"Shop\",\"item\":\"https:\\\/\\\/lightflow.info\\\/de\\\/shop\\\/\"},{\"@type\":\"ListItem\",\"position\":3,\"name\":\"Events\",\"item\":\"https:\\\/\\\/lightflow.info\\\/de\\\/kategorie\\\/events\\\/\"},{\"@type\":\"ListItem\",\"position\":4,\"name\":\"Event-Aufzeichnungen\",\"item\":\"https:\\\/\\\/lightflow.info\\\/de\\\/kategorie\\\/events\\\/event-aufzeichnungen\\\/\"},{\"@type\":\"ListItem\",\"position\":5,\"name\":\"2.9 Dein Kristall-Gewahrsein erwecken \u2013 Botschaften von den Quiliyas &#8211; MP3s\"}]},{\"@type\":\"WebSite\",\"@id\":\"https:\\\/\\\/lightflow.info\\\/de\\\/#website\",\"url\":\"https:\\\/\\\/lightflow.info\\\/de\\\/\",\"name\":\"Lightflow Academy by Cecilia Sifontes\",\"description\":\"Awakening Lightworkers and Masters\",\"alternateName\":\"Lightflow\",\"potentialAction\":[{\"@type\":\"SearchAction\",\"target\":{\"@type\":\"EntryPoint\",\"urlTemplate\":\"https:\\\/\\\/lightflow.info\\\/de\\\/?s={search_term_string}\"},\"query-input\":{\"@type\":\"PropertyValueSpecification\",\"valueRequired\":true,\"valueName\":\"search_term_string\"}}],\"inLanguage\":\"de\"}]}<\/script>\n<!-- \/ Yoast SEO plugin. -->","yoast_head_json":{"title":"2.9 Dein Kristall-Gewahrsein erwecken \u2013 Botschaften von den Quiliyas - MP3s &#8902; Lightflow Academy by Cecilia Sifontes","robots":{"index":"index","follow":"follow","max-snippet":"max-snippet:-1","max-image-preview":"max-image-preview:large","max-video-preview":"max-video-preview:-1"},"canonical":"https:\/\/lightflow.info\/de\/produkt\/2-9-dein-kristall-gewahrsein-erwecken-botschaften-von-den-quiliyas-mp3s-2\/","og_locale":"de_DE","og_type":"article","og_title":"2.9 Dein Kristall-Gewahrsein erwecken \u2013 Botschaften von den Quiliyas - MP3s &#8902; Lightflow Academy by Cecilia Sifontes","og_description":"Das spirituelle Erwachen der letzten 3-4 Jahrzehnte ist in eine neue Phase der kristallinen (R)evolution eingetreten und unser ganzes Licht erh\u00e4lt ein kristallines Upgrade. In diesem Kurs wirst du die Quiliyas erleben \u2013 die Wesen, die auf die Erde kamen, um uns durch den Prozess des kristallinen Erwachens zu f\u00fchren. Die Quiliyas werden dein kristallines Licht aktivieren, um deine Heilf\u00e4higkeiten zu st\u00e4rken und dich auf das Leben in der neuen kristallinen Dimension vorzubereiten.","og_url":"https:\/\/lightflow.info\/de\/produkt\/2-9-dein-kristall-gewahrsein-erwecken-botschaften-von-den-quiliyas-mp3s-2\/","og_site_name":"Lightflow Academy by Cecilia Sifontes","article_modified_time":"2026-01-23T20:08:15+00:00","og_image":[{"width":800,"height":800,"url":"https:\/\/lightflow.info\/wp-content\/uploads\/Dein-Kristallgewahrsein-erwecken-MP3.webp","type":"image\/webp"}],"twitter_card":"summary_large_image","twitter_misc":{"Gesch\u00e4tzte Lesezeit":"1\u00a0Minute"},"schema":{"@context":"https:\/\/schema.org","@graph":[{"@type":"WebPage","@id":"https:\/\/lightflow.info\/de\/produkt\/2-9-dein-kristall-gewahrsein-erwecken-botschaften-von-den-quiliyas-mp3s-2\/","url":"https:\/\/lightflow.info\/de\/produkt\/2-9-dein-kristall-gewahrsein-erwecken-botschaften-von-den-quiliyas-mp3s-2\/","name":"2.9 Dein Kristall-Gewahrsein erwecken \u2013 Botschaften von den Quiliyas - MP3s &#8902; Lightflow Academy by Cecilia Sifontes","isPartOf":{"@id":"https:\/\/lightflow.info\/de\/#website"},"primaryImageOfPage":{"@id":"https:\/\/lightflow.info\/de\/produkt\/2-9-dein-kristall-gewahrsein-erwecken-botschaften-von-den-quiliyas-mp3s-2\/#primaryimage"},"image":{"@id":"https:\/\/lightflow.info\/de\/produkt\/2-9-dein-kristall-gewahrsein-erwecken-botschaften-von-den-quiliyas-mp3s-2\/#primaryimage"},"thumbnailUrl":"https:\/\/lightflow.info\/wp-content\/uploads\/Dein-Kristallgewahrsein-erwecken-MP3.webp","datePublished":"2025-12-09T20:31:56+00:00","dateModified":"2026-01-23T20:08:15+00:00","breadcrumb":{"@id":"https:\/\/lightflow.info\/de\/produkt\/2-9-dein-kristall-gewahrsein-erwecken-botschaften-von-den-quiliyas-mp3s-2\/#breadcrumb"},"inLanguage":"de","potentialAction":[{"@type":"ReadAction","target":["https:\/\/lightflow.info\/de\/produkt\/2-9-dein-kristall-gewahrsein-erwecken-botschaften-von-den-quiliyas-mp3s-2\/"]}]},{"@type":"ImageObject","inLanguage":"de","@id":"https:\/\/lightflow.info\/de\/produkt\/2-9-dein-kristall-gewahrsein-erwecken-botschaften-von-den-quiliyas-mp3s-2\/#primaryimage","url":"https:\/\/lightflow.info\/wp-content\/uploads\/Dein-Kristallgewahrsein-erwecken-MP3.webp","contentUrl":"https:\/\/lightflow.info\/wp-content\/uploads\/Dein-Kristallgewahrsein-erwecken-MP3.webp","width":800,"height":800},{"@type":"BreadcrumbList","@id":"https:\/\/lightflow.info\/de\/produkt\/2-9-dein-kristall-gewahrsein-erwecken-botschaften-von-den-quiliyas-mp3s-2\/#breadcrumb","itemListElement":[{"@type":"ListItem","position":1,"name":"Home","item":"https:\/\/lightflow.info\/de\/"},{"@type":"ListItem","position":2,"name":"Shop","item":"https:\/\/lightflow.info\/de\/shop\/"},{"@type":"ListItem","position":3,"name":"Events","item":"https:\/\/lightflow.info\/de\/kategorie\/events\/"},{"@type":"ListItem","position":4,"name":"Event-Aufzeichnungen","item":"https:\/\/lightflow.info\/de\/kategorie\/events\/event-aufzeichnungen\/"},{"@type":"ListItem","position":5,"name":"2.9 Dein Kristall-Gewahrsein erwecken \u2013 Botschaften von den Quiliyas &#8211; MP3s"}]},{"@type":"WebSite","@id":"https:\/\/lightflow.info\/de\/#website","url":"https:\/\/lightflow.info\/de\/","name":"Lightflow Academy by Cecilia Sifontes","description":"Awakening Lightworkers and Masters","alternateName":"Lightflow","potentialAction":[{"@type":"SearchAction","target":{"@type":"EntryPoint","urlTemplate":"https:\/\/lightflow.info\/de\/?s={search_term_string}"},"query-input":{"@type":"PropertyValueSpecification","valueRequired":true,"valueName":"search_term_string"}}],"inLanguage":"de"}]}},"_links":{"self":[{"href":"https:\/\/lightflow.info\/de\/wp-json\/wp\/v2\/product\/36051","targetHints":{"allow":["GET"]}}],"collection":[{"href":"https:\/\/lightflow.info\/de\/wp-json\/wp\/v2\/product"}],"about":[{"href":"https:\/\/lightflow.info\/de\/wp-json\/wp\/v2\/types\/product"}],"version-history":[{"count":0,"href":"https:\/\/lightflow.info\/de\/wp-json\/wp\/v2\/product\/36051\/revisions"}],"wp:featuredmedia":[{"embeddable":true,"href":"https:\/\/lightflow.info\/de\/wp-json\/wp\/v2\/media\/36053"}],"wp:attachment":[{"href":"https:\/\/lightflow.info\/de\/wp-json\/wp\/v2\/media?parent=36051"}],"wp:term":[{"taxonomy":"product_brand","embeddable":true,"href":"https:\/\/lightflow.info\/de\/wp-json\/wp\/v2\/product_brand?post=36051"},{"taxonomy":"product_cat","embeddable":true,"href":"https:\/\/lightflow.info\/de\/wp-json\/wp\/v2\/product_cat?post=36051"},{"taxonomy":"product_tag","embeddable":true,"href":"https:\/\/lightflow.info\/de\/wp-json\/wp\/v2\/product_tag?post=36051"}],"curies":[{"name":"wp","href":"https:\/\/api.w.org\/{rel}","templated":true}]}}