{"id":39151,"date":"2026-04-12T13:04:09","date_gmt":"2026-04-12T11:04:09","guid":{"rendered":"https:\/\/lightflow.info\/product\/the-new-lightbody-the-evolved-human-body-advanced-level\/"},"modified":"2026-04-13T12:04:23","modified_gmt":"2026-04-13T10:04:23","slug":"the-new-lightbody-the-evolved-human-body-advanced-level","status":"publish","type":"product","link":"https:\/\/lightflow.info\/de\/produkt\/the-new-lightbody-the-evolved-human-body-advanced-level\/","title":{"rendered":"0.78  Der neue Lichtk\u00f6rper &#038; der weiterentwickelte menschliche K\u00f6rper &#8211; Advanced Niveau"},"content":{"rendered":"<h5><em>Fr\u00fchbucherpreis bis 26. April\u00a0 2026<\/em><br \/>\nDer neue Lichtk\u00f6rper &amp; der weiterentwickelte menschliche K\u00f6rper<\/h5>\n<p>Irgendwann auf unserem spirituellen Weg kommt dieser Moment, in dem wir sp\u00fcren, dass das, was wir bisher waren, nur ein Teil von dem ist, was wir als Menschen gerade werden. Der entwickelte menschliche K\u00f6rper ist nichts Getrenntes von unserem jetzigen K\u00f6rper \u2013 er ist einfach seine n\u00e4chste Ausdrucksform. Der Neue Lichtk\u00f6rper ist mit unserem physischen K\u00f6rper verwoben und hat \u00fcber die Jahre hinweg ganz still schlafende Samen in seinen Feldern und Strahlen aktiviert \u2013 in Verbindung mit unseren Zellen. Diese Entwicklung passiert nicht isoliert. Unsere Transformation entfaltet sich in einem gemeinsamen sch\u00f6pferischen Prozess mit anderen galaktischen Spezies.<\/p>\n<p><a href=\"https:\/\/indd.adobe.com\/view\/5e6cbd4f-47cc-42e4-9612-3b712299b30c\">PDF herunterladen f\u00fcr weitere Informationen<\/a><\/p>\n<p><strong>Datum :<\/strong> 22. bis 25. Mai 2026 f\u00fcr die Fortgeschrittenenstufe<\/p>\n<p><strong>Wo?<\/strong> H4-Hotel Solothurn<\/p>\n<p><strong>Wie?<\/strong> Das Seminar findet in Solothurn in der Schweiz statt. Du kannst von zu Hause aus<br \/>\n(Remote) teilnehmen. In diesem Fall bekommst du die Aufzeichnungen per E-Mail zugeschickt.<\/p>\n<p><strong>Sprache:<\/strong> Cecilia channelt auf Englisch, eine deutsche \u00dcbersetzung wird bereitgestellt.<\/p>\n<p><strong>Voraussetzungen: <\/strong>\u201dDer Neue Lichtk\u00f6rper &#8211; Sch\u00f6pfer Werden (Erweiterte Techniken) bei einem lizenzierten Lightflow Lehrer<\/p>\n<p><strong>Preis: <\/strong>Der Preis beinhaltet die bearbeiteten MP3-Dateien der Meditationen, die dir innerhalb von 2 Monaten zugeschickt werden, sowie alle ungeschnittenen Aufnahmen w\u00e4hrend des Seminars.<\/p>\n<p><strong>Organisator:\u00a0<\/strong>Mein Organisator Roland beantwortet gerne deine Fragen oder nimmt deine Anmeldung entgegen. So erreichst du ihn:<\/p>\n<ul>\n<li><strong>Tel.<\/strong> +41 (0)79 32 064 32<\/li>\n<li><strong>E-Mail:<\/strong> <a href=\"mailto:roland@lightflow.info\">roland@lightflow.info<\/a><\/li>\n<\/ul>\n","protected":false},"excerpt":{"rendered":"<p>Irgendwann auf unserem spirituellen Weg kommt dieser Moment, in dem wir sp\u00fcren, dass das, was wir bisher waren, nur ein Teil von dem ist, was wir als Menschen gerade werden. Dieses Seminar ist eine gemeinsame Entdeckungsreise \u2013 ein Erinnern, Verk\u00f6rpern und Erweitern \u2013 hinein in die volle Erfahrung dessen, was es bedeutet, Mensch zu sein.<\/p>\n","protected":false},"featured_media":39181,"template":"","meta":{"_acf_changed":false,"ocean_post_layout":"","ocean_both_sidebars_style":"","ocean_both_sidebars_content_width":0,"ocean_both_sidebars_sidebars_width":0,"ocean_sidebar":"0","ocean_second_sidebar":"0","ocean_disable_margins":"enable","ocean_add_body_class":"","ocean_shortcode_before_top_bar":"","ocean_shortcode_after_top_bar":"","ocean_shortcode_before_header":"","ocean_shortcode_after_header":"","ocean_has_shortcode":"","ocean_shortcode_after_title":"","ocean_shortcode_before_footer_widgets":"","ocean_shortcode_after_footer_widgets":"","ocean_shortcode_before_footer_bottom":"","ocean_shortcode_after_footer_bottom":"","ocean_display_top_bar":"default","ocean_display_header":"default","ocean_header_style":"","ocean_center_header_left_menu":"0","ocean_custom_header_template":"0","ocean_custom_logo":0,"ocean_custom_retina_logo":0,"ocean_custom_logo_max_width":0,"ocean_custom_logo_tablet_max_width":0,"ocean_custom_logo_mobile_max_width":0,"ocean_custom_logo_max_height":0,"ocean_custom_logo_tablet_max_height":0,"ocean_custom_logo_mobile_max_height":0,"ocean_header_custom_menu":"0","ocean_menu_typo_font_family":"0","ocean_menu_typo_font_subset":"","ocean_menu_typo_font_size":0,"ocean_menu_typo_font_size_tablet":0,"ocean_menu_typo_font_size_mobile":0,"ocean_menu_typo_font_size_unit":"px","ocean_menu_typo_font_weight":"","ocean_menu_typo_font_weight_tablet":"","ocean_menu_typo_font_weight_mobile":"","ocean_menu_typo_transform":"","ocean_menu_typo_transform_tablet":"","ocean_menu_typo_transform_mobile":"","ocean_menu_typo_line_height":0,"ocean_menu_typo_line_height_tablet":0,"ocean_menu_typo_line_height_mobile":0,"ocean_menu_typo_line_height_unit":"","ocean_menu_typo_spacing":0,"ocean_menu_typo_spacing_tablet":0,"ocean_menu_typo_spacing_mobile":0,"ocean_menu_typo_spacing_unit":"","ocean_menu_link_color":"","ocean_menu_link_color_hover":"","ocean_menu_link_color_active":"","ocean_menu_link_background":"","ocean_menu_link_hover_background":"","ocean_menu_link_active_background":"","ocean_menu_social_links_bg":"","ocean_menu_social_hover_links_bg":"","ocean_menu_social_links_color":"","ocean_menu_social_hover_links_color":"","ocean_disable_title":"default","ocean_disable_heading":"default","ocean_post_title":"","ocean_post_subheading":"","ocean_post_title_style":"","ocean_post_title_background_color":"","ocean_post_title_background":0,"ocean_post_title_bg_image_position":"","ocean_post_title_bg_image_attachment":"","ocean_post_title_bg_image_repeat":"","ocean_post_title_bg_image_size":"","ocean_post_title_height":0,"ocean_post_title_bg_overlay":0.5,"ocean_post_title_bg_overlay_color":"","ocean_disable_breadcrumbs":"default","ocean_breadcrumbs_color":"","ocean_breadcrumbs_separator_color":"","ocean_breadcrumbs_links_color":"","ocean_breadcrumbs_links_hover_color":"","ocean_display_footer_widgets":"default","ocean_display_footer_bottom":"default","ocean_custom_footer_template":"0"},"product_brand":[],"product_cat":[94],"product_tag":[],"class_list":{"0":"post-39151","1":"product","2":"type-product","3":"status-publish","4":"has-post-thumbnail","6":"product_cat-zukuenftige-events","8":"entry","9":"has-media","11":"first","12":"instock","13":"sale","14":"shipping-taxable","15":"purchasable","16":"product-type-simple","17":"col","18":"span_1_of_3","19":"owp-content-center","20":"item-entry","21":"owp-thumbs-layout-horizontal","22":"owp-btn-normal","23":"owp-tabs-layout-section","24":"has-no-thumbnails","25":"circle-sale"},"acf":[],"yoast_head":"<!-- This site is optimized with the Yoast SEO plugin v27.4 - https:\/\/yoast.com\/product\/yoast-seo-wordpress\/ -->\n<title>0.78 Der neue Lichtk\u00f6rper &amp; der weiterentwickelte menschliche K\u00f6rper - Advanced Niveau &#8902; Lightflow Academy by Cecilia Sifontes<\/title>\n<meta name=\"robots\" content=\"index, follow, max-snippet:-1, max-image-preview:large, max-video-preview:-1\" \/>\n<link rel=\"canonical\" href=\"https:\/\/lightflow.info\/de\/produkt\/the-new-lightbody-the-evolved-human-body-advanced-level\/\" \/>\n<meta property=\"og:locale\" content=\"de_DE\" \/>\n<meta property=\"og:type\" content=\"article\" \/>\n<meta property=\"og:title\" content=\"0.78 Der neue Lichtk\u00f6rper &amp; der weiterentwickelte menschliche K\u00f6rper - Advanced Niveau &#8902; Lightflow Academy by Cecilia Sifontes\" \/>\n<meta property=\"og:description\" content=\"Irgendwann auf unserem spirituellen Weg kommt dieser Moment, in dem wir sp\u00fcren, dass das, was wir bisher waren, nur ein Teil von dem ist, was wir als Menschen gerade werden. Dieses Seminar ist eine gemeinsame Entdeckungsreise \u2013 ein Erinnern, Verk\u00f6rpern und Erweitern \u2013 hinein in die volle Erfahrung dessen, was es bedeutet, Mensch zu sein.\" \/>\n<meta property=\"og:url\" content=\"https:\/\/lightflow.info\/de\/produkt\/the-new-lightbody-the-evolved-human-body-advanced-level\/\" \/>\n<meta property=\"og:site_name\" content=\"Lightflow Academy by Cecilia Sifontes\" \/>\n<meta property=\"article:modified_time\" content=\"2026-04-13T10:04:23+00:00\" \/>\n<meta property=\"og:image\" content=\"https:\/\/lightflow.info\/wp-content\/uploads\/Nya-GER-ADV-TNLB4.jpg\" \/>\n\t<meta property=\"og:image:width\" content=\"800\" \/>\n\t<meta property=\"og:image:height\" content=\"800\" \/>\n\t<meta property=\"og:image:type\" content=\"image\/jpeg\" \/>\n<meta name=\"twitter:card\" content=\"summary_large_image\" \/>\n<meta name=\"twitter:label1\" content=\"Gesch\u00e4tzte Lesezeit\" \/>\n\t<meta name=\"twitter:data1\" content=\"2\u00a0Minuten\" \/>\n<script type=\"application\/ld+json\" class=\"yoast-schema-graph\">{\"@context\":\"https:\\\/\\\/schema.org\",\"@graph\":[{\"@type\":\"WebPage\",\"@id\":\"https:\\\/\\\/lightflow.info\\\/de\\\/produkt\\\/the-new-lightbody-the-evolved-human-body-advanced-level\\\/\",\"url\":\"https:\\\/\\\/lightflow.info\\\/de\\\/produkt\\\/the-new-lightbody-the-evolved-human-body-advanced-level\\\/\",\"name\":\"0.78 Der neue Lichtk\u00f6rper & der weiterentwickelte menschliche K\u00f6rper - Advanced Niveau &#8902; Lightflow Academy by Cecilia Sifontes\",\"isPartOf\":{\"@id\":\"https:\\\/\\\/lightflow.info\\\/de\\\/#website\"},\"primaryImageOfPage\":{\"@id\":\"https:\\\/\\\/lightflow.info\\\/de\\\/produkt\\\/the-new-lightbody-the-evolved-human-body-advanced-level\\\/#primaryimage\"},\"image\":{\"@id\":\"https:\\\/\\\/lightflow.info\\\/de\\\/produkt\\\/the-new-lightbody-the-evolved-human-body-advanced-level\\\/#primaryimage\"},\"thumbnailUrl\":\"https:\\\/\\\/lightflow.info\\\/wp-content\\\/uploads\\\/Nya-GER-ADV-TNLB4.jpg\",\"datePublished\":\"2026-04-12T11:04:09+00:00\",\"dateModified\":\"2026-04-13T10:04:23+00:00\",\"breadcrumb\":{\"@id\":\"https:\\\/\\\/lightflow.info\\\/de\\\/produkt\\\/the-new-lightbody-the-evolved-human-body-advanced-level\\\/#breadcrumb\"},\"inLanguage\":\"de\",\"potentialAction\":[{\"@type\":\"ReadAction\",\"target\":[\"https:\\\/\\\/lightflow.info\\\/de\\\/produkt\\\/the-new-lightbody-the-evolved-human-body-advanced-level\\\/\"]}]},{\"@type\":\"ImageObject\",\"inLanguage\":\"de\",\"@id\":\"https:\\\/\\\/lightflow.info\\\/de\\\/produkt\\\/the-new-lightbody-the-evolved-human-body-advanced-level\\\/#primaryimage\",\"url\":\"https:\\\/\\\/lightflow.info\\\/wp-content\\\/uploads\\\/Nya-GER-ADV-TNLB4.jpg\",\"contentUrl\":\"https:\\\/\\\/lightflow.info\\\/wp-content\\\/uploads\\\/Nya-GER-ADV-TNLB4.jpg\",\"width\":800,\"height\":800},{\"@type\":\"BreadcrumbList\",\"@id\":\"https:\\\/\\\/lightflow.info\\\/de\\\/produkt\\\/the-new-lightbody-the-evolved-human-body-advanced-level\\\/#breadcrumb\",\"itemListElement\":[{\"@type\":\"ListItem\",\"position\":1,\"name\":\"Home\",\"item\":\"https:\\\/\\\/lightflow.info\\\/de\\\/\"},{\"@type\":\"ListItem\",\"position\":2,\"name\":\"Shop\",\"item\":\"https:\\\/\\\/lightflow.info\\\/de\\\/shop\\\/\"},{\"@type\":\"ListItem\",\"position\":3,\"name\":\"Events\",\"item\":\"https:\\\/\\\/lightflow.info\\\/de\\\/kategorie\\\/events\\\/\"},{\"@type\":\"ListItem\",\"position\":4,\"name\":\"Zuk\u00fcnftige Events\",\"item\":\"https:\\\/\\\/lightflow.info\\\/de\\\/kategorie\\\/events\\\/zukuenftige-events\\\/\"},{\"@type\":\"ListItem\",\"position\":5,\"name\":\"0.78 Der neue Lichtk\u00f6rper &#038; der weiterentwickelte menschliche K\u00f6rper &#8211; Advanced Niveau\"}]},{\"@type\":\"WebSite\",\"@id\":\"https:\\\/\\\/lightflow.info\\\/de\\\/#website\",\"url\":\"https:\\\/\\\/lightflow.info\\\/de\\\/\",\"name\":\"Lightflow Academy by Cecilia Sifontes\",\"description\":\"Awakening Lightworkers and Masters\",\"alternateName\":\"Lightflow\",\"potentialAction\":[{\"@type\":\"SearchAction\",\"target\":{\"@type\":\"EntryPoint\",\"urlTemplate\":\"https:\\\/\\\/lightflow.info\\\/de\\\/?s={search_term_string}\"},\"query-input\":{\"@type\":\"PropertyValueSpecification\",\"valueRequired\":true,\"valueName\":\"search_term_string\"}}],\"inLanguage\":\"de\"}]}<\/script>\n<!-- \/ Yoast SEO plugin. -->","yoast_head_json":{"title":"0.78 Der neue Lichtk\u00f6rper & der weiterentwickelte menschliche K\u00f6rper - Advanced Niveau &#8902; Lightflow Academy by Cecilia Sifontes","robots":{"index":"index","follow":"follow","max-snippet":"max-snippet:-1","max-image-preview":"max-image-preview:large","max-video-preview":"max-video-preview:-1"},"canonical":"https:\/\/lightflow.info\/de\/produkt\/the-new-lightbody-the-evolved-human-body-advanced-level\/","og_locale":"de_DE","og_type":"article","og_title":"0.78 Der neue Lichtk\u00f6rper & der weiterentwickelte menschliche K\u00f6rper - Advanced Niveau &#8902; Lightflow Academy by Cecilia Sifontes","og_description":"Irgendwann auf unserem spirituellen Weg kommt dieser Moment, in dem wir sp\u00fcren, dass das, was wir bisher waren, nur ein Teil von dem ist, was wir als Menschen gerade werden. Dieses Seminar ist eine gemeinsame Entdeckungsreise \u2013 ein Erinnern, Verk\u00f6rpern und Erweitern \u2013 hinein in die volle Erfahrung dessen, was es bedeutet, Mensch zu sein.","og_url":"https:\/\/lightflow.info\/de\/produkt\/the-new-lightbody-the-evolved-human-body-advanced-level\/","og_site_name":"Lightflow Academy by Cecilia Sifontes","article_modified_time":"2026-04-13T10:04:23+00:00","og_image":[{"width":800,"height":800,"url":"https:\/\/lightflow.info\/wp-content\/uploads\/Nya-GER-ADV-TNLB4.jpg","type":"image\/jpeg"}],"twitter_card":"summary_large_image","twitter_misc":{"Gesch\u00e4tzte Lesezeit":"2\u00a0Minuten"},"schema":{"@context":"https:\/\/schema.org","@graph":[{"@type":"WebPage","@id":"https:\/\/lightflow.info\/de\/produkt\/the-new-lightbody-the-evolved-human-body-advanced-level\/","url":"https:\/\/lightflow.info\/de\/produkt\/the-new-lightbody-the-evolved-human-body-advanced-level\/","name":"0.78 Der neue Lichtk\u00f6rper & der weiterentwickelte menschliche K\u00f6rper - Advanced Niveau &#8902; Lightflow Academy by Cecilia Sifontes","isPartOf":{"@id":"https:\/\/lightflow.info\/de\/#website"},"primaryImageOfPage":{"@id":"https:\/\/lightflow.info\/de\/produkt\/the-new-lightbody-the-evolved-human-body-advanced-level\/#primaryimage"},"image":{"@id":"https:\/\/lightflow.info\/de\/produkt\/the-new-lightbody-the-evolved-human-body-advanced-level\/#primaryimage"},"thumbnailUrl":"https:\/\/lightflow.info\/wp-content\/uploads\/Nya-GER-ADV-TNLB4.jpg","datePublished":"2026-04-12T11:04:09+00:00","dateModified":"2026-04-13T10:04:23+00:00","breadcrumb":{"@id":"https:\/\/lightflow.info\/de\/produkt\/the-new-lightbody-the-evolved-human-body-advanced-level\/#breadcrumb"},"inLanguage":"de","potentialAction":[{"@type":"ReadAction","target":["https:\/\/lightflow.info\/de\/produkt\/the-new-lightbody-the-evolved-human-body-advanced-level\/"]}]},{"@type":"ImageObject","inLanguage":"de","@id":"https:\/\/lightflow.info\/de\/produkt\/the-new-lightbody-the-evolved-human-body-advanced-level\/#primaryimage","url":"https:\/\/lightflow.info\/wp-content\/uploads\/Nya-GER-ADV-TNLB4.jpg","contentUrl":"https:\/\/lightflow.info\/wp-content\/uploads\/Nya-GER-ADV-TNLB4.jpg","width":800,"height":800},{"@type":"BreadcrumbList","@id":"https:\/\/lightflow.info\/de\/produkt\/the-new-lightbody-the-evolved-human-body-advanced-level\/#breadcrumb","itemListElement":[{"@type":"ListItem","position":1,"name":"Home","item":"https:\/\/lightflow.info\/de\/"},{"@type":"ListItem","position":2,"name":"Shop","item":"https:\/\/lightflow.info\/de\/shop\/"},{"@type":"ListItem","position":3,"name":"Events","item":"https:\/\/lightflow.info\/de\/kategorie\/events\/"},{"@type":"ListItem","position":4,"name":"Zuk\u00fcnftige Events","item":"https:\/\/lightflow.info\/de\/kategorie\/events\/zukuenftige-events\/"},{"@type":"ListItem","position":5,"name":"0.78 Der neue Lichtk\u00f6rper &#038; der weiterentwickelte menschliche K\u00f6rper &#8211; Advanced Niveau"}]},{"@type":"WebSite","@id":"https:\/\/lightflow.info\/de\/#website","url":"https:\/\/lightflow.info\/de\/","name":"Lightflow Academy by Cecilia Sifontes","description":"Awakening Lightworkers and Masters","alternateName":"Lightflow","potentialAction":[{"@type":"SearchAction","target":{"@type":"EntryPoint","urlTemplate":"https:\/\/lightflow.info\/de\/?s={search_term_string}"},"query-input":{"@type":"PropertyValueSpecification","valueRequired":true,"valueName":"search_term_string"}}],"inLanguage":"de"}]}},"_links":{"self":[{"href":"https:\/\/lightflow.info\/de\/wp-json\/wp\/v2\/product\/39151","targetHints":{"allow":["GET"]}}],"collection":[{"href":"https:\/\/lightflow.info\/de\/wp-json\/wp\/v2\/product"}],"about":[{"href":"https:\/\/lightflow.info\/de\/wp-json\/wp\/v2\/types\/product"}],"version-history":[{"count":4,"href":"https:\/\/lightflow.info\/de\/wp-json\/wp\/v2\/product\/39151\/revisions"}],"predecessor-version":[{"id":39186,"href":"https:\/\/lightflow.info\/de\/wp-json\/wp\/v2\/product\/39151\/revisions\/39186"}],"wp:featuredmedia":[{"embeddable":true,"href":"https:\/\/lightflow.info\/de\/wp-json\/wp\/v2\/media\/39181"}],"wp:attachment":[{"href":"https:\/\/lightflow.info\/de\/wp-json\/wp\/v2\/media?parent=39151"}],"wp:term":[{"taxonomy":"product_brand","embeddable":true,"href":"https:\/\/lightflow.info\/de\/wp-json\/wp\/v2\/product_brand?post=39151"},{"taxonomy":"product_cat","embeddable":true,"href":"https:\/\/lightflow.info\/de\/wp-json\/wp\/v2\/product_cat?post=39151"},{"taxonomy":"product_tag","embeddable":true,"href":"https:\/\/lightflow.info\/de\/wp-json\/wp\/v2\/product_tag?post=39151"}],"curies":[{"name":"wp","href":"https:\/\/api.w.org\/{rel}","templated":true}]}}